{"id":52726,"date":"2024-09-30T07:43:06","date_gmt":"2024-09-30T07:43:06","guid":{"rendered":"https:\/\/cms.alj3.clients.lemonhq.io\/culture\/"},"modified":"2026-04-13T11:48:06","modified_gmt":"2026-04-13T11:48:06","slug":"culture","status":"publish","type":"page","link":"https:\/\/cms.alj3.clients.lemonhq.io\/tr\/culture\/","title":{"rendered":"K\u00fclt\u00fcr\u00fcm\u00fcz"},"content":{"rendered":"\n<div class=\"wp-block-group\"><div class=\"wp-block-group__inner-container is-layout-constrained wp-block-group-is-layout-constrained\"><div class=\"wp-bootstrap-blocks-container container mb-2\">\n\t\n\n<div class=\"wp-block-columns is-layout-flex wp-container-core-columns-is-layout-28f84493 wp-block-columns-is-layout-flex\">\n<div class=\"wp-block-column is-layout-flow wp-block-column-is-layout-flow\">\n<h4 class=\"wp-block-heading has-teal-color has-text-color has-link-color wp-elements-2e31f3bba2b22f1b6dde8ba863bd4fb7\">De\u011ferlerimiz ve Jameel \u0130lkeleri<\/h4>\n\n\n\n<h5 class=\"wp-block-heading\">&nbsp;Bir i\u015fletme olarak evrimimiz boyunca, temel de\u011ferlerimiz merhum Kurucumuz Abdul Latif Jameel taraf\u0131ndan somutla\u015ft\u0131r\u0131lan ve \u00f6rneklenen de\u011ferlere g\u00f6re de\u011fi\u015fmeden kalm\u0131\u015ft\u0131r.&nbsp;<\/h5>\n\n\n\n<p>&nbsp;Bug\u00fcn <strong>Jameel \u0130lkeleri<\/strong> ad\u0131 alt\u0131nda korudu\u011fumuz bu de\u011ferler, ticari i\u015fletmemizin temelini olu\u015fturmaktad\u0131r. Bunlar, bir i\u015fletme olarak kimli\u011fimizi destekler ve hem m\u00fc\u015fterilerimiz ve i\u015f ortaklar\u0131m\u0131z ile hem de faaliyet g\u00f6sterdi\u011fimiz topluluklar ile aram\u0131zdaki ili\u015fki ve etkile\u015fimlerimizde pusula g\u00f6revi g\u00f6r\u00fcr.<\/p>\n<\/div>\n\n\n\n<div class=\"wp-block-column is-layout-flow wp-block-column-is-layout-flow\" style=\"flex-basis:16%\"><\/div>\n\n\n\n<div class=\"wp-block-column is-layout-flow wp-block-column-is-layout-flow\">\n<figure class=\"wp-block-video\"><video height=\"2160\" style=\"aspect-ratio: 3840 \/ 2160;\" width=\"3840\" autoplay loop muted poster=\"https:\/\/media.alj3.clients.lemonhq.io\/wp-content\/uploads\/2024\/11\/the-jameel-principles-1.png\" src=\"https:\/\/media.alj3.clients.lemonhq.io\/wp-content\/uploads\/2024\/11\/Jameel-Principles-Intro-Animated-Logo-Animation-Postive-v1.0.mp4\"><\/video><\/figure>\n<\/div>\n<\/div>\n\n<\/div>\n<\/div><\/div>\n\n\n\n<div class=\"wp-block-group has-off-white-background-color has-background\"><div class=\"wp-block-group__inner-container is-layout-constrained wp-block-group-is-layout-constrained\"><div class=\"wp-bootstrap-blocks-container container mb-2\">\n\t\n\n<div class=\"wp-block-columns is-layout-flex wp-container-core-columns-is-layout-28f84493 wp-block-columns-is-layout-flex\">\n<div class=\"wp-block-column is-layout-flow wp-block-column-is-layout-flow\">\n<h4 class=\"wp-block-heading has-prussian-blue-color has-text-color has-link-color wp-elements-0b1452d099207a81e61851d8045a29fa\"><strong>Daha b\u00fcy\u00fck ba\u015far\u0131lar i\u00e7in rehber ilkeler<\/strong><\/h4>\n\n\n\n<h5 class=\"wp-block-heading\">Jameel \u0130lkeleri d\u00f6rt temel de\u011ferimize dayan\u0131r ve <a href=\"\/tr\/perspectives\/kultur-kulubu-is-performansinda-kurumsal-kulturun-rolu\/\">ortak kurumsal k\u00fclt\u00fcr\u00fcm\u00fcz\u00fcn <\/a>temel yap\u0131 ta\u015flar\u0131n\u0131 olu\u015fturur.<\/h5>\n\n\n\n<p><br>&nbsp;Y\u00f6netim Kurulu Ba\u015fkan\u0131m\u0131z KBE <a href=\"\/tr\/our-people\/mohammed-abdul-latif-jameel\/\">Mohammed Jameel<\/a> liderli\u011fi alt\u0131nda \u015fekillenen ve onun taraf\u0131ndan desteklenen bu ilkeler, Jameel ailesinin nesilleri ve her g\u00fcn i\u015fimizin ve \u00e7al\u0131\u015fanlar\u0131m\u0131z\u0131n \u00f6ncelikleri ile kendini g\u00f6sterir.<\/p>\n<\/div>\n\n\n\n<div class=\"wp-block-column is-layout-flow wp-block-column-is-layout-flow\">\n<figure class=\"wp-block-image size-large\"><img loading=\"lazy\" decoding=\"async\" width=\"1024\" height=\"213\" src=\"https:\/\/media.alj3.clients.lemonhq.io\/wp-content\/uploads\/2024\/10\/wp-block-img-44-1-1024x213.jpg\" alt=\"\" class=\"wp-image-21202\" srcset=\"https:\/\/media.alj3.clients.lemonhq.io\/wp-content\/uploads\/2024\/10\/wp-block-img-44-1-1024x213.jpg 1024w, https:\/\/media.alj3.clients.lemonhq.io\/wp-content\/uploads\/2024\/10\/wp-block-img-44-1-300x63.jpg 300w, https:\/\/media.alj3.clients.lemonhq.io\/wp-content\/uploads\/2024\/10\/wp-block-img-44-1-768x160.jpg 768w, https:\/\/media.alj3.clients.lemonhq.io\/wp-content\/uploads\/2024\/10\/wp-block-img-44-1-1536x320.jpg 1536w, https:\/\/media.alj3.clients.lemonhq.io\/wp-content\/uploads\/2024\/10\/wp-block-img-44-1-250x52.jpg 250w, https:\/\/media.alj3.clients.lemonhq.io\/wp-content\/uploads\/2024\/10\/wp-block-img-44-1.jpg 1920w\" sizes=\"auto, (max-width: 1024px) 100vw, 1024px\" \/><\/figure>\n\n\n\n<div class=\"culture-quote\" style=\"background-image:url('https:\/\/media.alj3.clients.lemonhq.io\/wp-content\/uploads\/2025\/11\/Group-44.png');\">\n  <p>\u201cEveryone who worked with me considered themselves family.\u201d<\/p>\n  <p>\u201cThe company is your home, and you are partner with us in it.\u201d<\/p>\n  <p class=\"pername\">Abdul Latif Jameel (1912-1993)<\/p>\n<\/div>\n<\/div>\n<\/div>\n\n<\/div>\n<\/div><\/div>\n\n\n<div class=\"customMediaBlock large   image-top ltr\">\n    <div class=\"blockImagebx\">\n        <img decoding=\"async\" class=\"img\" src=\"https:\/\/media.alj3.clients.lemonhq.io\/wp-content\/uploads\/2025\/11\/respect.png\"  alt=\"respect\" title=\"respect\">\n    <\/div>\n\n        <div class=\"contentRow\" style=\"background-color: #fdf9e9;\">\n        <!-- <div class=\"sectioncolor\" style=\"background-color: #fdf9e9;\"><\/div> -->\n        <div class=\"container\">\n            <div class=\"row\">\n            <div class=\"col-md-6\">\n                <div class=\"textbx\">\n                <h4>Sayg\u0131:<\/h4>\n<h5 class=\"p1\">Sayg\u0131, en \u00f6nemli de\u011ferlerimizden biridir ve <a href=\"\/tr\/\"><span class=\"s2\">Abdul Latif Jameel<\/span><\/a> i\u00e7inde derin k\u00f6klere sahiptir. Sorumlu bir i\u015fletme olmaktan ve ticari faaliyetlerimizi d\u00fcr\u00fcstl\u00fck ve \u015feffafl\u0131k i\u00e7inde ger\u00e7ekle\u015ftirmekten gurur duyar\u0131z.<\/h5>\n<p class=\"p1\">Bu yakla\u015f\u0131m; \u00e7al\u0131\u015fanlar\u0131m\u0131za, m\u00fc\u015fterilerimize, i\u015f ortaklar\u0131m\u0131za ve faaliyet g\u00f6sterdi\u011fimiz toplumlara olan sayg\u0131m\u0131zda kendini g\u00f6sterir. Cinsiyet, etnik k\u00f6ken, ge\u00e7mi\u015f veya dine bakmaks\u0131z\u0131n, birbirimizle en \u00fcst d\u00fczeyde samimiyet, adalet ve e\u015fitlik i\u00e7inde etkile\u015fim kurar\u0131z. \u0130htiya\u00e7lar\u0131 ve endi\u015feleri anlamak i\u00e7in birbirimizi dinler ve bunlar\u0131 \u00e7\u00f6zmek i\u00e7in elimizden geleni yapar\u0131z.<\/p>\n<ul>\n<li>Abdul Latif Jameel, \u00e7al\u0131\u015fanlar\u0131n\u0131n daha iyi profesyoneller olma ve daha iyi bir ya\u015fam s\u00fcrd\u00fcrme iste\u011fine sayg\u0131 duyar. Sonu\u00e7 olarak her ikisi de kar\u015f\u0131l\u0131kl\u0131 g\u00fcven, sayg\u0131 ve ortak bir sorumluluk temelinde kar\u015f\u0131l\u0131kl\u0131 bir ili\u015fki olu\u015fturmaya \u00e7al\u0131\u015f\u0131r.<\/li>\n<li>abii ki m\u00fc\u015fterilerimizin her zaman \u00e7ok say\u0131da se\u00e7ene\u011fi olaca\u011f\u0131n\u0131n fark\u0131nday\u0131z. Bu nedenle onlar\u0131n g\u00fcvenini ve sadakatini kazanmak i\u00e7in \u00e7ok \u00e7al\u0131\u015f\u0131r\u0131z. Her zaman kendimizi m\u00fc\u015fterilerimizin yerine koymaya \u00e7al\u0131\u015f\u0131r ve s\u00fcrekli olarak geli\u015fmek, \u00f6ng\u00f6rmek ve beklentileri a\u015fmak i\u00e7in \u00e7abalar\u0131z.<\/li>\n<li>\u0130\u015f ortaklar\u0131m\u0131zla onur, d\u00fcr\u00fcstl\u00fck, adalet ve \u015feffafl\u0131k i\u00e7inde i\u015f yapar ve her iki taraf i\u00e7in ba\u015far\u0131y\u0131 garanti etmek amac\u0131yla kar\u015f\u0131l\u0131kl\u0131 bir zemin bulmaya \u00e7al\u0131\u015f\u0131r\u0131z.<\/li>\n<li>\u0130\u015fletmelerin toplumlar\u0131 destekleme, f\u0131rsatlar sa\u011flama ve yerel ekonomik b\u00fcy\u00fcmeyi m\u00fcmk\u00fcn k\u0131lma bak\u0131m\u0131ndan hayati bir rol\u00fc oldu\u011funun bilincindeyiz.<\/li>\n<li style=\"list-style-type: none;\"><\/li>\n<\/ul>\n<div class=\"culture-quote\" style=\"background-image: url('https:\/\/media.alj3.clients.lemonhq.io\/wp-content\/uploads\/2025\/11\/respect-quote.png');\">\n<p>\u201cThe world is built on mutual benefit \u2014 even friendship\u201d<\/p>\n<p>\u201cIf a merchant makes a promise and does not keep it, he fails and causes others to fail\u201d<\/p>\n<p style=\"text-align: right; font-size: 16px;\">Abdul Latif Jameel (1912\u20131993)<\/p>\n<\/div>\n            <\/div>\n        <\/div>\n        <\/div>\n        <\/div>\n    <\/div>\n    \n    <\/div>\n\n<div class=\"customMediaBlock large   image-top rtl\">\n    <div class=\"blockImagebx\">\n        <img decoding=\"async\" class=\"img\" src=\"https:\/\/media.alj3.clients.lemonhq.io\/wp-content\/uploads\/2025\/11\/improve.png\"  alt=\"improve\" title=\"improve\">\n    <\/div>\n\n        <div class=\"contentRow\" style=\"background-color: #f6ece7;\">\n        <!-- <div class=\"sectioncolor\" style=\"background-color: #f6ece7;\"><\/div> -->\n        <div class=\"container\">\n            <div class=\"row\">\n            <div class=\"col-md-6\">\n                <div class=\"textbx\">\n                <h4>Geli\u015fim:<\/h4>\n<h5 class=\"p1\">Kendimizi s\u00fcrekli iyile\u015ftirmeye ve daha iyi olmak i\u00e7in her g\u00fcn hi\u00e7 durmadan kendimize meydan okumaya kararl\u0131y\u0131z . . . Sadece bug\u00fcn de\u011fil, her g\u00fcn.<\/h5>\n<p class=\"p1\">Eylemlerimizde kararl\u0131 davran\u0131r ve ger\u00e7ekten fark yaratan ayr\u0131nt\u0131lar konusunda tutkuyla hareket ederiz.<\/p>\n<p class=\"p1\">\u0130\u015fimizin temelinde Japon felsefesi \u201cKaizen\u201d yatar. Bu anlay\u0131\u015f sayesinde birlikte \u00e7al\u0131\u015ft\u0131\u011f\u0131m\u0131z herkes i\u00e7in e\u015fsiz bir deneyim yaratmak ad\u0131na \u00fcr\u00fcn ve hizmetlerimizi s\u00fcrekli iyile\u015ftirmeye odaklan\u0131r\u0131z.<\/p>\n<div class=\"culture-quote\" style=\"background-image: url('https:\/\/media.alj3.clients.lemonhq.io\/wp-content\/uploads\/2025\/11\/improve-quote.png');\">\n<p>\u201cIf you face a problem, love it &#8211; because if\u2028you love it, you can solve it\u201d<\/p>\n<p style=\"text-align: right; font-size: 16px;\">Abdul Latif Jameel (1912\u20131993)<\/p>\n<\/div>\n            <\/div>\n        <\/div>\n        <\/div>\n        <\/div>\n    <\/div>\n    \n    <\/div>\n\n<div class=\"customMediaBlock large   image-top ltr\">\n    <div class=\"blockImagebx\">\n        <img decoding=\"async\" class=\"img\" src=\"https:\/\/media.alj3.clients.lemonhq.io\/wp-content\/uploads\/2025\/11\/pioneer.png\"  alt=\"pioneer\" title=\"pioneer\">\n    <\/div>\n\n        <div class=\"contentRow\" style=\"background-color: #4C27701A;\">\n        <!-- <div class=\"sectioncolor\" style=\"background-color: #4C27701A;\"><\/div> -->\n        <div class=\"container\">\n            <div class=\"row\">\n            <div class=\"col-md-6\">\n                <div class=\"textbx\">\n                <p class=\"p1\"><b>\u00d6nc\u00fcl\u00fck:<\/b><\/p>\n<h5 class=\"p1\">Abdul Latif Jameel\u2019de zorluklar\u0131 f\u0131rsat olarak g\u00f6r\u00fcr, her zaman yeni fikirler arar ve ger\u00e7ek, s\u00fcrd\u00fcr\u00fclebilir bir fark yaratmak i\u00e7in yenilikler yapar\u0131z.<\/h5>\n<p class=\"p1\">Her f\u0131rsatta, bilin\u00e7li ve dikkatli bir \u015fekilde b\u00fcy\u00fcmenin ve olumlu de\u011fi\u015fimin izinden gitmenin \u00f6nemine de\u011finen rahmetli kurucumuzun vizyoner ve kararl\u0131 bak\u0131\u015f a\u00e7\u0131s\u0131n\u0131 s\u00fcrd\u00fcr\u00fcr\u00fcz. Bu \u00f6nc\u00fcl\u00fck ruhu bug\u00fcn de ilerlemeyi s\u00fcrd\u00fcrmemizi, yeni potansiyelleri ke\u015ffetmemizi ve yeni f\u0131rsatlar yaratmam\u0131z\u0131 sa\u011flar.<\/p>\n<div class=\"culture-quote\" style=\"background-image: url('https:\/\/media.alj3.clients.lemonhq.io\/wp-content\/uploads\/2025\/11\/pioneer-quote.png');\">\n<p>\u201cThe world is built on mutual benefit -even friendship\u201d<\/p>\n<p>\u201cIf a merchant makes a promise and does not keep it, he fails and causes others to fail\u201d<\/p>\n<p style=\"text-align: right; font-size: 16px;\">Abdul Latif Jameel (1912\u20131993)<\/p>\n<\/div>\n            <\/div>\n        <\/div>\n        <\/div>\n        <\/div>\n    <\/div>\n    \n    <\/div>\n\n\n<div class=\"wp-block-group has-light-blue-background-color has-background\"><div class=\"wp-block-group__inner-container is-layout-constrained wp-block-group-is-layout-constrained\"><div class=\"wp-bootstrap-blocks-container container mb-2\">\n\t\n\n<div class=\"wp-block-columns is-layout-flex wp-container-core-columns-is-layout-28f84493 wp-block-columns-is-layout-flex\">\n<div class=\"wp-block-column is-layout-flow wp-block-column-is-layout-flow\">\n<h4 class=\"wp-block-heading has-prussian-blue-color has-text-color has-link-color wp-elements-c774974c2aaf9582aeb9aa92df341f5a\">Yetki Delegasyonu<\/h4>\n\n\n\n<h5 class=\"wp-block-heading\">\u00c7al\u0131\u015fanlar\u0131m\u0131z\u0131n potansiyeline g\u00fcveniriz.&nbsp;<\/h5>\n\n\n\n<p><br>&nbsp;Bu nedenle \u00e7al\u0131\u015fanlar\u0131m\u0131za, vizyonumuza ula\u015fmaya katk\u0131da bulunma \u00f6zg\u00fcrl\u00fc\u011f\u00fcn\u00fc ve te\u015fvikini sa\u011flayarak onlar\u0131 g\u00fc\u00e7lendiririz. Cesur kararlar\u0131 te\u015fvik eder ve kar\u015f\u0131l\u0131kl\u0131 geli\u015fimimiz i\u00e7in yarat\u0131c\u0131l\u0131klar\u0131n\u0131n geli\u015fmesini sa\u011flar\u0131z.<\/p>\n\n\n\n<div class=\"culture-quote\" style=\"background-image:url('https:\/\/media.alj3.clients.lemonhq.io\/wp-content\/uploads\/2025\/11\/empower-quote.png');\">\n  <p>\u201cEven if a child came to me and offered advice, if it was insightful I will seriously consider it.\u201d<\/p>\n  <p class=\"pername\">Abdul Latif Jameel (1912-1993)<\/p>\n<\/div>\n<\/div>\n\n\n\n<div class=\"wp-block-column is-layout-flow wp-block-column-is-layout-flow\">\n<figure class=\"wp-block-image size-full\"><img loading=\"lazy\" decoding=\"async\" width=\"810\" height=\"542\" src=\"https:\/\/media.alj3.clients.lemonhq.io\/wp-content\/uploads\/2025\/11\/empower-pantagon.png\" alt=\"\" class=\"wp-image-30173\" srcset=\"https:\/\/media.alj3.clients.lemonhq.io\/wp-content\/uploads\/2025\/11\/empower-pantagon.png 810w, https:\/\/media.alj3.clients.lemonhq.io\/wp-content\/uploads\/2025\/11\/empower-pantagon-300x201.png 300w, https:\/\/media.alj3.clients.lemonhq.io\/wp-content\/uploads\/2025\/11\/empower-pantagon-768x514.png 768w, https:\/\/media.alj3.clients.lemonhq.io\/wp-content\/uploads\/2025\/11\/empower-pantagon-250x167.png 250w\" sizes=\"auto, (max-width: 810px) 100vw, 810px\" \/><\/figure>\n<\/div>\n<\/div>\n\n<\/div>\n<\/div><\/div>\n","protected":false},"excerpt":{"rendered":"","protected":false},"author":5,"featured_media":30864,"parent":0,"menu_order":10,"comment_status":"closed","ping_status":"closed","template":"","meta":{"_acf_changed":true,"footnotes":""},"class_list":["post-52726","page","type-page","status-publish","has-post-thumbnail","hentry"],"acf":[],"yoast_head":"<!-- This site is optimized with the Yoast SEO plugin v26.5 - https:\/\/yoast.com\/wordpress\/plugins\/seo\/ -->\n<title>K\u00fclt\u00fcr\u00fcm\u00fcz - Abdul Latif Jameel<\/title>\n<meta name=\"robots\" content=\"noindex, follow, max-snippet:-1, max-image-preview:large, max-video-preview:-1\" \/>\n<meta property=\"og:locale\" content=\"tr_TR\" \/>\n<meta property=\"og:type\" content=\"article\" \/>\n<meta property=\"og:title\" content=\"K\u00fclt\u00fcr\u00fcm\u00fcz - Abdul Latif Jameel\" \/>\n<meta property=\"og:url\" content=\"https:\/\/cms.alj3.clients.lemonhq.io\/tr\/culture\/\" \/>\n<meta property=\"og:site_name\" content=\"Abdul Latif Jameel\" \/>\n<meta property=\"article:modified_time\" content=\"2026-04-13T11:48:06+00:00\" \/>\n<meta property=\"og:image\" content=\"https:\/\/media.alj3.clients.lemonhq.io\/wp-content\/uploads\/2025\/11\/culture-main-banner.png\" \/>\n\t<meta property=\"og:image:width\" content=\"2454\" \/>\n\t<meta property=\"og:image:height\" content=\"1784\" \/>\n\t<meta property=\"og:image:type\" content=\"image\/png\" \/>\n<meta name=\"twitter:card\" content=\"summary_large_image\" \/>\n<meta name=\"twitter:label1\" content=\"Tahmini okuma s\u00fcresi\" \/>\n\t<meta name=\"twitter:data1\" content=\"2 dakika\" \/>\n<script type=\"application\/ld+json\" class=\"yoast-schema-graph\">{\"@context\":\"https:\/\/schema.org\",\"@graph\":[{\"@type\":\"WebPage\",\"@id\":\"https:\/\/cms.alj3.clients.lemonhq.io\/tr\/culture\/\",\"url\":\"https:\/\/cms.alj3.clients.lemonhq.io\/tr\/culture\/\",\"name\":\"K\u00fclt\u00fcr\u00fcm\u00fcz - Abdul Latif Jameel\",\"isPartOf\":{\"@id\":\"https:\/\/10.0.2.222\/en\/#website\"},\"primaryImageOfPage\":{\"@id\":\"https:\/\/cms.alj3.clients.lemonhq.io\/tr\/culture\/#primaryimage\"},\"image\":{\"@id\":\"https:\/\/cms.alj3.clients.lemonhq.io\/tr\/culture\/#primaryimage\"},\"thumbnailUrl\":\"https:\/\/media.alj3.clients.lemonhq.io\/wp-content\/uploads\/2025\/11\/culture-main-banner.png\",\"datePublished\":\"2024-09-30T07:43:06+00:00\",\"dateModified\":\"2026-04-13T11:48:06+00:00\",\"breadcrumb\":{\"@id\":\"https:\/\/cms.alj3.clients.lemonhq.io\/tr\/culture\/#breadcrumb\"},\"inLanguage\":\"tr\",\"potentialAction\":[{\"@type\":\"ReadAction\",\"target\":[\"https:\/\/cms.alj3.clients.lemonhq.io\/tr\/culture\/\"]}]},{\"@type\":\"ImageObject\",\"inLanguage\":\"tr\",\"@id\":\"https:\/\/cms.alj3.clients.lemonhq.io\/tr\/culture\/#primaryimage\",\"url\":\"https:\/\/media.alj3.clients.lemonhq.io\/wp-content\/uploads\/2025\/11\/culture-main-banner.png\",\"contentUrl\":\"https:\/\/media.alj3.clients.lemonhq.io\/wp-content\/uploads\/2025\/11\/culture-main-banner.png\",\"width\":2454,\"height\":1784},{\"@type\":\"BreadcrumbList\",\"@id\":\"https:\/\/cms.alj3.clients.lemonhq.io\/tr\/culture\/#breadcrumb\",\"itemListElement\":[{\"@type\":\"ListItem\",\"position\":1,\"name\":\"Home\",\"item\":\"https:\/\/10.0.2.222\/en\/\"},{\"@type\":\"ListItem\",\"position\":2,\"name\":\"K\u00fclt\u00fcr\u00fcm\u00fcz\"}]},{\"@type\":\"WebSite\",\"@id\":\"https:\/\/10.0.2.222\/en\/#website\",\"url\":\"https:\/\/10.0.2.222\/en\/\",\"name\":\"Abdul Latif Jameel\",\"description\":\"\",\"potentialAction\":[{\"@type\":\"SearchAction\",\"target\":{\"@type\":\"EntryPoint\",\"urlTemplate\":\"https:\/\/10.0.2.222\/en\/?s={search_term_string}\"},\"query-input\":{\"@type\":\"PropertyValueSpecification\",\"valueRequired\":true,\"valueName\":\"search_term_string\"}}],\"inLanguage\":\"tr\"}]}<\/script>\n<!-- \/ Yoast SEO plugin. -->","yoast_head_json":{"title":"K\u00fclt\u00fcr\u00fcm\u00fcz - Abdul Latif Jameel","robots":{"index":"noindex","follow":"follow","max-snippet":"max-snippet:-1","max-image-preview":"max-image-preview:large","max-video-preview":"max-video-preview:-1"},"og_locale":"tr_TR","og_type":"article","og_title":"K\u00fclt\u00fcr\u00fcm\u00fcz - Abdul Latif Jameel","og_url":"https:\/\/cms.alj3.clients.lemonhq.io\/tr\/culture\/","og_site_name":"Abdul Latif Jameel","article_modified_time":"2026-04-13T11:48:06+00:00","og_image":[{"width":2454,"height":1784,"url":"https:\/\/media.alj3.clients.lemonhq.io\/wp-content\/uploads\/2025\/11\/culture-main-banner.png","type":"image\/png"}],"twitter_card":"summary_large_image","twitter_misc":{"Tahmini okuma s\u00fcresi":"2 dakika"},"schema":{"@context":"https:\/\/schema.org","@graph":[{"@type":"WebPage","@id":"https:\/\/cms.alj3.clients.lemonhq.io\/tr\/culture\/","url":"https:\/\/cms.alj3.clients.lemonhq.io\/tr\/culture\/","name":"K\u00fclt\u00fcr\u00fcm\u00fcz - Abdul Latif Jameel","isPartOf":{"@id":"https:\/\/10.0.2.222\/en\/#website"},"primaryImageOfPage":{"@id":"https:\/\/cms.alj3.clients.lemonhq.io\/tr\/culture\/#primaryimage"},"image":{"@id":"https:\/\/cms.alj3.clients.lemonhq.io\/tr\/culture\/#primaryimage"},"thumbnailUrl":"https:\/\/media.alj3.clients.lemonhq.io\/wp-content\/uploads\/2025\/11\/culture-main-banner.png","datePublished":"2024-09-30T07:43:06+00:00","dateModified":"2026-04-13T11:48:06+00:00","breadcrumb":{"@id":"https:\/\/cms.alj3.clients.lemonhq.io\/tr\/culture\/#breadcrumb"},"inLanguage":"tr","potentialAction":[{"@type":"ReadAction","target":["https:\/\/cms.alj3.clients.lemonhq.io\/tr\/culture\/"]}]},{"@type":"ImageObject","inLanguage":"tr","@id":"https:\/\/cms.alj3.clients.lemonhq.io\/tr\/culture\/#primaryimage","url":"https:\/\/media.alj3.clients.lemonhq.io\/wp-content\/uploads\/2025\/11\/culture-main-banner.png","contentUrl":"https:\/\/media.alj3.clients.lemonhq.io\/wp-content\/uploads\/2025\/11\/culture-main-banner.png","width":2454,"height":1784},{"@type":"BreadcrumbList","@id":"https:\/\/cms.alj3.clients.lemonhq.io\/tr\/culture\/#breadcrumb","itemListElement":[{"@type":"ListItem","position":1,"name":"Home","item":"https:\/\/10.0.2.222\/en\/"},{"@type":"ListItem","position":2,"name":"K\u00fclt\u00fcr\u00fcm\u00fcz"}]},{"@type":"WebSite","@id":"https:\/\/10.0.2.222\/en\/#website","url":"https:\/\/10.0.2.222\/en\/","name":"Abdul Latif Jameel","description":"","potentialAction":[{"@type":"SearchAction","target":{"@type":"EntryPoint","urlTemplate":"https:\/\/10.0.2.222\/en\/?s={search_term_string}"},"query-input":{"@type":"PropertyValueSpecification","valueRequired":true,"valueName":"search_term_string"}}],"inLanguage":"tr"}]}},"_links":{"self":[{"href":"https:\/\/cms.alj3.clients.lemonhq.io\/tr\/wp-json\/wp\/v2\/pages\/52726","targetHints":{"allow":["GET"]}}],"collection":[{"href":"https:\/\/cms.alj3.clients.lemonhq.io\/tr\/wp-json\/wp\/v2\/pages"}],"about":[{"href":"https:\/\/cms.alj3.clients.lemonhq.io\/tr\/wp-json\/wp\/v2\/types\/page"}],"author":[{"embeddable":true,"href":"https:\/\/cms.alj3.clients.lemonhq.io\/tr\/wp-json\/wp\/v2\/users\/5"}],"replies":[{"embeddable":true,"href":"https:\/\/cms.alj3.clients.lemonhq.io\/tr\/wp-json\/wp\/v2\/comments?post=52726"}],"version-history":[{"count":0,"href":"https:\/\/cms.alj3.clients.lemonhq.io\/tr\/wp-json\/wp\/v2\/pages\/52726\/revisions"}],"wp:featuredmedia":[{"embeddable":true,"href":"https:\/\/cms.alj3.clients.lemonhq.io\/tr\/wp-json\/wp\/v2\/media\/30864"}],"wp:attachment":[{"href":"https:\/\/cms.alj3.clients.lemonhq.io\/tr\/wp-json\/wp\/v2\/media?parent=52726"}],"curies":[{"name":"wp","href":"https:\/\/api.w.org\/{rel}","templated":true}]}}