{"id":52722,"date":"2024-09-30T08:12:32","date_gmt":"2024-09-30T08:12:32","guid":{"rendered":"https:\/\/cms.alj3.clients.lemonhq.io\/press-release\/"},"modified":"2026-03-30T15:19:32","modified_gmt":"2026-03-30T15:19:32","slug":"press-release","status":"publish","type":"page","link":"https:\/\/cms.alj3.clients.lemonhq.io\/tr\/media-center\/press-release\/","title":{"rendered":"Haberler"},"content":{"rendered":"\n<h5 class=\"wp-block-heading\">En yeni haberler k\u00f6\u015femize ho\u015f geldiniz.<\/h5>\n\n\n\n<p>Abdul Latif Jameel\u2019in yapt\u0131\u011f\u0131 t\u00fcm resmi bas\u0131n a\u00e7\u0131klamalar\u0131 burada g\u00f6r\u00fcnt\u00fclenebilir. \u00d6nceki duyurular\u0131 bulmak i\u00e7in ar\u015fivimizde arama da yapabilirsiniz.<\/p>\n\n\n\n<p><\/p>\n","protected":false},"excerpt":{"rendered":"<p>En yeni haberler k\u00f6\u015femize ho\u015f geldiniz. Abdul Latif Jameel\u2019in yapt\u0131\u011f\u0131 t\u00fcm resmi bas\u0131n a\u00e7\u0131klamalar\u0131 burada g\u00f6r\u00fcnt\u00fclenebilir. \u00d6nceki duyurular\u0131 bulmak i\u00e7in ar\u015fivimizde arama da yapabilirsiniz.<\/p>\n","protected":false},"author":5,"featured_media":21106,"parent":52729,"menu_order":15,"comment_status":"closed","ping_status":"closed","template":"","meta":{"_acf_changed":true,"footnotes":""},"class_list":["post-52722","page","type-page","status-publish","has-post-thumbnail","hentry"],"acf":[],"yoast_head":"<!-- This site is optimized with the Yoast SEO plugin v26.5 - https:\/\/yoast.com\/wordpress\/plugins\/seo\/ -->\n<title>Haberler - Abdul Latif Jameel<\/title>\n<meta name=\"robots\" content=\"noindex, follow, max-snippet:-1, max-image-preview:large, max-video-preview:-1\" \/>\n<meta property=\"og:locale\" content=\"tr_TR\" \/>\n<meta property=\"og:type\" content=\"article\" \/>\n<meta property=\"og:title\" content=\"Haberler - Abdul Latif Jameel\" \/>\n<meta property=\"og:description\" content=\"En yeni haberler k\u00f6\u015femize ho\u015f geldiniz. Abdul Latif Jameel\u2019in yapt\u0131\u011f\u0131 t\u00fcm resmi bas\u0131n a\u00e7\u0131klamalar\u0131 burada g\u00f6r\u00fcnt\u00fclenebilir. \u00d6nceki duyurular\u0131 bulmak i\u00e7in ar\u015fivimizde arama da yapabilirsiniz.\" \/>\n<meta property=\"og:url\" content=\"https:\/\/cms.alj3.clients.lemonhq.io\/tr\/media-center\/press-release\/\" \/>\n<meta property=\"og:site_name\" content=\"Abdul Latif Jameel\" \/>\n<meta property=\"article:modified_time\" content=\"2026-03-30T15:19:32+00:00\" \/>\n<meta property=\"og:image\" content=\"https:\/\/media.alj3.clients.lemonhq.io\/wp-content\/uploads\/2024\/10\/wp-block-img-41.jpg\" \/>\n\t<meta property=\"og:image:width\" content=\"533\" \/>\n\t<meta property=\"og:image:height\" content=\"755\" \/>\n\t<meta property=\"og:image:type\" content=\"image\/jpeg\" \/>\n<meta name=\"twitter:card\" content=\"summary_large_image\" \/>\n<meta name=\"twitter:label1\" content=\"Tahmini okuma s\u00fcresi\" \/>\n\t<meta name=\"twitter:data1\" content=\"1 dakika\" \/>\n<script type=\"application\/ld+json\" class=\"yoast-schema-graph\">{\"@context\":\"https:\/\/schema.org\",\"@graph\":[{\"@type\":\"WebPage\",\"@id\":\"https:\/\/cms.alj3.clients.lemonhq.io\/tr\/media-center\/press-release\/\",\"url\":\"https:\/\/cms.alj3.clients.lemonhq.io\/tr\/media-center\/press-release\/\",\"name\":\"Haberler - Abdul Latif Jameel\",\"isPartOf\":{\"@id\":\"https:\/\/10.0.2.222\/en\/#website\"},\"primaryImageOfPage\":{\"@id\":\"https:\/\/cms.alj3.clients.lemonhq.io\/tr\/media-center\/press-release\/#primaryimage\"},\"image\":{\"@id\":\"https:\/\/cms.alj3.clients.lemonhq.io\/tr\/media-center\/press-release\/#primaryimage\"},\"thumbnailUrl\":\"https:\/\/media.alj3.clients.lemonhq.io\/wp-content\/uploads\/2024\/10\/wp-block-img-41.jpg\",\"datePublished\":\"2024-09-30T08:12:32+00:00\",\"dateModified\":\"2026-03-30T15:19:32+00:00\",\"breadcrumb\":{\"@id\":\"https:\/\/cms.alj3.clients.lemonhq.io\/tr\/media-center\/press-release\/#breadcrumb\"},\"inLanguage\":\"tr\",\"potentialAction\":[{\"@type\":\"ReadAction\",\"target\":[\"https:\/\/cms.alj3.clients.lemonhq.io\/tr\/media-center\/press-release\/\"]}]},{\"@type\":\"ImageObject\",\"inLanguage\":\"tr\",\"@id\":\"https:\/\/cms.alj3.clients.lemonhq.io\/tr\/media-center\/press-release\/#primaryimage\",\"url\":\"https:\/\/media.alj3.clients.lemonhq.io\/wp-content\/uploads\/2024\/10\/wp-block-img-41.jpg\",\"contentUrl\":\"https:\/\/media.alj3.clients.lemonhq.io\/wp-content\/uploads\/2024\/10\/wp-block-img-41.jpg\",\"width\":533,\"height\":755},{\"@type\":\"BreadcrumbList\",\"@id\":\"https:\/\/cms.alj3.clients.lemonhq.io\/tr\/media-center\/press-release\/#breadcrumb\",\"itemListElement\":[{\"@type\":\"ListItem\",\"position\":1,\"name\":\"Home\",\"item\":\"https:\/\/10.0.2.222\/en\/\"},{\"@type\":\"ListItem\",\"position\":2,\"name\":\"Media Center\",\"item\":\"https:\/\/cms.alj3.clients.lemonhq.io\/tr\/media-center\/\"},{\"@type\":\"ListItem\",\"position\":3,\"name\":\"Haberler\"}]},{\"@type\":\"WebSite\",\"@id\":\"https:\/\/10.0.2.222\/en\/#website\",\"url\":\"https:\/\/10.0.2.222\/en\/\",\"name\":\"Abdul Latif Jameel\",\"description\":\"\",\"potentialAction\":[{\"@type\":\"SearchAction\",\"target\":{\"@type\":\"EntryPoint\",\"urlTemplate\":\"https:\/\/10.0.2.222\/en\/?s={search_term_string}\"},\"query-input\":{\"@type\":\"PropertyValueSpecification\",\"valueRequired\":true,\"valueName\":\"search_term_string\"}}],\"inLanguage\":\"tr\"}]}<\/script>\n<!-- \/ Yoast SEO plugin. -->","yoast_head_json":{"title":"Haberler - Abdul Latif Jameel","robots":{"index":"noindex","follow":"follow","max-snippet":"max-snippet:-1","max-image-preview":"max-image-preview:large","max-video-preview":"max-video-preview:-1"},"og_locale":"tr_TR","og_type":"article","og_title":"Haberler - Abdul Latif Jameel","og_description":"En yeni haberler k\u00f6\u015femize ho\u015f geldiniz. Abdul Latif Jameel\u2019in yapt\u0131\u011f\u0131 t\u00fcm resmi bas\u0131n a\u00e7\u0131klamalar\u0131 burada g\u00f6r\u00fcnt\u00fclenebilir. \u00d6nceki duyurular\u0131 bulmak i\u00e7in ar\u015fivimizde arama da yapabilirsiniz.","og_url":"https:\/\/cms.alj3.clients.lemonhq.io\/tr\/media-center\/press-release\/","og_site_name":"Abdul Latif Jameel","article_modified_time":"2026-03-30T15:19:32+00:00","og_image":[{"width":533,"height":755,"url":"https:\/\/media.alj3.clients.lemonhq.io\/wp-content\/uploads\/2024\/10\/wp-block-img-41.jpg","type":"image\/jpeg"}],"twitter_card":"summary_large_image","twitter_misc":{"Tahmini okuma s\u00fcresi":"1 dakika"},"schema":{"@context":"https:\/\/schema.org","@graph":[{"@type":"WebPage","@id":"https:\/\/cms.alj3.clients.lemonhq.io\/tr\/media-center\/press-release\/","url":"https:\/\/cms.alj3.clients.lemonhq.io\/tr\/media-center\/press-release\/","name":"Haberler - Abdul Latif Jameel","isPartOf":{"@id":"https:\/\/10.0.2.222\/en\/#website"},"primaryImageOfPage":{"@id":"https:\/\/cms.alj3.clients.lemonhq.io\/tr\/media-center\/press-release\/#primaryimage"},"image":{"@id":"https:\/\/cms.alj3.clients.lemonhq.io\/tr\/media-center\/press-release\/#primaryimage"},"thumbnailUrl":"https:\/\/media.alj3.clients.lemonhq.io\/wp-content\/uploads\/2024\/10\/wp-block-img-41.jpg","datePublished":"2024-09-30T08:12:32+00:00","dateModified":"2026-03-30T15:19:32+00:00","breadcrumb":{"@id":"https:\/\/cms.alj3.clients.lemonhq.io\/tr\/media-center\/press-release\/#breadcrumb"},"inLanguage":"tr","potentialAction":[{"@type":"ReadAction","target":["https:\/\/cms.alj3.clients.lemonhq.io\/tr\/media-center\/press-release\/"]}]},{"@type":"ImageObject","inLanguage":"tr","@id":"https:\/\/cms.alj3.clients.lemonhq.io\/tr\/media-center\/press-release\/#primaryimage","url":"https:\/\/media.alj3.clients.lemonhq.io\/wp-content\/uploads\/2024\/10\/wp-block-img-41.jpg","contentUrl":"https:\/\/media.alj3.clients.lemonhq.io\/wp-content\/uploads\/2024\/10\/wp-block-img-41.jpg","width":533,"height":755},{"@type":"BreadcrumbList","@id":"https:\/\/cms.alj3.clients.lemonhq.io\/tr\/media-center\/press-release\/#breadcrumb","itemListElement":[{"@type":"ListItem","position":1,"name":"Home","item":"https:\/\/10.0.2.222\/en\/"},{"@type":"ListItem","position":2,"name":"Media Center","item":"https:\/\/cms.alj3.clients.lemonhq.io\/tr\/media-center\/"},{"@type":"ListItem","position":3,"name":"Haberler"}]},{"@type":"WebSite","@id":"https:\/\/10.0.2.222\/en\/#website","url":"https:\/\/10.0.2.222\/en\/","name":"Abdul Latif Jameel","description":"","potentialAction":[{"@type":"SearchAction","target":{"@type":"EntryPoint","urlTemplate":"https:\/\/10.0.2.222\/en\/?s={search_term_string}"},"query-input":{"@type":"PropertyValueSpecification","valueRequired":true,"valueName":"search_term_string"}}],"inLanguage":"tr"}]}},"_links":{"self":[{"href":"https:\/\/cms.alj3.clients.lemonhq.io\/tr\/wp-json\/wp\/v2\/pages\/52722","targetHints":{"allow":["GET"]}}],"collection":[{"href":"https:\/\/cms.alj3.clients.lemonhq.io\/tr\/wp-json\/wp\/v2\/pages"}],"about":[{"href":"https:\/\/cms.alj3.clients.lemonhq.io\/tr\/wp-json\/wp\/v2\/types\/page"}],"author":[{"embeddable":true,"href":"https:\/\/cms.alj3.clients.lemonhq.io\/tr\/wp-json\/wp\/v2\/users\/5"}],"replies":[{"embeddable":true,"href":"https:\/\/cms.alj3.clients.lemonhq.io\/tr\/wp-json\/wp\/v2\/comments?post=52722"}],"version-history":[{"count":0,"href":"https:\/\/cms.alj3.clients.lemonhq.io\/tr\/wp-json\/wp\/v2\/pages\/52722\/revisions"}],"up":[{"embeddable":true,"href":"https:\/\/cms.alj3.clients.lemonhq.io\/tr\/wp-json\/wp\/v2\/pages\/52729"}],"wp:featuredmedia":[{"embeddable":true,"href":"https:\/\/cms.alj3.clients.lemonhq.io\/tr\/wp-json\/wp\/v2\/media\/21106"}],"wp:attachment":[{"href":"https:\/\/cms.alj3.clients.lemonhq.io\/tr\/wp-json\/wp\/v2\/media?parent=52722"}],"curies":[{"name":"wp","href":"https:\/\/api.w.org\/{rel}","templated":true}]}}