{"id":52714,"date":"2024-09-30T09:15:56","date_gmt":"2024-09-30T09:15:56","guid":{"rendered":"https:\/\/cms.alj3.clients.lemonhq.io\/accessibility-policy\/"},"modified":"2026-03-27T16:25:15","modified_gmt":"2026-03-27T16:25:15","slug":"accessibility-policy","status":"publish","type":"page","link":"https:\/\/cms.alj3.clients.lemonhq.io\/tr\/accessibility-policy\/","title":{"rendered":"Eri\u015filebilirlik Politikas\u0131"},"content":{"rendered":"<p class=\"p1\">Bu Eri\u015filebilirlik Politikas\u0131, &lt;alj.com&gt; adresindeki Abdul Latif Jameel web sitesinin (\u201cALJ Web Sitesi\u201d), farkl\u0131 ihtiya\u00e7lar\u0131 olan kullan\u0131c\u0131lar i\u00e7in kullan\u0131labilirli\u011fini ayr\u0131nt\u0131lar\u0131yla belirten bilgileri ortaya koyar. Bu Eri\u015filebilirlik Politikas\u0131, Abdul Latif Jameel\u2019in eri\u015filebilirlik konusundaki ama\u00e7lar\u0131n\u0131 ve yakla\u015f\u0131m\u0131n\u0131, ALJ Web Sitesinin herhangi bir kullan\u0131c\u0131s\u0131n\u0131n ger\u00e7ekle\u015ftirmesi gereken temel i\u015flevleri ve ALJ Web Sitesinin eri\u015filebilirli\u011fini iyile\u015ftirmek i\u00e7in yapt\u0131klar\u0131 uygulamalar\u0131 kapsar.<\/p>\n<h2>Giri\u015f<\/h2>\n<p>Abdul Latif Jameel, bir\u00e7ok farkl\u0131 engellilik durumunun ALJ Web Sitesine eri\u015fimi etkiledi\u011finin fark\u0131ndad\u0131r. ALJ Web Sitesini ve ALJ Web Sitesi arac\u0131l\u0131\u011f\u0131yla sunulan hizmetleri iyile\u015ftirmeye y\u00f6nelik proaktif bir yakla\u015f\u0131m benimsenmi\u015ftir.<\/p>\n<p>Abdul Latif Jameel, ALJ Web sitesinin engelli kullan\u0131c\u0131lar\u0131n ihtiya\u00e7lar\u0131n\u0131 kar\u015f\u0131lamas\u0131n\u0131 ama\u00e7lamakta ve eri\u015filebilir bilgi ve hizmetler sunmaktad\u0131r. Abdul Latif Jameel, World Wide Web Consortium (W3C) Web \u0130\u00e7eri\u011fi Eri\u015filebilirlik Y\u00f6nergeleri (WCAG) 1.0 AA standard\u0131na uyuma y\u00f6nelik \u00e7al\u0131\u015fmalar y\u00fcr\u00fctmektedir. Abdul Latif Jameel, \u00f6zel ihtiya\u00e7lar\u0131 olan ALJ Web sitesi kullan\u0131c\u0131lar\u0131 i\u00e7in iyi bir deneyim sunmay\u0131 ama\u00e7lar.<\/p>\n<h2>Yakla\u015f\u0131m<\/h2>\n<p>Abdul Latif Jameel\u2019in eri\u015filebilirlik yakla\u015f\u0131m\u0131, ALJ Web Sitesini ve hizmetlerini t\u00fcm kullan\u0131c\u0131lar i\u00e7in kullan\u0131m\u0131 ve anla\u015f\u0131lmas\u0131 kolay hale getirmeye \u00e7al\u0131\u015f\u0131r. Buna, bili\u015fim cihazlar\u0131n\u0131n ki\u015fiselle\u015ftirilmesi de dahildir. Eri\u015filebilirlik sorunlar\u0131yla yaln\u0131zca engelli ki\u015filerin kar\u015f\u0131la\u015fmad\u0131\u011f\u0131 bilinmektedir. ALJ Web Sitesinin web sayfalar\u0131, takip etmesi kolay i\u00e7erikle anla\u015f\u0131l\u0131r olmay\u0131 ama\u00e7lar.<\/p>\n<h2>ALJ Web Sitesinin Kullan\u0131lmas\u0131<\/h2>\n<p>ALJ Web Sitesi; t\u00fcm ba\u015fl\u0131klar, ba\u011flant\u0131lar ve di\u011fer metin i\u00e7eri\u011fiyle tamamen HTML5 uyumlu olacak \u015fekilde geli\u015ftirilmi\u015ftir. Bu, HTML5 uyumlu taray\u0131c\u0131lar taraf\u0131ndan t\u00fcm metinlerin metin okuyucular\u0131 taraf\u0131ndan okunabilir olmas\u0131na ve yaz\u0131 tipleri ayarlanabilmesine izin vermektedir. ALJ Web sitesi, hem bi\u00e7im katsay\u0131s\u0131 hem de yaz\u0131 tipi boyutu de\u011fi\u015fikliklerine yan\u0131t verecek \u015fekilde tasarlanarak, en iyi kullan\u0131m\u0131n sa\u011flanmas\u0131 hedeflenmi\u015ftir.<\/p>\n<p>ALJ Web sitesi a\u015fa\u011f\u0131dakileri i\u00e7erir:<\/p>\n<ul>\n<li>site haritas\u0131.<\/li>\n<li>Abdul Latif Jameel ileti\u015fim bilgileri<\/li>\n<li>ALJ Web sitesinin eri\u015filebilirli\u011fini iyile\u015ftirmeye y\u00f6nelik geri bildirimde bulunmak i\u00e7in ileti\u015fim bilgileri.<\/li>\n<\/ul>\n<h2>M\u00fc\u015fteri Kat\u0131l\u0131m\u0131<\/h2>\n<p>Abdul Latif Jameel, \u00f6zel ihtiya\u00e7lara sahip ALJ Web sitesi kullan\u0131c\u0131lar\u0131n\u0131n geri bildirimlerini almaktan memnuniyet duyar. Abdul Latif Jameel gelecekte de uygun olduk\u00e7a bu kullan\u0131c\u0131lar\u0131n yeni hizmetlerin ve i\u00e7eriklerin geli\u015ftirilmesi ve test edilmesi a\u015famalar\u0131na kat\u0131lmas\u0131n\u0131 arzu etmektedir.<\/p>\n<h2>Alternatif \u00c7\u00f6z\u00fcmler<\/h2>\n<p>Abdul Latif Jameel, ALJ Web sitesi kullan\u0131c\u0131lar\u0131n\u0131n kar\u015f\u0131la\u015ft\u0131\u011f\u0131 eri\u015filebilirlik sorunlar\u0131na alternatif bir bi\u00e7im veya \u00e7\u00f6z\u00fcm sunabilir. L\u00fctfen a\u015fa\u011f\u0131da belirtilen ileti\u015fim bilgilerini kullanarak Abdul Latif Jameel ile ileti\u015fime ge\u00e7in.<\/p>\n<h2>Standartlara Uygunluk<\/h2>\n<p>Abdul Latif Jameel, World Wide Web Konsorsiyumlar\u0131 (W3C) Web \u0130\u00e7eri\u011fi Eri\u015filebilirlik Y\u00f6nergeleri 1.0, Seviye AA\u2019ya uymay\u0131 ve bu standard\u0131 elde ettikten sonra korumay\u0131 ama\u00e7lar. Bu eri\u015filebilirlik standard\u0131, ALJ Web Sitesi i\u00e7eri\u011fi a\u00e7\u0131k\u00e7a sunularak ve Abdul Latif Jameel\u2019in bu i\u00e7eri\u011fin kolay anla\u015f\u0131l\u0131r ve takip edilebilir oldu\u011funa inand\u0131\u011f\u0131 bir \u015fekilde yaz\u0131lmas\u0131 sa\u011flanarak elde edilir.<\/p>\n<h2>Bize Ula\u015f\u0131n<\/h2>\n<p class=\"p1\">ALJ Web Sitesinin eri\u015filebilirli\u011fine ili\u015fkin herhangi bir sorunuz veya geri bildiriminiz varsa ya da ALJ Web Sitesini kullan\u0131rken herhangi bir zorluk ya\u015f\u0131yorsan\u0131z l\u00fctfen <a href=\"mailto:info@alj.ae\">info@alj.ae <\/a>adresinden Abdul Latif Jameel ile ileti\u015fime ge\u00e7in ve sorunuzun ayr\u0131nt\u0131lar\u0131n\u0131 belirtin.<\/p>\n<p>Politika tarihi: 1 Ekim 2024<\/p>\n\n\n<p><\/p>\n","protected":false},"excerpt":{"rendered":"<p>Bu Eri\u015filebilirlik Politikas\u0131, &lt;alj.com&gt; adresindeki Abdul Latif Jameel web sitesinin (\u201cALJ Web Sitesi\u201d), farkl\u0131 ihtiya\u00e7lar\u0131 olan kullan\u0131c\u0131lar i\u00e7in kullan\u0131labilirli\u011fini ayr\u0131nt\u0131lar\u0131yla belirten bilgileri ortaya koyar. Bu Eri\u015filebilirlik Politikas\u0131, Abdul Latif Jameel\u2019in eri\u015filebilirlik konusundaki ama\u00e7lar\u0131n\u0131 ve yakla\u015f\u0131m\u0131n\u0131, ALJ Web Sitesinin herhangi bir kullan\u0131c\u0131s\u0131n\u0131n ger\u00e7ekle\u015ftirmesi gereken temel i\u015flevleri ve ALJ Web Sitesinin eri\u015filebilirli\u011fini iyile\u015ftirmek i\u00e7in yapt\u0131klar\u0131 uygulamalar\u0131 kapsar. [&hellip;]<\/p>\n","protected":false},"author":5,"featured_media":7011,"parent":0,"menu_order":1,"comment_status":"closed","ping_status":"closed","template":"","meta":{"_acf_changed":true,"footnotes":""},"class_list":["post-52714","page","type-page","status-publish","has-post-thumbnail","hentry"],"acf":[],"yoast_head":"<!-- This site is optimized with the Yoast SEO plugin v26.5 - https:\/\/yoast.com\/wordpress\/plugins\/seo\/ -->\n<title>Eri\u015filebilirlik Politikas\u0131 - Abdul Latif Jameel<\/title>\n<meta name=\"robots\" content=\"noindex, follow, max-snippet:-1, max-image-preview:large, max-video-preview:-1\" \/>\n<meta property=\"og:locale\" content=\"tr_TR\" \/>\n<meta property=\"og:type\" content=\"article\" \/>\n<meta property=\"og:title\" content=\"Eri\u015filebilirlik Politikas\u0131 - Abdul Latif Jameel\" \/>\n<meta property=\"og:description\" content=\"Bu Eri\u015filebilirlik Politikas\u0131, &lt;alj.com&gt; adresindeki Abdul Latif Jameel web sitesinin (\u201cALJ Web Sitesi\u201d), farkl\u0131 ihtiya\u00e7lar\u0131 olan kullan\u0131c\u0131lar i\u00e7in kullan\u0131labilirli\u011fini ayr\u0131nt\u0131lar\u0131yla belirten bilgileri ortaya koyar. Bu Eri\u015filebilirlik Politikas\u0131, Abdul Latif Jameel\u2019in eri\u015filebilirlik konusundaki ama\u00e7lar\u0131n\u0131 ve yakla\u015f\u0131m\u0131n\u0131, ALJ Web Sitesinin herhangi bir kullan\u0131c\u0131s\u0131n\u0131n ger\u00e7ekle\u015ftirmesi gereken temel i\u015flevleri ve ALJ Web Sitesinin eri\u015filebilirli\u011fini iyile\u015ftirmek i\u00e7in yapt\u0131klar\u0131 uygulamalar\u0131 kapsar. [&hellip;]\" \/>\n<meta property=\"og:url\" content=\"https:\/\/cms.alj3.clients.lemonhq.io\/tr\/accessibility-policy\/\" \/>\n<meta property=\"og:site_name\" content=\"Abdul Latif Jameel\" \/>\n<meta property=\"article:modified_time\" content=\"2026-03-27T16:25:15+00:00\" \/>\n<meta property=\"og:image\" content=\"https:\/\/media.alj3.clients.lemonhq.io\/wp-content\/uploads\/2024\/10\/Terang-BESS-scaled-1.jpg\" \/>\n\t<meta property=\"og:image:width\" content=\"2560\" \/>\n\t<meta property=\"og:image:height\" content=\"1072\" \/>\n\t<meta property=\"og:image:type\" content=\"image\/jpeg\" \/>\n<meta name=\"twitter:card\" content=\"summary_large_image\" \/>\n<meta name=\"twitter:label1\" content=\"Tahmini okuma s\u00fcresi\" \/>\n\t<meta name=\"twitter:data1\" content=\"3 dakika\" \/>\n<script type=\"application\/ld+json\" class=\"yoast-schema-graph\">{\"@context\":\"https:\/\/schema.org\",\"@graph\":[{\"@type\":\"WebPage\",\"@id\":\"https:\/\/cms.alj3.clients.lemonhq.io\/tr\/accessibility-policy\/\",\"url\":\"https:\/\/cms.alj3.clients.lemonhq.io\/tr\/accessibility-policy\/\",\"name\":\"Eri\u015filebilirlik Politikas\u0131 - Abdul Latif Jameel\",\"isPartOf\":{\"@id\":\"https:\/\/cms.alj3.clients.lemonhq.io\/en\/#website\"},\"primaryImageOfPage\":{\"@id\":\"https:\/\/cms.alj3.clients.lemonhq.io\/tr\/accessibility-policy\/#primaryimage\"},\"image\":{\"@id\":\"https:\/\/cms.alj3.clients.lemonhq.io\/tr\/accessibility-policy\/#primaryimage\"},\"thumbnailUrl\":\"https:\/\/media.alj3.clients.lemonhq.io\/wp-content\/uploads\/2024\/10\/Terang-BESS-scaled-1.jpg\",\"datePublished\":\"2024-09-30T09:15:56+00:00\",\"dateModified\":\"2026-03-27T16:25:15+00:00\",\"breadcrumb\":{\"@id\":\"https:\/\/cms.alj3.clients.lemonhq.io\/tr\/accessibility-policy\/#breadcrumb\"},\"inLanguage\":\"tr\",\"potentialAction\":[{\"@type\":\"ReadAction\",\"target\":[\"https:\/\/cms.alj3.clients.lemonhq.io\/tr\/accessibility-policy\/\"]}]},{\"@type\":\"ImageObject\",\"inLanguage\":\"tr\",\"@id\":\"https:\/\/cms.alj3.clients.lemonhq.io\/tr\/accessibility-policy\/#primaryimage\",\"url\":\"https:\/\/media.alj3.clients.lemonhq.io\/wp-content\/uploads\/2024\/10\/Terang-BESS-scaled-1.jpg\",\"contentUrl\":\"https:\/\/media.alj3.clients.lemonhq.io\/wp-content\/uploads\/2024\/10\/Terang-BESS-scaled-1.jpg\",\"width\":2560,\"height\":1072},{\"@type\":\"BreadcrumbList\",\"@id\":\"https:\/\/cms.alj3.clients.lemonhq.io\/tr\/accessibility-policy\/#breadcrumb\",\"itemListElement\":[{\"@type\":\"ListItem\",\"position\":1,\"name\":\"Home\",\"item\":\"https:\/\/cms.alj3.clients.lemonhq.io\/en\/\"},{\"@type\":\"ListItem\",\"position\":2,\"name\":\"Eri\u015filebilirlik Politikas\u0131\"}]},{\"@type\":\"WebSite\",\"@id\":\"https:\/\/cms.alj3.clients.lemonhq.io\/en\/#website\",\"url\":\"https:\/\/cms.alj3.clients.lemonhq.io\/en\/\",\"name\":\"Abdul Latif Jameel\",\"description\":\"\",\"potentialAction\":[{\"@type\":\"SearchAction\",\"target\":{\"@type\":\"EntryPoint\",\"urlTemplate\":\"https:\/\/cms.alj3.clients.lemonhq.io\/en\/?s={search_term_string}\"},\"query-input\":{\"@type\":\"PropertyValueSpecification\",\"valueRequired\":true,\"valueName\":\"search_term_string\"}}],\"inLanguage\":\"tr\"}]}<\/script>\n<!-- \/ Yoast SEO plugin. -->","yoast_head_json":{"title":"Eri\u015filebilirlik Politikas\u0131 - Abdul Latif Jameel","robots":{"index":"noindex","follow":"follow","max-snippet":"max-snippet:-1","max-image-preview":"max-image-preview:large","max-video-preview":"max-video-preview:-1"},"og_locale":"tr_TR","og_type":"article","og_title":"Eri\u015filebilirlik Politikas\u0131 - Abdul Latif Jameel","og_description":"Bu Eri\u015filebilirlik Politikas\u0131, &lt;alj.com&gt; adresindeki Abdul Latif Jameel web sitesinin (\u201cALJ Web Sitesi\u201d), farkl\u0131 ihtiya\u00e7lar\u0131 olan kullan\u0131c\u0131lar i\u00e7in kullan\u0131labilirli\u011fini ayr\u0131nt\u0131lar\u0131yla belirten bilgileri ortaya koyar. Bu Eri\u015filebilirlik Politikas\u0131, Abdul Latif Jameel\u2019in eri\u015filebilirlik konusundaki ama\u00e7lar\u0131n\u0131 ve yakla\u015f\u0131m\u0131n\u0131, ALJ Web Sitesinin herhangi bir kullan\u0131c\u0131s\u0131n\u0131n ger\u00e7ekle\u015ftirmesi gereken temel i\u015flevleri ve ALJ Web Sitesinin eri\u015filebilirli\u011fini iyile\u015ftirmek i\u00e7in yapt\u0131klar\u0131 uygulamalar\u0131 kapsar. [&hellip;]","og_url":"https:\/\/cms.alj3.clients.lemonhq.io\/tr\/accessibility-policy\/","og_site_name":"Abdul Latif Jameel","article_modified_time":"2026-03-27T16:25:15+00:00","og_image":[{"width":2560,"height":1072,"url":"https:\/\/media.alj3.clients.lemonhq.io\/wp-content\/uploads\/2024\/10\/Terang-BESS-scaled-1.jpg","type":"image\/jpeg"}],"twitter_card":"summary_large_image","twitter_misc":{"Tahmini okuma s\u00fcresi":"3 dakika"},"schema":{"@context":"https:\/\/schema.org","@graph":[{"@type":"WebPage","@id":"https:\/\/cms.alj3.clients.lemonhq.io\/tr\/accessibility-policy\/","url":"https:\/\/cms.alj3.clients.lemonhq.io\/tr\/accessibility-policy\/","name":"Eri\u015filebilirlik Politikas\u0131 - Abdul Latif Jameel","isPartOf":{"@id":"https:\/\/cms.alj3.clients.lemonhq.io\/en\/#website"},"primaryImageOfPage":{"@id":"https:\/\/cms.alj3.clients.lemonhq.io\/tr\/accessibility-policy\/#primaryimage"},"image":{"@id":"https:\/\/cms.alj3.clients.lemonhq.io\/tr\/accessibility-policy\/#primaryimage"},"thumbnailUrl":"https:\/\/media.alj3.clients.lemonhq.io\/wp-content\/uploads\/2024\/10\/Terang-BESS-scaled-1.jpg","datePublished":"2024-09-30T09:15:56+00:00","dateModified":"2026-03-27T16:25:15+00:00","breadcrumb":{"@id":"https:\/\/cms.alj3.clients.lemonhq.io\/tr\/accessibility-policy\/#breadcrumb"},"inLanguage":"tr","potentialAction":[{"@type":"ReadAction","target":["https:\/\/cms.alj3.clients.lemonhq.io\/tr\/accessibility-policy\/"]}]},{"@type":"ImageObject","inLanguage":"tr","@id":"https:\/\/cms.alj3.clients.lemonhq.io\/tr\/accessibility-policy\/#primaryimage","url":"https:\/\/media.alj3.clients.lemonhq.io\/wp-content\/uploads\/2024\/10\/Terang-BESS-scaled-1.jpg","contentUrl":"https:\/\/media.alj3.clients.lemonhq.io\/wp-content\/uploads\/2024\/10\/Terang-BESS-scaled-1.jpg","width":2560,"height":1072},{"@type":"BreadcrumbList","@id":"https:\/\/cms.alj3.clients.lemonhq.io\/tr\/accessibility-policy\/#breadcrumb","itemListElement":[{"@type":"ListItem","position":1,"name":"Home","item":"https:\/\/cms.alj3.clients.lemonhq.io\/en\/"},{"@type":"ListItem","position":2,"name":"Eri\u015filebilirlik Politikas\u0131"}]},{"@type":"WebSite","@id":"https:\/\/cms.alj3.clients.lemonhq.io\/en\/#website","url":"https:\/\/cms.alj3.clients.lemonhq.io\/en\/","name":"Abdul Latif Jameel","description":"","potentialAction":[{"@type":"SearchAction","target":{"@type":"EntryPoint","urlTemplate":"https:\/\/cms.alj3.clients.lemonhq.io\/en\/?s={search_term_string}"},"query-input":{"@type":"PropertyValueSpecification","valueRequired":true,"valueName":"search_term_string"}}],"inLanguage":"tr"}]}},"_links":{"self":[{"href":"https:\/\/cms.alj3.clients.lemonhq.io\/tr\/wp-json\/wp\/v2\/pages\/52714","targetHints":{"allow":["GET"]}}],"collection":[{"href":"https:\/\/cms.alj3.clients.lemonhq.io\/tr\/wp-json\/wp\/v2\/pages"}],"about":[{"href":"https:\/\/cms.alj3.clients.lemonhq.io\/tr\/wp-json\/wp\/v2\/types\/page"}],"author":[{"embeddable":true,"href":"https:\/\/cms.alj3.clients.lemonhq.io\/tr\/wp-json\/wp\/v2\/users\/5"}],"replies":[{"embeddable":true,"href":"https:\/\/cms.alj3.clients.lemonhq.io\/tr\/wp-json\/wp\/v2\/comments?post=52714"}],"version-history":[{"count":0,"href":"https:\/\/cms.alj3.clients.lemonhq.io\/tr\/wp-json\/wp\/v2\/pages\/52714\/revisions"}],"wp:featuredmedia":[{"embeddable":true,"href":"https:\/\/cms.alj3.clients.lemonhq.io\/tr\/wp-json\/wp\/v2\/media\/7011"}],"wp:attachment":[{"href":"https:\/\/cms.alj3.clients.lemonhq.io\/tr\/wp-json\/wp\/v2\/media?parent=52714"}],"curies":[{"name":"wp","href":"https:\/\/api.w.org\/{rel}","templated":true}]}}