{"id":52700,"date":"2024-09-30T08:22:27","date_gmt":"2024-09-30T08:22:27","guid":{"rendered":"https:\/\/cms.alj3.clients.lemonhq.io\/spotlight-by-fady-jameel\/"},"modified":"2026-04-13T13:53:22","modified_gmt":"2026-04-13T13:53:22","slug":"spotlight-by-fady-jameel","status":"publish","type":"page","link":"https:\/\/cms.alj3.clients.lemonhq.io\/tr\/media-center\/spotlight-by-fady-jameel\/","title":{"rendered":"Spotlight by Fady Jameel"},"content":{"rendered":"\n<p><br>\u201cSpotlight\u201d adl\u0131 bu d\u00fc\u015f\u00fcnce liderli\u011fi serisinde, Abdul Latif Jameel Uluslararas\u0131 Y\u00f6netim Kurulu Ba\u015fkan Yard\u0131mc\u0131s\u0131 <a href=\"\/tr\/our-people\/fady-jameel\/\">Fady Jameel<\/a>, d\u00fcnyan\u0131n en acil sorunlar\u0131ndan baz\u0131lar\u0131n\u0131 derinlemesine ele almaktad\u0131r.<\/p>\n\n\n\n<p><br>Kar\u015f\u0131la\u015ft\u0131\u011f\u0131m\u0131z zorluklar\u0131 g\u00f6z \u00f6n\u00fcnde bulunduran Fady Jameel; uygulanan politikalar\u0131, teknolojileri ve yakla\u015f\u0131mlar\u0131 inceler. Ticaret, end\u00fcstri, bilim ve akademi gibi alanlarda \u00e7\u00f6z\u00fcmlerin form\u00fcle edilmesi ve bir fark yarat\u0131lmas\u0131 konusunda rol oynayan insanlarla konu\u015fur.<\/p>\n","protected":false},"excerpt":{"rendered":"<p>\u201cSpotlight\u201d adl\u0131 bu d\u00fc\u015f\u00fcnce liderli\u011fi serisinde, Abdul Latif Jameel Uluslararas\u0131 Y\u00f6netim Kurulu Ba\u015fkan Yard\u0131mc\u0131s\u0131 Fady Jameel, d\u00fcnyan\u0131n en acil sorunlar\u0131ndan baz\u0131lar\u0131n\u0131 derinlemesine ele almaktad\u0131r. Kar\u015f\u0131la\u015ft\u0131\u011f\u0131m\u0131z zorluklar\u0131 g\u00f6z \u00f6n\u00fcnde bulunduran Fady Jameel; uygulanan politikalar\u0131, teknolojileri ve yakla\u015f\u0131mlar\u0131 inceler. Ticaret, end\u00fcstri, bilim ve akademi gibi alanlarda \u00e7\u00f6z\u00fcmlerin form\u00fcle edilmesi ve bir fark yarat\u0131lmas\u0131 konusunda rol oynayan insanlarla [&hellip;]<\/p>\n","protected":false},"author":5,"featured_media":21114,"parent":52729,"menu_order":6,"comment_status":"closed","ping_status":"closed","template":"","meta":{"_acf_changed":true,"footnotes":""},"class_list":["post-52700","page","type-page","status-publish","has-post-thumbnail","hentry"],"acf":[],"yoast_head":"<!-- This site is optimized with the Yoast SEO plugin v26.5 - https:\/\/yoast.com\/wordpress\/plugins\/seo\/ -->\n<title>Spotlight by Fady Jameel - Abdul Latif Jameel<\/title>\n<meta name=\"robots\" content=\"noindex, follow, max-snippet:-1, max-image-preview:large, max-video-preview:-1\" \/>\n<meta property=\"og:locale\" content=\"tr_TR\" \/>\n<meta property=\"og:type\" content=\"article\" \/>\n<meta property=\"og:title\" content=\"Spotlight by Fady Jameel - Abdul Latif Jameel\" \/>\n<meta property=\"og:description\" content=\"\u201cSpotlight\u201d adl\u0131 bu d\u00fc\u015f\u00fcnce liderli\u011fi serisinde, Abdul Latif Jameel Uluslararas\u0131 Y\u00f6netim Kurulu Ba\u015fkan Yard\u0131mc\u0131s\u0131 Fady Jameel, d\u00fcnyan\u0131n en acil sorunlar\u0131ndan baz\u0131lar\u0131n\u0131 derinlemesine ele almaktad\u0131r. Kar\u015f\u0131la\u015ft\u0131\u011f\u0131m\u0131z zorluklar\u0131 g\u00f6z \u00f6n\u00fcnde bulunduran Fady Jameel; uygulanan politikalar\u0131, teknolojileri ve yakla\u015f\u0131mlar\u0131 inceler. Ticaret, end\u00fcstri, bilim ve akademi gibi alanlarda \u00e7\u00f6z\u00fcmlerin form\u00fcle edilmesi ve bir fark yarat\u0131lmas\u0131 konusunda rol oynayan insanlarla [&hellip;]\" \/>\n<meta property=\"og:url\" content=\"https:\/\/cms.alj3.clients.lemonhq.io\/tr\/media-center\/spotlight-by-fady-jameel\/\" \/>\n<meta property=\"og:site_name\" content=\"Abdul Latif Jameel\" \/>\n<meta property=\"article:modified_time\" content=\"2026-04-13T13:53:22+00:00\" \/>\n<meta property=\"og:image\" content=\"https:\/\/media.alj3.clients.lemonhq.io\/wp-content\/uploads\/2024\/10\/wp-block-img-40.jpg\" \/>\n\t<meta property=\"og:image:width\" content=\"1920\" \/>\n\t<meta property=\"og:image:height\" content=\"1080\" \/>\n\t<meta property=\"og:image:type\" content=\"image\/jpeg\" \/>\n<meta name=\"twitter:card\" content=\"summary_large_image\" \/>\n<meta name=\"twitter:label1\" content=\"Tahmini okuma s\u00fcresi\" \/>\n\t<meta name=\"twitter:data1\" content=\"1 dakika\" \/>\n<script type=\"application\/ld+json\" class=\"yoast-schema-graph\">{\"@context\":\"https:\/\/schema.org\",\"@graph\":[{\"@type\":\"WebPage\",\"@id\":\"https:\/\/cms.alj3.clients.lemonhq.io\/tr\/media-center\/spotlight-by-fady-jameel\/\",\"url\":\"https:\/\/cms.alj3.clients.lemonhq.io\/tr\/media-center\/spotlight-by-fady-jameel\/\",\"name\":\"Spotlight by Fady Jameel - Abdul Latif Jameel\",\"isPartOf\":{\"@id\":\"https:\/\/cms.alj3.clients.lemonhq.io\/en\/#website\"},\"primaryImageOfPage\":{\"@id\":\"https:\/\/cms.alj3.clients.lemonhq.io\/tr\/media-center\/spotlight-by-fady-jameel\/#primaryimage\"},\"image\":{\"@id\":\"https:\/\/cms.alj3.clients.lemonhq.io\/tr\/media-center\/spotlight-by-fady-jameel\/#primaryimage\"},\"thumbnailUrl\":\"https:\/\/media.alj3.clients.lemonhq.io\/wp-content\/uploads\/2024\/10\/wp-block-img-40.jpg\",\"datePublished\":\"2024-09-30T08:22:27+00:00\",\"dateModified\":\"2026-04-13T13:53:22+00:00\",\"breadcrumb\":{\"@id\":\"https:\/\/cms.alj3.clients.lemonhq.io\/tr\/media-center\/spotlight-by-fady-jameel\/#breadcrumb\"},\"inLanguage\":\"tr\",\"potentialAction\":[{\"@type\":\"ReadAction\",\"target\":[\"https:\/\/cms.alj3.clients.lemonhq.io\/tr\/media-center\/spotlight-by-fady-jameel\/\"]}]},{\"@type\":\"ImageObject\",\"inLanguage\":\"tr\",\"@id\":\"https:\/\/cms.alj3.clients.lemonhq.io\/tr\/media-center\/spotlight-by-fady-jameel\/#primaryimage\",\"url\":\"https:\/\/media.alj3.clients.lemonhq.io\/wp-content\/uploads\/2024\/10\/wp-block-img-40.jpg\",\"contentUrl\":\"https:\/\/media.alj3.clients.lemonhq.io\/wp-content\/uploads\/2024\/10\/wp-block-img-40.jpg\",\"width\":1920,\"height\":1080},{\"@type\":\"BreadcrumbList\",\"@id\":\"https:\/\/cms.alj3.clients.lemonhq.io\/tr\/media-center\/spotlight-by-fady-jameel\/#breadcrumb\",\"itemListElement\":[{\"@type\":\"ListItem\",\"position\":1,\"name\":\"Home\",\"item\":\"https:\/\/cms.alj3.clients.lemonhq.io\/en\/\"},{\"@type\":\"ListItem\",\"position\":2,\"name\":\"Media Center\",\"item\":\"https:\/\/cms.alj3.clients.lemonhq.io\/tr\/media-center\/\"},{\"@type\":\"ListItem\",\"position\":3,\"name\":\"Spotlight by Fady Jameel\"}]},{\"@type\":\"WebSite\",\"@id\":\"https:\/\/cms.alj3.clients.lemonhq.io\/en\/#website\",\"url\":\"https:\/\/cms.alj3.clients.lemonhq.io\/en\/\",\"name\":\"Abdul Latif Jameel\",\"description\":\"\",\"potentialAction\":[{\"@type\":\"SearchAction\",\"target\":{\"@type\":\"EntryPoint\",\"urlTemplate\":\"https:\/\/cms.alj3.clients.lemonhq.io\/en\/?s={search_term_string}\"},\"query-input\":{\"@type\":\"PropertyValueSpecification\",\"valueRequired\":true,\"valueName\":\"search_term_string\"}}],\"inLanguage\":\"tr\"}]}<\/script>\n<!-- \/ Yoast SEO plugin. -->","yoast_head_json":{"title":"Spotlight by Fady Jameel - Abdul Latif Jameel","robots":{"index":"noindex","follow":"follow","max-snippet":"max-snippet:-1","max-image-preview":"max-image-preview:large","max-video-preview":"max-video-preview:-1"},"og_locale":"tr_TR","og_type":"article","og_title":"Spotlight by Fady Jameel - Abdul Latif Jameel","og_description":"\u201cSpotlight\u201d adl\u0131 bu d\u00fc\u015f\u00fcnce liderli\u011fi serisinde, Abdul Latif Jameel Uluslararas\u0131 Y\u00f6netim Kurulu Ba\u015fkan Yard\u0131mc\u0131s\u0131 Fady Jameel, d\u00fcnyan\u0131n en acil sorunlar\u0131ndan baz\u0131lar\u0131n\u0131 derinlemesine ele almaktad\u0131r. Kar\u015f\u0131la\u015ft\u0131\u011f\u0131m\u0131z zorluklar\u0131 g\u00f6z \u00f6n\u00fcnde bulunduran Fady Jameel; uygulanan politikalar\u0131, teknolojileri ve yakla\u015f\u0131mlar\u0131 inceler. Ticaret, end\u00fcstri, bilim ve akademi gibi alanlarda \u00e7\u00f6z\u00fcmlerin form\u00fcle edilmesi ve bir fark yarat\u0131lmas\u0131 konusunda rol oynayan insanlarla [&hellip;]","og_url":"https:\/\/cms.alj3.clients.lemonhq.io\/tr\/media-center\/spotlight-by-fady-jameel\/","og_site_name":"Abdul Latif Jameel","article_modified_time":"2026-04-13T13:53:22+00:00","og_image":[{"width":1920,"height":1080,"url":"https:\/\/media.alj3.clients.lemonhq.io\/wp-content\/uploads\/2024\/10\/wp-block-img-40.jpg","type":"image\/jpeg"}],"twitter_card":"summary_large_image","twitter_misc":{"Tahmini okuma s\u00fcresi":"1 dakika"},"schema":{"@context":"https:\/\/schema.org","@graph":[{"@type":"WebPage","@id":"https:\/\/cms.alj3.clients.lemonhq.io\/tr\/media-center\/spotlight-by-fady-jameel\/","url":"https:\/\/cms.alj3.clients.lemonhq.io\/tr\/media-center\/spotlight-by-fady-jameel\/","name":"Spotlight by Fady Jameel - Abdul Latif Jameel","isPartOf":{"@id":"https:\/\/cms.alj3.clients.lemonhq.io\/en\/#website"},"primaryImageOfPage":{"@id":"https:\/\/cms.alj3.clients.lemonhq.io\/tr\/media-center\/spotlight-by-fady-jameel\/#primaryimage"},"image":{"@id":"https:\/\/cms.alj3.clients.lemonhq.io\/tr\/media-center\/spotlight-by-fady-jameel\/#primaryimage"},"thumbnailUrl":"https:\/\/media.alj3.clients.lemonhq.io\/wp-content\/uploads\/2024\/10\/wp-block-img-40.jpg","datePublished":"2024-09-30T08:22:27+00:00","dateModified":"2026-04-13T13:53:22+00:00","breadcrumb":{"@id":"https:\/\/cms.alj3.clients.lemonhq.io\/tr\/media-center\/spotlight-by-fady-jameel\/#breadcrumb"},"inLanguage":"tr","potentialAction":[{"@type":"ReadAction","target":["https:\/\/cms.alj3.clients.lemonhq.io\/tr\/media-center\/spotlight-by-fady-jameel\/"]}]},{"@type":"ImageObject","inLanguage":"tr","@id":"https:\/\/cms.alj3.clients.lemonhq.io\/tr\/media-center\/spotlight-by-fady-jameel\/#primaryimage","url":"https:\/\/media.alj3.clients.lemonhq.io\/wp-content\/uploads\/2024\/10\/wp-block-img-40.jpg","contentUrl":"https:\/\/media.alj3.clients.lemonhq.io\/wp-content\/uploads\/2024\/10\/wp-block-img-40.jpg","width":1920,"height":1080},{"@type":"BreadcrumbList","@id":"https:\/\/cms.alj3.clients.lemonhq.io\/tr\/media-center\/spotlight-by-fady-jameel\/#breadcrumb","itemListElement":[{"@type":"ListItem","position":1,"name":"Home","item":"https:\/\/cms.alj3.clients.lemonhq.io\/en\/"},{"@type":"ListItem","position":2,"name":"Media Center","item":"https:\/\/cms.alj3.clients.lemonhq.io\/tr\/media-center\/"},{"@type":"ListItem","position":3,"name":"Spotlight by Fady Jameel"}]},{"@type":"WebSite","@id":"https:\/\/cms.alj3.clients.lemonhq.io\/en\/#website","url":"https:\/\/cms.alj3.clients.lemonhq.io\/en\/","name":"Abdul Latif Jameel","description":"","potentialAction":[{"@type":"SearchAction","target":{"@type":"EntryPoint","urlTemplate":"https:\/\/cms.alj3.clients.lemonhq.io\/en\/?s={search_term_string}"},"query-input":{"@type":"PropertyValueSpecification","valueRequired":true,"valueName":"search_term_string"}}],"inLanguage":"tr"}]}},"_links":{"self":[{"href":"https:\/\/cms.alj3.clients.lemonhq.io\/tr\/wp-json\/wp\/v2\/pages\/52700","targetHints":{"allow":["GET"]}}],"collection":[{"href":"https:\/\/cms.alj3.clients.lemonhq.io\/tr\/wp-json\/wp\/v2\/pages"}],"about":[{"href":"https:\/\/cms.alj3.clients.lemonhq.io\/tr\/wp-json\/wp\/v2\/types\/page"}],"author":[{"embeddable":true,"href":"https:\/\/cms.alj3.clients.lemonhq.io\/tr\/wp-json\/wp\/v2\/users\/5"}],"replies":[{"embeddable":true,"href":"https:\/\/cms.alj3.clients.lemonhq.io\/tr\/wp-json\/wp\/v2\/comments?post=52700"}],"version-history":[{"count":0,"href":"https:\/\/cms.alj3.clients.lemonhq.io\/tr\/wp-json\/wp\/v2\/pages\/52700\/revisions"}],"up":[{"embeddable":true,"href":"https:\/\/cms.alj3.clients.lemonhq.io\/tr\/wp-json\/wp\/v2\/pages\/52729"}],"wp:featuredmedia":[{"embeddable":true,"href":"https:\/\/cms.alj3.clients.lemonhq.io\/tr\/wp-json\/wp\/v2\/media\/21114"}],"wp:attachment":[{"href":"https:\/\/cms.alj3.clients.lemonhq.io\/tr\/wp-json\/wp\/v2\/media?parent=52700"}],"curies":[{"name":"wp","href":"https:\/\/api.w.org\/{rel}","templated":true}]}}