{"id":52698,"date":"2024-11-07T07:36:37","date_gmt":"2024-11-07T07:36:37","guid":{"rendered":"https:\/\/cms.alj3.clients.lemonhq.io\/perspectives\/"},"modified":"2026-04-13T13:52:26","modified_gmt":"2026-04-13T13:52:26","slug":"perspectives","status":"publish","type":"page","link":"https:\/\/cms.alj3.clients.lemonhq.io\/tr\/media-center\/perspectives\/","title":{"rendered":"Perspectives"},"content":{"rendered":"\n<p><br>Abdul Latif Jameel\u2019in \u201cPerspectives\u201d adl\u0131 d\u00fc\u015f\u00fcnce liderli\u011fi serisi, kilit i\u015f sekt\u00f6rlerindeki zorluklar ve f\u0131rsatlar hakk\u0131nda ilgi \u00e7ekici bir i\u00e7g\u00f6r\u00fc sunarak k\u00fcresel ekonomimizin gelece\u011fini y\u00f6nlendirir.<\/p>\n\n\n\n<p>Bunlar aras\u0131nda Ula\u015f\u0131m, Enerji ve \u00c7evre Hizmetleri, Finansal Hizmetler, Sa\u011fl\u0131k ve daha fazlas\u0131 yer al\u0131r. Geli\u015fmeler hakk\u0131nda daha fazla bilgi edinin ve Abdul Latif Jameel i\u015fletmeler a\u011f\u0131n\u0131n herkes i\u00e7in daha g\u00fczel yar\u0131nlara nas\u0131l katk\u0131da bulundu\u011funu ke\u015ffedin. \u00dcretken yapay zeka podcast kanal\u0131m\u0131z olan <a href=\"https:\/\/www.youtube.com\/playlist?list=PLHXEfCEwu45vB-drobcxiiidEUlGu4TO1\">Jameel Cast<\/a>\u2019\u0131 da takip edebilirsiniz.<\/p>\n","protected":false},"excerpt":{"rendered":"<p>Abdul Latif Jameel\u2019in \u201cPerspectives\u201d adl\u0131 d\u00fc\u015f\u00fcnce liderli\u011fi serisi, kilit i\u015f sekt\u00f6rlerindeki zorluklar ve f\u0131rsatlar hakk\u0131nda ilgi \u00e7ekici bir i\u00e7g\u00f6r\u00fc sunarak k\u00fcresel ekonomimizin gelece\u011fini y\u00f6nlendirir. Bunlar aras\u0131nda Ula\u015f\u0131m, Enerji ve \u00c7evre Hizmetleri, Finansal Hizmetler, Sa\u011fl\u0131k ve daha fazlas\u0131 yer al\u0131r. Geli\u015fmeler hakk\u0131nda daha fazla bilgi edinin ve Abdul Latif Jameel i\u015fletmeler a\u011f\u0131n\u0131n herkes i\u00e7in daha g\u00fczel [&hellip;]<\/p>\n","protected":false},"author":4,"featured_media":21114,"parent":52729,"menu_order":0,"comment_status":"closed","ping_status":"closed","template":"","meta":{"_acf_changed":true,"footnotes":""},"class_list":["post-52698","page","type-page","status-publish","has-post-thumbnail","hentry"],"acf":[],"yoast_head":"<!-- This site is optimized with the Yoast SEO plugin v26.5 - https:\/\/yoast.com\/wordpress\/plugins\/seo\/ -->\n<title>Perspectives - Abdul Latif Jameel<\/title>\n<meta name=\"robots\" content=\"noindex, follow, max-snippet:-1, max-image-preview:large, max-video-preview:-1\" \/>\n<meta property=\"og:locale\" content=\"tr_TR\" \/>\n<meta property=\"og:type\" content=\"article\" \/>\n<meta property=\"og:title\" content=\"Perspectives - Abdul Latif Jameel\" \/>\n<meta property=\"og:description\" content=\"Abdul Latif Jameel\u2019in \u201cPerspectives\u201d adl\u0131 d\u00fc\u015f\u00fcnce liderli\u011fi serisi, kilit i\u015f sekt\u00f6rlerindeki zorluklar ve f\u0131rsatlar hakk\u0131nda ilgi \u00e7ekici bir i\u00e7g\u00f6r\u00fc sunarak k\u00fcresel ekonomimizin gelece\u011fini y\u00f6nlendirir. Bunlar aras\u0131nda Ula\u015f\u0131m, Enerji ve \u00c7evre Hizmetleri, Finansal Hizmetler, Sa\u011fl\u0131k ve daha fazlas\u0131 yer al\u0131r. Geli\u015fmeler hakk\u0131nda daha fazla bilgi edinin ve Abdul Latif Jameel i\u015fletmeler a\u011f\u0131n\u0131n herkes i\u00e7in daha g\u00fczel [&hellip;]\" \/>\n<meta property=\"og:url\" content=\"https:\/\/cms.alj3.clients.lemonhq.io\/tr\/media-center\/perspectives\/\" \/>\n<meta property=\"og:site_name\" content=\"Abdul Latif Jameel\" \/>\n<meta property=\"article:modified_time\" content=\"2026-04-13T13:52:26+00:00\" \/>\n<meta property=\"og:image\" content=\"https:\/\/media.alj3.clients.lemonhq.io\/wp-content\/uploads\/2024\/10\/wp-block-img-40.jpg\" \/>\n\t<meta property=\"og:image:width\" content=\"1920\" \/>\n\t<meta property=\"og:image:height\" content=\"1080\" \/>\n\t<meta property=\"og:image:type\" content=\"image\/jpeg\" \/>\n<meta name=\"twitter:card\" content=\"summary_large_image\" \/>\n<meta name=\"twitter:label1\" content=\"Tahmini okuma s\u00fcresi\" \/>\n\t<meta name=\"twitter:data1\" content=\"1 dakika\" \/>\n<script type=\"application\/ld+json\" class=\"yoast-schema-graph\">{\"@context\":\"https:\/\/schema.org\",\"@graph\":[{\"@type\":\"WebPage\",\"@id\":\"https:\/\/cms.alj3.clients.lemonhq.io\/tr\/media-center\/perspectives\/\",\"url\":\"https:\/\/cms.alj3.clients.lemonhq.io\/tr\/media-center\/perspectives\/\",\"name\":\"Perspectives - Abdul Latif Jameel\",\"isPartOf\":{\"@id\":\"https:\/\/cms.alj3.clients.lemonhq.io\/en\/#website\"},\"primaryImageOfPage\":{\"@id\":\"https:\/\/cms.alj3.clients.lemonhq.io\/tr\/media-center\/perspectives\/#primaryimage\"},\"image\":{\"@id\":\"https:\/\/cms.alj3.clients.lemonhq.io\/tr\/media-center\/perspectives\/#primaryimage\"},\"thumbnailUrl\":\"https:\/\/media.alj3.clients.lemonhq.io\/wp-content\/uploads\/2024\/10\/wp-block-img-40.jpg\",\"datePublished\":\"2024-11-07T07:36:37+00:00\",\"dateModified\":\"2026-04-13T13:52:26+00:00\",\"breadcrumb\":{\"@id\":\"https:\/\/cms.alj3.clients.lemonhq.io\/tr\/media-center\/perspectives\/#breadcrumb\"},\"inLanguage\":\"tr\",\"potentialAction\":[{\"@type\":\"ReadAction\",\"target\":[\"https:\/\/cms.alj3.clients.lemonhq.io\/tr\/media-center\/perspectives\/\"]}]},{\"@type\":\"ImageObject\",\"inLanguage\":\"tr\",\"@id\":\"https:\/\/cms.alj3.clients.lemonhq.io\/tr\/media-center\/perspectives\/#primaryimage\",\"url\":\"https:\/\/media.alj3.clients.lemonhq.io\/wp-content\/uploads\/2024\/10\/wp-block-img-40.jpg\",\"contentUrl\":\"https:\/\/media.alj3.clients.lemonhq.io\/wp-content\/uploads\/2024\/10\/wp-block-img-40.jpg\",\"width\":1920,\"height\":1080},{\"@type\":\"BreadcrumbList\",\"@id\":\"https:\/\/cms.alj3.clients.lemonhq.io\/tr\/media-center\/perspectives\/#breadcrumb\",\"itemListElement\":[{\"@type\":\"ListItem\",\"position\":1,\"name\":\"Home\",\"item\":\"https:\/\/cms.alj3.clients.lemonhq.io\/en\/\"},{\"@type\":\"ListItem\",\"position\":2,\"name\":\"Media Center\",\"item\":\"https:\/\/cms.alj3.clients.lemonhq.io\/tr\/media-center\/\"},{\"@type\":\"ListItem\",\"position\":3,\"name\":\"Perspectives\"}]},{\"@type\":\"WebSite\",\"@id\":\"https:\/\/cms.alj3.clients.lemonhq.io\/en\/#website\",\"url\":\"https:\/\/cms.alj3.clients.lemonhq.io\/en\/\",\"name\":\"Abdul Latif Jameel\",\"description\":\"\",\"potentialAction\":[{\"@type\":\"SearchAction\",\"target\":{\"@type\":\"EntryPoint\",\"urlTemplate\":\"https:\/\/cms.alj3.clients.lemonhq.io\/en\/?s={search_term_string}\"},\"query-input\":{\"@type\":\"PropertyValueSpecification\",\"valueRequired\":true,\"valueName\":\"search_term_string\"}}],\"inLanguage\":\"tr\"}]}<\/script>\n<!-- \/ Yoast SEO plugin. -->","yoast_head_json":{"title":"Perspectives - Abdul Latif Jameel","robots":{"index":"noindex","follow":"follow","max-snippet":"max-snippet:-1","max-image-preview":"max-image-preview:large","max-video-preview":"max-video-preview:-1"},"og_locale":"tr_TR","og_type":"article","og_title":"Perspectives - Abdul Latif Jameel","og_description":"Abdul Latif Jameel\u2019in \u201cPerspectives\u201d adl\u0131 d\u00fc\u015f\u00fcnce liderli\u011fi serisi, kilit i\u015f sekt\u00f6rlerindeki zorluklar ve f\u0131rsatlar hakk\u0131nda ilgi \u00e7ekici bir i\u00e7g\u00f6r\u00fc sunarak k\u00fcresel ekonomimizin gelece\u011fini y\u00f6nlendirir. Bunlar aras\u0131nda Ula\u015f\u0131m, Enerji ve \u00c7evre Hizmetleri, Finansal Hizmetler, Sa\u011fl\u0131k ve daha fazlas\u0131 yer al\u0131r. Geli\u015fmeler hakk\u0131nda daha fazla bilgi edinin ve Abdul Latif Jameel i\u015fletmeler a\u011f\u0131n\u0131n herkes i\u00e7in daha g\u00fczel [&hellip;]","og_url":"https:\/\/cms.alj3.clients.lemonhq.io\/tr\/media-center\/perspectives\/","og_site_name":"Abdul Latif Jameel","article_modified_time":"2026-04-13T13:52:26+00:00","og_image":[{"width":1920,"height":1080,"url":"https:\/\/media.alj3.clients.lemonhq.io\/wp-content\/uploads\/2024\/10\/wp-block-img-40.jpg","type":"image\/jpeg"}],"twitter_card":"summary_large_image","twitter_misc":{"Tahmini okuma s\u00fcresi":"1 dakika"},"schema":{"@context":"https:\/\/schema.org","@graph":[{"@type":"WebPage","@id":"https:\/\/cms.alj3.clients.lemonhq.io\/tr\/media-center\/perspectives\/","url":"https:\/\/cms.alj3.clients.lemonhq.io\/tr\/media-center\/perspectives\/","name":"Perspectives - Abdul Latif Jameel","isPartOf":{"@id":"https:\/\/cms.alj3.clients.lemonhq.io\/en\/#website"},"primaryImageOfPage":{"@id":"https:\/\/cms.alj3.clients.lemonhq.io\/tr\/media-center\/perspectives\/#primaryimage"},"image":{"@id":"https:\/\/cms.alj3.clients.lemonhq.io\/tr\/media-center\/perspectives\/#primaryimage"},"thumbnailUrl":"https:\/\/media.alj3.clients.lemonhq.io\/wp-content\/uploads\/2024\/10\/wp-block-img-40.jpg","datePublished":"2024-11-07T07:36:37+00:00","dateModified":"2026-04-13T13:52:26+00:00","breadcrumb":{"@id":"https:\/\/cms.alj3.clients.lemonhq.io\/tr\/media-center\/perspectives\/#breadcrumb"},"inLanguage":"tr","potentialAction":[{"@type":"ReadAction","target":["https:\/\/cms.alj3.clients.lemonhq.io\/tr\/media-center\/perspectives\/"]}]},{"@type":"ImageObject","inLanguage":"tr","@id":"https:\/\/cms.alj3.clients.lemonhq.io\/tr\/media-center\/perspectives\/#primaryimage","url":"https:\/\/media.alj3.clients.lemonhq.io\/wp-content\/uploads\/2024\/10\/wp-block-img-40.jpg","contentUrl":"https:\/\/media.alj3.clients.lemonhq.io\/wp-content\/uploads\/2024\/10\/wp-block-img-40.jpg","width":1920,"height":1080},{"@type":"BreadcrumbList","@id":"https:\/\/cms.alj3.clients.lemonhq.io\/tr\/media-center\/perspectives\/#breadcrumb","itemListElement":[{"@type":"ListItem","position":1,"name":"Home","item":"https:\/\/cms.alj3.clients.lemonhq.io\/en\/"},{"@type":"ListItem","position":2,"name":"Media Center","item":"https:\/\/cms.alj3.clients.lemonhq.io\/tr\/media-center\/"},{"@type":"ListItem","position":3,"name":"Perspectives"}]},{"@type":"WebSite","@id":"https:\/\/cms.alj3.clients.lemonhq.io\/en\/#website","url":"https:\/\/cms.alj3.clients.lemonhq.io\/en\/","name":"Abdul Latif Jameel","description":"","potentialAction":[{"@type":"SearchAction","target":{"@type":"EntryPoint","urlTemplate":"https:\/\/cms.alj3.clients.lemonhq.io\/en\/?s={search_term_string}"},"query-input":{"@type":"PropertyValueSpecification","valueRequired":true,"valueName":"search_term_string"}}],"inLanguage":"tr"}]}},"_links":{"self":[{"href":"https:\/\/cms.alj3.clients.lemonhq.io\/tr\/wp-json\/wp\/v2\/pages\/52698","targetHints":{"allow":["GET"]}}],"collection":[{"href":"https:\/\/cms.alj3.clients.lemonhq.io\/tr\/wp-json\/wp\/v2\/pages"}],"about":[{"href":"https:\/\/cms.alj3.clients.lemonhq.io\/tr\/wp-json\/wp\/v2\/types\/page"}],"author":[{"embeddable":true,"href":"https:\/\/cms.alj3.clients.lemonhq.io\/tr\/wp-json\/wp\/v2\/users\/4"}],"replies":[{"embeddable":true,"href":"https:\/\/cms.alj3.clients.lemonhq.io\/tr\/wp-json\/wp\/v2\/comments?post=52698"}],"version-history":[{"count":0,"href":"https:\/\/cms.alj3.clients.lemonhq.io\/tr\/wp-json\/wp\/v2\/pages\/52698\/revisions"}],"up":[{"embeddable":true,"href":"https:\/\/cms.alj3.clients.lemonhq.io\/tr\/wp-json\/wp\/v2\/pages\/52729"}],"wp:featuredmedia":[{"embeddable":true,"href":"https:\/\/cms.alj3.clients.lemonhq.io\/tr\/wp-json\/wp\/v2\/media\/21114"}],"wp:attachment":[{"href":"https:\/\/cms.alj3.clients.lemonhq.io\/tr\/wp-json\/wp\/v2\/media?parent=52698"}],"curies":[{"name":"wp","href":"https:\/\/api.w.org\/{rel}","templated":true}]}}