{"id":52563,"date":"2024-09-30T07:44:11","date_gmt":"2024-09-30T07:44:11","guid":{"rendered":"https:\/\/cms.alj3.clients.lemonhq.io\/locations\/"},"modified":"2026-03-30T05:16:09","modified_gmt":"2026-03-30T05:16:09","slug":"locations","status":"publish","type":"page","link":"https:\/\/cms.alj3.clients.lemonhq.io\/tr\/locations\/","title":{"rendered":"Faaliyet G\u00f6sterdi\u011fimiz Yerler"},"content":{"rendered":"\n<h2 class=\"wp-block-heading\"><br>Daha g\u00fczel yar\u0131nlar yaratmak . . . t\u00fcm d\u00fcnyada<\/h2>\n\n\n\n<div class=\"wp-block-columns is-layout-flex wp-container-core-columns-is-layout-28f84493 wp-block-columns-is-layout-flex\">\n<div class=\"wp-block-column is-layout-flow wp-block-column-is-layout-flow\">\n<p class=\"has-medium-font-size\"><br>\u0130lk g\u00fcnlerimizden beri yeni pazarlar\u0131 ke\u015ffettik ve uluslararas\u0131 eri\u015fimimizi b\u00fcy\u00fck potansiyel sunan \u00fclke ve k\u0131talara do\u011fru dikkatlice b\u00fcy\u00fctt\u00fck.<\/p>\n<\/div>\n\n\n\n<div class=\"wp-block-column is-layout-flow wp-block-column-is-layout-flow\">\n<p><br>Bug\u00fcn, ba\u011f\u0131ms\u0131z i\u015fletmeler a\u011f\u0131m\u0131z, yerel k\u00fclt\u00fcrlere ve topluluklara y\u00f6nelik derin bir anlay\u0131\u015f ve sayg\u0131 \u00fczerine in\u015fa edilmi\u015f bir \u015fekilde faaliyet g\u00f6stermeye devam etmektedir. Varl\u0131\u011f\u0131m\u0131z, 30\u2019dan fazla \u00fclkeyi kapsamakta ve ortak bir vizyon etraf\u0131nda \u015fekillenmektedir: daha g\u00fczel yar\u0131nlara do\u011fru \u00e7al\u0131\u015fma konusunda kararl\u0131 bir odak.<\/p>\n<\/div>\n<\/div>\n","protected":false},"excerpt":{"rendered":"<p>Daha g\u00fczel yar\u0131nlar yaratmak . . . t\u00fcm d\u00fcnyada \u0130lk g\u00fcnlerimizden beri yeni pazarlar\u0131 ke\u015ffettik ve uluslararas\u0131 eri\u015fimimizi b\u00fcy\u00fck potansiyel sunan \u00fclke ve k\u0131talara do\u011fru dikkatlice b\u00fcy\u00fctt\u00fck. Bug\u00fcn, ba\u011f\u0131ms\u0131z i\u015fletmeler a\u011f\u0131m\u0131z, yerel k\u00fclt\u00fcrlere ve topluluklara y\u00f6nelik derin bir anlay\u0131\u015f ve sayg\u0131 \u00fczerine in\u015fa edilmi\u015f bir \u015fekilde faaliyet g\u00f6stermeye devam etmektedir. Varl\u0131\u011f\u0131m\u0131z, 30\u2019dan fazla \u00fclkeyi kapsamakta [&hellip;]<\/p>\n","protected":false},"author":5,"featured_media":21414,"parent":0,"menu_order":11,"comment_status":"closed","ping_status":"closed","template":"","meta":{"_acf_changed":true,"footnotes":""},"class_list":["post-52563","page","type-page","status-publish","has-post-thumbnail","hentry"],"acf":[],"yoast_head":"<!-- This site is optimized with the Yoast SEO plugin v26.5 - https:\/\/yoast.com\/wordpress\/plugins\/seo\/ -->\n<title>Faaliyet G\u00f6sterdi\u011fimiz Yerler - Abdul Latif Jameel<\/title>\n<meta name=\"robots\" content=\"noindex, follow, max-snippet:-1, max-image-preview:large, max-video-preview:-1\" \/>\n<meta property=\"og:locale\" content=\"tr_TR\" \/>\n<meta property=\"og:type\" content=\"article\" \/>\n<meta property=\"og:title\" content=\"Faaliyet G\u00f6sterdi\u011fimiz Yerler - Abdul Latif Jameel\" \/>\n<meta property=\"og:description\" content=\"Daha g\u00fczel yar\u0131nlar yaratmak . . . t\u00fcm d\u00fcnyada \u0130lk g\u00fcnlerimizden beri yeni pazarlar\u0131 ke\u015ffettik ve uluslararas\u0131 eri\u015fimimizi b\u00fcy\u00fck potansiyel sunan \u00fclke ve k\u0131talara do\u011fru dikkatlice b\u00fcy\u00fctt\u00fck. Bug\u00fcn, ba\u011f\u0131ms\u0131z i\u015fletmeler a\u011f\u0131m\u0131z, yerel k\u00fclt\u00fcrlere ve topluluklara y\u00f6nelik derin bir anlay\u0131\u015f ve sayg\u0131 \u00fczerine in\u015fa edilmi\u015f bir \u015fekilde faaliyet g\u00f6stermeye devam etmektedir. Varl\u0131\u011f\u0131m\u0131z, 30\u2019dan fazla \u00fclkeyi kapsamakta [&hellip;]\" \/>\n<meta property=\"og:url\" content=\"https:\/\/cms.alj3.clients.lemonhq.io\/tr\/locations\/\" \/>\n<meta property=\"og:site_name\" content=\"Abdul Latif Jameel\" \/>\n<meta property=\"article:modified_time\" content=\"2026-03-30T05:16:09+00:00\" \/>\n<meta property=\"og:image\" content=\"https:\/\/media.alj3.clients.lemonhq.io\/wp-content\/uploads\/2024\/10\/location-heor-banner.jpg\" \/>\n\t<meta property=\"og:image:width\" content=\"1920\" \/>\n\t<meta property=\"og:image:height\" content=\"1080\" \/>\n\t<meta property=\"og:image:type\" content=\"image\/jpeg\" \/>\n<meta name=\"twitter:card\" content=\"summary_large_image\" \/>\n<meta name=\"twitter:label1\" content=\"Tahmini okuma s\u00fcresi\" \/>\n\t<meta name=\"twitter:data1\" content=\"1 dakika\" \/>\n<script type=\"application\/ld+json\" class=\"yoast-schema-graph\">{\"@context\":\"https:\/\/schema.org\",\"@graph\":[{\"@type\":\"WebPage\",\"@id\":\"https:\/\/cms.alj3.clients.lemonhq.io\/tr\/locations\/\",\"url\":\"https:\/\/cms.alj3.clients.lemonhq.io\/tr\/locations\/\",\"name\":\"Faaliyet G\u00f6sterdi\u011fimiz Yerler - Abdul Latif Jameel\",\"isPartOf\":{\"@id\":\"https:\/\/10.0.2.222\/en\/#website\"},\"primaryImageOfPage\":{\"@id\":\"https:\/\/cms.alj3.clients.lemonhq.io\/tr\/locations\/#primaryimage\"},\"image\":{\"@id\":\"https:\/\/cms.alj3.clients.lemonhq.io\/tr\/locations\/#primaryimage\"},\"thumbnailUrl\":\"https:\/\/media.alj3.clients.lemonhq.io\/wp-content\/uploads\/2024\/10\/location-heor-banner.jpg\",\"datePublished\":\"2024-09-30T07:44:11+00:00\",\"dateModified\":\"2026-03-30T05:16:09+00:00\",\"breadcrumb\":{\"@id\":\"https:\/\/cms.alj3.clients.lemonhq.io\/tr\/locations\/#breadcrumb\"},\"inLanguage\":\"tr\",\"potentialAction\":[{\"@type\":\"ReadAction\",\"target\":[\"https:\/\/cms.alj3.clients.lemonhq.io\/tr\/locations\/\"]}]},{\"@type\":\"ImageObject\",\"inLanguage\":\"tr\",\"@id\":\"https:\/\/cms.alj3.clients.lemonhq.io\/tr\/locations\/#primaryimage\",\"url\":\"https:\/\/media.alj3.clients.lemonhq.io\/wp-content\/uploads\/2024\/10\/location-heor-banner.jpg\",\"contentUrl\":\"https:\/\/media.alj3.clients.lemonhq.io\/wp-content\/uploads\/2024\/10\/location-heor-banner.jpg\",\"width\":1920,\"height\":1080},{\"@type\":\"BreadcrumbList\",\"@id\":\"https:\/\/cms.alj3.clients.lemonhq.io\/tr\/locations\/#breadcrumb\",\"itemListElement\":[{\"@type\":\"ListItem\",\"position\":1,\"name\":\"Home\",\"item\":\"https:\/\/10.0.2.222\/en\/\"},{\"@type\":\"ListItem\",\"position\":2,\"name\":\"Faaliyet G\u00f6sterdi\u011fimiz Yerler\"}]},{\"@type\":\"WebSite\",\"@id\":\"https:\/\/10.0.2.222\/en\/#website\",\"url\":\"https:\/\/10.0.2.222\/en\/\",\"name\":\"Abdul Latif Jameel\",\"description\":\"\",\"potentialAction\":[{\"@type\":\"SearchAction\",\"target\":{\"@type\":\"EntryPoint\",\"urlTemplate\":\"https:\/\/10.0.2.222\/en\/?s={search_term_string}\"},\"query-input\":{\"@type\":\"PropertyValueSpecification\",\"valueRequired\":true,\"valueName\":\"search_term_string\"}}],\"inLanguage\":\"tr\"}]}<\/script>\n<!-- \/ Yoast SEO plugin. -->","yoast_head_json":{"title":"Faaliyet G\u00f6sterdi\u011fimiz Yerler - Abdul Latif Jameel","robots":{"index":"noindex","follow":"follow","max-snippet":"max-snippet:-1","max-image-preview":"max-image-preview:large","max-video-preview":"max-video-preview:-1"},"og_locale":"tr_TR","og_type":"article","og_title":"Faaliyet G\u00f6sterdi\u011fimiz Yerler - Abdul Latif Jameel","og_description":"Daha g\u00fczel yar\u0131nlar yaratmak . . . t\u00fcm d\u00fcnyada \u0130lk g\u00fcnlerimizden beri yeni pazarlar\u0131 ke\u015ffettik ve uluslararas\u0131 eri\u015fimimizi b\u00fcy\u00fck potansiyel sunan \u00fclke ve k\u0131talara do\u011fru dikkatlice b\u00fcy\u00fctt\u00fck. Bug\u00fcn, ba\u011f\u0131ms\u0131z i\u015fletmeler a\u011f\u0131m\u0131z, yerel k\u00fclt\u00fcrlere ve topluluklara y\u00f6nelik derin bir anlay\u0131\u015f ve sayg\u0131 \u00fczerine in\u015fa edilmi\u015f bir \u015fekilde faaliyet g\u00f6stermeye devam etmektedir. Varl\u0131\u011f\u0131m\u0131z, 30\u2019dan fazla \u00fclkeyi kapsamakta [&hellip;]","og_url":"https:\/\/cms.alj3.clients.lemonhq.io\/tr\/locations\/","og_site_name":"Abdul Latif Jameel","article_modified_time":"2026-03-30T05:16:09+00:00","og_image":[{"width":1920,"height":1080,"url":"https:\/\/media.alj3.clients.lemonhq.io\/wp-content\/uploads\/2024\/10\/location-heor-banner.jpg","type":"image\/jpeg"}],"twitter_card":"summary_large_image","twitter_misc":{"Tahmini okuma s\u00fcresi":"1 dakika"},"schema":{"@context":"https:\/\/schema.org","@graph":[{"@type":"WebPage","@id":"https:\/\/cms.alj3.clients.lemonhq.io\/tr\/locations\/","url":"https:\/\/cms.alj3.clients.lemonhq.io\/tr\/locations\/","name":"Faaliyet G\u00f6sterdi\u011fimiz Yerler - Abdul Latif Jameel","isPartOf":{"@id":"https:\/\/10.0.2.222\/en\/#website"},"primaryImageOfPage":{"@id":"https:\/\/cms.alj3.clients.lemonhq.io\/tr\/locations\/#primaryimage"},"image":{"@id":"https:\/\/cms.alj3.clients.lemonhq.io\/tr\/locations\/#primaryimage"},"thumbnailUrl":"https:\/\/media.alj3.clients.lemonhq.io\/wp-content\/uploads\/2024\/10\/location-heor-banner.jpg","datePublished":"2024-09-30T07:44:11+00:00","dateModified":"2026-03-30T05:16:09+00:00","breadcrumb":{"@id":"https:\/\/cms.alj3.clients.lemonhq.io\/tr\/locations\/#breadcrumb"},"inLanguage":"tr","potentialAction":[{"@type":"ReadAction","target":["https:\/\/cms.alj3.clients.lemonhq.io\/tr\/locations\/"]}]},{"@type":"ImageObject","inLanguage":"tr","@id":"https:\/\/cms.alj3.clients.lemonhq.io\/tr\/locations\/#primaryimage","url":"https:\/\/media.alj3.clients.lemonhq.io\/wp-content\/uploads\/2024\/10\/location-heor-banner.jpg","contentUrl":"https:\/\/media.alj3.clients.lemonhq.io\/wp-content\/uploads\/2024\/10\/location-heor-banner.jpg","width":1920,"height":1080},{"@type":"BreadcrumbList","@id":"https:\/\/cms.alj3.clients.lemonhq.io\/tr\/locations\/#breadcrumb","itemListElement":[{"@type":"ListItem","position":1,"name":"Home","item":"https:\/\/10.0.2.222\/en\/"},{"@type":"ListItem","position":2,"name":"Faaliyet G\u00f6sterdi\u011fimiz Yerler"}]},{"@type":"WebSite","@id":"https:\/\/10.0.2.222\/en\/#website","url":"https:\/\/10.0.2.222\/en\/","name":"Abdul Latif Jameel","description":"","potentialAction":[{"@type":"SearchAction","target":{"@type":"EntryPoint","urlTemplate":"https:\/\/10.0.2.222\/en\/?s={search_term_string}"},"query-input":{"@type":"PropertyValueSpecification","valueRequired":true,"valueName":"search_term_string"}}],"inLanguage":"tr"}]}},"_links":{"self":[{"href":"https:\/\/cms.alj3.clients.lemonhq.io\/tr\/wp-json\/wp\/v2\/pages\/52563","targetHints":{"allow":["GET"]}}],"collection":[{"href":"https:\/\/cms.alj3.clients.lemonhq.io\/tr\/wp-json\/wp\/v2\/pages"}],"about":[{"href":"https:\/\/cms.alj3.clients.lemonhq.io\/tr\/wp-json\/wp\/v2\/types\/page"}],"author":[{"embeddable":true,"href":"https:\/\/cms.alj3.clients.lemonhq.io\/tr\/wp-json\/wp\/v2\/users\/5"}],"replies":[{"embeddable":true,"href":"https:\/\/cms.alj3.clients.lemonhq.io\/tr\/wp-json\/wp\/v2\/comments?post=52563"}],"version-history":[{"count":0,"href":"https:\/\/cms.alj3.clients.lemonhq.io\/tr\/wp-json\/wp\/v2\/pages\/52563\/revisions"}],"wp:featuredmedia":[{"embeddable":true,"href":"https:\/\/cms.alj3.clients.lemonhq.io\/tr\/wp-json\/wp\/v2\/media\/21414"}],"wp:attachment":[{"href":"https:\/\/cms.alj3.clients.lemonhq.io\/tr\/wp-json\/wp\/v2\/media?parent=52563"}],"curies":[{"name":"wp","href":"https:\/\/api.w.org\/{rel}","templated":true}]}}