{"id":52497,"date":"2024-09-30T07:42:29","date_gmt":"2024-09-30T07:42:29","guid":{"rendered":"https:\/\/cms.alj3.clients.lemonhq.io\/our-people\/"},"modified":"2026-04-13T11:14:50","modified_gmt":"2026-04-13T11:14:50","slug":"our-people","status":"publish","type":"page","link":"https:\/\/cms.alj3.clients.lemonhq.io\/tr\/our-people\/","title":{"rendered":"\u00c7al\u0131\u015fanlar\u0131m\u0131z"},"content":{"rendered":"\n<div class=\"wp-block-group section-padding\"><div class=\"wp-block-group__inner-container is-layout-constrained wp-block-group-is-layout-constrained\">\n<h2 class=\"wp-block-heading has-text-color has-link-color has-large-font-size wp-elements-088f818e17972937e033a54246ed78e1\" style=\"color:#1d3258;font-style:normal;font-weight:400\">\u00c7al\u0131\u015fanlar\u0131m\u0131z bizim en b\u00fcy\u00fck g\u00fcc\u00fcm\u00fczd\u00fcr<\/h2>\n\n\n\n<p class=\"has-medium-font-size\">G\u00fcn\u00fcm\u00fcz\u00fcn liderlik ekibi, kurucumuz taraf\u0131ndan benimsenen \u00f6nc\u00fc ruh ve i\u015fletmelerimizi b\u00fcy\u00fctmeye y\u00f6nelik d\u00fc\u015f\u00fcnceli adanm\u0131\u015fl\u0131k ile d\u00fcnyay\u0131 ger\u00e7ekten zenginle\u015ftiren i\u015fletmelerde yeni potansiyeller ke\u015ffetmeye ve de\u011fer yaratmaya devam etmektedir.<\/p>\n\n\n\n<p>\u201cYa\u015fam altyap\u0131s\u0131na\u201d yat\u0131r\u0131m yaparak d\u00fcnyan\u0131n her yerindeki insanlar\u0131n ya\u015famlar\u0131n\u0131 iyile\u015ftirmek i\u00e7in k\u00fcresel ekonomilerimizi y\u00f6nlendiren kilit stratejik i\u015f sekt\u00f6rlerini geli\u015ftirmekteyiz.<\/p>\n<\/div><\/div>\n\n\n\n<div class=\"wp-block-group chairman-message-box section-padding pt-0 has-white-background-color has-background\"><div class=\"wp-block-group__inner-container is-layout-constrained wp-block-group-is-layout-constrained\">\n<h2 class=\"wp-block-heading has-text-align-left has-text-color has-link-color has-large-font-size wp-elements-3e368178b9d5e2408b68b8c2bb91a3dd\" style=\"color:#1d3258;font-style:normal;font-weight:600\">Y\u00f6netim kurulu ba\u015fkan\u0131m\u0131zdan bir mesaj<\/h2>\n\n\n\n<div class=\"wp-block-columns is-layout-flex wp-container-core-columns-is-layout-28f84493 wp-block-columns-is-layout-flex\">\n<div class=\"wp-block-column is-layout-flow wp-block-column-is-layout-flow\" style=\"flex-basis:40%\">\n<figure class=\"wp-block-image size-full\"><img loading=\"lazy\" decoding=\"async\" width=\"523\" height=\"676\" src=\"https:\/\/media.alj3.clients.lemonhq.io\/wp-content\/uploads\/2024\/10\/wp-block-img-42.jpg\" alt=\"\" class=\"wp-image-21125\" style=\"object-fit:cover\" srcset=\"https:\/\/media.alj3.clients.lemonhq.io\/wp-content\/uploads\/2024\/10\/wp-block-img-42.jpg 523w, https:\/\/media.alj3.clients.lemonhq.io\/wp-content\/uploads\/2024\/10\/wp-block-img-42-232x300.jpg 232w, https:\/\/media.alj3.clients.lemonhq.io\/wp-content\/uploads\/2024\/10\/wp-block-img-42-193x250.jpg 193w\" sizes=\"auto, (max-width: 523px) 100vw, 523px\" \/><\/figure>\n\n\n\n<p class=\"has-medium-font-size\" style=\"font-style:normal;font-weight:500\">Mohammed Jameel, KBE<\/p>\n\n\n\n<p class=\"mt-0\">Chairman<\/p>\n\n\n\n<p class=\"mt-0 has-teal-color has-text-color has-link-color wp-elements-b6563b5faccc5b8b2aaa796cbe7dc242\"><a href=\"https:\/\/cms.alj3.clients.lemonhq.io\/tr\/our-people\/mohammed-abdul-latif-jameel\/\">Bio\u2019yu g\u00f6r\u00fcn<\/a><\/p>\n<\/div>\n\n\n\n<div class=\"wp-block-column is-layout-flow wp-block-column-is-layout-flow\" style=\"flex-basis:60%\">\n<p>Bir i\u015fletme olarak yapt\u0131\u011f\u0131m\u0131z yolculuk, bug\u00fcn oldu\u011fumuz ki\u015fileri ve i\u015f yapma bi\u00e7imimizi \u015fekillendirdi.<\/p>\n\n\n\n<p>\u0130lk g\u00fcnlerimizden bu yana b\u00fcy\u00fcyerek k\u00fcresel bir yat\u0131r\u0131mc\u0131, g\u00fcvenilir bir ortak ve farkl\u0131 alanlarda faaliyet g\u00f6steren uluslararas\u0131 bir i\u015fletmeler a\u011f\u0131 haline geldik.<\/p>\n\n\n\n<p>From our origins we have grown to become a global investor, trusted partner, and diversified international network of businesses.<\/p>\n\n\n\n<p>Benimsedi\u011fimiz de\u011ferler, topluluklar\u0131m\u0131z i\u00e7erisinde i\u015f ortaklar\u0131m\u0131zla ve birbirimizle i\u015f yapma bi\u00e7imimize y\u00f6n veriyor. Kurucumuz olan babam\u0131n de\u011ferlerini yans\u0131tarak; fikirlerin ortaya \u00e7\u0131kabilece\u011fi, insanlar\u0131n geli\u015febilece\u011fi ve ba\u015far\u0131n\u0131n do\u011fabilece\u011fi bir k\u00fclt\u00fcr yaratt\u0131k. Bu de\u011ferler (Sayg\u0131, \u0130novasyon ve S\u00fcrekli Geli\u015fim, \u00d6nc\u00fc Ruh, Yetki Delegasyonu) <a href=\"https:\/\/clone.d2gknqzbu0rq8r.amplifyapp.com\/tr\/culture\/\">Jameel \u0130lkeleri<\/a> ile somutla\u015ft\u0131r\u0131l\u0131yor.<\/p>\n\n\n\n<p>D\u00fcnyam\u0131z daha istikrars\u0131z, belirsiz, karma\u015f\u0131k ve mu\u011flak hale gelmeye devam ediyor. Biz de zor kararlar, \u00e7eli\u015fkili durumlar ve zor \u00f6d\u00fcnlerin toplumun her d\u00fczeyinde norm haline gelmesiyle bu ortam\u0131n etkilerine tan\u0131k olduk. De\u011fi\u015fmeye devam eden bu ortamda yolumuzu bulabilmek i\u00e7in Abdul Latif Jameel\u2019i benzersiz ve kal\u0131c\u0131 k\u0131lan nitelikleri g\u00fc\u00e7lendiriyoruz: k\u00fclt\u00fcr\u00fcm\u00fcz, olu\u015fturdu\u011fumuz kar\u015f\u0131l\u0131kl\u0131 g\u00fcven ba\u011flar\u0131 ve her \u00e7al\u0131\u015fan\u0131n ki\u015fisel sorumluluk duygusu. Bunlar temelimizi, stratejik Kuzey Y\u0131ld\u0131z\u0131\u2019m\u0131z\u0131 olu\u015fturuyor.<\/p>\n\n\n\n<p>Bu i\u015f yakla\u015f\u0131m\u0131m\u0131za son derece g\u00fcveniyor ve stratejimizin uzun vadeli, s\u00fcrd\u00fcr\u00fclebilir ba\u015far\u0131 i\u00e7in do\u011fru strateji oldu\u011funu d\u00fc\u015f\u00fcn\u00fcyorum. Babam\u0131n en sevdi\u011fi atas\u00f6z\u00fc belki de bug\u00fcn hi\u00e7 olmad\u0131\u011f\u0131 kadar ge\u00e7erli: \u201cR\u00fczgar esiyorsa yelken a\u00e7!\u201d<\/p>\n\n\n\n<p><strong>Mohammed Jameel, KBE<\/strong><br><strong>Y\u00f6netim Kurulu Ba\u015fkan\u0131<\/strong><\/p>\n<\/div>\n<\/div>\n<\/div><\/div>\n","protected":false},"excerpt":{"rendered":"<p>\u00c7al\u0131\u015fanlar\u0131m\u0131z bizim en b\u00fcy\u00fck g\u00fcc\u00fcm\u00fczd\u00fcr G\u00fcn\u00fcm\u00fcz\u00fcn liderlik ekibi, kurucumuz taraf\u0131ndan benimsenen \u00f6nc\u00fc ruh ve i\u015fletmelerimizi b\u00fcy\u00fctmeye y\u00f6nelik d\u00fc\u015f\u00fcnceli adanm\u0131\u015fl\u0131k ile d\u00fcnyay\u0131 ger\u00e7ekten zenginle\u015ftiren i\u015fletmelerde yeni potansiyeller ke\u015ffetmeye ve de\u011fer yaratmaya devam etmektedir. \u201cYa\u015fam altyap\u0131s\u0131na\u201d yat\u0131r\u0131m yaparak d\u00fcnyan\u0131n her yerindeki insanlar\u0131n ya\u015famlar\u0131n\u0131 iyile\u015ftirmek i\u00e7in k\u00fcresel ekonomilerimizi y\u00f6nlendiren kilit stratejik i\u015f sekt\u00f6rlerini geli\u015ftirmekteyiz. Y\u00f6netim kurulu ba\u015fkan\u0131m\u0131zdan bir [&hellip;]<\/p>\n","protected":false},"author":5,"featured_media":21434,"parent":0,"menu_order":12,"comment_status":"closed","ping_status":"closed","template":"","meta":{"_acf_changed":true,"footnotes":""},"class_list":["post-52497","page","type-page","status-publish","has-post-thumbnail","hentry"],"acf":{"the_jameel_family_title":"The Jameel Family","the_jameel_family_members":[{"select_member":18291},{"select_member":18276},{"select_member":17639}],"executive_leadership_corporate_title":"Leadership","executive_leadership_corporate_members":[{"select_member":18308},{"select_member":18324},{"select_member":17641},{"select_member":17927},{"select_member":18340},{"select_member":17961},{"select_member":17945},{"select_member":18100}],"executive_leadership_business_sectors_title":"Executive Leadership - Business Sectors","executive_leadership_business_sectors_team_members":[{"select_member":18139},{"select_member":18085}],"mobility_corporate_title":"Mobility - Corporate","mobility_corporate_members":[{"select_member":18231},{"select_member":18174},{"select_member":18238},{"select_member":18242},{"select_member":18263},{"select_member":18213}],"mobility_international_title":"Mobility - International ","mobility_international_members":[{"select_member":17754},{"select_member":17788},{"select_member":17771},{"select_member":18122},{"select_member":17857},{"select_member":17804},{"select_member":17875},{"select_member":18157}],"mobility_saudi_arabia_title":"Mobility - Saudi Arabia","mobility_saudi_arabia_members":[{"select_member":17988},{"select_member":17821}],"financial_services_international_title":"Financial Services - International ","financial_services_international_members":[{"select_member":18045},{"select_member":18180},{"select_member":18029}],"financial_services_saudi_arabia_title":"Financial Services - Saudi Arabia","financial_services_saudi_arabia_members":[{"select_member":17978},{"select_member":18063}],"energy_international_title":"Energy - International","energy_international_members":[{"select_member":17670}],"environmental_services_international_title":"Environmental Services - International ","environmental_services_international_members":[{"select_member":17685}],"health_international_title":"Health - International","health_international_members":[{"select_member":17911}]},"yoast_head":"<!-- This site is optimized with the Yoast SEO plugin v26.5 - https:\/\/yoast.com\/wordpress\/plugins\/seo\/ -->\n<title>\u00c7al\u0131\u015fanlar\u0131m\u0131z - Abdul Latif Jameel<\/title>\n<meta name=\"robots\" content=\"noindex, follow, max-snippet:-1, max-image-preview:large, max-video-preview:-1\" \/>\n<meta property=\"og:locale\" content=\"tr_TR\" \/>\n<meta property=\"og:type\" content=\"article\" \/>\n<meta property=\"og:title\" content=\"\u00c7al\u0131\u015fanlar\u0131m\u0131z - Abdul Latif Jameel\" \/>\n<meta property=\"og:description\" content=\"\u00c7al\u0131\u015fanlar\u0131m\u0131z bizim en b\u00fcy\u00fck g\u00fcc\u00fcm\u00fczd\u00fcr G\u00fcn\u00fcm\u00fcz\u00fcn liderlik ekibi, kurucumuz taraf\u0131ndan benimsenen \u00f6nc\u00fc ruh ve i\u015fletmelerimizi b\u00fcy\u00fctmeye y\u00f6nelik d\u00fc\u015f\u00fcnceli adanm\u0131\u015fl\u0131k ile d\u00fcnyay\u0131 ger\u00e7ekten zenginle\u015ftiren i\u015fletmelerde yeni potansiyeller ke\u015ffetmeye ve de\u011fer yaratmaya devam etmektedir. \u201cYa\u015fam altyap\u0131s\u0131na\u201d yat\u0131r\u0131m yaparak d\u00fcnyan\u0131n her yerindeki insanlar\u0131n ya\u015famlar\u0131n\u0131 iyile\u015ftirmek i\u00e7in k\u00fcresel ekonomilerimizi y\u00f6nlendiren kilit stratejik i\u015f sekt\u00f6rlerini geli\u015ftirmekteyiz. Y\u00f6netim kurulu ba\u015fkan\u0131m\u0131zdan bir [&hellip;]\" \/>\n<meta property=\"og:url\" content=\"https:\/\/cms.alj3.clients.lemonhq.io\/tr\/our-people\/\" \/>\n<meta property=\"og:site_name\" content=\"Abdul Latif Jameel\" \/>\n<meta property=\"article:modified_time\" content=\"2026-04-13T11:14:50+00:00\" \/>\n<meta property=\"og:image\" content=\"https:\/\/media.alj3.clients.lemonhq.io\/wp-content\/uploads\/2024\/10\/people-hero-banner.jpg\" \/>\n\t<meta property=\"og:image:width\" content=\"1920\" \/>\n\t<meta property=\"og:image:height\" content=\"1080\" \/>\n\t<meta property=\"og:image:type\" content=\"image\/jpeg\" \/>\n<meta name=\"twitter:card\" content=\"summary_large_image\" \/>\n<meta name=\"twitter:label1\" content=\"Tahmini okuma s\u00fcresi\" \/>\n\t<meta name=\"twitter:data1\" content=\"1 dakika\" \/>\n<script type=\"application\/ld+json\" class=\"yoast-schema-graph\">{\"@context\":\"https:\/\/schema.org\",\"@graph\":[{\"@type\":\"WebPage\",\"@id\":\"https:\/\/cms.alj3.clients.lemonhq.io\/tr\/our-people\/\",\"url\":\"https:\/\/cms.alj3.clients.lemonhq.io\/tr\/our-people\/\",\"name\":\"\u00c7al\u0131\u015fanlar\u0131m\u0131z - Abdul Latif Jameel\",\"isPartOf\":{\"@id\":\"https:\/\/cms.alj3.clients.lemonhq.io\/en\/#website\"},\"primaryImageOfPage\":{\"@id\":\"https:\/\/cms.alj3.clients.lemonhq.io\/tr\/our-people\/#primaryimage\"},\"image\":{\"@id\":\"https:\/\/cms.alj3.clients.lemonhq.io\/tr\/our-people\/#primaryimage\"},\"thumbnailUrl\":\"https:\/\/media.alj3.clients.lemonhq.io\/wp-content\/uploads\/2024\/10\/people-hero-banner.jpg\",\"datePublished\":\"2024-09-30T07:42:29+00:00\",\"dateModified\":\"2026-04-13T11:14:50+00:00\",\"breadcrumb\":{\"@id\":\"https:\/\/cms.alj3.clients.lemonhq.io\/tr\/our-people\/#breadcrumb\"},\"inLanguage\":\"tr\",\"potentialAction\":[{\"@type\":\"ReadAction\",\"target\":[\"https:\/\/cms.alj3.clients.lemonhq.io\/tr\/our-people\/\"]}]},{\"@type\":\"ImageObject\",\"inLanguage\":\"tr\",\"@id\":\"https:\/\/cms.alj3.clients.lemonhq.io\/tr\/our-people\/#primaryimage\",\"url\":\"https:\/\/media.alj3.clients.lemonhq.io\/wp-content\/uploads\/2024\/10\/people-hero-banner.jpg\",\"contentUrl\":\"https:\/\/media.alj3.clients.lemonhq.io\/wp-content\/uploads\/2024\/10\/people-hero-banner.jpg\",\"width\":1920,\"height\":1080},{\"@type\":\"BreadcrumbList\",\"@id\":\"https:\/\/cms.alj3.clients.lemonhq.io\/tr\/our-people\/#breadcrumb\",\"itemListElement\":[{\"@type\":\"ListItem\",\"position\":1,\"name\":\"Home\",\"item\":\"https:\/\/cms.alj3.clients.lemonhq.io\/en\/\"},{\"@type\":\"ListItem\",\"position\":2,\"name\":\"\u00c7al\u0131\u015fanlar\u0131m\u0131z\"}]},{\"@type\":\"WebSite\",\"@id\":\"https:\/\/cms.alj3.clients.lemonhq.io\/en\/#website\",\"url\":\"https:\/\/cms.alj3.clients.lemonhq.io\/en\/\",\"name\":\"Abdul Latif Jameel\",\"description\":\"\",\"potentialAction\":[{\"@type\":\"SearchAction\",\"target\":{\"@type\":\"EntryPoint\",\"urlTemplate\":\"https:\/\/cms.alj3.clients.lemonhq.io\/en\/?s={search_term_string}\"},\"query-input\":{\"@type\":\"PropertyValueSpecification\",\"valueRequired\":true,\"valueName\":\"search_term_string\"}}],\"inLanguage\":\"tr\"}]}<\/script>\n<!-- \/ Yoast SEO plugin. -->","yoast_head_json":{"title":"\u00c7al\u0131\u015fanlar\u0131m\u0131z - Abdul Latif Jameel","robots":{"index":"noindex","follow":"follow","max-snippet":"max-snippet:-1","max-image-preview":"max-image-preview:large","max-video-preview":"max-video-preview:-1"},"og_locale":"tr_TR","og_type":"article","og_title":"\u00c7al\u0131\u015fanlar\u0131m\u0131z - Abdul Latif Jameel","og_description":"\u00c7al\u0131\u015fanlar\u0131m\u0131z bizim en b\u00fcy\u00fck g\u00fcc\u00fcm\u00fczd\u00fcr G\u00fcn\u00fcm\u00fcz\u00fcn liderlik ekibi, kurucumuz taraf\u0131ndan benimsenen \u00f6nc\u00fc ruh ve i\u015fletmelerimizi b\u00fcy\u00fctmeye y\u00f6nelik d\u00fc\u015f\u00fcnceli adanm\u0131\u015fl\u0131k ile d\u00fcnyay\u0131 ger\u00e7ekten zenginle\u015ftiren i\u015fletmelerde yeni potansiyeller ke\u015ffetmeye ve de\u011fer yaratmaya devam etmektedir. \u201cYa\u015fam altyap\u0131s\u0131na\u201d yat\u0131r\u0131m yaparak d\u00fcnyan\u0131n her yerindeki insanlar\u0131n ya\u015famlar\u0131n\u0131 iyile\u015ftirmek i\u00e7in k\u00fcresel ekonomilerimizi y\u00f6nlendiren kilit stratejik i\u015f sekt\u00f6rlerini geli\u015ftirmekteyiz. Y\u00f6netim kurulu ba\u015fkan\u0131m\u0131zdan bir [&hellip;]","og_url":"https:\/\/cms.alj3.clients.lemonhq.io\/tr\/our-people\/","og_site_name":"Abdul Latif Jameel","article_modified_time":"2026-04-13T11:14:50+00:00","og_image":[{"width":1920,"height":1080,"url":"https:\/\/media.alj3.clients.lemonhq.io\/wp-content\/uploads\/2024\/10\/people-hero-banner.jpg","type":"image\/jpeg"}],"twitter_card":"summary_large_image","twitter_misc":{"Tahmini okuma s\u00fcresi":"1 dakika"},"schema":{"@context":"https:\/\/schema.org","@graph":[{"@type":"WebPage","@id":"https:\/\/cms.alj3.clients.lemonhq.io\/tr\/our-people\/","url":"https:\/\/cms.alj3.clients.lemonhq.io\/tr\/our-people\/","name":"\u00c7al\u0131\u015fanlar\u0131m\u0131z - Abdul Latif Jameel","isPartOf":{"@id":"https:\/\/cms.alj3.clients.lemonhq.io\/en\/#website"},"primaryImageOfPage":{"@id":"https:\/\/cms.alj3.clients.lemonhq.io\/tr\/our-people\/#primaryimage"},"image":{"@id":"https:\/\/cms.alj3.clients.lemonhq.io\/tr\/our-people\/#primaryimage"},"thumbnailUrl":"https:\/\/media.alj3.clients.lemonhq.io\/wp-content\/uploads\/2024\/10\/people-hero-banner.jpg","datePublished":"2024-09-30T07:42:29+00:00","dateModified":"2026-04-13T11:14:50+00:00","breadcrumb":{"@id":"https:\/\/cms.alj3.clients.lemonhq.io\/tr\/our-people\/#breadcrumb"},"inLanguage":"tr","potentialAction":[{"@type":"ReadAction","target":["https:\/\/cms.alj3.clients.lemonhq.io\/tr\/our-people\/"]}]},{"@type":"ImageObject","inLanguage":"tr","@id":"https:\/\/cms.alj3.clients.lemonhq.io\/tr\/our-people\/#primaryimage","url":"https:\/\/media.alj3.clients.lemonhq.io\/wp-content\/uploads\/2024\/10\/people-hero-banner.jpg","contentUrl":"https:\/\/media.alj3.clients.lemonhq.io\/wp-content\/uploads\/2024\/10\/people-hero-banner.jpg","width":1920,"height":1080},{"@type":"BreadcrumbList","@id":"https:\/\/cms.alj3.clients.lemonhq.io\/tr\/our-people\/#breadcrumb","itemListElement":[{"@type":"ListItem","position":1,"name":"Home","item":"https:\/\/cms.alj3.clients.lemonhq.io\/en\/"},{"@type":"ListItem","position":2,"name":"\u00c7al\u0131\u015fanlar\u0131m\u0131z"}]},{"@type":"WebSite","@id":"https:\/\/cms.alj3.clients.lemonhq.io\/en\/#website","url":"https:\/\/cms.alj3.clients.lemonhq.io\/en\/","name":"Abdul Latif Jameel","description":"","potentialAction":[{"@type":"SearchAction","target":{"@type":"EntryPoint","urlTemplate":"https:\/\/cms.alj3.clients.lemonhq.io\/en\/?s={search_term_string}"},"query-input":{"@type":"PropertyValueSpecification","valueRequired":true,"valueName":"search_term_string"}}],"inLanguage":"tr"}]}},"_links":{"self":[{"href":"https:\/\/cms.alj3.clients.lemonhq.io\/tr\/wp-json\/wp\/v2\/pages\/52497","targetHints":{"allow":["GET"]}}],"collection":[{"href":"https:\/\/cms.alj3.clients.lemonhq.io\/tr\/wp-json\/wp\/v2\/pages"}],"about":[{"href":"https:\/\/cms.alj3.clients.lemonhq.io\/tr\/wp-json\/wp\/v2\/types\/page"}],"author":[{"embeddable":true,"href":"https:\/\/cms.alj3.clients.lemonhq.io\/tr\/wp-json\/wp\/v2\/users\/5"}],"replies":[{"embeddable":true,"href":"https:\/\/cms.alj3.clients.lemonhq.io\/tr\/wp-json\/wp\/v2\/comments?post=52497"}],"version-history":[{"count":0,"href":"https:\/\/cms.alj3.clients.lemonhq.io\/tr\/wp-json\/wp\/v2\/pages\/52497\/revisions"}],"wp:featuredmedia":[{"embeddable":true,"href":"https:\/\/cms.alj3.clients.lemonhq.io\/tr\/wp-json\/wp\/v2\/media\/21434"}],"wp:attachment":[{"href":"https:\/\/cms.alj3.clients.lemonhq.io\/tr\/wp-json\/wp\/v2\/media?parent=52497"}],"curies":[{"name":"wp","href":"https:\/\/api.w.org\/{rel}","templated":true}]}}