{"id":51070,"date":"2025-11-27T10:40:36","date_gmt":"2025-11-27T10:40:36","guid":{"rendered":"https:\/\/cms.alj3.clients.lemonhq.io\/a-legacy-of-value-and-trust\/"},"modified":"2026-04-13T11:36:15","modified_gmt":"2026-04-13T11:36:15","slug":"a-legacy-of-value-and-trust","status":"publish","type":"page","link":"https:\/\/cms.alj3.clients.lemonhq.io\/tr\/a-legacy-of-value-and-trust\/","title":{"rendered":"Y\u00fczy\u0131l\u0131n d\u00f6rtte \u00fc\u00e7\u00fcnden fazlas\u0131n\u0131 kutluyoruz"},"content":{"rendered":"\n<div class=\"wp-block-group\"><div class=\"wp-block-group__inner-container is-layout-constrained wp-block-group-is-layout-constrained\"><div class=\"wp-bootstrap-blocks-container container mb-2\">\n\t\n\n<h2 class=\"wp-block-heading\"><br>Y\u00fczy\u0131l\u0131n d\u00f6rtte \u00fc\u00e7\u00fcnden fazlas\u0131n\u0131 kutluyoruz<\/h2>\n\n\n\n<p class=\"has-medium-font-size\"><br>2020 y\u0131l\u0131nda 75. y\u0131ld\u00f6n\u00fcm\u00fcm\u00fcz\u00fc kutlama yolculu\u011fumuzda \u00e7al\u0131\u015fanlar\u0131m\u0131z, m\u00fc\u015fterilerimiz, i\u015f ortaklar\u0131m\u0131z ve di\u011fer payda\u015flar\u0131m\u0131zla bir araya geldik.<\/p>\n\n\n\n<p class=\"has-medium-font-size\">D\u00fcnya genelindeki de\u011ferli arkada\u015flar\u0131m\u0131zdan bir\u00e7ok tebrik mesaj\u0131 ald\u0131k. Bunlar bizim i\u00e7in de\u011fer ta\u015f\u0131maya devam etmekte ve burada payla\u015f\u0131lmaktad\u0131r.<\/p>\n\n<\/div>\n<\/div><\/div>\n\n\n<div class=\"customMediaBlock medium   image-top ltr\">\n    <div class=\"blockImagebx\">\n        <img decoding=\"async\" class=\"img\" src=\"https:\/\/media.alj3.clients.lemonhq.io\/wp-content\/uploads\/2025\/12\/stories-75-years.png\"  alt=\"\" title=\"stories-75-years\">\n    <\/div>\n\n        <div class=\"contentRow\" style=\"background-color: #D4D4D4;\">\n        <!-- <div class=\"sectioncolor\" style=\"background-color: #D4D4D4;\"><\/div> -->\n        <div class=\"container\">\n            <div class=\"row\">\n            <div class=\"col-md-6\">\n                <div class=\"textbx\">\n                <h4 class=\"p1\"><b>75 Y\u0131l \/ 75 Ses \/ 75 Hikaye<\/b><\/h4>\n<h5 class=\"p1\"><strong>Ba\u015far\u0131 \u00e7ok nadiren tek ba\u015f\u0131na elde edilebilir, hatta bu neredeyse imkans\u0131zd\u0131r. Abdul Latif Jameel hikayesinin ge\u00e7mi\u015finde, bug\u00fcn\u00fcnde ve tabii ki gelece\u011finde pek \u00e7ok payda\u015f ve katk\u0131da bulunan vard\u0131r.<\/strong><\/h5>\n<p class=\"p1\">75. y\u0131l d\u00f6n\u00fcm\u00fc kutlamalar\u0131m\u0131z\u0131n bir par\u00e7as\u0131 olarak dostlar\u0131m\u0131z, katk\u0131da bulunanlar, destek\u00e7iler ve yolculu\u011fumuzun mimarlar\u0131n\u0131n pek \u00e7o\u011fu kendi tebrik mesajlar\u0131n\u0131 iletti. Ba\u015far\u0131lar\u0131m\u0131z\u0131 m\u00fcmk\u00fcn k\u0131lanlara minnetimizi sunmak i\u00e7in bu mesajlar\u0131 burada payla\u015f\u0131yoruz.<\/p>\n<p>&nbsp;<\/p>\n            <\/div>\n        <\/div>\n        <\/div>\n        <\/div>\n    <\/div>\n    \n    <\/div>\n\n<div class=\"lazyblock-our-story-block-18bjWD align  wp-block-lazyblock-our-story-block\"><div id=\"gatsbyshortcodestory\"><\/div>\n<div class=\"wpBlockDummyImage\">\n  <img style=\"width:100%;\"src=\"https:\/\/media.alj3.clients.lemonhq.io\/wp-content\/uploads\/2025\/11\/our-stories-filter.png\" \/>\n<\/div><\/div>\n\n\n<div class=\"wp-block-group story-highlight-container has-light-sand-background-color has-background\"><div class=\"wp-block-group__inner-container is-layout-constrained wp-block-group-is-layout-constrained\">\n<h1 class=\"wp-block-heading has-text-align-left container fw-normal has-large-font-size\">2030\u2019a Do\u011fru<\/h1>\n\n\n\n<div class=\"wp-block-columns container is-layout-flex wp-container-core-columns-is-layout-28f84493 wp-block-columns-is-layout-flex\">\n<div class=\"wp-block-column is-layout-flow wp-block-column-is-layout-flow\" style=\"flex-basis:66.66%\">\n<figure class=\"wp-block-video\"><video height=\"720\" style=\"aspect-ratio: 1280 \/ 720;\" width=\"1280\" controls poster=\"https:\/\/media.alj3.clients.lemonhq.io\/wp-content\/uploads\/2025\/12\/Video-Poster-Image-1.jpg\" src=\"https:\/\/media.alj3.clients.lemonhq.io\/wp-content\/uploads\/2025\/12\/Towards-2030_-The-Jameel-family-the-UN-Sustainable-Development-Goals-EN-VO_EN-Subs-16x9-COMP.mp4\"><\/video><\/figure>\n\n\n\n<h2 class=\"wp-block-heading has-large-font-size\" style=\"font-style:normal;font-weight:400\">The Jameel family &amp;<br>The UN Agenda 2030<\/h2>\n\n\n\n<p class=\"has-medium-font-size\">En ba\u015f\u0131ndan beri Jameel ailesi d\u00fc\u015f\u00fcnceli ve ho\u015fg\u00f6r\u00fcl\u00fc bir \u015fekilde i\u015f yapm\u0131\u015ft\u0131r. Bu yakla\u015f\u0131m\u0131n temelinde, ya\u015fam altyap\u0131s\u0131na yat\u0131r\u0131m yaparak s\u00fcrekli geli\u015fime ve d\u00fcnyay\u0131 herkes i\u00e7in daha iyi bir yer haline getirmeye y\u00f6nelik devam eden taahh\u00fcd\u00fcm\u00fcz yatmaktad\u0131r.<\/p>\n\n\n\n<p>75. y\u0131l d\u00f6n\u00fcm\u00fcm\u00fcz\u00fcn \u00f6nemi sadece ge\u00e7mi\u015fle ilgili de\u011fildir, ayn\u0131 zamanda gelece\u011fimizle ve <a href=\"https:\/\/www.un.org\/en\/?\" target=\"_blank\" rel=\"noreferrer noopener\">Birle\u015fmi\u015f Milletler<\/a>\u2019in \u201c<a href=\"https:\/\/sdgs.un.org\/2030agenda\" target=\"_blank\" rel=\"noreferrer noopener\">G\u00fcndem 2030<\/a>\u201dunda ve ili\u015fkili S\u00fcrd\u00fcr\u00fclebilir Kalk\u0131nma Ama\u00e7lar\u0131\u2019nda (<a href=\"https:\/\/sustainabledevelopment.un.org\/post2015\/transformingourworld\" target=\"_blank\" rel=\"noreferrer noopener\">SKA<\/a>) ortaya kondu\u011fu \u015fekilde daha g\u00fczel yar\u0131nlara nas\u0131l katk\u0131da bulunabilece\u011fimizle ilgilidir. 17 SKA\u2019n\u0131n her birine b\u00fcy\u00fck k\u00fc\u00e7\u00fck demeden katk\u0131da bulunmay\u0131 umuyor olsak da baz\u0131lar\u0131yla ilgili daha an\u0131nda ve do\u011frudan bir etki yaratmam\u0131z m\u00fcmk\u00fcn. A\u011f\u0131rl\u0131\u011f\u0131m\u0131z\u0131 koyabilece\u011fimiz noktalar bunlar.<\/p>\n<\/div>\n\n\n\n<div class=\"wp-block-column is-layout-flow wp-block-column-is-layout-flow\" style=\"flex-basis:33.33%\">\n<figure class=\"wp-block-image size-full\"><img loading=\"lazy\" decoding=\"async\" width=\"533\" height=\"755\" src=\"https:\/\/media.alj3.clients.lemonhq.io\/wp-content\/uploads\/2024\/10\/wp-block-img-41.jpg\" alt=\"\" class=\"wp-image-21100\" srcset=\"https:\/\/media.alj3.clients.lemonhq.io\/wp-content\/uploads\/2024\/10\/wp-block-img-41.jpg 533w, https:\/\/media.alj3.clients.lemonhq.io\/wp-content\/uploads\/2024\/10\/wp-block-img-41-212x300.jpg 212w, https:\/\/media.alj3.clients.lemonhq.io\/wp-content\/uploads\/2024\/10\/wp-block-img-41-176x250.jpg 176w\" sizes=\"auto, (max-width: 533px) 100vw, 533px\" \/><\/figure>\n\n\n\n<p class=\"has-medium-font-size\" style=\"font-style:normal;font-weight:600\"><strong>2030\u2019a Do\u011fru:<\/strong><br><strong>Jameel Ailesi ve Birle\u015fmi\u015f Milletler S\u00fcrd\u00fcr\u00fclebilir Kalk\u0131nma Ama\u00e7lar\u0131<\/strong><\/p>\n\n\n\n<p class=\"teal-sapphire has-link-color wp-elements-22610b6e6dfe49e0b772c56e918244bc\">Download our report <a href=\"https:\/\/media.alj3.clients.lemonhq.io\/wp-content\/uploads\/2024\/11\/Abdul-Latif-Jameel-Community-Jameel-UN-SDGs-Activities-Published-v3.7PS-28-04-2021-3.pdf\" target=\"_blank\" rel=\"noreferrer noopener\">here<\/a><\/p>\n<\/div>\n<\/div>\n<\/div><\/div>\n","protected":false},"excerpt":{"rendered":"<p>2030\u2019a Do\u011fru The Jameel family &amp;The UN Agenda 2030 En ba\u015f\u0131ndan beri Jameel ailesi d\u00fc\u015f\u00fcnceli ve ho\u015fg\u00f6r\u00fcl\u00fc bir \u015fekilde i\u015f yapm\u0131\u015ft\u0131r. Bu yakla\u015f\u0131m\u0131n temelinde, ya\u015fam altyap\u0131s\u0131na yat\u0131r\u0131m yaparak s\u00fcrekli geli\u015fime ve d\u00fcnyay\u0131 herkes i\u00e7in daha iyi bir yer haline getirmeye y\u00f6nelik devam eden taahh\u00fcd\u00fcm\u00fcz yatmaktad\u0131r. 75. y\u0131l d\u00f6n\u00fcm\u00fcm\u00fcz\u00fcn \u00f6nemi sadece ge\u00e7mi\u015fle ilgili de\u011fildir, ayn\u0131 zamanda [&hellip;]<\/p>\n","protected":false},"author":4,"featured_media":27684,"parent":0,"menu_order":0,"comment_status":"closed","ping_status":"closed","template":"","meta":{"_acf_changed":true,"footnotes":""},"class_list":["post-51070","page","type-page","status-publish","has-post-thumbnail","hentry"],"acf":{"perspective_data":[{"select_article":54550},{"select_article":14725},{"select_article":14777},{"select_article":14848},{"select_article":14895}]},"yoast_head":"<!-- This site is optimized with the Yoast SEO plugin v26.5 - https:\/\/yoast.com\/wordpress\/plugins\/seo\/ -->\n<title>Y\u00fczy\u0131l\u0131n d\u00f6rtte \u00fc\u00e7\u00fcnden fazlas\u0131n\u0131 kutluyoruz - Abdul Latif Jameel<\/title>\n<meta name=\"description\" content=\"From the very beginning, the Jameel Family has conducted business in a thoughtful and considered way. Within this approach, sits our ongoing commitment to continuous improvement and to making the world a better place for all, through investing in the infrastructure of life.\" \/>\n<meta name=\"robots\" content=\"noindex, follow, max-snippet:-1, max-image-preview:large, max-video-preview:-1\" \/>\n<meta property=\"og:locale\" content=\"tr_TR\" \/>\n<meta property=\"og:type\" content=\"article\" \/>\n<meta property=\"og:title\" content=\"Y\u00fczy\u0131l\u0131n d\u00f6rtte \u00fc\u00e7\u00fcnden fazlas\u0131n\u0131 kutluyoruz - Abdul Latif Jameel\" \/>\n<meta property=\"og:description\" content=\"From the very beginning, the Jameel Family has conducted business in a thoughtful and considered way. Within this approach, sits our ongoing commitment to continuous improvement and to making the world a better place for all, through investing in the infrastructure of life.\" \/>\n<meta property=\"og:url\" content=\"https:\/\/cms.alj3.clients.lemonhq.io\/tr\/a-legacy-of-value-and-trust\/\" \/>\n<meta property=\"og:site_name\" content=\"Abdul Latif Jameel\" \/>\n<meta property=\"article:modified_time\" content=\"2026-04-13T11:36:15+00:00\" \/>\n<meta property=\"og:image\" content=\"https:\/\/media.alj3.clients.lemonhq.io\/wp-content\/uploads\/2025\/02\/alj-stories-hero-banner.jpg\" \/>\n\t<meta property=\"og:image:width\" content=\"1920\" \/>\n\t<meta property=\"og:image:height\" content=\"1080\" \/>\n\t<meta property=\"og:image:type\" content=\"image\/jpeg\" \/>\n<meta name=\"twitter:card\" content=\"summary_large_image\" \/>\n<meta name=\"twitter:label1\" content=\"Tahmini okuma s\u00fcresi\" \/>\n\t<meta name=\"twitter:data1\" content=\"1 dakika\" \/>\n<script type=\"application\/ld+json\" class=\"yoast-schema-graph\">{\"@context\":\"https:\/\/schema.org\",\"@graph\":[{\"@type\":\"WebPage\",\"@id\":\"https:\/\/cms.alj3.clients.lemonhq.io\/tr\/a-legacy-of-value-and-trust\/\",\"url\":\"https:\/\/cms.alj3.clients.lemonhq.io\/tr\/a-legacy-of-value-and-trust\/\",\"name\":\"Y\u00fczy\u0131l\u0131n d\u00f6rtte \u00fc\u00e7\u00fcnden fazlas\u0131n\u0131 kutluyoruz - Abdul Latif Jameel\",\"isPartOf\":{\"@id\":\"https:\/\/cms.alj3.clients.lemonhq.io\/en\/#website\"},\"primaryImageOfPage\":{\"@id\":\"https:\/\/cms.alj3.clients.lemonhq.io\/tr\/a-legacy-of-value-and-trust\/#primaryimage\"},\"image\":{\"@id\":\"https:\/\/cms.alj3.clients.lemonhq.io\/tr\/a-legacy-of-value-and-trust\/#primaryimage\"},\"thumbnailUrl\":\"https:\/\/media.alj3.clients.lemonhq.io\/wp-content\/uploads\/2025\/02\/alj-stories-hero-banner.jpg\",\"datePublished\":\"2025-11-27T10:40:36+00:00\",\"dateModified\":\"2026-04-13T11:36:15+00:00\",\"description\":\"From the very beginning, the Jameel Family has conducted business in a thoughtful and considered way. Within this approach, sits our ongoing commitment to continuous improvement and to making the world a better place for all, through investing in the infrastructure of life.\",\"breadcrumb\":{\"@id\":\"https:\/\/cms.alj3.clients.lemonhq.io\/tr\/a-legacy-of-value-and-trust\/#breadcrumb\"},\"inLanguage\":\"tr\",\"potentialAction\":[{\"@type\":\"ReadAction\",\"target\":[\"https:\/\/cms.alj3.clients.lemonhq.io\/tr\/a-legacy-of-value-and-trust\/\"]}]},{\"@type\":\"ImageObject\",\"inLanguage\":\"tr\",\"@id\":\"https:\/\/cms.alj3.clients.lemonhq.io\/tr\/a-legacy-of-value-and-trust\/#primaryimage\",\"url\":\"https:\/\/media.alj3.clients.lemonhq.io\/wp-content\/uploads\/2025\/02\/alj-stories-hero-banner.jpg\",\"contentUrl\":\"https:\/\/media.alj3.clients.lemonhq.io\/wp-content\/uploads\/2025\/02\/alj-stories-hero-banner.jpg\",\"width\":1920,\"height\":1080},{\"@type\":\"BreadcrumbList\",\"@id\":\"https:\/\/cms.alj3.clients.lemonhq.io\/tr\/a-legacy-of-value-and-trust\/#breadcrumb\",\"itemListElement\":[{\"@type\":\"ListItem\",\"position\":1,\"name\":\"Home\",\"item\":\"https:\/\/cms.alj3.clients.lemonhq.io\/en\/\"},{\"@type\":\"ListItem\",\"position\":2,\"name\":\"Y\u00fczy\u0131l\u0131n d\u00f6rtte \u00fc\u00e7\u00fcnden fazlas\u0131n\u0131 kutluyoruz\"}]},{\"@type\":\"WebSite\",\"@id\":\"https:\/\/cms.alj3.clients.lemonhq.io\/en\/#website\",\"url\":\"https:\/\/cms.alj3.clients.lemonhq.io\/en\/\",\"name\":\"Abdul Latif Jameel\",\"description\":\"\",\"potentialAction\":[{\"@type\":\"SearchAction\",\"target\":{\"@type\":\"EntryPoint\",\"urlTemplate\":\"https:\/\/cms.alj3.clients.lemonhq.io\/en\/?s={search_term_string}\"},\"query-input\":{\"@type\":\"PropertyValueSpecification\",\"valueRequired\":true,\"valueName\":\"search_term_string\"}}],\"inLanguage\":\"tr\"}]}<\/script>\n<!-- \/ Yoast SEO plugin. -->","yoast_head_json":{"title":"Y\u00fczy\u0131l\u0131n d\u00f6rtte \u00fc\u00e7\u00fcnden fazlas\u0131n\u0131 kutluyoruz - Abdul Latif Jameel","description":"From the very beginning, the Jameel Family has conducted business in a thoughtful and considered way. Within this approach, sits our ongoing commitment to continuous improvement and to making the world a better place for all, through investing in the infrastructure of life.","robots":{"index":"noindex","follow":"follow","max-snippet":"max-snippet:-1","max-image-preview":"max-image-preview:large","max-video-preview":"max-video-preview:-1"},"og_locale":"tr_TR","og_type":"article","og_title":"Y\u00fczy\u0131l\u0131n d\u00f6rtte \u00fc\u00e7\u00fcnden fazlas\u0131n\u0131 kutluyoruz - Abdul Latif Jameel","og_description":"From the very beginning, the Jameel Family has conducted business in a thoughtful and considered way. Within this approach, sits our ongoing commitment to continuous improvement and to making the world a better place for all, through investing in the infrastructure of life.","og_url":"https:\/\/cms.alj3.clients.lemonhq.io\/tr\/a-legacy-of-value-and-trust\/","og_site_name":"Abdul Latif Jameel","article_modified_time":"2026-04-13T11:36:15+00:00","og_image":[{"width":1920,"height":1080,"url":"https:\/\/media.alj3.clients.lemonhq.io\/wp-content\/uploads\/2025\/02\/alj-stories-hero-banner.jpg","type":"image\/jpeg"}],"twitter_card":"summary_large_image","twitter_misc":{"Tahmini okuma s\u00fcresi":"1 dakika"},"schema":{"@context":"https:\/\/schema.org","@graph":[{"@type":"WebPage","@id":"https:\/\/cms.alj3.clients.lemonhq.io\/tr\/a-legacy-of-value-and-trust\/","url":"https:\/\/cms.alj3.clients.lemonhq.io\/tr\/a-legacy-of-value-and-trust\/","name":"Y\u00fczy\u0131l\u0131n d\u00f6rtte \u00fc\u00e7\u00fcnden fazlas\u0131n\u0131 kutluyoruz - Abdul Latif Jameel","isPartOf":{"@id":"https:\/\/cms.alj3.clients.lemonhq.io\/en\/#website"},"primaryImageOfPage":{"@id":"https:\/\/cms.alj3.clients.lemonhq.io\/tr\/a-legacy-of-value-and-trust\/#primaryimage"},"image":{"@id":"https:\/\/cms.alj3.clients.lemonhq.io\/tr\/a-legacy-of-value-and-trust\/#primaryimage"},"thumbnailUrl":"https:\/\/media.alj3.clients.lemonhq.io\/wp-content\/uploads\/2025\/02\/alj-stories-hero-banner.jpg","datePublished":"2025-11-27T10:40:36+00:00","dateModified":"2026-04-13T11:36:15+00:00","description":"From the very beginning, the Jameel Family has conducted business in a thoughtful and considered way. Within this approach, sits our ongoing commitment to continuous improvement and to making the world a better place for all, through investing in the infrastructure of life.","breadcrumb":{"@id":"https:\/\/cms.alj3.clients.lemonhq.io\/tr\/a-legacy-of-value-and-trust\/#breadcrumb"},"inLanguage":"tr","potentialAction":[{"@type":"ReadAction","target":["https:\/\/cms.alj3.clients.lemonhq.io\/tr\/a-legacy-of-value-and-trust\/"]}]},{"@type":"ImageObject","inLanguage":"tr","@id":"https:\/\/cms.alj3.clients.lemonhq.io\/tr\/a-legacy-of-value-and-trust\/#primaryimage","url":"https:\/\/media.alj3.clients.lemonhq.io\/wp-content\/uploads\/2025\/02\/alj-stories-hero-banner.jpg","contentUrl":"https:\/\/media.alj3.clients.lemonhq.io\/wp-content\/uploads\/2025\/02\/alj-stories-hero-banner.jpg","width":1920,"height":1080},{"@type":"BreadcrumbList","@id":"https:\/\/cms.alj3.clients.lemonhq.io\/tr\/a-legacy-of-value-and-trust\/#breadcrumb","itemListElement":[{"@type":"ListItem","position":1,"name":"Home","item":"https:\/\/cms.alj3.clients.lemonhq.io\/en\/"},{"@type":"ListItem","position":2,"name":"Y\u00fczy\u0131l\u0131n d\u00f6rtte \u00fc\u00e7\u00fcnden fazlas\u0131n\u0131 kutluyoruz"}]},{"@type":"WebSite","@id":"https:\/\/cms.alj3.clients.lemonhq.io\/en\/#website","url":"https:\/\/cms.alj3.clients.lemonhq.io\/en\/","name":"Abdul Latif Jameel","description":"","potentialAction":[{"@type":"SearchAction","target":{"@type":"EntryPoint","urlTemplate":"https:\/\/cms.alj3.clients.lemonhq.io\/en\/?s={search_term_string}"},"query-input":{"@type":"PropertyValueSpecification","valueRequired":true,"valueName":"search_term_string"}}],"inLanguage":"tr"}]}},"_links":{"self":[{"href":"https:\/\/cms.alj3.clients.lemonhq.io\/tr\/wp-json\/wp\/v2\/pages\/51070","targetHints":{"allow":["GET"]}}],"collection":[{"href":"https:\/\/cms.alj3.clients.lemonhq.io\/tr\/wp-json\/wp\/v2\/pages"}],"about":[{"href":"https:\/\/cms.alj3.clients.lemonhq.io\/tr\/wp-json\/wp\/v2\/types\/page"}],"author":[{"embeddable":true,"href":"https:\/\/cms.alj3.clients.lemonhq.io\/tr\/wp-json\/wp\/v2\/users\/4"}],"replies":[{"embeddable":true,"href":"https:\/\/cms.alj3.clients.lemonhq.io\/tr\/wp-json\/wp\/v2\/comments?post=51070"}],"version-history":[{"count":0,"href":"https:\/\/cms.alj3.clients.lemonhq.io\/tr\/wp-json\/wp\/v2\/pages\/51070\/revisions"}],"wp:featuredmedia":[{"embeddable":true,"href":"https:\/\/cms.alj3.clients.lemonhq.io\/tr\/wp-json\/wp\/v2\/media\/27684"}],"wp:attachment":[{"href":"https:\/\/cms.alj3.clients.lemonhq.io\/tr\/wp-json\/wp\/v2\/media?parent=51070"}],"curies":[{"name":"wp","href":"https:\/\/api.w.org\/{rel}","templated":true}]}}