{"id":51068,"date":"2024-09-30T07:40:25","date_gmt":"2024-09-30T07:40:25","guid":{"rendered":"https:\/\/cms.alj3.clients.lemonhq.io\/story\/"},"modified":"2026-04-13T11:03:17","modified_gmt":"2026-04-13T11:03:17","slug":"story","status":"publish","type":"page","link":"https:\/\/cms.alj3.clients.lemonhq.io\/tr\/story\/","title":{"rendered":"Hikayemiz"},"content":{"rendered":"<div class=\"customMediaBlock medium   image-center ltr\">\n    <div class=\"blockImagebx\">\n        <img decoding=\"async\" class=\"img\" src=\"https:\/\/media.alj3.clients.lemonhq.io\/wp-content\/uploads\/2024\/10\/wp-block-img-39.png\"  alt=\"\" title=\"wp-block-img-39\">\n    <\/div>\n\n        <div class=\"contentRow\" style=\"background-color: #fff;\">\n        <!-- <div class=\"sectioncolor\" style=\"background-color: #fff;\"><\/div> -->\n        <div class=\"container\">\n            <div class=\"row\">\n            <div class=\"col-md-6\">\n                <div class=\"textbx\">\n                <h5>80 y\u0131l\u0131 a\u015fk\u0131n bir ge\u00e7mi\u015fle \u00fc\u00e7 nesildir Jameel ailesinin rehberli\u011finde ilerleyen <a href=\"https:\/\/alj.com\/tr\/\">Abdul Latif Jameel<\/a>, ilk olarak 1945 y\u0131l\u0131nda vizyoner giri\u015fimci Abdul Latif Jameel taraf\u0131ndan kurulmu\u015ftur ve g\u00fcn\u00fcm\u00fczde farkl\u0131 alanlarda, birbirinden ba\u011f\u0131ms\u0131z olarak faaliyet g\u00f6steren uluslararas\u0131 bir i\u015fletmeler a\u011f\u0131d\u0131r.<\/h5>\n<p>Uluslararas\u0131 \u00e7apta sa\u011flam bir bilgi ve ili\u015fki a\u011f\u0131na sahip g\u00fc\u00e7l\u00fc bir ortak olan ve insanlara, i\u015f d\u00fcnyas\u0131na, teknolojiye ve toplulu\u011fa s\u00fcrekli yat\u0131r\u0131m yapma konusunda sars\u0131lmaz bir kararl\u0131l\u0131k sergileyen Abdul Latif Jameel, b\u00fcy\u00fcmeyi besler ve inovasyonun parlamas\u0131n\u0131 sa\u011flar. B\u00f6ylece, k\u00fcresel ekonominin gelece\u011fini y\u00f6nlendiren temel i\u015f sekt\u00f6rlerinde ilerlemeye liderlik eder.<\/p>\n<p>M\u00fc\u015fterilerimizin, i\u015f ortaklar\u0131m\u0131z\u0131n, \u00e7al\u0131\u015fanlar\u0131m\u0131z\u0131n ve elbette i\u00e7inde bulundu\u011fumuz toplumlar\u0131n hayatlar\u0131nda somut de\u011fer yaratmaya ve akabinde yeni f\u0131rsatlar yaratmaya inan\u0131r\u0131z. Amac\u0131m\u0131z, incelikle d\u00fc\u015f\u00fcn\u00fclm\u00fc\u015f ilerlemeler sayesinde uzun vadeli refah in\u015fa etmektir.<\/p>\n<p>Alt\u0131 k\u0131tada, 30\u2019dan fazla pazarda faaliyet g\u00f6steren ve 85\u2019ten fazla milletten 11.000\u2019i a\u015fk\u0131n \u00e7al\u0131\u015fana ev sahipli\u011fi yapan Abdul Latif Jameel, yeteneklerin geli\u015fmesine olanak tan\u0131yan kapsay\u0131c\u0131 bir ortam sunar.<\/p>\n<p>Potansiyelimiz s\u0131n\u0131rs\u0131z.<\/p>\n<p>Ve \u00f6n\u00fcm\u00fczdeki y\u0131llarda bizi nelerin bekledi\u011fini g\u00f6rmek i\u00e7in \u00e7al\u0131\u015fmaya devam ediyoruz\u2026<\/p>\n<p style=\"text-align: right;\"><strong>\u2026 daha g\u00fczel bir gelecek i\u00e7in devam edecek.<\/strong><\/p>\n            <\/div>\n        <\/div>\n        <\/div>\n        <\/div>\n    <\/div>\n    \n    <\/div>\n\n<div class=\"customMediaBlock medium   image-top rtl\">\n    <div class=\"blockImagebx\">\n        <img decoding=\"async\" class=\"img\" src=\"https:\/\/media.alj3.clients.lemonhq.io\/wp-content\/uploads\/2026\/02\/Our-Story-How-it-all-began.png\"  alt=\"\" title=\"Our Story - How it all began\">\n    <\/div>\n\n        <div class=\"contentRow\" style=\"background-color: #d4d4d4;\">\n        <!-- <div class=\"sectioncolor\" style=\"background-color: #d4d4d4;\"><\/div> -->\n        <div class=\"container\">\n            <div class=\"row\">\n            <div class=\"col-md-6\">\n                <div class=\"textbx\">\n                <h4><span style=\"color: #51859a;\">Yolculu\u011fumuz<\/span><\/h4>\n<h4>Nas\u0131l ba\u015flad\u0131?<\/h4>\n<h5>Kurucumuz merhum Abdul Latif Jameel, 1945 y\u0131l\u0131nda ki\u015fisel ula\u015ft\u0131rma alan\u0131nda geni\u015fleyen t\u00fcketici se\u00e7ene\u011fi ihtiya\u00e7lar\u0131n\u0131 kar\u015f\u0131layabilmek i\u00e7in aray\u0131\u015fa girdi ve Suudi Arabistan, Cidde\u2019de kendine ait ilk otomotiv sat\u0131\u015f yerini a\u00e7t\u0131. Yak\u0131t istasyonu olarak hizmet veren bu mekanda ayn\u0131 zamanda ara\u00e7 par\u00e7alar\u0131 sat\u0131l\u0131yordu.<\/h5>\n<p>10 y\u0131l i\u00e7inde Abdul Latif Jameel \u00fclkenin resmi Toyota distrib\u00fct\u00f6r\u00fc olarak atand\u0131 ve ilk olarak d\u00f6rt tane Toyota BJ arazi ta\u015f\u0131t\u0131 sipari\u015f etti. 70 y\u0131l\u0131 a\u015fk\u0131n bir s\u00fcrenin ard\u0131ndan, Toyota Motor Corporation ile olan ili\u015fkimiz, b\u00fcy\u00fcyerek g\u00fc\u00e7lenmeye devam etmekte ve d\u00fcnyan\u0131n en tan\u0131nm\u0131\u015f ula\u015f\u0131m markalar\u0131ndan baz\u0131lar\u0131n\u0131 temsil eden ve \u00fc\u00e7 k\u0131tada 15\u2019ten fazla \u00fclkede perakende ve ticari m\u00fc\u015fterilere u\u00e7tan uca hizmet sunan k\u00fcresel bir otomotiv i\u015fletmeleri a\u011f\u0131na d\u00f6n\u00fc\u015fmemizi sa\u011flamaktad\u0131r.<\/p>\n            <\/div>\n        <\/div>\n        <\/div>\n        <\/div>\n    <\/div>\n    \n    <\/div>\n\n<div class=\"lazyblock-our-journey-block-1GkI5E align  wp-block-lazyblock-our-journey-block\"><div id=\"gatsbyshortcode\"><\/div>\n<div class=\"wpBlockDummyImage\">\n  <img style=\"width:100%;\"src=\"https:\/\/media.alj3.clients.lemonhq.io\/wp-content\/uploads\/2024\/12\/our-journey-dummy-image.png\" \/>\n<\/div><\/div>","protected":false},"excerpt":{"rendered":"","protected":false},"author":5,"featured_media":46327,"parent":0,"menu_order":13,"comment_status":"closed","ping_status":"closed","template":"","meta":{"_acf_changed":true,"footnotes":""},"class_list":["post-51068","page","type-page","status-publish","has-post-thumbnail","hentry"],"acf":{"perspective_data":[{"select_article":54550},{"select_article":14725},{"select_article":14777},{"select_article":14848},{"select_article":14895}]},"yoast_head":"<!-- This site is optimized with the Yoast SEO plugin v26.5 - https:\/\/yoast.com\/wordpress\/plugins\/seo\/ -->\n<title>Hikayemiz - Abdul Latif Jameel<\/title>\n<meta name=\"robots\" content=\"noindex, follow, max-snippet:-1, max-image-preview:large, max-video-preview:-1\" \/>\n<meta property=\"og:locale\" content=\"tr_TR\" \/>\n<meta property=\"og:type\" content=\"article\" \/>\n<meta property=\"og:title\" content=\"Hikayemiz - Abdul Latif Jameel\" \/>\n<meta property=\"og:url\" content=\"https:\/\/cms.alj3.clients.lemonhq.io\/tr\/story\/\" \/>\n<meta property=\"og:site_name\" content=\"Abdul Latif Jameel\" \/>\n<meta property=\"article:modified_time\" content=\"2026-04-13T11:03:17+00:00\" \/>\n<meta property=\"og:image\" content=\"https:\/\/media.alj3.clients.lemonhq.io\/wp-content\/uploads\/2024\/10\/shutterstock_1520274866-scaled-1.jpg\" \/>\n\t<meta property=\"og:image:width\" content=\"2560\" \/>\n\t<meta property=\"og:image:height\" content=\"1707\" \/>\n\t<meta property=\"og:image:type\" content=\"image\/jpeg\" \/>\n<meta name=\"twitter:card\" content=\"summary_large_image\" \/>\n<meta name=\"twitter:label1\" content=\"Tahmini okuma s\u00fcresi\" \/>\n\t<meta name=\"twitter:data1\" content=\"1 dakika\" \/>\n<script type=\"application\/ld+json\" class=\"yoast-schema-graph\">{\"@context\":\"https:\/\/schema.org\",\"@graph\":[{\"@type\":\"WebPage\",\"@id\":\"https:\/\/cms.alj3.clients.lemonhq.io\/tr\/story\/\",\"url\":\"https:\/\/cms.alj3.clients.lemonhq.io\/tr\/story\/\",\"name\":\"Hikayemiz - Abdul Latif Jameel\",\"isPartOf\":{\"@id\":\"https:\/\/cms.alj3.clients.lemonhq.io\/en\/#website\"},\"primaryImageOfPage\":{\"@id\":\"https:\/\/cms.alj3.clients.lemonhq.io\/tr\/story\/#primaryimage\"},\"image\":{\"@id\":\"https:\/\/cms.alj3.clients.lemonhq.io\/tr\/story\/#primaryimage\"},\"thumbnailUrl\":\"https:\/\/media.alj3.clients.lemonhq.io\/wp-content\/uploads\/2024\/10\/shutterstock_1520274866-scaled-1.jpg\",\"datePublished\":\"2024-09-30T07:40:25+00:00\",\"dateModified\":\"2026-04-13T11:03:17+00:00\",\"breadcrumb\":{\"@id\":\"https:\/\/cms.alj3.clients.lemonhq.io\/tr\/story\/#breadcrumb\"},\"inLanguage\":\"tr\",\"potentialAction\":[{\"@type\":\"ReadAction\",\"target\":[\"https:\/\/cms.alj3.clients.lemonhq.io\/tr\/story\/\"]}]},{\"@type\":\"ImageObject\",\"inLanguage\":\"tr\",\"@id\":\"https:\/\/cms.alj3.clients.lemonhq.io\/tr\/story\/#primaryimage\",\"url\":\"https:\/\/media.alj3.clients.lemonhq.io\/wp-content\/uploads\/2024\/10\/shutterstock_1520274866-scaled-1.jpg\",\"contentUrl\":\"https:\/\/media.alj3.clients.lemonhq.io\/wp-content\/uploads\/2024\/10\/shutterstock_1520274866-scaled-1.jpg\",\"width\":2560,\"height\":1707},{\"@type\":\"BreadcrumbList\",\"@id\":\"https:\/\/cms.alj3.clients.lemonhq.io\/tr\/story\/#breadcrumb\",\"itemListElement\":[{\"@type\":\"ListItem\",\"position\":1,\"name\":\"Home\",\"item\":\"https:\/\/cms.alj3.clients.lemonhq.io\/en\/\"},{\"@type\":\"ListItem\",\"position\":2,\"name\":\"Hikayemiz\"}]},{\"@type\":\"WebSite\",\"@id\":\"https:\/\/cms.alj3.clients.lemonhq.io\/en\/#website\",\"url\":\"https:\/\/cms.alj3.clients.lemonhq.io\/en\/\",\"name\":\"Abdul Latif Jameel\",\"description\":\"\",\"potentialAction\":[{\"@type\":\"SearchAction\",\"target\":{\"@type\":\"EntryPoint\",\"urlTemplate\":\"https:\/\/cms.alj3.clients.lemonhq.io\/en\/?s={search_term_string}\"},\"query-input\":{\"@type\":\"PropertyValueSpecification\",\"valueRequired\":true,\"valueName\":\"search_term_string\"}}],\"inLanguage\":\"tr\"}]}<\/script>\n<!-- \/ Yoast SEO plugin. -->","yoast_head_json":{"title":"Hikayemiz - Abdul Latif Jameel","robots":{"index":"noindex","follow":"follow","max-snippet":"max-snippet:-1","max-image-preview":"max-image-preview:large","max-video-preview":"max-video-preview:-1"},"og_locale":"tr_TR","og_type":"article","og_title":"Hikayemiz - Abdul Latif Jameel","og_url":"https:\/\/cms.alj3.clients.lemonhq.io\/tr\/story\/","og_site_name":"Abdul Latif Jameel","article_modified_time":"2026-04-13T11:03:17+00:00","og_image":[{"width":2560,"height":1707,"url":"https:\/\/media.alj3.clients.lemonhq.io\/wp-content\/uploads\/2024\/10\/shutterstock_1520274866-scaled-1.jpg","type":"image\/jpeg"}],"twitter_card":"summary_large_image","twitter_misc":{"Tahmini okuma s\u00fcresi":"1 dakika"},"schema":{"@context":"https:\/\/schema.org","@graph":[{"@type":"WebPage","@id":"https:\/\/cms.alj3.clients.lemonhq.io\/tr\/story\/","url":"https:\/\/cms.alj3.clients.lemonhq.io\/tr\/story\/","name":"Hikayemiz - Abdul Latif Jameel","isPartOf":{"@id":"https:\/\/cms.alj3.clients.lemonhq.io\/en\/#website"},"primaryImageOfPage":{"@id":"https:\/\/cms.alj3.clients.lemonhq.io\/tr\/story\/#primaryimage"},"image":{"@id":"https:\/\/cms.alj3.clients.lemonhq.io\/tr\/story\/#primaryimage"},"thumbnailUrl":"https:\/\/media.alj3.clients.lemonhq.io\/wp-content\/uploads\/2024\/10\/shutterstock_1520274866-scaled-1.jpg","datePublished":"2024-09-30T07:40:25+00:00","dateModified":"2026-04-13T11:03:17+00:00","breadcrumb":{"@id":"https:\/\/cms.alj3.clients.lemonhq.io\/tr\/story\/#breadcrumb"},"inLanguage":"tr","potentialAction":[{"@type":"ReadAction","target":["https:\/\/cms.alj3.clients.lemonhq.io\/tr\/story\/"]}]},{"@type":"ImageObject","inLanguage":"tr","@id":"https:\/\/cms.alj3.clients.lemonhq.io\/tr\/story\/#primaryimage","url":"https:\/\/media.alj3.clients.lemonhq.io\/wp-content\/uploads\/2024\/10\/shutterstock_1520274866-scaled-1.jpg","contentUrl":"https:\/\/media.alj3.clients.lemonhq.io\/wp-content\/uploads\/2024\/10\/shutterstock_1520274866-scaled-1.jpg","width":2560,"height":1707},{"@type":"BreadcrumbList","@id":"https:\/\/cms.alj3.clients.lemonhq.io\/tr\/story\/#breadcrumb","itemListElement":[{"@type":"ListItem","position":1,"name":"Home","item":"https:\/\/cms.alj3.clients.lemonhq.io\/en\/"},{"@type":"ListItem","position":2,"name":"Hikayemiz"}]},{"@type":"WebSite","@id":"https:\/\/cms.alj3.clients.lemonhq.io\/en\/#website","url":"https:\/\/cms.alj3.clients.lemonhq.io\/en\/","name":"Abdul Latif Jameel","description":"","potentialAction":[{"@type":"SearchAction","target":{"@type":"EntryPoint","urlTemplate":"https:\/\/cms.alj3.clients.lemonhq.io\/en\/?s={search_term_string}"},"query-input":{"@type":"PropertyValueSpecification","valueRequired":true,"valueName":"search_term_string"}}],"inLanguage":"tr"}]}},"_links":{"self":[{"href":"https:\/\/cms.alj3.clients.lemonhq.io\/tr\/wp-json\/wp\/v2\/pages\/51068","targetHints":{"allow":["GET"]}}],"collection":[{"href":"https:\/\/cms.alj3.clients.lemonhq.io\/tr\/wp-json\/wp\/v2\/pages"}],"about":[{"href":"https:\/\/cms.alj3.clients.lemonhq.io\/tr\/wp-json\/wp\/v2\/types\/page"}],"author":[{"embeddable":true,"href":"https:\/\/cms.alj3.clients.lemonhq.io\/tr\/wp-json\/wp\/v2\/users\/5"}],"replies":[{"embeddable":true,"href":"https:\/\/cms.alj3.clients.lemonhq.io\/tr\/wp-json\/wp\/v2\/comments?post=51068"}],"version-history":[{"count":0,"href":"https:\/\/cms.alj3.clients.lemonhq.io\/tr\/wp-json\/wp\/v2\/pages\/51068\/revisions"}],"wp:featuredmedia":[{"embeddable":true,"href":"https:\/\/cms.alj3.clients.lemonhq.io\/tr\/wp-json\/wp\/v2\/media\/46327"}],"wp:attachment":[{"href":"https:\/\/cms.alj3.clients.lemonhq.io\/tr\/wp-json\/wp\/v2\/media?parent=51068"}],"curies":[{"name":"wp","href":"https:\/\/api.w.org\/{rel}","templated":true}]}}