{"id":53565,"date":"2024-09-30T09:14:30","date_gmt":"2024-09-30T09:14:30","guid":{"rendered":"https:\/\/cms.alj3.clients.lemonhq.io\/copyright-notice-and-disclaimer\/"},"modified":"2026-04-14T10:49:33","modified_gmt":"2026-04-14T10:49:33","slug":"copyright-notice-and-disclaimer","status":"publish","type":"page","link":"https:\/\/cms.alj3.clients.lemonhq.io\/fr\/copyright-notice-and-disclaimer\/","title":{"rendered":"Droits d\u2019auteur et clause de non-responsabilit\u00e9"},"content":{"rendered":"<h2>Avis de droits d\u2019auteur<\/h2>\n<p class=\"p1\">\u00a9 Abdul Latif Jameel IPR Company Ltd. Tous droits r\u00e9serv\u00e9s. Le nom Abdul Latif Jameel, et le logotype Abdul Latif Jameel ainsi que le graphique de forme hexagonale sont des marques commerciales ou des marques d\u00e9pos\u00e9es de Latif Jameel IPR Company Limited.<\/p>\n<h2>Clause de non-responsabilit\u00e9<\/h2>\n<p class=\"p1\">La d\u00e9nomination \u00ab\u00a0Abdul Latif Jameel\u00a0\u00bb est un terme g\u00e9n\u00e9ral se rapportant \u00e0 plusieurs entit\u00e9s juridiques distinctes et ind\u00e9pendantes. Abdul Latif Jameel ne constitue pas en soi une entit\u00e9, une association ou un conglom\u00e9rat dirig\u00e9 par une seule et m\u00eame maison m\u00e8re. Il s\u2019agit simplement d\u2019un r\u00e9seau d\u2019entit\u00e9s juridiques distinctes et enti\u00e8rement s\u00e9par\u00e9es, collectivement d\u00e9sign\u00e9es sous la marque d\u00e9nominative \u00ab\u00a0Abdul Latif Jameel\u00a0\u00bb. Abdul Latif Jameel n\u2019est pas un \u00ab\u00a0groupe d\u2019entreprises\u00a0\u00bb tel que d\u00e9fini \u00e0 l\u2019article\u00a01161(5) de la Loi sur les soci\u00e9t\u00e9s (\u00ab\u00a0Companies Act\u00a0\u00bb) britannique de\u00a02006, ni un \u00ab\u00a0conglom\u00e9rat\u00a0\u00bb tel que d\u00e9fini \u00e0 l\u2019article\u00a07 du \u00ab\u00a0Clayton Act\u00a0\u00bb am\u00e9ricain de\u00a01964.<\/p>\n<h2>D\u00e9clarations prospectives:<\/h2>\n<p class=\"p1\">Le pr\u00e9sent site Internet est susceptible de contenir des d\u00e9clarations prospectives. Les d\u00e9clarations prospectives sont des d\u00e9clarations concernant des sujets autres que des faits historiques, tels que les r\u00e9sultats, \u00e9v\u00e9nements, activit\u00e9s, d\u00e9veloppements ou circonstances futurs ou les convictions, projets ou attentes des entit\u00e9s de Abdul Latif Jameel ou de leurs directions respectives. Les d\u00e9clarations prospectives peuvent souvent \u00eatre identifi\u00e9es \u00e0 l\u2019aide de termes tels que \u00ab\u00a0attendre\u00a0\u00bb, \u00ab\u00a0projet\u00a0\u00bb, \u00ab\u00a0anticiper\u00a0\u00bb, \u00ab\u00a0pr\u00e9voir\u00a0\u00bb, \u00ab\u00a0estimer\u00a0\u00bb, \u00ab\u00a0croire\u00a0\u00bb, \u00ab\u00a0pr\u00e9dire\u00a0\u00bb, \u00ab\u00a0intention\u00a0\u00bb, \u00ab\u00a0potentiel\u00a0\u00bb, \u00ab\u00a0possible\u00a0\u00bb, \u00ab\u00a0probable\u00a0\u00bb, \u00ab\u00a0pr\u00e9vision\u00a0\u00bb, \u00ab\u00a0orientation\u00a0\u00bb, \u00ab\u00a0perspective\u00a0\u00bb, \u00ab\u00a0objectif\u00a0\u00bb, \u00ab\u00a0cible\u00a0\u00bb, \u00ab\u00a0pouvoir\u00a0\u00bb, ainsi que l\u2019utilisation du conditionnel et du futur, ou autres termes ou expressions similaires. Cependant, l\u2019absence de tels mots ne signifie pas qu\u2019une d\u00e9claration en particulier n\u2019est pas de nature prospective.<\/p>\n<p class=\"p1\">Les d\u00e9clarations prospectives sont bas\u00e9es sur des attentes et des hypoth\u00e8ses au moment de la formulation de ces d\u00e9clarations et sont soumises \u00e0 de nombreux risques et incertitudes, dont beaucoup sont ind\u00e9pendants de la volont\u00e9 des entit\u00e9s d\u2019Abdul Latif Jameel ou de leurs \u00e9quipes dirigeantes. Si l\u2019une de ces attentes ou hypoth\u00e8ses se r\u00e9v\u00e9lait inexacte ou si l\u2019un de ces risques ou incertitudes se concr\u00e9tisait, les r\u00e9sultats, \u00e9v\u00e9nements, activit\u00e9s, d\u00e9veloppements ou circonstances futurs r\u00e9els pourraient diff\u00e9rer sensiblement de ceux exprim\u00e9s ou sous-entendus dans les d\u00e9clarations prospectives. En outre, toute d\u00e9claration prospective renvoie uniquement au moment o\u00f9 elle est \u00e9nonc\u00e9e et Abdul Latif Jameel et ses \u00e9quipes dirigeantes n\u2019assument aucune obligation, et d\u00e9cline par la pr\u00e9sente, de devoir corriger ou de mettre \u00e0 jour toute d\u00e9claration prospective, que ce soit \u00e0 la suite de nouvelles informations, \u00e9v\u00e9nements futurs ou autres.<\/p>\n<p class=\"p1\">Toutes les d\u00e9clarations prospectives faites par ou pour le compte d\u2019Abdul Latif Jameel ou de ses \u00e9quipes dirigeantes, que ce soit par \u00e9crit, par voie \u00e9lectronique ou oralement, sont soumises aux pr\u00e9c\u00e9dentes mises en garde.<\/p>\n<h2>Aucune offre ou sollicitation<\/h2>\n<p class=\"p1\">Ni ce site Internet ni aucune communication y relative ne constituent une d\u00e9claration ou sollicitation de procuration, consentement ou autorisation concernant des titres quelconques ou la transaction potentielle, et pas davantage une offre de vente ou la sollicitation d\u2019une offre d\u2019achat de titres. Il ne sera non plus proc\u00e9d\u00e9 \u00e0 aucune vente de titres dans une juridiction o\u00f9 ladite offre, sollicitation ou vente serait ill\u00e9gale avant l\u2019enregistrement ou la qualification en vertu des lois sur les titres de ladite juridiction. Aucune offre de titres ne doit \u00eatre faite, sauf au moyen d\u2019un prospectus r\u00e9pondant aux exigences de la Section 10\u00a0de la Loi sur les valeurs mobili\u00e8res, ou d\u2019une exemption de celle-ci.<\/p>\n<p class=\"p1\">Date de derni\u00e8re mise \u00e0 jour de la pr\u00e9sente politique\u00a0: 1er\u00a0octobre\u00a02024<\/p>\n","protected":false},"excerpt":{"rendered":"<p>Avis de droits d\u2019auteur \u00a9 Abdul Latif Jameel IPR Company Ltd. Tous droits r\u00e9serv\u00e9s. Le nom Abdul Latif Jameel, et le logotype Abdul Latif Jameel ainsi que le graphique de forme hexagonale sont des marques commerciales ou des marques d\u00e9pos\u00e9es de Latif Jameel IPR Company Limited. Clause de non-responsabilit\u00e9 La d\u00e9nomination \u00ab\u00a0Abdul Latif Jameel\u00a0\u00bb est [&hellip;]<\/p>\n","protected":false},"author":5,"featured_media":21103,"parent":0,"menu_order":5,"comment_status":"closed","ping_status":"closed","template":"","meta":{"_acf_changed":true,"footnotes":""},"class_list":["post-53565","page","type-page","status-publish","has-post-thumbnail","hentry"],"acf":[],"yoast_head":"<!-- This site is optimized with the Yoast SEO plugin v26.5 - https:\/\/yoast.com\/wordpress\/plugins\/seo\/ -->\n<title>Droits d\u2019auteur et clause de non-responsabilit\u00e9 - Abdul Latif Jameel<\/title>\n<meta name=\"robots\" content=\"noindex, follow, max-snippet:-1, max-image-preview:large, max-video-preview:-1\" \/>\n<meta property=\"og:locale\" content=\"fr_FR\" \/>\n<meta property=\"og:type\" content=\"article\" \/>\n<meta property=\"og:title\" content=\"Droits d\u2019auteur et clause de non-responsabilit\u00e9 - Abdul Latif Jameel\" \/>\n<meta property=\"og:description\" content=\"Avis de droits d\u2019auteur \u00a9 Abdul Latif Jameel IPR Company Ltd. Tous droits r\u00e9serv\u00e9s. Le nom Abdul Latif Jameel, et le logotype Abdul Latif Jameel ainsi que le graphique de forme hexagonale sont des marques commerciales ou des marques d\u00e9pos\u00e9es de Latif Jameel IPR Company Limited. Clause de non-responsabilit\u00e9 La d\u00e9nomination \u00ab\u00a0Abdul Latif Jameel\u00a0\u00bb est [&hellip;]\" \/>\n<meta property=\"og:url\" content=\"https:\/\/cms.alj3.clients.lemonhq.io\/fr\/copyright-notice-and-disclaimer\/\" \/>\n<meta property=\"og:site_name\" content=\"Abdul Latif Jameel\" \/>\n<meta property=\"article:modified_time\" content=\"2026-04-14T10:49:33+00:00\" \/>\n<meta property=\"og:image\" content=\"https:\/\/media.alj3.clients.lemonhq.io\/wp-content\/uploads\/2024\/10\/wp-block-img-41.jpg\" \/>\n\t<meta property=\"og:image:width\" content=\"533\" \/>\n\t<meta property=\"og:image:height\" content=\"755\" \/>\n\t<meta property=\"og:image:type\" content=\"image\/jpeg\" \/>\n<meta name=\"twitter:card\" content=\"summary_large_image\" \/>\n<meta name=\"twitter:label1\" content=\"Dur\u00e9e de lecture estim\u00e9e\" \/>\n\t<meta name=\"twitter:data1\" content=\"1 minute\" \/>\n<script type=\"application\/ld+json\" class=\"yoast-schema-graph\">{\"@context\":\"https:\/\/schema.org\",\"@graph\":[{\"@type\":\"WebPage\",\"@id\":\"https:\/\/cms.alj3.clients.lemonhq.io\/fr\/copyright-notice-and-disclaimer\/\",\"url\":\"https:\/\/cms.alj3.clients.lemonhq.io\/fr\/copyright-notice-and-disclaimer\/\",\"name\":\"Droits d\u2019auteur et clause de non-responsabilit\u00e9 - Abdul Latif Jameel\",\"isPartOf\":{\"@id\":\"https:\/\/cms.alj3.clients.lemonhq.io\/en\/#website\"},\"primaryImageOfPage\":{\"@id\":\"https:\/\/cms.alj3.clients.lemonhq.io\/fr\/copyright-notice-and-disclaimer\/#primaryimage\"},\"image\":{\"@id\":\"https:\/\/cms.alj3.clients.lemonhq.io\/fr\/copyright-notice-and-disclaimer\/#primaryimage\"},\"thumbnailUrl\":\"https:\/\/media.alj3.clients.lemonhq.io\/wp-content\/uploads\/2024\/10\/wp-block-img-41.jpg\",\"datePublished\":\"2024-09-30T09:14:30+00:00\",\"dateModified\":\"2026-04-14T10:49:33+00:00\",\"breadcrumb\":{\"@id\":\"https:\/\/cms.alj3.clients.lemonhq.io\/fr\/copyright-notice-and-disclaimer\/#breadcrumb\"},\"inLanguage\":\"fr-FR\",\"potentialAction\":[{\"@type\":\"ReadAction\",\"target\":[\"https:\/\/cms.alj3.clients.lemonhq.io\/fr\/copyright-notice-and-disclaimer\/\"]}]},{\"@type\":\"ImageObject\",\"inLanguage\":\"fr-FR\",\"@id\":\"https:\/\/cms.alj3.clients.lemonhq.io\/fr\/copyright-notice-and-disclaimer\/#primaryimage\",\"url\":\"https:\/\/media.alj3.clients.lemonhq.io\/wp-content\/uploads\/2024\/10\/wp-block-img-41.jpg\",\"contentUrl\":\"https:\/\/media.alj3.clients.lemonhq.io\/wp-content\/uploads\/2024\/10\/wp-block-img-41.jpg\",\"width\":533,\"height\":755},{\"@type\":\"BreadcrumbList\",\"@id\":\"https:\/\/cms.alj3.clients.lemonhq.io\/fr\/copyright-notice-and-disclaimer\/#breadcrumb\",\"itemListElement\":[{\"@type\":\"ListItem\",\"position\":1,\"name\":\"Home\",\"item\":\"https:\/\/cms.alj3.clients.lemonhq.io\/en\/\"},{\"@type\":\"ListItem\",\"position\":2,\"name\":\"Droits d\u2019auteur et clause de non-responsabilit\u00e9\"}]},{\"@type\":\"WebSite\",\"@id\":\"https:\/\/cms.alj3.clients.lemonhq.io\/en\/#website\",\"url\":\"https:\/\/cms.alj3.clients.lemonhq.io\/en\/\",\"name\":\"Abdul Latif Jameel\",\"description\":\"\",\"potentialAction\":[{\"@type\":\"SearchAction\",\"target\":{\"@type\":\"EntryPoint\",\"urlTemplate\":\"https:\/\/cms.alj3.clients.lemonhq.io\/en\/?s={search_term_string}\"},\"query-input\":{\"@type\":\"PropertyValueSpecification\",\"valueRequired\":true,\"valueName\":\"search_term_string\"}}],\"inLanguage\":\"fr-FR\"}]}<\/script>\n<!-- \/ Yoast SEO plugin. -->","yoast_head_json":{"title":"Droits d\u2019auteur et clause de non-responsabilit\u00e9 - Abdul Latif Jameel","robots":{"index":"noindex","follow":"follow","max-snippet":"max-snippet:-1","max-image-preview":"max-image-preview:large","max-video-preview":"max-video-preview:-1"},"og_locale":"fr_FR","og_type":"article","og_title":"Droits d\u2019auteur et clause de non-responsabilit\u00e9 - Abdul Latif Jameel","og_description":"Avis de droits d\u2019auteur \u00a9 Abdul Latif Jameel IPR Company Ltd. Tous droits r\u00e9serv\u00e9s. Le nom Abdul Latif Jameel, et le logotype Abdul Latif Jameel ainsi que le graphique de forme hexagonale sont des marques commerciales ou des marques d\u00e9pos\u00e9es de Latif Jameel IPR Company Limited. Clause de non-responsabilit\u00e9 La d\u00e9nomination \u00ab\u00a0Abdul Latif Jameel\u00a0\u00bb est [&hellip;]","og_url":"https:\/\/cms.alj3.clients.lemonhq.io\/fr\/copyright-notice-and-disclaimer\/","og_site_name":"Abdul Latif Jameel","article_modified_time":"2026-04-14T10:49:33+00:00","og_image":[{"width":533,"height":755,"url":"https:\/\/media.alj3.clients.lemonhq.io\/wp-content\/uploads\/2024\/10\/wp-block-img-41.jpg","type":"image\/jpeg"}],"twitter_card":"summary_large_image","twitter_misc":{"Dur\u00e9e de lecture estim\u00e9e":"1 minute"},"schema":{"@context":"https:\/\/schema.org","@graph":[{"@type":"WebPage","@id":"https:\/\/cms.alj3.clients.lemonhq.io\/fr\/copyright-notice-and-disclaimer\/","url":"https:\/\/cms.alj3.clients.lemonhq.io\/fr\/copyright-notice-and-disclaimer\/","name":"Droits d\u2019auteur et clause de non-responsabilit\u00e9 - Abdul Latif Jameel","isPartOf":{"@id":"https:\/\/cms.alj3.clients.lemonhq.io\/en\/#website"},"primaryImageOfPage":{"@id":"https:\/\/cms.alj3.clients.lemonhq.io\/fr\/copyright-notice-and-disclaimer\/#primaryimage"},"image":{"@id":"https:\/\/cms.alj3.clients.lemonhq.io\/fr\/copyright-notice-and-disclaimer\/#primaryimage"},"thumbnailUrl":"https:\/\/media.alj3.clients.lemonhq.io\/wp-content\/uploads\/2024\/10\/wp-block-img-41.jpg","datePublished":"2024-09-30T09:14:30+00:00","dateModified":"2026-04-14T10:49:33+00:00","breadcrumb":{"@id":"https:\/\/cms.alj3.clients.lemonhq.io\/fr\/copyright-notice-and-disclaimer\/#breadcrumb"},"inLanguage":"fr-FR","potentialAction":[{"@type":"ReadAction","target":["https:\/\/cms.alj3.clients.lemonhq.io\/fr\/copyright-notice-and-disclaimer\/"]}]},{"@type":"ImageObject","inLanguage":"fr-FR","@id":"https:\/\/cms.alj3.clients.lemonhq.io\/fr\/copyright-notice-and-disclaimer\/#primaryimage","url":"https:\/\/media.alj3.clients.lemonhq.io\/wp-content\/uploads\/2024\/10\/wp-block-img-41.jpg","contentUrl":"https:\/\/media.alj3.clients.lemonhq.io\/wp-content\/uploads\/2024\/10\/wp-block-img-41.jpg","width":533,"height":755},{"@type":"BreadcrumbList","@id":"https:\/\/cms.alj3.clients.lemonhq.io\/fr\/copyright-notice-and-disclaimer\/#breadcrumb","itemListElement":[{"@type":"ListItem","position":1,"name":"Home","item":"https:\/\/cms.alj3.clients.lemonhq.io\/en\/"},{"@type":"ListItem","position":2,"name":"Droits d\u2019auteur et clause de non-responsabilit\u00e9"}]},{"@type":"WebSite","@id":"https:\/\/cms.alj3.clients.lemonhq.io\/en\/#website","url":"https:\/\/cms.alj3.clients.lemonhq.io\/en\/","name":"Abdul Latif Jameel","description":"","potentialAction":[{"@type":"SearchAction","target":{"@type":"EntryPoint","urlTemplate":"https:\/\/cms.alj3.clients.lemonhq.io\/en\/?s={search_term_string}"},"query-input":{"@type":"PropertyValueSpecification","valueRequired":true,"valueName":"search_term_string"}}],"inLanguage":"fr-FR"}]}},"_links":{"self":[{"href":"https:\/\/cms.alj3.clients.lemonhq.io\/fr\/wp-json\/wp\/v2\/pages\/53565","targetHints":{"allow":["GET"]}}],"collection":[{"href":"https:\/\/cms.alj3.clients.lemonhq.io\/fr\/wp-json\/wp\/v2\/pages"}],"about":[{"href":"https:\/\/cms.alj3.clients.lemonhq.io\/fr\/wp-json\/wp\/v2\/types\/page"}],"author":[{"embeddable":true,"href":"https:\/\/cms.alj3.clients.lemonhq.io\/fr\/wp-json\/wp\/v2\/users\/5"}],"replies":[{"embeddable":true,"href":"https:\/\/cms.alj3.clients.lemonhq.io\/fr\/wp-json\/wp\/v2\/comments?post=53565"}],"version-history":[{"count":0,"href":"https:\/\/cms.alj3.clients.lemonhq.io\/fr\/wp-json\/wp\/v2\/pages\/53565\/revisions"}],"wp:featuredmedia":[{"embeddable":true,"href":"https:\/\/cms.alj3.clients.lemonhq.io\/fr\/wp-json\/wp\/v2\/media\/21103"}],"wp:attachment":[{"href":"https:\/\/cms.alj3.clients.lemonhq.io\/fr\/wp-json\/wp\/v2\/media?parent=53565"}],"curies":[{"name":"wp","href":"https:\/\/api.w.org\/{rel}","templated":true}]}}