{"id":53563,"date":"2024-09-30T09:16:26","date_gmt":"2024-09-30T09:16:26","guid":{"rendered":"https:\/\/cms.alj3.clients.lemonhq.io\/cookie-policy\/"},"modified":"2026-04-14T10:46:53","modified_gmt":"2026-04-14T10:46:53","slug":"cookie-policy","status":"publish","type":"page","link":"https:\/\/cms.alj3.clients.lemonhq.io\/fr\/cookie-policy\/","title":{"rendered":"Politique de cookies"},"content":{"rendered":"<p class=\"p1\">La pr\u00e9sente Politique d\u2019utilisation des cookies d\u00e9taille la fa\u00e7on dont le site Web Abdul Latif Jameel relevant du nom de domaine &lt;alj.com&gt; (le &#8220;Site Web ALJ&#8221;) utilise les cookies.<\/p>\n<h2>Qu\u2019est-ce qu\u2019un cookie\u00a0?<\/h2>\n<p class=\"p1\">Un cookie est un petit fichier texte compos\u00e9 de lettres et de chiffres, qui est plac\u00e9 et stock\u00e9 sur votre navigateur ou sur le disque dur de votre ordinateur par les sites Web que vous visitez, si vous y consentez. Les cookies contiennent des informations qui sont transf\u00e9r\u00e9es sur le disque dur de votre ordinateur. Les cookies ne sont pas utilis\u00e9s pour vous identifier personnellement.<\/p>\n<p class=\"p1\">Le Site Web\u00a0ALJ utilise des cookies afin de vous distinguer des autres utilisateurs du Site Web\u00a0ALJ. Les informations collect\u00e9es par les cookies comprennent des informations g\u00e9n\u00e9rales sur les param\u00e8tres de votre ordinateur, sur votre connexion \u00e0 Internet par exemple votre syst\u00e8me et plateforme d\u2019exploitation, votre adresse\u00a0IP, vos habitudes de navigation et la chronologie de votre navigation sur le Site Web\u00a0ALJ, ainsi que votre situation g\u00e9ographique. Les cookies permettent au Site Web\u00a0ALJ de fonctionner plus efficacement et contribuent \u00e0 faciliter grandement votre navigation le Site Web\u00a0ALJ (par exemple en m\u00e9morisant vos param\u00e8tres)\u00a0; ils permettent en outre d\u2019am\u00e9liorer le Site Web\u00a0ALJ.<\/p>\n<h2>Acceptation des cookies<\/h2>\n<p class=\"p1\">En cliquant sur le bouton \u00ab\u00a0J\u2019accepte\u00a0\u00bb de la fen\u00eatre contextuelle s\u2019affichant lors de votre premi\u00e8re utilisation du Site Web\u00a0ALJ, vous acceptez l\u2019utilisation de cookies par le Site Web\u00a0ALJ.<\/p>\n<h2>Quel type de cookies utilise-t-on\u00a0?<\/h2>\n<p class=\"p1\">Les cookies utilis\u00e9s par le Site Web\u00a0ALJ sont d\u00e9crits ci-dessous\u00a0:<\/p>\n<ul>\n<li class=\"li1\"><b>Cookies strictement n\u00e9cessaires.<\/b> Ces cookies sont n\u00e9cessaires au fonctionnement du Site Web\u00a0ALJ.<\/li>\n<li class=\"li1\"><b>Cookies d\u2019analyse et de mesure de performances.<\/b> Ces cookies permettent de reconna\u00eetre et de compter les visiteurs du Site Web\u00a0ALJ, ainsi que de voir comment ces visiteurs se d\u00e9placent et naviguent \u00e0 l\u2019int\u00e9rieur du Site Web\u00a0ALJ. Cela nous aide \u00e0 am\u00e9liorer le fonctionnement du Site Web\u00a0ALJ, en faisant en sorte, par exemple, que les utilisateurs trouvent plus facilement ce qu\u2019ils recherchent.<\/li>\n<li class=\"li1\"><b>Cookies fonctionnels.<\/b> Ces cookies vous reconnaissent lorsque vous revenez sur le Site Web\u00a0ALJ. Cela nous permet de personnaliser le contenu et de m\u00e9moriser vos pr\u00e9f\u00e9rences (par exemple, votre langue ou votre r\u00e9gion).<\/li>\n<\/ul>\n<p class=\"p1\">Vous pouvez trouver plus d\u2019informations sur l\u2019utilisation des cookies sur le Site Web\u00a0ALJ et ce \u00e0 quoi ils servent dans le tableau ci-dessous\u00a0:<\/p>\n<div class=\"cookie-table-wrapper\">\n<table class=\"table table-bordered\" style=\"height: 208px;\" width=\"837\">\n<tbody>\n<tr>\n<th><span style=\"color: #333333;\">Cookie<\/span><\/th>\n<th><span style=\"color: #333333;\">Name<\/span><\/th>\n<th><span style=\"color: #333333;\">Purpose<\/span><\/th>\n<th><span style=\"color: #333333;\">More information<\/span><\/th>\n<\/tr>\n<tr>\n<td>\n<p class=\"p1\">Strictement n\u00e9cessaire<\/p>\n<\/td>\n<td><span style=\"color: #333333;\">N\/A<\/span><\/td>\n<td>Enregistre un message pour avertir Abdul Latif Jameel que vous avez vu le message d\u2019utilisation des cookies sur le Site Web\u00a0ALJ.<\/td>\n<td>Expire au bout d\u2019un mois.<\/td>\n<\/tr>\n<tr>\n<td>Analytique<\/td>\n<td>Google Analytics<\/td>\n<td><span data-sheets-root=\"1\">Permet d\u2019analyser comment les utilisateurs arrivent au Site Web\u00a0ALJ et comment ils l\u2019utilisent. Ce cookie permet d\u2019estimer l\u2019importance de l\u2019audience et les habitudes d\u2019utilisation, et il fournit les informations utiles pour la SEO (optimisation pour les moteurs de recherche).<\/span><\/td>\n<td>&#8220;Pour de plus amples informations, veuillez consulter le site\u00a0:<a href=\"https:\/\/support.google.com\/analytics\/answer\/6004245\" target=\"_blank\" rel=\"noopener\">https:\/\/support.google.com\/analytics\/answer\/6004245<\/a>.\u2028Ce cookie expire au bout de 365\u00a0jours.&#8221;<\/td>\n<\/tr>\n<\/tbody>\n<\/table>\n<\/div>\n<h2>Est-ce que je peux d\u00e9sactiver les cookies\u00a0?<\/h2>\n<p class=\"p1\">Le fait de vous connecter sur le site Web ALJ.com placera des cookies non permanents sur votre ordinateur afin d\u2019am\u00e9liorer votre exp\u00e9rience lorsque vous utilisez le site Web. Si vous ne souhaitez pas que des cookies non permanents soient plac\u00e9s sur votre ordinateur, vous ne devez pas accepter les cookies lorsque vous voyez l\u2019interface ruban qui s\u2019affiche \u00e0 cet effet sur la page d\u2019accueil.<\/p>\n<h2>Comment puis-je changer mes param\u00e8tres de cookies\u00a0?<\/h2>\n<p class=\"p1\">La plupart des navigateurs Internet permettent un contr\u00f4le de la plupart des cookies via les param\u00e8tres du navigateur. Si vous changez d\u2019avis et ne souhaitez plus permettre l\u2019utilisation de cookies sur votre ordinateur, vous pouvez bloquer les cookies en activant le param\u00e8tre de votre navigateur qui permet de refuser la mise en place de tous les cookies ou de certains d\u2019entre eux. Si vous utilisez les param\u00e8tres de votre navigateur pour bloquer tous les cookies (y compris les cookies essentiels), vous pourrez ne pas \u00eatre en mesure d\u2019utiliser et\/ou d\u2019acc\u00e9der \u00e0 tout ou partie du Site Web\u00a0ALJ.<\/p>\n<p class=\"p1\">Pour d\u00e9sactiver le suivi par Google Analytics, veuillez vous reporter au site <a href=\"http:\/\/tools.google.com\/dlpage\/gaoptout\" target=\"_blank\" rel=\"noopener\">http:\/\/tools.google.com\/dlpage\/gaoptout<\/a>.<\/p>\n<h2>Pour en savoir plus sur les cookies<\/h2>\n<p class=\"p1\">Pour en savoir plus sur les cookies, y compris comment voir quels sont les cookies install\u00e9s sur votre ordinateur, comment les g\u00e9rer et comment les supprimer, veuillez vous reporter aux sites www.aboutcookies.org ou www.allaboutcookies.org.<\/p>\n<p class=\"p1\">Date de derni\u00e8re mise \u00e0 jour de la pr\u00e9sente politique\u00a0: 1er\u00a0octobre\u00a02024<\/p>\n","protected":false},"excerpt":{"rendered":"<p>La pr\u00e9sente Politique d\u2019utilisation des cookies d\u00e9taille la fa\u00e7on dont le site Web Abdul Latif Jameel relevant du nom de domaine &lt;alj.com&gt; (le &#8220;Site Web ALJ&#8221;) utilise les cookies. Qu\u2019est-ce qu\u2019un cookie\u00a0? Un cookie est un petit fichier texte compos\u00e9 de lettres et de chiffres, qui est plac\u00e9 et stock\u00e9 sur votre navigateur ou sur [&hellip;]<\/p>\n","protected":false},"author":5,"featured_media":271,"parent":0,"menu_order":4,"comment_status":"closed","ping_status":"closed","template":"","meta":{"_acf_changed":true,"footnotes":""},"class_list":["post-53563","page","type-page","status-publish","has-post-thumbnail","hentry"],"acf":[],"yoast_head":"<!-- This site is optimized with the Yoast SEO plugin v26.5 - https:\/\/yoast.com\/wordpress\/plugins\/seo\/ -->\n<title>Politique de cookies - Abdul Latif Jameel<\/title>\n<meta name=\"robots\" content=\"noindex, follow, max-snippet:-1, max-image-preview:large, max-video-preview:-1\" \/>\n<meta property=\"og:locale\" content=\"fr_FR\" \/>\n<meta property=\"og:type\" content=\"article\" \/>\n<meta property=\"og:title\" content=\"Politique de cookies - Abdul Latif Jameel\" \/>\n<meta property=\"og:description\" content=\"La pr\u00e9sente Politique d\u2019utilisation des cookies d\u00e9taille la fa\u00e7on dont le site Web Abdul Latif Jameel relevant du nom de domaine &lt;alj.com&gt; (le &#8220;Site Web ALJ&#8221;) utilise les cookies. Qu\u2019est-ce qu\u2019un cookie\u00a0? Un cookie est un petit fichier texte compos\u00e9 de lettres et de chiffres, qui est plac\u00e9 et stock\u00e9 sur votre navigateur ou sur [&hellip;]\" \/>\n<meta property=\"og:url\" content=\"https:\/\/cms.alj3.clients.lemonhq.io\/fr\/cookie-policy\/\" \/>\n<meta property=\"og:site_name\" content=\"Abdul Latif Jameel\" \/>\n<meta property=\"article:modified_time\" content=\"2026-04-14T10:46:53+00:00\" \/>\n<meta property=\"og:image\" content=\"https:\/\/media.alj3.clients.lemonhq.io\/wp-content\/uploads\/2024\/10\/png.png\" \/>\n\t<meta property=\"og:image:width\" content=\"1920\" \/>\n\t<meta property=\"og:image:height\" content=\"1080\" \/>\n\t<meta property=\"og:image:type\" content=\"image\/png\" \/>\n<meta name=\"twitter:card\" content=\"summary_large_image\" \/>\n<meta name=\"twitter:label1\" content=\"Dur\u00e9e de lecture estim\u00e9e\" \/>\n\t<meta name=\"twitter:data1\" content=\"4 minutes\" \/>\n<script type=\"application\/ld+json\" class=\"yoast-schema-graph\">{\"@context\":\"https:\/\/schema.org\",\"@graph\":[{\"@type\":\"WebPage\",\"@id\":\"https:\/\/cms.alj3.clients.lemonhq.io\/fr\/cookie-policy\/\",\"url\":\"https:\/\/cms.alj3.clients.lemonhq.io\/fr\/cookie-policy\/\",\"name\":\"Politique de cookies - Abdul Latif Jameel\",\"isPartOf\":{\"@id\":\"https:\/\/10.0.2.222\/en\/#website\"},\"primaryImageOfPage\":{\"@id\":\"https:\/\/cms.alj3.clients.lemonhq.io\/fr\/cookie-policy\/#primaryimage\"},\"image\":{\"@id\":\"https:\/\/cms.alj3.clients.lemonhq.io\/fr\/cookie-policy\/#primaryimage\"},\"thumbnailUrl\":\"https:\/\/media.alj3.clients.lemonhq.io\/wp-content\/uploads\/2024\/10\/png.png\",\"datePublished\":\"2024-09-30T09:16:26+00:00\",\"dateModified\":\"2026-04-14T10:46:53+00:00\",\"breadcrumb\":{\"@id\":\"https:\/\/cms.alj3.clients.lemonhq.io\/fr\/cookie-policy\/#breadcrumb\"},\"inLanguage\":\"fr-FR\",\"potentialAction\":[{\"@type\":\"ReadAction\",\"target\":[\"https:\/\/cms.alj3.clients.lemonhq.io\/fr\/cookie-policy\/\"]}]},{\"@type\":\"ImageObject\",\"inLanguage\":\"fr-FR\",\"@id\":\"https:\/\/cms.alj3.clients.lemonhq.io\/fr\/cookie-policy\/#primaryimage\",\"url\":\"https:\/\/media.alj3.clients.lemonhq.io\/wp-content\/uploads\/2024\/10\/png.png\",\"contentUrl\":\"https:\/\/media.alj3.clients.lemonhq.io\/wp-content\/uploads\/2024\/10\/png.png\",\"width\":1920,\"height\":1080},{\"@type\":\"BreadcrumbList\",\"@id\":\"https:\/\/cms.alj3.clients.lemonhq.io\/fr\/cookie-policy\/#breadcrumb\",\"itemListElement\":[{\"@type\":\"ListItem\",\"position\":1,\"name\":\"Home\",\"item\":\"https:\/\/10.0.2.222\/en\/\"},{\"@type\":\"ListItem\",\"position\":2,\"name\":\"Politique de cookies\"}]},{\"@type\":\"WebSite\",\"@id\":\"https:\/\/10.0.2.222\/en\/#website\",\"url\":\"https:\/\/10.0.2.222\/en\/\",\"name\":\"Abdul Latif Jameel\",\"description\":\"\",\"potentialAction\":[{\"@type\":\"SearchAction\",\"target\":{\"@type\":\"EntryPoint\",\"urlTemplate\":\"https:\/\/10.0.2.222\/en\/?s={search_term_string}\"},\"query-input\":{\"@type\":\"PropertyValueSpecification\",\"valueRequired\":true,\"valueName\":\"search_term_string\"}}],\"inLanguage\":\"fr-FR\"}]}<\/script>\n<!-- \/ Yoast SEO plugin. -->","yoast_head_json":{"title":"Politique de cookies - Abdul Latif Jameel","robots":{"index":"noindex","follow":"follow","max-snippet":"max-snippet:-1","max-image-preview":"max-image-preview:large","max-video-preview":"max-video-preview:-1"},"og_locale":"fr_FR","og_type":"article","og_title":"Politique de cookies - Abdul Latif Jameel","og_description":"La pr\u00e9sente Politique d\u2019utilisation des cookies d\u00e9taille la fa\u00e7on dont le site Web Abdul Latif Jameel relevant du nom de domaine &lt;alj.com&gt; (le &#8220;Site Web ALJ&#8221;) utilise les cookies. Qu\u2019est-ce qu\u2019un cookie\u00a0? Un cookie est un petit fichier texte compos\u00e9 de lettres et de chiffres, qui est plac\u00e9 et stock\u00e9 sur votre navigateur ou sur [&hellip;]","og_url":"https:\/\/cms.alj3.clients.lemonhq.io\/fr\/cookie-policy\/","og_site_name":"Abdul Latif Jameel","article_modified_time":"2026-04-14T10:46:53+00:00","og_image":[{"width":1920,"height":1080,"url":"https:\/\/media.alj3.clients.lemonhq.io\/wp-content\/uploads\/2024\/10\/png.png","type":"image\/png"}],"twitter_card":"summary_large_image","twitter_misc":{"Dur\u00e9e de lecture estim\u00e9e":"4 minutes"},"schema":{"@context":"https:\/\/schema.org","@graph":[{"@type":"WebPage","@id":"https:\/\/cms.alj3.clients.lemonhq.io\/fr\/cookie-policy\/","url":"https:\/\/cms.alj3.clients.lemonhq.io\/fr\/cookie-policy\/","name":"Politique de cookies - Abdul Latif Jameel","isPartOf":{"@id":"https:\/\/10.0.2.222\/en\/#website"},"primaryImageOfPage":{"@id":"https:\/\/cms.alj3.clients.lemonhq.io\/fr\/cookie-policy\/#primaryimage"},"image":{"@id":"https:\/\/cms.alj3.clients.lemonhq.io\/fr\/cookie-policy\/#primaryimage"},"thumbnailUrl":"https:\/\/media.alj3.clients.lemonhq.io\/wp-content\/uploads\/2024\/10\/png.png","datePublished":"2024-09-30T09:16:26+00:00","dateModified":"2026-04-14T10:46:53+00:00","breadcrumb":{"@id":"https:\/\/cms.alj3.clients.lemonhq.io\/fr\/cookie-policy\/#breadcrumb"},"inLanguage":"fr-FR","potentialAction":[{"@type":"ReadAction","target":["https:\/\/cms.alj3.clients.lemonhq.io\/fr\/cookie-policy\/"]}]},{"@type":"ImageObject","inLanguage":"fr-FR","@id":"https:\/\/cms.alj3.clients.lemonhq.io\/fr\/cookie-policy\/#primaryimage","url":"https:\/\/media.alj3.clients.lemonhq.io\/wp-content\/uploads\/2024\/10\/png.png","contentUrl":"https:\/\/media.alj3.clients.lemonhq.io\/wp-content\/uploads\/2024\/10\/png.png","width":1920,"height":1080},{"@type":"BreadcrumbList","@id":"https:\/\/cms.alj3.clients.lemonhq.io\/fr\/cookie-policy\/#breadcrumb","itemListElement":[{"@type":"ListItem","position":1,"name":"Home","item":"https:\/\/10.0.2.222\/en\/"},{"@type":"ListItem","position":2,"name":"Politique de cookies"}]},{"@type":"WebSite","@id":"https:\/\/10.0.2.222\/en\/#website","url":"https:\/\/10.0.2.222\/en\/","name":"Abdul Latif Jameel","description":"","potentialAction":[{"@type":"SearchAction","target":{"@type":"EntryPoint","urlTemplate":"https:\/\/10.0.2.222\/en\/?s={search_term_string}"},"query-input":{"@type":"PropertyValueSpecification","valueRequired":true,"valueName":"search_term_string"}}],"inLanguage":"fr-FR"}]}},"_links":{"self":[{"href":"https:\/\/cms.alj3.clients.lemonhq.io\/fr\/wp-json\/wp\/v2\/pages\/53563","targetHints":{"allow":["GET"]}}],"collection":[{"href":"https:\/\/cms.alj3.clients.lemonhq.io\/fr\/wp-json\/wp\/v2\/pages"}],"about":[{"href":"https:\/\/cms.alj3.clients.lemonhq.io\/fr\/wp-json\/wp\/v2\/types\/page"}],"author":[{"embeddable":true,"href":"https:\/\/cms.alj3.clients.lemonhq.io\/fr\/wp-json\/wp\/v2\/users\/5"}],"replies":[{"embeddable":true,"href":"https:\/\/cms.alj3.clients.lemonhq.io\/fr\/wp-json\/wp\/v2\/comments?post=53563"}],"version-history":[{"count":0,"href":"https:\/\/cms.alj3.clients.lemonhq.io\/fr\/wp-json\/wp\/v2\/pages\/53563\/revisions"}],"wp:featuredmedia":[{"embeddable":true,"href":"https:\/\/cms.alj3.clients.lemonhq.io\/fr\/wp-json\/wp\/v2\/media\/271"}],"wp:attachment":[{"href":"https:\/\/cms.alj3.clients.lemonhq.io\/fr\/wp-json\/wp\/v2\/media?parent=53563"}],"curies":[{"name":"wp","href":"https:\/\/api.w.org\/{rel}","templated":true}]}}