{"id":53561,"date":"2024-09-30T09:15:56","date_gmt":"2024-09-30T09:15:56","guid":{"rendered":"https:\/\/cms.alj3.clients.lemonhq.io\/accessibility-policy\/"},"modified":"2026-04-14T07:23:09","modified_gmt":"2026-04-14T07:23:09","slug":"accessibility-policy","status":"publish","type":"page","link":"https:\/\/cms.alj3.clients.lemonhq.io\/fr\/accessibility-policy\/","title":{"rendered":"Politique d\u2019accessibilit\u00e9"},"content":{"rendered":"<p class=\"p1\">La pr\u00e9sente Politique d\u2019accessibilit\u00e9 d\u00e9taille les conditions de disponibilit\u00e9 du site Web d\u2019Abdul Latif Jameel relevant du nom de domaine &lt;alj.com&gt; (le \u00ab\u00a0Site Web ALJ\u00a0\u00bb) pour les utilisateurs ayant des besoins sp\u00e9cifiques. La pr\u00e9sente Politique d\u2019accessibilit\u00e9 couvre les objectifs et l\u2019approche d\u2019Abdul Latif Jameel en mati\u00e8re d\u2019accessibilit\u00e9, les fonctions principales qu\u2019un utilisateur du Site Web ALJ devrait \u00eatre en mesure d\u2019activer et les mesures pratiques prises par Abdul Latif Jameel afin d\u2019am\u00e9liorer l\u2019accessibilit\u00e9 au Site Web ALJ.<\/p>\n<h2>Introduction<\/h2>\n<p class=\"p1\">Abdul Latif Jameel est conscient que certains handicaps ou invalidit\u00e9s sont susceptibles d\u2019affecter l\u2019acc\u00e8s au Site Web\u00a0ALJ. Il a \u00e9t\u00e9 adopt\u00e9 une approche proactive afin d\u2019am\u00e9liorer le Site Web\u00a0ALJ et les services propos\u00e9s via le Site Web\u00a0ALJ.<\/p>\n<p class=\"p1\">Abdul Latif Jameel souhaite que le Site Web\u00a0ALJ puisse r\u00e9pondre aux besoins des utilisateurs souffrant d\u2019un handicap et offrir des informations et des services accessibles au plus grand nombre possible. Abdul Latif Jameel fait tous les efforts raisonnables pour se conformer \u00e0 la norme 1.0\u00a0AA fix\u00e9e par les Web Content Accessibility Guidelines (WCAG) du World Wide Web Consortium (W3C). Abdul Latif Jameel vise \u00e0 donner aux utilisateurs ayant des besoins sp\u00e9ciaux la possibilit\u00e9 de consulter et d\u2019utiliser convenablement le Site Web\u00a0ALJ.<\/p>\n<h2>Approche<\/h2>\n<p class=\"p1\">L\u2019approche d\u2019Abdul Latif Jameel en mati\u00e8re d\u2019accessibilit\u00e9 est de faire tous les efforts n\u00e9cessaires pour que le Site Web\u00a0ALJ et les services associ\u00e9s soient faciles \u00e0 utiliser et \u00e0 appr\u00e9hender par tous les utilisateurs, notamment en personnalisant les p\u00e9riph\u00e9riques informatiques. Le Groupe Abdul Latif Jameel est conscient que les utilisateurs souffrant d\u2019un handicap ne sont pas les seuls \u00e0 avoir des probl\u00e8mes d\u2019accessibilit\u00e9. Les pages du Site Web\u00a0ALJ sont cens\u00e9es \u00eatre claires et permettre d\u2019en appr\u00e9hender facilement le contenu.<\/p>\n<h2>Utilisation du Site Web\u00a0ALJ<\/h2>\n<p class=\"p1\">Le Site Web\u00a0ALJ a \u00e9t\u00e9 d\u00e9velopp\u00e9 pour \u00eatre totalement compatible avec le format hypertexte html\u00a05, tous les titres, liens et autres contenus textes \u00e9tant enti\u00e8rement conformes. Cela permet que les textes soient lisibles par des lecteurs de texte et que tous les caract\u00e8res de police puissent \u00eatre ajust\u00e9s par les navigateurs compatibles html\u00a05. Le Site Web\u00a0ALJ est sensible aux modifications du facteur de forme et de taille des polices, dans le cadre d\u2019une utilisation raisonnable.<\/p>\n<p class=\"p1\">Le Site Web\u00a0ALJ comprend les \u00e9l\u00e9ments suivants\u00a0:<\/p>\n<ul>\n<li style=\"list-style-type: none;\">\n<ul class=\"ul1\">\n<li class=\"li2\">un plan du site\u00a0;<\/li>\n<li class=\"li2\">les coordonn\u00e9es d\u2019Abdul Latif Jameel\u00a0;<\/li>\n<li class=\"li2\">les coordonn\u00e9es o\u00f9 adresser tout commentaire concernant l\u2019am\u00e9lioration de l\u2019accessibilit\u00e9 au Site Web\u00a0ALJ.<\/li>\n<\/ul>\n<\/li>\n<\/ul>\n<h2>Implication des clients<\/h2>\n<p class=\"p1\">Abdul Latif Jameel encourage les utilisateurs du Site Web\u00a0ALJ ayant des besoins sp\u00e9ciaux \u00e0 faire part de leurs commentaires. \u00c0 l\u2019avenir, Abdul Latif Jameel s\u2019efforcera d\u2019associer, pour autant que possible, ces utilisateurs au d\u00e9veloppement et au test des nouveaux services et contenus.<\/p>\n<h2>Solutions alternatives<\/h2>\n<p class=\"p1\">Abdul Latif Jameel pourra \u00e9ventuellement offrir un format ou une solution \u00e0 m\u00eame de r\u00e9pondre aux probl\u00e8mes d\u2019accessibilit\u00e9 rencontr\u00e9s par les utilisateurs du Site Web\u00a0ALJ. Veuillez contacter Abdul Latif Jameel aux coordonn\u00e9es indiqu\u00e9es ci-dessous.<\/p>\n<h2>Conformit\u00e9 aux normes<\/h2>\n<p class=\"p1\">L\u2019objectif d\u2019Abdul Latif Jameel est de suivre les recommandations (norme\u00a01.0 Niveau\u00a0AA) des Web Content Accessibility Guidelines du World Wide Web Consortium (W3C) et \u00e0 faire en sorte de maintenir cette norme une fois qu\u2019il y sera parvenu. Afin d\u2019\u00eatre conforme \u00e0 cette norme d\u2019accessibilit\u00e9, Abdul Latif Jameel a fait en sorte que le contenu du Site Web\u00a0ALJ soit clairement pr\u00e9sent\u00e9 et r\u00e9dig\u00e9 d\u2019une mani\u00e8re qui, selon le groupe, est facile \u00e0 comprendre et \u00e0 suivre.<\/p>\n<h2>Nous contacter<\/h2>\n<p class=\"p1\">Si vous avez des questions ou commentaires concernant l\u2019accessibilit\u00e9 au Site Web\u00a0ALJ, ou si vous rencontrez des difficult\u00e9s lors de l\u2019utilisation du Site Web\u00a0ALJ, veuillez contactez Abdul Latif Jameel \u00e0 l\u2019adresse <a href=\"mailto:info@alj.ae\">info@alj.ae<\/a>, en d\u00e9taillant les raisons de votre demande.<\/p>\n<p class=\"p1\">Date de derni\u00e8re mise \u00e0 jour de la pr\u00e9sente politique\u00a0: <strong>1er\u00a0octobre\u00a02024<\/strong><\/p>\n","protected":false},"excerpt":{"rendered":"<p>La pr\u00e9sente Politique d\u2019accessibilit\u00e9 d\u00e9taille les conditions de disponibilit\u00e9 du site Web d\u2019Abdul Latif Jameel relevant du nom de domaine &lt;alj.com&gt; (le \u00ab\u00a0Site Web ALJ\u00a0\u00bb) pour les utilisateurs ayant des besoins sp\u00e9cifiques. La pr\u00e9sente Politique d\u2019accessibilit\u00e9 couvre les objectifs et l\u2019approche d\u2019Abdul Latif Jameel en mati\u00e8re d\u2019accessibilit\u00e9, les fonctions principales qu\u2019un utilisateur du Site Web [&hellip;]<\/p>\n","protected":false},"author":5,"featured_media":7008,"parent":0,"menu_order":1,"comment_status":"closed","ping_status":"closed","template":"","meta":{"_acf_changed":true,"footnotes":""},"class_list":["post-53561","page","type-page","status-publish","has-post-thumbnail","hentry"],"acf":[],"yoast_head":"<!-- This site is optimized with the Yoast SEO plugin v26.5 - https:\/\/yoast.com\/wordpress\/plugins\/seo\/ -->\n<title>Politique d\u2019accessibilit\u00e9 - Abdul Latif Jameel<\/title>\n<meta name=\"robots\" content=\"noindex, follow, max-snippet:-1, max-image-preview:large, max-video-preview:-1\" \/>\n<meta property=\"og:locale\" content=\"fr_FR\" \/>\n<meta property=\"og:type\" content=\"article\" \/>\n<meta property=\"og:title\" content=\"Politique d\u2019accessibilit\u00e9 - Abdul Latif Jameel\" \/>\n<meta property=\"og:description\" content=\"La pr\u00e9sente Politique d\u2019accessibilit\u00e9 d\u00e9taille les conditions de disponibilit\u00e9 du site Web d\u2019Abdul Latif Jameel relevant du nom de domaine &lt;alj.com&gt; (le \u00ab\u00a0Site Web ALJ\u00a0\u00bb) pour les utilisateurs ayant des besoins sp\u00e9cifiques. La pr\u00e9sente Politique d\u2019accessibilit\u00e9 couvre les objectifs et l\u2019approche d\u2019Abdul Latif Jameel en mati\u00e8re d\u2019accessibilit\u00e9, les fonctions principales qu\u2019un utilisateur du Site Web [&hellip;]\" \/>\n<meta property=\"og:url\" content=\"https:\/\/cms.alj3.clients.lemonhq.io\/fr\/accessibility-policy\/\" \/>\n<meta property=\"og:site_name\" content=\"Abdul Latif Jameel\" \/>\n<meta property=\"article:modified_time\" content=\"2026-04-14T07:23:09+00:00\" \/>\n<meta property=\"og:image\" content=\"https:\/\/media.alj3.clients.lemonhq.io\/wp-content\/uploads\/2024\/10\/Terang-BESS-scaled-1.jpg\" \/>\n\t<meta property=\"og:image:width\" content=\"2560\" \/>\n\t<meta property=\"og:image:height\" content=\"1072\" \/>\n\t<meta property=\"og:image:type\" content=\"image\/jpeg\" \/>\n<meta name=\"twitter:card\" content=\"summary_large_image\" \/>\n<meta name=\"twitter:label1\" content=\"Dur\u00e9e de lecture estim\u00e9e\" \/>\n\t<meta name=\"twitter:data1\" content=\"1 minute\" \/>\n<script type=\"application\/ld+json\" class=\"yoast-schema-graph\">{\"@context\":\"https:\/\/schema.org\",\"@graph\":[{\"@type\":\"WebPage\",\"@id\":\"https:\/\/cms.alj3.clients.lemonhq.io\/fr\/accessibility-policy\/\",\"url\":\"https:\/\/cms.alj3.clients.lemonhq.io\/fr\/accessibility-policy\/\",\"name\":\"Politique d\u2019accessibilit\u00e9 - Abdul Latif Jameel\",\"isPartOf\":{\"@id\":\"https:\/\/cms.alj3.clients.lemonhq.io\/en\/#website\"},\"primaryImageOfPage\":{\"@id\":\"https:\/\/cms.alj3.clients.lemonhq.io\/fr\/accessibility-policy\/#primaryimage\"},\"image\":{\"@id\":\"https:\/\/cms.alj3.clients.lemonhq.io\/fr\/accessibility-policy\/#primaryimage\"},\"thumbnailUrl\":\"https:\/\/media.alj3.clients.lemonhq.io\/wp-content\/uploads\/2024\/10\/Terang-BESS-scaled-1.jpg\",\"datePublished\":\"2024-09-30T09:15:56+00:00\",\"dateModified\":\"2026-04-14T07:23:09+00:00\",\"breadcrumb\":{\"@id\":\"https:\/\/cms.alj3.clients.lemonhq.io\/fr\/accessibility-policy\/#breadcrumb\"},\"inLanguage\":\"fr-FR\",\"potentialAction\":[{\"@type\":\"ReadAction\",\"target\":[\"https:\/\/cms.alj3.clients.lemonhq.io\/fr\/accessibility-policy\/\"]}]},{\"@type\":\"ImageObject\",\"inLanguage\":\"fr-FR\",\"@id\":\"https:\/\/cms.alj3.clients.lemonhq.io\/fr\/accessibility-policy\/#primaryimage\",\"url\":\"https:\/\/media.alj3.clients.lemonhq.io\/wp-content\/uploads\/2024\/10\/Terang-BESS-scaled-1.jpg\",\"contentUrl\":\"https:\/\/media.alj3.clients.lemonhq.io\/wp-content\/uploads\/2024\/10\/Terang-BESS-scaled-1.jpg\",\"width\":2560,\"height\":1072},{\"@type\":\"BreadcrumbList\",\"@id\":\"https:\/\/cms.alj3.clients.lemonhq.io\/fr\/accessibility-policy\/#breadcrumb\",\"itemListElement\":[{\"@type\":\"ListItem\",\"position\":1,\"name\":\"Home\",\"item\":\"https:\/\/cms.alj3.clients.lemonhq.io\/en\/\"},{\"@type\":\"ListItem\",\"position\":2,\"name\":\"Politique d\u2019accessibilit\u00e9\"}]},{\"@type\":\"WebSite\",\"@id\":\"https:\/\/cms.alj3.clients.lemonhq.io\/en\/#website\",\"url\":\"https:\/\/cms.alj3.clients.lemonhq.io\/en\/\",\"name\":\"Abdul Latif Jameel\",\"description\":\"\",\"potentialAction\":[{\"@type\":\"SearchAction\",\"target\":{\"@type\":\"EntryPoint\",\"urlTemplate\":\"https:\/\/cms.alj3.clients.lemonhq.io\/en\/?s={search_term_string}\"},\"query-input\":{\"@type\":\"PropertyValueSpecification\",\"valueRequired\":true,\"valueName\":\"search_term_string\"}}],\"inLanguage\":\"fr-FR\"}]}<\/script>\n<!-- \/ Yoast SEO plugin. -->","yoast_head_json":{"title":"Politique d\u2019accessibilit\u00e9 - Abdul Latif Jameel","robots":{"index":"noindex","follow":"follow","max-snippet":"max-snippet:-1","max-image-preview":"max-image-preview:large","max-video-preview":"max-video-preview:-1"},"og_locale":"fr_FR","og_type":"article","og_title":"Politique d\u2019accessibilit\u00e9 - Abdul Latif Jameel","og_description":"La pr\u00e9sente Politique d\u2019accessibilit\u00e9 d\u00e9taille les conditions de disponibilit\u00e9 du site Web d\u2019Abdul Latif Jameel relevant du nom de domaine &lt;alj.com&gt; (le \u00ab\u00a0Site Web ALJ\u00a0\u00bb) pour les utilisateurs ayant des besoins sp\u00e9cifiques. La pr\u00e9sente Politique d\u2019accessibilit\u00e9 couvre les objectifs et l\u2019approche d\u2019Abdul Latif Jameel en mati\u00e8re d\u2019accessibilit\u00e9, les fonctions principales qu\u2019un utilisateur du Site Web [&hellip;]","og_url":"https:\/\/cms.alj3.clients.lemonhq.io\/fr\/accessibility-policy\/","og_site_name":"Abdul Latif Jameel","article_modified_time":"2026-04-14T07:23:09+00:00","og_image":[{"width":2560,"height":1072,"url":"https:\/\/media.alj3.clients.lemonhq.io\/wp-content\/uploads\/2024\/10\/Terang-BESS-scaled-1.jpg","type":"image\/jpeg"}],"twitter_card":"summary_large_image","twitter_misc":{"Dur\u00e9e de lecture estim\u00e9e":"1 minute"},"schema":{"@context":"https:\/\/schema.org","@graph":[{"@type":"WebPage","@id":"https:\/\/cms.alj3.clients.lemonhq.io\/fr\/accessibility-policy\/","url":"https:\/\/cms.alj3.clients.lemonhq.io\/fr\/accessibility-policy\/","name":"Politique d\u2019accessibilit\u00e9 - Abdul Latif Jameel","isPartOf":{"@id":"https:\/\/cms.alj3.clients.lemonhq.io\/en\/#website"},"primaryImageOfPage":{"@id":"https:\/\/cms.alj3.clients.lemonhq.io\/fr\/accessibility-policy\/#primaryimage"},"image":{"@id":"https:\/\/cms.alj3.clients.lemonhq.io\/fr\/accessibility-policy\/#primaryimage"},"thumbnailUrl":"https:\/\/media.alj3.clients.lemonhq.io\/wp-content\/uploads\/2024\/10\/Terang-BESS-scaled-1.jpg","datePublished":"2024-09-30T09:15:56+00:00","dateModified":"2026-04-14T07:23:09+00:00","breadcrumb":{"@id":"https:\/\/cms.alj3.clients.lemonhq.io\/fr\/accessibility-policy\/#breadcrumb"},"inLanguage":"fr-FR","potentialAction":[{"@type":"ReadAction","target":["https:\/\/cms.alj3.clients.lemonhq.io\/fr\/accessibility-policy\/"]}]},{"@type":"ImageObject","inLanguage":"fr-FR","@id":"https:\/\/cms.alj3.clients.lemonhq.io\/fr\/accessibility-policy\/#primaryimage","url":"https:\/\/media.alj3.clients.lemonhq.io\/wp-content\/uploads\/2024\/10\/Terang-BESS-scaled-1.jpg","contentUrl":"https:\/\/media.alj3.clients.lemonhq.io\/wp-content\/uploads\/2024\/10\/Terang-BESS-scaled-1.jpg","width":2560,"height":1072},{"@type":"BreadcrumbList","@id":"https:\/\/cms.alj3.clients.lemonhq.io\/fr\/accessibility-policy\/#breadcrumb","itemListElement":[{"@type":"ListItem","position":1,"name":"Home","item":"https:\/\/cms.alj3.clients.lemonhq.io\/en\/"},{"@type":"ListItem","position":2,"name":"Politique d\u2019accessibilit\u00e9"}]},{"@type":"WebSite","@id":"https:\/\/cms.alj3.clients.lemonhq.io\/en\/#website","url":"https:\/\/cms.alj3.clients.lemonhq.io\/en\/","name":"Abdul Latif Jameel","description":"","potentialAction":[{"@type":"SearchAction","target":{"@type":"EntryPoint","urlTemplate":"https:\/\/cms.alj3.clients.lemonhq.io\/en\/?s={search_term_string}"},"query-input":{"@type":"PropertyValueSpecification","valueRequired":true,"valueName":"search_term_string"}}],"inLanguage":"fr-FR"}]}},"_links":{"self":[{"href":"https:\/\/cms.alj3.clients.lemonhq.io\/fr\/wp-json\/wp\/v2\/pages\/53561","targetHints":{"allow":["GET"]}}],"collection":[{"href":"https:\/\/cms.alj3.clients.lemonhq.io\/fr\/wp-json\/wp\/v2\/pages"}],"about":[{"href":"https:\/\/cms.alj3.clients.lemonhq.io\/fr\/wp-json\/wp\/v2\/types\/page"}],"author":[{"embeddable":true,"href":"https:\/\/cms.alj3.clients.lemonhq.io\/fr\/wp-json\/wp\/v2\/users\/5"}],"replies":[{"embeddable":true,"href":"https:\/\/cms.alj3.clients.lemonhq.io\/fr\/wp-json\/wp\/v2\/comments?post=53561"}],"version-history":[{"count":0,"href":"https:\/\/cms.alj3.clients.lemonhq.io\/fr\/wp-json\/wp\/v2\/pages\/53561\/revisions"}],"wp:featuredmedia":[{"embeddable":true,"href":"https:\/\/cms.alj3.clients.lemonhq.io\/fr\/wp-json\/wp\/v2\/media\/7008"}],"wp:attachment":[{"href":"https:\/\/cms.alj3.clients.lemonhq.io\/fr\/wp-json\/wp\/v2\/media?parent=53561"}],"curies":[{"name":"wp","href":"https:\/\/api.w.org\/{rel}","templated":true}]}}