{"id":53523,"date":"2024-09-30T08:34:48","date_gmt":"2024-09-30T08:34:48","guid":{"rendered":"https:\/\/cms.alj3.clients.lemonhq.io\/careers\/"},"modified":"2026-04-14T05:50:18","modified_gmt":"2026-04-14T05:50:18","slug":"careers","status":"publish","type":"page","link":"https:\/\/cms.alj3.clients.lemonhq.io\/fr\/careers\/","title":{"rendered":"Carri\u00e8res"},"content":{"rendered":"\n<div class=\"wp-block-group\"><div class=\"wp-block-group__inner-container is-layout-constrained wp-block-group-is-layout-constrained\"><div class=\"wp-bootstrap-blocks-container container mb-2\">\n\t\n\n<h2 class=\"wp-block-heading\"><strong><strong>Un lieu o\u00f9 r\u00e9aliser votre potentiel<\/strong><\/strong><\/h2>\n\n\n\n<p>Avec une empreinte v\u00e9ritablement internationale et plus de huit d\u00e9cennies de succ\u00e8s commercial derri\u00e8re nous, nous sommes aujourd\u2019hui un employeur de premier plan dans la r\u00e9gion Moyen-Orient, Afrique du Nord et Turquie, mais nous offrons \u00e9galement des opportunit\u00e9s passionnantes dans le monde entier, du Chili au Japon, en passant par le Royaume-Uni et l\u2019Australie.<\/p>\n\n\n\n<p>Nos valeurs \u2013 et les Principes Jameel \u2013 guident notre fa\u00e7on de travailler avec nos partenaires d\u2019affaires, au sein des communaut\u00e9s o\u00f9 nous op\u00e9rons et en collaboration mutuelle avec celles-ci.&nbsp;<\/p>\n\n\n\n<p>En nous appuyant sur les valeurs de <strong>Respect<\/strong>, d\u2019<strong>Am\u00e9lioration<\/strong> continue et d\u2019innovation, d\u2019<strong>Esprit pionnier<\/strong> et de <strong>Responsabilisation<\/strong>, nous avons cr\u00e9\u00e9 une culture propice \u00e0 l\u2019\u00e9panouissement des id\u00e9es et des personnes, o\u00f9 les succ\u00e8s sont au rendez-vous.<\/p>\n\n<\/div>\n<\/div><\/div>\n\n\n\n<div class=\"wp-block-group has-light-sage-background-color has-background\"><div class=\"wp-block-group__inner-container is-layout-constrained wp-block-group-is-layout-constrained\"><div class=\"wp-bootstrap-blocks-container container mb-2\">\n\t\n\n<div class=\"wp-block-columns is-layout-flex wp-container-core-columns-is-layout-28f84493 wp-block-columns-is-layout-flex\">\n<div class=\"wp-block-column is-layout-flow wp-block-column-is-layout-flow\">\n<figure class=\"wp-block-video\"><video height=\"720\" style=\"aspect-ratio: 1280 \/ 720;\" width=\"1280\" autoplay loop muted poster=\"https:\/\/media.alj3.clients.lemonhq.io\/wp-content\/uploads\/2025\/11\/hr-video-80-years.png\" src=\"https:\/\/media.alj3.clients.lemonhq.io\/wp-content\/uploads\/2025\/11\/A-Place-to-Realize-Your-Potential-2025-EN-VO-Subs.mp4\" playsinline><\/video><\/figure>\n<\/div>\n\n\n\n<div class=\"wp-block-column is-layout-flow wp-block-column-is-layout-flow\">\n<h5 class=\"wp-block-heading\">Depuis 80&nbsp;ans, Abdul Latif Jameel est inspir\u00e9 par les perspectives et motiv\u00e9 par la valeur \u00e0 long terme, investissant dans des activit\u00e9s significatives dont le monde profite r\u00e9ellement.<\/h5>\n\n\n\n<h5 class=\"wp-block-heading\">Et cela n\u2019a \u00e9t\u00e9 possible que gr\u00e2ce \u00e0 nos collaborateurs.<\/h5>\n\n\n\n<p>Avec une famille d\u2019environ 11&nbsp;000&nbsp;employ\u00e9s de plus de 85&nbsp;nationalit\u00e9s r\u00e9partis dans plus de 30&nbsp;pays dans l\u2019ensemble de notre r\u00e9seau, nos Collaborateurs sont au c\u0153ur de tout ce que nous faisons. Nous sommes d\u00e9termin\u00e9s \u00e0 faire d\u2019Abdul Latif Jameel une entreprise o\u00f9 il fait bon travailler et cela passe obligatoirement par le perfectionnement et le d\u00e9veloppement personnel.<\/p>\n\n\n\n<p>Nous mettons tout en \u0153uvre pour que nos Collaborateurs soient fiers d\u2019appartenir \u00e0 l\u2019entreprise et se sentent totalement impliqu\u00e9s dans notre aspiration \u00e0 devenir un leader mondial.<\/p>\n\n\n\n<p>Nous souhaitons cr\u00e9er une culture ouverte, collaborative et enrichissante.&nbsp;<\/p>\n\n\n\n<p>Nous sommes partenaires dans la construction des communaut\u00e9s de demain, en investissant dans l\u2019infrastructure de la vie.&nbsp;<\/p>\n\n\n\n<p>Il existe un endroit pour r\u00e9aliser votre potentiel . . . Rejoignez-nous pour un avenir plus radieux.<\/p>\n<\/div>\n<\/div>\n\n<\/div>\n<\/div><\/div>\n\n\n<div class=\"customMediaBlock large   image-center rtl\">\n    <div class=\"blockImagebx\">\n        <img decoding=\"async\" class=\"img\" src=\"https:\/\/media.alj3.clients.lemonhq.io\/wp-content\/uploads\/2025\/11\/pioneer.png\"  alt=\"pioneer\" title=\"pioneer\">\n    <\/div>\n\n        <div class=\"contentRow\" style=\"background-color: #f6ece7;\">\n        <!-- <div class=\"sectioncolor\" style=\"background-color: #f6ece7;\"><\/div> -->\n        <div class=\"container\">\n            <div class=\"row\">\n            <div class=\"col-md-6\">\n                <div class=\"textbx\">\n                <h4>Des professionnels exp\u00e9riment\u00e9s<\/h4>\n<h5>Chez Abdul Latif Jameel, les carri\u00e8res professionnelles ne se r\u00e9sument pas \u00e0 un simple intitul\u00e9 de poste\u00a0: elles repr\u00e9sentent des parcours d\u2019impact, d\u2019innovation et de croissance continue.<\/h5>\n<p class=\"p1\">Pr\u00e9sents dans de nombreux secteurs tels que la mobilit\u00e9, l\u2019\u00e9nergie, les services financiers, les services environnementaux et la sant\u00e9, nous offrons des perspectives de carri\u00e8re vari\u00e9es aux professionnels d\u00e9sireux d\u2019apporter une contribution significative au d\u00e9veloppement durable et \u00e0 la transformation \u00e9conomique de notre soci\u00e9t\u00e9.<\/p>\n<blockquote style=\"font-size: 18px;\">\n<p class=\"p1\">Chez Abdul Latif Jameel, vous faites partie d\u2019une culture fond\u00e9e sur le respect, anim\u00e9e par un esprit d\u2019initiative et unie par l\u2019ambition commune de fa\u00e7onner un avenir meilleur.<\/p>\n<p class=\"p1\">Vos id\u00e9es sont entendues. Votre croissance est une priorit\u00e9.<\/p>\n<p class=\"p1\">Et votre travail fait une r\u00e9elle diff\u00e9rence dans le monde.<\/p>\n<p>Faisal A. Abdalla<br \/>\nDirecteur des RH et responsable Kaizen<\/p><\/blockquote>\n            <\/div>\n        <\/div>\n        <\/div>\n        <\/div>\n    <\/div>\n    \n    <\/div>\n\n<div class=\"customMediaBlock large whitetext  image-top ltr\">\n    <div class=\"blockImagebx\">\n        <img decoding=\"async\" class=\"img\" src=\"https:\/\/media.alj3.clients.lemonhq.io\/wp-content\/uploads\/2025\/11\/respect.png\"  alt=\"respect\" title=\"respect\">\n    <\/div>\n\n        <div class=\"contentRow\" style=\"background-color: #51859a;\">\n        <!-- <div class=\"sectioncolor\" style=\"background-color: #51859a;\"><\/div> -->\n        <div class=\"container\">\n            <div class=\"row\">\n            <div class=\"col-md-6\">\n                <div class=\"textbx\">\n                <h4>Carri\u00e8res en Arabie saoudite<\/h4>\n<h5 class=\"p1\">Abdul Latif Jameel offre un large \u00e9ventail d\u2019opportunit\u00e9s professionnelles en Arabie saoudite, couvrant des secteurs allant de la mobilit\u00e9 et des services financiers aux services environnementaux et au d\u00e9veloppement immobilier.<\/h5>\n<p class=\"p1\">L\u2019Arabie saoudite constitue la pierre angulaire de nos activit\u00e9s, et nous nous engageons \u00e0 soutenir la transformation de la nation dans le cadre de la <a href=\"https:\/\/vision2030.gov.sa\" target=\"_blank\" rel=\"noopener\"><span class=\"s1\">Vision\u00a02030<\/span><\/a> en encourageant les talents locaux et les futurs leaders.<\/p>\n<p class=\"p1\">Que vous soyez bas\u00e9 \u00e0 Jeddah, Riyad ou dans d\u2019autres villes cl\u00e9s, vous trouverez des postes \u00e0 la fois stimulants et inspirants. De l\u2019ing\u00e9nierie et de l\u2019innovation num\u00e9rique \u00e0 la finance, aux op\u00e9rations et \u00e0 la durabilit\u00e9, notre travail fa\u00e7onne les secteurs cl\u00e9s et g\u00e9n\u00e8re de la valeur \u00e0 long terme pour les communaut\u00e9s que nous servons.<\/p>\n<p class=\"p1\">Notre lieu de travail inclusif rassemble des personnes de divers horizons, unies par une mission commune visant \u00e0 construire un avenir plus beau, pour elles-m\u00eames, leurs familles et la r\u00e9gion.<\/p>\n<p class=\"p1\"><b>Postuler <\/b><a href=\"https:\/\/careers.alj.com\/\" target=\"_blank\" rel=\"noopener\"><span class=\"s1\"><b>ici<\/b><\/span><\/a>.<\/p>\n            <\/div>\n        <\/div>\n        <\/div>\n        <\/div>\n    <\/div>\n    \n        <div class=\"contentRow\" style=\"background-color: #28424d;\">\n        <!-- <div class=\"sectioncolor\" style=\"background-color: #28424d;\"><\/div> -->\n        <div class=\"container\">\n            <div class=\"row\">\n            <div class=\"col-md-6\">\n                <div class=\"textbx\">\n                <h4>International Careers<\/h4>\n<h5>Abdul Latif Jameel is an international network of businesses, offering dynamic career opportunities for professionals who aspire to make a worldwide impact.<\/h5>\n<p>From across the Middle East to Europe and Asia-Pacific, our international presence spans a diverse portfolio of industries including mobility, renewable energy, environmental services finance and insurance.<\/p>\n<p>Joining our international teams means working in culturally rich environments that foster innovation, collaboration, and continuous learning.<\/p>\n<p>Whether you\u2019re a seasoned expert or emerging leader, Abdul Latif Jameel offers the scale and support to accelerate your development while giving you the opportunity to contribute to creating meaningful and positive change.<\/p>\n<p>Explore how you can realize your potential and shape your international career as we work together \u2014towards a more beautiful tomorrow.<\/p>\n<p><strong>Apply<\/strong> <span style=\"color: #51859a;\"><a style=\"color: #51859a;\" href=\"https:\/\/www.linkedin.com\/company\/alj\/jobs\/\" target=\"_blank\" rel=\"noopener\">here<\/a><\/span><\/p>\n            <\/div>\n        <\/div>\n        <\/div>\n        <\/div>\n    <\/div>\n    <\/div>\n\n<div class=\"customMediaBlock medium   image-top rtl\">\n    <div class=\"blockImagebx\">\n        <img decoding=\"async\" class=\"img\" src=\"https:\/\/media.alj3.clients.lemonhq.io\/wp-content\/uploads\/2025\/12\/career-5.png\"  alt=\"\" title=\"career-5\">\n    <\/div>\n\n        <div class=\"contentRow\" style=\"background-color: #b2b2b2;\">\n        <!-- <div class=\"sectioncolor\" style=\"background-color: #b2b2b2;\"><\/div> -->\n        <div class=\"container\">\n            <div class=\"row\">\n            <div class=\"col-md-6\">\n                <div class=\"textbx\">\n                <h4>D\u00e9but de carri\u00e8re<\/h4>\n<h5 class=\"p1\">Chez Abdul Latif Jameel, nous nous engageons \u00e0 former la prochaine g\u00e9n\u00e9ration de leaders. Nos opportunit\u00e9s de carri\u00e8re pr\u00e9coce sont con\u00e7ues pour donner aux jeunes professionnels une base solide gr\u00e2ce \u00e0 une exp\u00e9rience du monde r\u00e9el, un apprentissage structur\u00e9 et un mentorat significatif.<\/h5>\n<p class=\"p1\">Que vous commenciez \u00e0 explorer vos centres d\u2019int\u00e9r\u00eat ou que vous soyez pr\u00eat \u00e0 vous engager dans une carri\u00e8re plus d\u00e9finie, nous vous proposons deux points d\u2019entr\u00e9e cl\u00e9s.<\/p>\n<p class=\"p1\">Le programme de formation en gestion d\u2019Abdul Latif Jameel et les stages sont tous deux fond\u00e9s sur notre conviction que l\u2019apprentissage se fait par la pratique et que nous devons donner aux jeunes talents les outils, les conseils et les opportunit\u00e9s dont ils ont besoin pour s\u2019\u00e9panouir.<\/p>\n            <\/div>\n        <\/div>\n        <\/div>\n        <\/div>\n    <\/div>\n    \n    <\/div>\n\n\n<div class=\"wp-block-group\"><div class=\"wp-block-group__inner-container is-layout-constrained wp-block-group-is-layout-constrained\"><div class=\"wp-bootstrap-blocks-container container mb-2\">\n\t\n\n<div class=\"wp-block-columns is-layout-flex wp-container-core-columns-is-layout-28f84493 wp-block-columns-is-layout-flex\">\n<div class=\"wp-block-column is-layout-flow wp-block-column-is-layout-flow\">\n<h4 class=\"wp-block-heading has-teal-color has-text-color has-link-color wp-elements-9405a03ce1727c7fd4b17869ef8bdaca\"><strong>Programme de formation en gestion d\u2019Abdul Latif Jameel<\/strong><\/h4>\n\n\n\n<p>Le programme de formation en gestion (\u00ab&nbsp;Management Trainee Program&nbsp;\u00bb, MTP) d\u2019Abdul Latif Jameel est une initiative mondiale de d\u00e9veloppement acc\u00e9l\u00e9r\u00e9 des talents, qui vise \u00e0 identifier et former de mani\u00e8re strat\u00e9gique les meilleurs talents internationaux issus des meilleures \u00e9coles et universit\u00e9s du monde, ou des Collaborateurs r\u00e9cemment recrut\u00e9s dans nos entreprises.&nbsp;<\/p>\n\n\n\n<p>Pour en savoir plus sur le programme de formation en gestion, consultez notre <a href=\"https:\/\/indd.adobe.com\/view\/5952920f-ad72-4165-929e-1daa4878914e\" target=\"_blank\" rel=\"noreferrer noopener\">brochure interactive en ligne<\/a>.<\/p>\n<\/div>\n\n\n\n<div class=\"wp-block-column is-layout-flow wp-block-column-is-layout-flow\">\n<figure class=\"wp-block-video\"><video height=\"720\" style=\"aspect-ratio: 1280 \/ 720;\" width=\"1280\" autoplay loop muted poster=\"https:\/\/media.alj3.clients.lemonhq.io\/wp-content\/uploads\/2025\/11\/Welcome-to-the-Abdul-Latif-Jameel-Management-Training-Program-EN-VO-Subs-thumbnail.png\" src=\"https:\/\/media.alj3.clients.lemonhq.io\/wp-content\/uploads\/2025\/11\/Welcome-to-the-Abdul-Latif-Jameel-Management-Training-Program-EN-VO-Subs.mp4\" playsinline><\/video><\/figure>\n<\/div>\n<\/div>\n\n<\/div>\n<\/div><\/div>\n\n\n<div class=\"customMediaBlock medium   image-center ltr\">\n    <div class=\"blockImagebx\">\n        <img decoding=\"async\" class=\"img\" src=\"https:\/\/media.alj3.clients.lemonhq.io\/wp-content\/uploads\/2025\/11\/improve.png\"  alt=\"improve\" title=\"improve\">\n    <\/div>\n\n        <div class=\"contentRow\" style=\"background-color: #D4D4D4;\">\n        <!-- <div class=\"sectioncolor\" style=\"background-color: #D4D4D4;\"><\/div> -->\n        <div class=\"container\">\n            <div class=\"row\">\n            <div class=\"col-md-6\">\n                <div class=\"textbx\">\n                <h5>Les candidats retenus entreprennent un programme proposant une s\u00e9rie d\u2019exp\u00e9riences riches, doubl\u00e9es d\u2019une formation cibl\u00e9e, d\u2019un mentorat, de missions pratiques et d\u2019\u00e9valuations, pour int\u00e9grer au final le vivier mondial de talents de l\u2019entreprise et le pipeline de d\u00e9veloppement de carri\u00e8re.<\/h5>\n<p class=\"p1\">Le programme vise \u00e0 former rapidement nos Collaborateurs afin qu\u2019ils soient consid\u00e9r\u00e9s pour des postes de direction potentiels au sein de notre famille d\u2019entreprises \u00e0 travers le monde.<\/p>\n<p class=\"p1\">Ce programme de 24\u00a0mois est structur\u00e9 en cinq sections qui vont aider les Collaborateurs \u00e0 se familiariser avec la famille d\u2019entreprises Abdul Latif Jameel, leurs coll\u00e8gues et \u00e0 int\u00e9grer en douceur notre culture.<\/p>\n<p class=\"p2\"><b>Postuler <\/b><a href=\"https:\/\/www.linkedin.com\/company\/alj\/jobs\/\" target=\"_blank\" rel=\"noopener\"><span class=\"s1\"><b>ici<\/b><\/span><\/a>.<\/p>\n            <\/div>\n        <\/div>\n        <\/div>\n        <\/div>\n    <\/div>\n    \n    <\/div>\n\n\n<div class=\"wp-block-group careerprofile has-light-blue-background-color has-background\"><div class=\"wp-block-group__inner-container is-layout-constrained wp-block-group-is-layout-constrained\"><div class=\"wp-bootstrap-blocks-container container mb-0\">\n\t\n\n<div class=\"wp-block-media-text is-stacked-on-mobile\" style=\"grid-template-columns:30% auto\"><figure class=\"wp-block-media-text__media\"><img loading=\"lazy\" decoding=\"async\" width=\"400\" height=\"600\" src=\"https:\/\/media.alj3.clients.lemonhq.io\/wp-content\/uploads\/2019\/07\/fady-jameel-new.jpg\" alt=\"img\" class=\"wp-image-26154 size-full\" srcset=\"https:\/\/media.alj3.clients.lemonhq.io\/wp-content\/uploads\/2019\/07\/fady-jameel-new.jpg 400w, https:\/\/media.alj3.clients.lemonhq.io\/wp-content\/uploads\/2019\/07\/fady-jameel-new-200x300.jpg 200w, https:\/\/media.alj3.clients.lemonhq.io\/wp-content\/uploads\/2019\/07\/fady-jameel-new-167x250.jpg 167w\" sizes=\"auto, (max-width: 400px) 100vw, 400px\" \/><\/figure><div class=\"wp-block-media-text__content\">\n<blockquote class=\"wp-block-quote is-layout-flow wp-block-quote-is-layout-flow\">\n<p>Les avanc\u00e9es technologiques et l\u2019innovation nous offrent des opportunit\u00e9s passionnantes, voire vertigineuses.<\/p>\n\n\n\n<p class=\"has-small-font-size\">Et pourtant, les exigences impos\u00e9es aux individus par nos univers num\u00e9riques, l\u2019intelligence artificielle et la pr\u00e9sence sur les r\u00e9seaux sociaux sont des territoires inexplor\u00e9s.&nbsp;<\/p>\n\n\n\n<p class=\"has-small-font-size\">Les entreprises qui ne s\u2019adaptent pas \u00e0 notre monde en constante \u00e9volution ne parviendront pas \u00e0 se d\u00e9velopper et \u00e0 prosp\u00e9rer.&nbsp;<\/p>\n\n\n\n<p class=\"has-small-font-size\">Pour la g\u00e9n\u00e9ration actuelle, l\u2019avenir pr\u00e9sente des enjeux uniques, mais le potentiel de la jeunesse est l\u00e0, pr\u00eat \u00e0 \u00eatre r\u00e9alis\u00e9.<\/p>\n\n\n\n<p class=\"has-small-font-size\">R\u00e9alisez votre potentiel avec Abdul Latif Jameel.&nbsp;<\/p>\n\n\n\n<p><strong>Fady Jameel<\/strong><br>Vice-pr\u00e9sident \u00e0 l\u2019international<\/p>\n<\/blockquote>\n<\/div><\/div>\n\n<\/div>\n<\/div><\/div>\n\n\n<div class=\"customMediaBlock medium   image-center rtl\">\n    <div class=\"blockImagebx\">\n        <img decoding=\"async\" class=\"img\" src=\"https:\/\/media.alj3.clients.lemonhq.io\/wp-content\/uploads\/2025\/12\/career-6.png\"  alt=\"\" title=\"career-6\">\n    <\/div>\n\n        <div class=\"contentRow\" style=\"background-color: #fff;\">\n        <!-- <div class=\"sectioncolor\" style=\"background-color: #fff;\"><\/div> -->\n        <div class=\"container\">\n            <div class=\"row\">\n            <div class=\"col-md-6\">\n                <div class=\"textbx\">\n                <h4><span style=\"color: #51859a;\">Stages<\/span><\/h4>\n<h5 class=\"p1\"><span class=\"s1\">Nous pensons qu\u2019il faut investir dans la prochaine g\u00e9n\u00e9ration de talents. Nos stages sont con\u00e7us pour permettre aux jeunes professionnels en herbe d\u2019acqu\u00e9rir une exp\u00e9rience pratique et significative dans un large \u00e9ventail de secteurs. <\/span>Que vous soyez un \u00e9tudiant cherchant sa voie ou un jeune dipl\u00f4m\u00e9 d\u00e9sireux d\u2019appliquer ses connaissances dans un environnement r\u00e9el, nos stages vous offrent bien plus qu\u2019une simple introduction\u00a0: ils vous donnent l\u2019occasion de contribuer \u00e0 des projets importants, d\u2019apprendre des leaders de l\u2019industrie et d\u2019acqu\u00e9rir des comp\u00e9tences professionnelles pr\u00e9cieuses pour votre avenir.<\/h5>\n<p class=\"p1\">La dur\u00e9e et la port\u00e9e des stages varient en fonction du domaine d\u2019activit\u00e9 et du lieu.<\/p>\n<p class=\"p1\">Vous pouvez \u00eatre amen\u00e9 \u00e0 travailler sur des initiatives strat\u00e9giques, \u00e0 soutenir les op\u00e9rations quotidiennes ou \u00e0 collaborer sur des projets innovants. Quelle que soit la mission, vous serez accueilli(e) dans une culture qui valorise la curiosit\u00e9, l\u2019initiative, l\u2019engagement, le travail et l\u2019\u00e9panouissement personnel. Nous recherchons des stagiaires passionn\u00e9s et d\u00e9sireux d\u2019apprendre, pr\u00eats \u00e0 faire leurs premiers pas dans leur carri\u00e8re tout en contribuant \u00e0 fa\u00e7onner l\u2019avenir de nos entreprises.<\/p>\n<p class=\"p1\">Explorez nos offres de stage et d\u00e9couvrez comment d\u00e9buter votre parcours avec Abdul Latif Jameel.<\/p>\n<p class=\"p1\"><b>Postuler <\/b><a href=\"https:\/\/www.linkedin.com\/company\/alj\/jobs\/\" target=\"_blank\" rel=\"noopener\"><span class=\"s1\">ici<\/span><\/a>.<\/p>\n            <\/div>\n        <\/div>\n        <\/div>\n        <\/div>\n    <\/div>\n    \n    <\/div>","protected":false},"excerpt":{"rendered":"","protected":false},"author":5,"featured_media":18449,"parent":0,"menu_order":2,"comment_status":"closed","ping_status":"closed","template":"","meta":{"_acf_changed":true,"footnotes":""},"class_list":["post-53523","page","type-page","status-publish","has-post-thumbnail","hentry"],"acf":[],"yoast_head":"<!-- This site is optimized with the Yoast SEO plugin v26.5 - https:\/\/yoast.com\/wordpress\/plugins\/seo\/ -->\n<title>Carri\u00e8res - Abdul Latif Jameel<\/title>\n<meta name=\"robots\" content=\"noindex, follow, max-snippet:-1, max-image-preview:large, max-video-preview:-1\" \/>\n<meta property=\"og:locale\" content=\"fr_FR\" \/>\n<meta property=\"og:type\" content=\"article\" \/>\n<meta property=\"og:title\" content=\"Carri\u00e8res - Abdul Latif Jameel\" \/>\n<meta property=\"og:url\" content=\"https:\/\/cms.alj3.clients.lemonhq.io\/fr\/careers\/\" \/>\n<meta property=\"og:site_name\" content=\"Abdul Latif Jameel\" \/>\n<meta property=\"article:modified_time\" content=\"2026-04-14T05:50:18+00:00\" \/>\n<meta property=\"og:image\" content=\"https:\/\/media.alj3.clients.lemonhq.io\/wp-content\/uploads\/2024\/10\/partner-with-us-saudi-arabia-hero-images.jpg\" \/>\n\t<meta property=\"og:image:width\" content=\"1294\" \/>\n\t<meta property=\"og:image:height\" content=\"600\" \/>\n\t<meta property=\"og:image:type\" content=\"image\/jpeg\" \/>\n<meta name=\"twitter:card\" content=\"summary_large_image\" \/>\n<meta name=\"twitter:label1\" content=\"Dur\u00e9e de lecture estim\u00e9e\" \/>\n\t<meta name=\"twitter:data1\" content=\"3 minutes\" \/>\n<script type=\"application\/ld+json\" class=\"yoast-schema-graph\">{\"@context\":\"https:\/\/schema.org\",\"@graph\":[{\"@type\":\"WebPage\",\"@id\":\"https:\/\/cms.alj3.clients.lemonhq.io\/fr\/careers\/\",\"url\":\"https:\/\/cms.alj3.clients.lemonhq.io\/fr\/careers\/\",\"name\":\"Carri\u00e8res - Abdul Latif Jameel\",\"isPartOf\":{\"@id\":\"https:\/\/10.0.2.222\/en\/#website\"},\"primaryImageOfPage\":{\"@id\":\"https:\/\/cms.alj3.clients.lemonhq.io\/fr\/careers\/#primaryimage\"},\"image\":{\"@id\":\"https:\/\/cms.alj3.clients.lemonhq.io\/fr\/careers\/#primaryimage\"},\"thumbnailUrl\":\"https:\/\/media.alj3.clients.lemonhq.io\/wp-content\/uploads\/2024\/10\/partner-with-us-saudi-arabia-hero-images.jpg\",\"datePublished\":\"2024-09-30T08:34:48+00:00\",\"dateModified\":\"2026-04-14T05:50:18+00:00\",\"breadcrumb\":{\"@id\":\"https:\/\/cms.alj3.clients.lemonhq.io\/fr\/careers\/#breadcrumb\"},\"inLanguage\":\"fr-FR\",\"potentialAction\":[{\"@type\":\"ReadAction\",\"target\":[\"https:\/\/cms.alj3.clients.lemonhq.io\/fr\/careers\/\"]}]},{\"@type\":\"ImageObject\",\"inLanguage\":\"fr-FR\",\"@id\":\"https:\/\/cms.alj3.clients.lemonhq.io\/fr\/careers\/#primaryimage\",\"url\":\"https:\/\/media.alj3.clients.lemonhq.io\/wp-content\/uploads\/2024\/10\/partner-with-us-saudi-arabia-hero-images.jpg\",\"contentUrl\":\"https:\/\/media.alj3.clients.lemonhq.io\/wp-content\/uploads\/2024\/10\/partner-with-us-saudi-arabia-hero-images.jpg\",\"width\":1294,\"height\":600},{\"@type\":\"BreadcrumbList\",\"@id\":\"https:\/\/cms.alj3.clients.lemonhq.io\/fr\/careers\/#breadcrumb\",\"itemListElement\":[{\"@type\":\"ListItem\",\"position\":1,\"name\":\"Home\",\"item\":\"https:\/\/10.0.2.222\/en\/\"},{\"@type\":\"ListItem\",\"position\":2,\"name\":\"Carri\u00e8res\"}]},{\"@type\":\"WebSite\",\"@id\":\"https:\/\/10.0.2.222\/en\/#website\",\"url\":\"https:\/\/10.0.2.222\/en\/\",\"name\":\"Abdul Latif Jameel\",\"description\":\"\",\"potentialAction\":[{\"@type\":\"SearchAction\",\"target\":{\"@type\":\"EntryPoint\",\"urlTemplate\":\"https:\/\/10.0.2.222\/en\/?s={search_term_string}\"},\"query-input\":{\"@type\":\"PropertyValueSpecification\",\"valueRequired\":true,\"valueName\":\"search_term_string\"}}],\"inLanguage\":\"fr-FR\"}]}<\/script>\n<!-- \/ Yoast SEO plugin. -->","yoast_head_json":{"title":"Carri\u00e8res - Abdul Latif Jameel","robots":{"index":"noindex","follow":"follow","max-snippet":"max-snippet:-1","max-image-preview":"max-image-preview:large","max-video-preview":"max-video-preview:-1"},"og_locale":"fr_FR","og_type":"article","og_title":"Carri\u00e8res - Abdul Latif Jameel","og_url":"https:\/\/cms.alj3.clients.lemonhq.io\/fr\/careers\/","og_site_name":"Abdul Latif Jameel","article_modified_time":"2026-04-14T05:50:18+00:00","og_image":[{"width":1294,"height":600,"url":"https:\/\/media.alj3.clients.lemonhq.io\/wp-content\/uploads\/2024\/10\/partner-with-us-saudi-arabia-hero-images.jpg","type":"image\/jpeg"}],"twitter_card":"summary_large_image","twitter_misc":{"Dur\u00e9e de lecture estim\u00e9e":"3 minutes"},"schema":{"@context":"https:\/\/schema.org","@graph":[{"@type":"WebPage","@id":"https:\/\/cms.alj3.clients.lemonhq.io\/fr\/careers\/","url":"https:\/\/cms.alj3.clients.lemonhq.io\/fr\/careers\/","name":"Carri\u00e8res - Abdul Latif Jameel","isPartOf":{"@id":"https:\/\/10.0.2.222\/en\/#website"},"primaryImageOfPage":{"@id":"https:\/\/cms.alj3.clients.lemonhq.io\/fr\/careers\/#primaryimage"},"image":{"@id":"https:\/\/cms.alj3.clients.lemonhq.io\/fr\/careers\/#primaryimage"},"thumbnailUrl":"https:\/\/media.alj3.clients.lemonhq.io\/wp-content\/uploads\/2024\/10\/partner-with-us-saudi-arabia-hero-images.jpg","datePublished":"2024-09-30T08:34:48+00:00","dateModified":"2026-04-14T05:50:18+00:00","breadcrumb":{"@id":"https:\/\/cms.alj3.clients.lemonhq.io\/fr\/careers\/#breadcrumb"},"inLanguage":"fr-FR","potentialAction":[{"@type":"ReadAction","target":["https:\/\/cms.alj3.clients.lemonhq.io\/fr\/careers\/"]}]},{"@type":"ImageObject","inLanguage":"fr-FR","@id":"https:\/\/cms.alj3.clients.lemonhq.io\/fr\/careers\/#primaryimage","url":"https:\/\/media.alj3.clients.lemonhq.io\/wp-content\/uploads\/2024\/10\/partner-with-us-saudi-arabia-hero-images.jpg","contentUrl":"https:\/\/media.alj3.clients.lemonhq.io\/wp-content\/uploads\/2024\/10\/partner-with-us-saudi-arabia-hero-images.jpg","width":1294,"height":600},{"@type":"BreadcrumbList","@id":"https:\/\/cms.alj3.clients.lemonhq.io\/fr\/careers\/#breadcrumb","itemListElement":[{"@type":"ListItem","position":1,"name":"Home","item":"https:\/\/10.0.2.222\/en\/"},{"@type":"ListItem","position":2,"name":"Carri\u00e8res"}]},{"@type":"WebSite","@id":"https:\/\/10.0.2.222\/en\/#website","url":"https:\/\/10.0.2.222\/en\/","name":"Abdul Latif Jameel","description":"","potentialAction":[{"@type":"SearchAction","target":{"@type":"EntryPoint","urlTemplate":"https:\/\/10.0.2.222\/en\/?s={search_term_string}"},"query-input":{"@type":"PropertyValueSpecification","valueRequired":true,"valueName":"search_term_string"}}],"inLanguage":"fr-FR"}]}},"_links":{"self":[{"href":"https:\/\/cms.alj3.clients.lemonhq.io\/fr\/wp-json\/wp\/v2\/pages\/53523","targetHints":{"allow":["GET"]}}],"collection":[{"href":"https:\/\/cms.alj3.clients.lemonhq.io\/fr\/wp-json\/wp\/v2\/pages"}],"about":[{"href":"https:\/\/cms.alj3.clients.lemonhq.io\/fr\/wp-json\/wp\/v2\/types\/page"}],"author":[{"embeddable":true,"href":"https:\/\/cms.alj3.clients.lemonhq.io\/fr\/wp-json\/wp\/v2\/users\/5"}],"replies":[{"embeddable":true,"href":"https:\/\/cms.alj3.clients.lemonhq.io\/fr\/wp-json\/wp\/v2\/comments?post=53523"}],"version-history":[{"count":0,"href":"https:\/\/cms.alj3.clients.lemonhq.io\/fr\/wp-json\/wp\/v2\/pages\/53523\/revisions"}],"wp:featuredmedia":[{"embeddable":true,"href":"https:\/\/cms.alj3.clients.lemonhq.io\/fr\/wp-json\/wp\/v2\/media\/18449"}],"wp:attachment":[{"href":"https:\/\/cms.alj3.clients.lemonhq.io\/fr\/wp-json\/wp\/v2\/media?parent=53523"}],"curies":[{"name":"wp","href":"https:\/\/api.w.org\/{rel}","templated":true}]}}