{"id":53509,"date":"2024-09-30T08:22:27","date_gmt":"2024-09-30T08:22:27","guid":{"rendered":"https:\/\/cms.alj3.clients.lemonhq.io\/spotlight-by-fady-jameel\/"},"modified":"2026-04-14T05:45:21","modified_gmt":"2026-04-14T05:45:21","slug":"spotlight-by-fady-jameel","status":"publish","type":"page","link":"https:\/\/cms.alj3.clients.lemonhq.io\/fr\/media-center\/spotlight-by-fady-jameel\/","title":{"rendered":"Spotlight by Fady Jameel"},"content":{"rendered":"\n<p>Dans cette s\u00e9rie consacr\u00e9e aux leaders d\u2019opinion, <a href=\"\/fr\/our-people\/fady-jameel\/\">Fady Jameel<\/a>, Vice-pr\u00e9sident \u00e0 l\u2019international d\u2019Abdul Latif Jameel, examine en profondeur certains des probl\u00e8mes les plus urgents au monde.<\/p>\n\n\n\n<p>Fady nous parle des d\u00e9fis auxquels nous sommes confront\u00e9s et examine les politiques, technologies et approches utilis\u00e9es. Il s\u2019entretient avec les acteurs qui \u00e9laborent des solutions et contribuent \u00e0 faire la diff\u00e9rence dans les domaines du commerce, de l\u2019industrie, de la <\/p>\n","protected":false},"excerpt":{"rendered":"<p>Dans cette s\u00e9rie consacr\u00e9e aux leaders d\u2019opinion, Fady Jameel, Vice-pr\u00e9sident \u00e0 l\u2019international d\u2019Abdul Latif Jameel, examine en profondeur certains des probl\u00e8mes les plus urgents au monde. Fady nous parle des d\u00e9fis auxquels nous sommes confront\u00e9s et examine les politiques, technologies et approches utilis\u00e9es. Il s\u2019entretient avec les acteurs qui \u00e9laborent des solutions et contribuent \u00e0 [&hellip;]<\/p>\n","protected":false},"author":5,"featured_media":21111,"parent":53641,"menu_order":6,"comment_status":"closed","ping_status":"closed","template":"","meta":{"_acf_changed":true,"footnotes":""},"class_list":["post-53509","page","type-page","status-publish","has-post-thumbnail","hentry"],"acf":[],"yoast_head":"<!-- This site is optimized with the Yoast SEO plugin v26.5 - https:\/\/yoast.com\/wordpress\/plugins\/seo\/ -->\n<title>Spotlight by Fady Jameel - Abdul Latif Jameel<\/title>\n<meta name=\"robots\" content=\"noindex, follow, max-snippet:-1, max-image-preview:large, max-video-preview:-1\" \/>\n<meta property=\"og:locale\" content=\"fr_FR\" \/>\n<meta property=\"og:type\" content=\"article\" \/>\n<meta property=\"og:title\" content=\"Spotlight by Fady Jameel - Abdul Latif Jameel\" \/>\n<meta property=\"og:description\" content=\"Dans cette s\u00e9rie consacr\u00e9e aux leaders d\u2019opinion, Fady Jameel, Vice-pr\u00e9sident \u00e0 l\u2019international d\u2019Abdul Latif Jameel, examine en profondeur certains des probl\u00e8mes les plus urgents au monde. Fady nous parle des d\u00e9fis auxquels nous sommes confront\u00e9s et examine les politiques, technologies et approches utilis\u00e9es. Il s\u2019entretient avec les acteurs qui \u00e9laborent des solutions et contribuent \u00e0 [&hellip;]\" \/>\n<meta property=\"og:url\" content=\"https:\/\/cms.alj3.clients.lemonhq.io\/fr\/media-center\/spotlight-by-fady-jameel\/\" \/>\n<meta property=\"og:site_name\" content=\"Abdul Latif Jameel\" \/>\n<meta property=\"article:modified_time\" content=\"2026-04-14T05:45:21+00:00\" \/>\n<meta property=\"og:image\" content=\"https:\/\/media.alj3.clients.lemonhq.io\/wp-content\/uploads\/2024\/10\/wp-block-img-40.jpg\" \/>\n\t<meta property=\"og:image:width\" content=\"1920\" \/>\n\t<meta property=\"og:image:height\" content=\"1080\" \/>\n\t<meta property=\"og:image:type\" content=\"image\/jpeg\" \/>\n<meta name=\"twitter:card\" content=\"summary_large_image\" \/>\n<meta name=\"twitter:label1\" content=\"Dur\u00e9e de lecture estim\u00e9e\" \/>\n\t<meta name=\"twitter:data1\" content=\"1 minute\" \/>\n<script type=\"application\/ld+json\" class=\"yoast-schema-graph\">{\"@context\":\"https:\/\/schema.org\",\"@graph\":[{\"@type\":\"WebPage\",\"@id\":\"https:\/\/cms.alj3.clients.lemonhq.io\/fr\/media-center\/spotlight-by-fady-jameel\/\",\"url\":\"https:\/\/cms.alj3.clients.lemonhq.io\/fr\/media-center\/spotlight-by-fady-jameel\/\",\"name\":\"Spotlight by Fady Jameel - Abdul Latif Jameel\",\"isPartOf\":{\"@id\":\"https:\/\/cms.alj3.clients.lemonhq.io\/en\/#website\"},\"primaryImageOfPage\":{\"@id\":\"https:\/\/cms.alj3.clients.lemonhq.io\/fr\/media-center\/spotlight-by-fady-jameel\/#primaryimage\"},\"image\":{\"@id\":\"https:\/\/cms.alj3.clients.lemonhq.io\/fr\/media-center\/spotlight-by-fady-jameel\/#primaryimage\"},\"thumbnailUrl\":\"https:\/\/media.alj3.clients.lemonhq.io\/wp-content\/uploads\/2024\/10\/wp-block-img-40.jpg\",\"datePublished\":\"2024-09-30T08:22:27+00:00\",\"dateModified\":\"2026-04-14T05:45:21+00:00\",\"breadcrumb\":{\"@id\":\"https:\/\/cms.alj3.clients.lemonhq.io\/fr\/media-center\/spotlight-by-fady-jameel\/#breadcrumb\"},\"inLanguage\":\"fr-FR\",\"potentialAction\":[{\"@type\":\"ReadAction\",\"target\":[\"https:\/\/cms.alj3.clients.lemonhq.io\/fr\/media-center\/spotlight-by-fady-jameel\/\"]}]},{\"@type\":\"ImageObject\",\"inLanguage\":\"fr-FR\",\"@id\":\"https:\/\/cms.alj3.clients.lemonhq.io\/fr\/media-center\/spotlight-by-fady-jameel\/#primaryimage\",\"url\":\"https:\/\/media.alj3.clients.lemonhq.io\/wp-content\/uploads\/2024\/10\/wp-block-img-40.jpg\",\"contentUrl\":\"https:\/\/media.alj3.clients.lemonhq.io\/wp-content\/uploads\/2024\/10\/wp-block-img-40.jpg\",\"width\":1920,\"height\":1080},{\"@type\":\"BreadcrumbList\",\"@id\":\"https:\/\/cms.alj3.clients.lemonhq.io\/fr\/media-center\/spotlight-by-fady-jameel\/#breadcrumb\",\"itemListElement\":[{\"@type\":\"ListItem\",\"position\":1,\"name\":\"Home\",\"item\":\"https:\/\/cms.alj3.clients.lemonhq.io\/en\/\"},{\"@type\":\"ListItem\",\"position\":2,\"name\":\"Media Center\",\"item\":\"https:\/\/cms.alj3.clients.lemonhq.io\/fr\/media-center\/\"},{\"@type\":\"ListItem\",\"position\":3,\"name\":\"Spotlight by Fady Jameel\"}]},{\"@type\":\"WebSite\",\"@id\":\"https:\/\/cms.alj3.clients.lemonhq.io\/en\/#website\",\"url\":\"https:\/\/cms.alj3.clients.lemonhq.io\/en\/\",\"name\":\"Abdul Latif Jameel\",\"description\":\"\",\"potentialAction\":[{\"@type\":\"SearchAction\",\"target\":{\"@type\":\"EntryPoint\",\"urlTemplate\":\"https:\/\/cms.alj3.clients.lemonhq.io\/en\/?s={search_term_string}\"},\"query-input\":{\"@type\":\"PropertyValueSpecification\",\"valueRequired\":true,\"valueName\":\"search_term_string\"}}],\"inLanguage\":\"fr-FR\"}]}<\/script>\n<!-- \/ Yoast SEO plugin. -->","yoast_head_json":{"title":"Spotlight by Fady Jameel - Abdul Latif Jameel","robots":{"index":"noindex","follow":"follow","max-snippet":"max-snippet:-1","max-image-preview":"max-image-preview:large","max-video-preview":"max-video-preview:-1"},"og_locale":"fr_FR","og_type":"article","og_title":"Spotlight by Fady Jameel - Abdul Latif Jameel","og_description":"Dans cette s\u00e9rie consacr\u00e9e aux leaders d\u2019opinion, Fady Jameel, Vice-pr\u00e9sident \u00e0 l\u2019international d\u2019Abdul Latif Jameel, examine en profondeur certains des probl\u00e8mes les plus urgents au monde. Fady nous parle des d\u00e9fis auxquels nous sommes confront\u00e9s et examine les politiques, technologies et approches utilis\u00e9es. Il s\u2019entretient avec les acteurs qui \u00e9laborent des solutions et contribuent \u00e0 [&hellip;]","og_url":"https:\/\/cms.alj3.clients.lemonhq.io\/fr\/media-center\/spotlight-by-fady-jameel\/","og_site_name":"Abdul Latif Jameel","article_modified_time":"2026-04-14T05:45:21+00:00","og_image":[{"width":1920,"height":1080,"url":"https:\/\/media.alj3.clients.lemonhq.io\/wp-content\/uploads\/2024\/10\/wp-block-img-40.jpg","type":"image\/jpeg"}],"twitter_card":"summary_large_image","twitter_misc":{"Dur\u00e9e de lecture estim\u00e9e":"1 minute"},"schema":{"@context":"https:\/\/schema.org","@graph":[{"@type":"WebPage","@id":"https:\/\/cms.alj3.clients.lemonhq.io\/fr\/media-center\/spotlight-by-fady-jameel\/","url":"https:\/\/cms.alj3.clients.lemonhq.io\/fr\/media-center\/spotlight-by-fady-jameel\/","name":"Spotlight by Fady Jameel - Abdul Latif Jameel","isPartOf":{"@id":"https:\/\/cms.alj3.clients.lemonhq.io\/en\/#website"},"primaryImageOfPage":{"@id":"https:\/\/cms.alj3.clients.lemonhq.io\/fr\/media-center\/spotlight-by-fady-jameel\/#primaryimage"},"image":{"@id":"https:\/\/cms.alj3.clients.lemonhq.io\/fr\/media-center\/spotlight-by-fady-jameel\/#primaryimage"},"thumbnailUrl":"https:\/\/media.alj3.clients.lemonhq.io\/wp-content\/uploads\/2024\/10\/wp-block-img-40.jpg","datePublished":"2024-09-30T08:22:27+00:00","dateModified":"2026-04-14T05:45:21+00:00","breadcrumb":{"@id":"https:\/\/cms.alj3.clients.lemonhq.io\/fr\/media-center\/spotlight-by-fady-jameel\/#breadcrumb"},"inLanguage":"fr-FR","potentialAction":[{"@type":"ReadAction","target":["https:\/\/cms.alj3.clients.lemonhq.io\/fr\/media-center\/spotlight-by-fady-jameel\/"]}]},{"@type":"ImageObject","inLanguage":"fr-FR","@id":"https:\/\/cms.alj3.clients.lemonhq.io\/fr\/media-center\/spotlight-by-fady-jameel\/#primaryimage","url":"https:\/\/media.alj3.clients.lemonhq.io\/wp-content\/uploads\/2024\/10\/wp-block-img-40.jpg","contentUrl":"https:\/\/media.alj3.clients.lemonhq.io\/wp-content\/uploads\/2024\/10\/wp-block-img-40.jpg","width":1920,"height":1080},{"@type":"BreadcrumbList","@id":"https:\/\/cms.alj3.clients.lemonhq.io\/fr\/media-center\/spotlight-by-fady-jameel\/#breadcrumb","itemListElement":[{"@type":"ListItem","position":1,"name":"Home","item":"https:\/\/cms.alj3.clients.lemonhq.io\/en\/"},{"@type":"ListItem","position":2,"name":"Media Center","item":"https:\/\/cms.alj3.clients.lemonhq.io\/fr\/media-center\/"},{"@type":"ListItem","position":3,"name":"Spotlight by Fady Jameel"}]},{"@type":"WebSite","@id":"https:\/\/cms.alj3.clients.lemonhq.io\/en\/#website","url":"https:\/\/cms.alj3.clients.lemonhq.io\/en\/","name":"Abdul Latif Jameel","description":"","potentialAction":[{"@type":"SearchAction","target":{"@type":"EntryPoint","urlTemplate":"https:\/\/cms.alj3.clients.lemonhq.io\/en\/?s={search_term_string}"},"query-input":{"@type":"PropertyValueSpecification","valueRequired":true,"valueName":"search_term_string"}}],"inLanguage":"fr-FR"}]}},"_links":{"self":[{"href":"https:\/\/cms.alj3.clients.lemonhq.io\/fr\/wp-json\/wp\/v2\/pages\/53509","targetHints":{"allow":["GET"]}}],"collection":[{"href":"https:\/\/cms.alj3.clients.lemonhq.io\/fr\/wp-json\/wp\/v2\/pages"}],"about":[{"href":"https:\/\/cms.alj3.clients.lemonhq.io\/fr\/wp-json\/wp\/v2\/types\/page"}],"author":[{"embeddable":true,"href":"https:\/\/cms.alj3.clients.lemonhq.io\/fr\/wp-json\/wp\/v2\/users\/5"}],"replies":[{"embeddable":true,"href":"https:\/\/cms.alj3.clients.lemonhq.io\/fr\/wp-json\/wp\/v2\/comments?post=53509"}],"version-history":[{"count":0,"href":"https:\/\/cms.alj3.clients.lemonhq.io\/fr\/wp-json\/wp\/v2\/pages\/53509\/revisions"}],"up":[{"embeddable":true,"href":"https:\/\/cms.alj3.clients.lemonhq.io\/fr\/wp-json\/wp\/v2\/pages\/53641"}],"wp:featuredmedia":[{"embeddable":true,"href":"https:\/\/cms.alj3.clients.lemonhq.io\/fr\/wp-json\/wp\/v2\/media\/21111"}],"wp:attachment":[{"href":"https:\/\/cms.alj3.clients.lemonhq.io\/fr\/wp-json\/wp\/v2\/media?parent=53509"}],"curies":[{"name":"wp","href":"https:\/\/api.w.org\/{rel}","templated":true}]}}