{"id":53505,"date":"2024-11-07T07:36:37","date_gmt":"2024-11-07T07:36:37","guid":{"rendered":"https:\/\/cms.alj3.clients.lemonhq.io\/perspectives\/"},"modified":"2026-04-14T05:44:28","modified_gmt":"2026-04-14T05:44:28","slug":"perspectives","status":"publish","type":"page","link":"https:\/\/cms.alj3.clients.lemonhq.io\/fr\/media-center\/perspectives\/","title":{"rendered":"Perspectives"},"content":{"rendered":"\n<p><br>La s\u00e9rie d\u2019articles Perspectives d\u2019Abdul Latif Jameel sur le leadership \u00e9clair\u00e9 vous offre un aper\u00e7u int\u00e9ressant des d\u00e9fis et des opportunit\u00e9s dans les principaux secteurs d\u2019activit\u00e9, fa\u00e7onnant l\u2019avenir de notre \u00e9conomie mondiale.<\/p>\n\n\n\n<p>Il s\u2019agit notamment de la mobilit\u00e9, des services \u00e9nerg\u00e9tiques et environnementaux, des services financiers, de la sant\u00e9, etc. D\u00e9couvrez les derni\u00e8res \u00e9volutions et comment le r\u00e9seau d\u2019entreprises d\u2019Abdul Latif Jameel contribue \u00e0 b\u00e2tir un avenir plus beau pour tous. Vous pouvez \u00e9galement suivre notre cha\u00eene de podcasts d\u00e9di\u00e9e \u00e0 l\u2019IA g\u00e9n\u00e9rative, <a href=\"https:\/\/www.youtube.com\/playlist?list=PLHXEfCEwu45vB-drobcxiiidEUlGu4TO1\" target=\"_blank\" rel=\"noreferrer noopener\">The Jameel Cast<\/a>.<\/p>\n","protected":false},"excerpt":{"rendered":"<p>La s\u00e9rie d\u2019articles Perspectives d\u2019Abdul Latif Jameel sur le leadership \u00e9clair\u00e9 vous offre un aper\u00e7u int\u00e9ressant des d\u00e9fis et des opportunit\u00e9s dans les principaux secteurs d\u2019activit\u00e9, fa\u00e7onnant l\u2019avenir de notre \u00e9conomie mondiale. Il s\u2019agit notamment de la mobilit\u00e9, des services \u00e9nerg\u00e9tiques et environnementaux, des services financiers, de la sant\u00e9, etc. D\u00e9couvrez les derni\u00e8res \u00e9volutions et [&hellip;]<\/p>\n","protected":false},"author":4,"featured_media":21111,"parent":53641,"menu_order":0,"comment_status":"closed","ping_status":"closed","template":"","meta":{"_acf_changed":true,"footnotes":""},"class_list":["post-53505","page","type-page","status-publish","has-post-thumbnail","hentry"],"acf":[],"yoast_head":"<!-- This site is optimized with the Yoast SEO plugin v26.5 - https:\/\/yoast.com\/wordpress\/plugins\/seo\/ -->\n<title>Perspectives - Abdul Latif Jameel<\/title>\n<meta name=\"robots\" content=\"noindex, follow, max-snippet:-1, max-image-preview:large, max-video-preview:-1\" \/>\n<meta property=\"og:locale\" content=\"fr_FR\" \/>\n<meta property=\"og:type\" content=\"article\" \/>\n<meta property=\"og:title\" content=\"Perspectives - Abdul Latif Jameel\" \/>\n<meta property=\"og:description\" content=\"La s\u00e9rie d\u2019articles Perspectives d\u2019Abdul Latif Jameel sur le leadership \u00e9clair\u00e9 vous offre un aper\u00e7u int\u00e9ressant des d\u00e9fis et des opportunit\u00e9s dans les principaux secteurs d\u2019activit\u00e9, fa\u00e7onnant l\u2019avenir de notre \u00e9conomie mondiale. Il s\u2019agit notamment de la mobilit\u00e9, des services \u00e9nerg\u00e9tiques et environnementaux, des services financiers, de la sant\u00e9, etc. D\u00e9couvrez les derni\u00e8res \u00e9volutions et [&hellip;]\" \/>\n<meta property=\"og:url\" content=\"https:\/\/cms.alj3.clients.lemonhq.io\/fr\/media-center\/perspectives\/\" \/>\n<meta property=\"og:site_name\" content=\"Abdul Latif Jameel\" \/>\n<meta property=\"article:modified_time\" content=\"2026-04-14T05:44:28+00:00\" \/>\n<meta property=\"og:image\" content=\"https:\/\/media.alj3.clients.lemonhq.io\/wp-content\/uploads\/2024\/10\/wp-block-img-40.jpg\" \/>\n\t<meta property=\"og:image:width\" content=\"1920\" \/>\n\t<meta property=\"og:image:height\" content=\"1080\" \/>\n\t<meta property=\"og:image:type\" content=\"image\/jpeg\" \/>\n<meta name=\"twitter:card\" content=\"summary_large_image\" \/>\n<meta name=\"twitter:label1\" content=\"Dur\u00e9e de lecture estim\u00e9e\" \/>\n\t<meta name=\"twitter:data1\" content=\"1 minute\" \/>\n<script type=\"application\/ld+json\" class=\"yoast-schema-graph\">{\"@context\":\"https:\/\/schema.org\",\"@graph\":[{\"@type\":\"WebPage\",\"@id\":\"https:\/\/cms.alj3.clients.lemonhq.io\/fr\/media-center\/perspectives\/\",\"url\":\"https:\/\/cms.alj3.clients.lemonhq.io\/fr\/media-center\/perspectives\/\",\"name\":\"Perspectives - Abdul Latif Jameel\",\"isPartOf\":{\"@id\":\"https:\/\/cms.alj3.clients.lemonhq.io\/en\/#website\"},\"primaryImageOfPage\":{\"@id\":\"https:\/\/cms.alj3.clients.lemonhq.io\/fr\/media-center\/perspectives\/#primaryimage\"},\"image\":{\"@id\":\"https:\/\/cms.alj3.clients.lemonhq.io\/fr\/media-center\/perspectives\/#primaryimage\"},\"thumbnailUrl\":\"https:\/\/media.alj3.clients.lemonhq.io\/wp-content\/uploads\/2024\/10\/wp-block-img-40.jpg\",\"datePublished\":\"2024-11-07T07:36:37+00:00\",\"dateModified\":\"2026-04-14T05:44:28+00:00\",\"breadcrumb\":{\"@id\":\"https:\/\/cms.alj3.clients.lemonhq.io\/fr\/media-center\/perspectives\/#breadcrumb\"},\"inLanguage\":\"fr-FR\",\"potentialAction\":[{\"@type\":\"ReadAction\",\"target\":[\"https:\/\/cms.alj3.clients.lemonhq.io\/fr\/media-center\/perspectives\/\"]}]},{\"@type\":\"ImageObject\",\"inLanguage\":\"fr-FR\",\"@id\":\"https:\/\/cms.alj3.clients.lemonhq.io\/fr\/media-center\/perspectives\/#primaryimage\",\"url\":\"https:\/\/media.alj3.clients.lemonhq.io\/wp-content\/uploads\/2024\/10\/wp-block-img-40.jpg\",\"contentUrl\":\"https:\/\/media.alj3.clients.lemonhq.io\/wp-content\/uploads\/2024\/10\/wp-block-img-40.jpg\",\"width\":1920,\"height\":1080},{\"@type\":\"BreadcrumbList\",\"@id\":\"https:\/\/cms.alj3.clients.lemonhq.io\/fr\/media-center\/perspectives\/#breadcrumb\",\"itemListElement\":[{\"@type\":\"ListItem\",\"position\":1,\"name\":\"Home\",\"item\":\"https:\/\/cms.alj3.clients.lemonhq.io\/en\/\"},{\"@type\":\"ListItem\",\"position\":2,\"name\":\"Media Center\",\"item\":\"https:\/\/cms.alj3.clients.lemonhq.io\/fr\/media-center\/\"},{\"@type\":\"ListItem\",\"position\":3,\"name\":\"Perspectives\"}]},{\"@type\":\"WebSite\",\"@id\":\"https:\/\/cms.alj3.clients.lemonhq.io\/en\/#website\",\"url\":\"https:\/\/cms.alj3.clients.lemonhq.io\/en\/\",\"name\":\"Abdul Latif Jameel\",\"description\":\"\",\"potentialAction\":[{\"@type\":\"SearchAction\",\"target\":{\"@type\":\"EntryPoint\",\"urlTemplate\":\"https:\/\/cms.alj3.clients.lemonhq.io\/en\/?s={search_term_string}\"},\"query-input\":{\"@type\":\"PropertyValueSpecification\",\"valueRequired\":true,\"valueName\":\"search_term_string\"}}],\"inLanguage\":\"fr-FR\"}]}<\/script>\n<!-- \/ Yoast SEO plugin. -->","yoast_head_json":{"title":"Perspectives - Abdul Latif Jameel","robots":{"index":"noindex","follow":"follow","max-snippet":"max-snippet:-1","max-image-preview":"max-image-preview:large","max-video-preview":"max-video-preview:-1"},"og_locale":"fr_FR","og_type":"article","og_title":"Perspectives - Abdul Latif Jameel","og_description":"La s\u00e9rie d\u2019articles Perspectives d\u2019Abdul Latif Jameel sur le leadership \u00e9clair\u00e9 vous offre un aper\u00e7u int\u00e9ressant des d\u00e9fis et des opportunit\u00e9s dans les principaux secteurs d\u2019activit\u00e9, fa\u00e7onnant l\u2019avenir de notre \u00e9conomie mondiale. Il s\u2019agit notamment de la mobilit\u00e9, des services \u00e9nerg\u00e9tiques et environnementaux, des services financiers, de la sant\u00e9, etc. D\u00e9couvrez les derni\u00e8res \u00e9volutions et [&hellip;]","og_url":"https:\/\/cms.alj3.clients.lemonhq.io\/fr\/media-center\/perspectives\/","og_site_name":"Abdul Latif Jameel","article_modified_time":"2026-04-14T05:44:28+00:00","og_image":[{"width":1920,"height":1080,"url":"https:\/\/media.alj3.clients.lemonhq.io\/wp-content\/uploads\/2024\/10\/wp-block-img-40.jpg","type":"image\/jpeg"}],"twitter_card":"summary_large_image","twitter_misc":{"Dur\u00e9e de lecture estim\u00e9e":"1 minute"},"schema":{"@context":"https:\/\/schema.org","@graph":[{"@type":"WebPage","@id":"https:\/\/cms.alj3.clients.lemonhq.io\/fr\/media-center\/perspectives\/","url":"https:\/\/cms.alj3.clients.lemonhq.io\/fr\/media-center\/perspectives\/","name":"Perspectives - Abdul Latif Jameel","isPartOf":{"@id":"https:\/\/cms.alj3.clients.lemonhq.io\/en\/#website"},"primaryImageOfPage":{"@id":"https:\/\/cms.alj3.clients.lemonhq.io\/fr\/media-center\/perspectives\/#primaryimage"},"image":{"@id":"https:\/\/cms.alj3.clients.lemonhq.io\/fr\/media-center\/perspectives\/#primaryimage"},"thumbnailUrl":"https:\/\/media.alj3.clients.lemonhq.io\/wp-content\/uploads\/2024\/10\/wp-block-img-40.jpg","datePublished":"2024-11-07T07:36:37+00:00","dateModified":"2026-04-14T05:44:28+00:00","breadcrumb":{"@id":"https:\/\/cms.alj3.clients.lemonhq.io\/fr\/media-center\/perspectives\/#breadcrumb"},"inLanguage":"fr-FR","potentialAction":[{"@type":"ReadAction","target":["https:\/\/cms.alj3.clients.lemonhq.io\/fr\/media-center\/perspectives\/"]}]},{"@type":"ImageObject","inLanguage":"fr-FR","@id":"https:\/\/cms.alj3.clients.lemonhq.io\/fr\/media-center\/perspectives\/#primaryimage","url":"https:\/\/media.alj3.clients.lemonhq.io\/wp-content\/uploads\/2024\/10\/wp-block-img-40.jpg","contentUrl":"https:\/\/media.alj3.clients.lemonhq.io\/wp-content\/uploads\/2024\/10\/wp-block-img-40.jpg","width":1920,"height":1080},{"@type":"BreadcrumbList","@id":"https:\/\/cms.alj3.clients.lemonhq.io\/fr\/media-center\/perspectives\/#breadcrumb","itemListElement":[{"@type":"ListItem","position":1,"name":"Home","item":"https:\/\/cms.alj3.clients.lemonhq.io\/en\/"},{"@type":"ListItem","position":2,"name":"Media Center","item":"https:\/\/cms.alj3.clients.lemonhq.io\/fr\/media-center\/"},{"@type":"ListItem","position":3,"name":"Perspectives"}]},{"@type":"WebSite","@id":"https:\/\/cms.alj3.clients.lemonhq.io\/en\/#website","url":"https:\/\/cms.alj3.clients.lemonhq.io\/en\/","name":"Abdul Latif Jameel","description":"","potentialAction":[{"@type":"SearchAction","target":{"@type":"EntryPoint","urlTemplate":"https:\/\/cms.alj3.clients.lemonhq.io\/en\/?s={search_term_string}"},"query-input":{"@type":"PropertyValueSpecification","valueRequired":true,"valueName":"search_term_string"}}],"inLanguage":"fr-FR"}]}},"_links":{"self":[{"href":"https:\/\/cms.alj3.clients.lemonhq.io\/fr\/wp-json\/wp\/v2\/pages\/53505","targetHints":{"allow":["GET"]}}],"collection":[{"href":"https:\/\/cms.alj3.clients.lemonhq.io\/fr\/wp-json\/wp\/v2\/pages"}],"about":[{"href":"https:\/\/cms.alj3.clients.lemonhq.io\/fr\/wp-json\/wp\/v2\/types\/page"}],"author":[{"embeddable":true,"href":"https:\/\/cms.alj3.clients.lemonhq.io\/fr\/wp-json\/wp\/v2\/users\/4"}],"replies":[{"embeddable":true,"href":"https:\/\/cms.alj3.clients.lemonhq.io\/fr\/wp-json\/wp\/v2\/comments?post=53505"}],"version-history":[{"count":0,"href":"https:\/\/cms.alj3.clients.lemonhq.io\/fr\/wp-json\/wp\/v2\/pages\/53505\/revisions"}],"up":[{"embeddable":true,"href":"https:\/\/cms.alj3.clients.lemonhq.io\/fr\/wp-json\/wp\/v2\/pages\/53641"}],"wp:featuredmedia":[{"embeddable":true,"href":"https:\/\/cms.alj3.clients.lemonhq.io\/fr\/wp-json\/wp\/v2\/media\/21111"}],"wp:attachment":[{"href":"https:\/\/cms.alj3.clients.lemonhq.io\/fr\/wp-json\/wp\/v2\/media?parent=53505"}],"curies":[{"name":"wp","href":"https:\/\/api.w.org\/{rel}","templated":true}]}}