{"id":53471,"date":"2024-09-30T07:44:11","date_gmt":"2024-09-30T07:44:11","guid":{"rendered":"https:\/\/cms.alj3.clients.lemonhq.io\/locations\/"},"modified":"2026-04-01T23:33:04","modified_gmt":"2026-04-01T23:33:04","slug":"locations","status":"publish","type":"page","link":"https:\/\/cms.alj3.clients.lemonhq.io\/fr\/locations\/","title":{"rendered":"Nos implantations"},"content":{"rendered":"\n<h2 class=\"wp-block-heading\">Cr\u00e9er un avenir plus radieux . . . dans le monde entier<\/h2>\n\n\n\n<div class=\"wp-block-columns is-layout-flex wp-container-core-columns-is-layout-28f84493 wp-block-columns-is-layout-flex\">\n<div class=\"wp-block-column is-layout-flow wp-block-column-is-layout-flow\">\n<p class=\"has-medium-font-size\"><br>Depuis nos d\u00e9buts, nous avons explor\u00e9 de nouveaux march\u00e9s et d\u00e9velopp\u00e9 avec soin notre pr\u00e9sence \u00e0 l\u2019international, en nous implantant dans des pays et des continents offrant un grand potentiel.\u00a0<\/p>\n<\/div>\n\n\n\n<div class=\"wp-block-column is-layout-flow wp-block-column-is-layout-flow\">\n<p><br>Aujourd\u2019hui, notre r\u00e9seau d\u2019entreprises ind\u00e9pendantes continue d\u2019op\u00e9rer avec une approche fond\u00e9e sur une compr\u00e9hension profonde et un respect sinc\u00e8re des cultures et des communaut\u00e9s locales. Notre pr\u00e9sence s\u2019\u00e9tend dans plus de 30\u00a0pays partageant une vision commune\u00a0: notre d\u00e9termination \u00e0 \u0153uvrer pour un avenir plus beau.<\/p>\n<\/div>\n<\/div>\n\n\n\n<p><\/p>\n","protected":false},"excerpt":{"rendered":"<p>Cr\u00e9er un avenir plus radieux . . . dans le monde entier Depuis nos d\u00e9buts, nous avons explor\u00e9 de nouveaux march\u00e9s et d\u00e9velopp\u00e9 avec soin notre pr\u00e9sence \u00e0 l\u2019international, en nous implantant dans des pays et des continents offrant un grand potentiel.\u00a0 Aujourd\u2019hui, notre r\u00e9seau d\u2019entreprises ind\u00e9pendantes continue d\u2019op\u00e9rer avec une approche fond\u00e9e sur une [&hellip;]<\/p>\n","protected":false},"author":5,"featured_media":21411,"parent":0,"menu_order":11,"comment_status":"closed","ping_status":"closed","template":"","meta":{"_acf_changed":true,"footnotes":""},"class_list":["post-53471","page","type-page","status-publish","has-post-thumbnail","hentry"],"acf":[],"yoast_head":"<!-- This site is optimized with the Yoast SEO plugin v26.5 - https:\/\/yoast.com\/wordpress\/plugins\/seo\/ -->\n<title>Nos implantations - Abdul Latif Jameel<\/title>\n<meta name=\"robots\" content=\"noindex, follow, max-snippet:-1, max-image-preview:large, max-video-preview:-1\" \/>\n<meta property=\"og:locale\" content=\"fr_FR\" \/>\n<meta property=\"og:type\" content=\"article\" \/>\n<meta property=\"og:title\" content=\"Nos implantations - Abdul Latif Jameel\" \/>\n<meta property=\"og:description\" content=\"Cr\u00e9er un avenir plus radieux . . . dans le monde entier Depuis nos d\u00e9buts, nous avons explor\u00e9 de nouveaux march\u00e9s et d\u00e9velopp\u00e9 avec soin notre pr\u00e9sence \u00e0 l\u2019international, en nous implantant dans des pays et des continents offrant un grand potentiel.\u00a0 Aujourd\u2019hui, notre r\u00e9seau d\u2019entreprises ind\u00e9pendantes continue d\u2019op\u00e9rer avec une approche fond\u00e9e sur une [&hellip;]\" \/>\n<meta property=\"og:url\" content=\"https:\/\/cms.alj3.clients.lemonhq.io\/fr\/locations\/\" \/>\n<meta property=\"og:site_name\" content=\"Abdul Latif Jameel\" \/>\n<meta property=\"article:modified_time\" content=\"2026-04-01T23:33:04+00:00\" \/>\n<meta property=\"og:image\" content=\"https:\/\/media.alj3.clients.lemonhq.io\/wp-content\/uploads\/2024\/10\/location-heor-banner.jpg\" \/>\n\t<meta property=\"og:image:width\" content=\"1920\" \/>\n\t<meta property=\"og:image:height\" content=\"1080\" \/>\n\t<meta property=\"og:image:type\" content=\"image\/jpeg\" \/>\n<meta name=\"twitter:card\" content=\"summary_large_image\" \/>\n<meta name=\"twitter:label1\" content=\"Dur\u00e9e de lecture estim\u00e9e\" \/>\n\t<meta name=\"twitter:data1\" content=\"1 minute\" \/>\n<script type=\"application\/ld+json\" class=\"yoast-schema-graph\">{\"@context\":\"https:\/\/schema.org\",\"@graph\":[{\"@type\":\"WebPage\",\"@id\":\"https:\/\/cms.alj3.clients.lemonhq.io\/fr\/locations\/\",\"url\":\"https:\/\/cms.alj3.clients.lemonhq.io\/fr\/locations\/\",\"name\":\"Nos implantations - Abdul Latif Jameel\",\"isPartOf\":{\"@id\":\"https:\/\/10.0.2.222\/en\/#website\"},\"primaryImageOfPage\":{\"@id\":\"https:\/\/cms.alj3.clients.lemonhq.io\/fr\/locations\/#primaryimage\"},\"image\":{\"@id\":\"https:\/\/cms.alj3.clients.lemonhq.io\/fr\/locations\/#primaryimage\"},\"thumbnailUrl\":\"https:\/\/media.alj3.clients.lemonhq.io\/wp-content\/uploads\/2024\/10\/location-heor-banner.jpg\",\"datePublished\":\"2024-09-30T07:44:11+00:00\",\"dateModified\":\"2026-04-01T23:33:04+00:00\",\"breadcrumb\":{\"@id\":\"https:\/\/cms.alj3.clients.lemonhq.io\/fr\/locations\/#breadcrumb\"},\"inLanguage\":\"fr-FR\",\"potentialAction\":[{\"@type\":\"ReadAction\",\"target\":[\"https:\/\/cms.alj3.clients.lemonhq.io\/fr\/locations\/\"]}]},{\"@type\":\"ImageObject\",\"inLanguage\":\"fr-FR\",\"@id\":\"https:\/\/cms.alj3.clients.lemonhq.io\/fr\/locations\/#primaryimage\",\"url\":\"https:\/\/media.alj3.clients.lemonhq.io\/wp-content\/uploads\/2024\/10\/location-heor-banner.jpg\",\"contentUrl\":\"https:\/\/media.alj3.clients.lemonhq.io\/wp-content\/uploads\/2024\/10\/location-heor-banner.jpg\",\"width\":1920,\"height\":1080},{\"@type\":\"BreadcrumbList\",\"@id\":\"https:\/\/cms.alj3.clients.lemonhq.io\/fr\/locations\/#breadcrumb\",\"itemListElement\":[{\"@type\":\"ListItem\",\"position\":1,\"name\":\"Home\",\"item\":\"https:\/\/10.0.2.222\/en\/\"},{\"@type\":\"ListItem\",\"position\":2,\"name\":\"Nos implantations\"}]},{\"@type\":\"WebSite\",\"@id\":\"https:\/\/10.0.2.222\/en\/#website\",\"url\":\"https:\/\/10.0.2.222\/en\/\",\"name\":\"Abdul Latif Jameel\",\"description\":\"\",\"potentialAction\":[{\"@type\":\"SearchAction\",\"target\":{\"@type\":\"EntryPoint\",\"urlTemplate\":\"https:\/\/10.0.2.222\/en\/?s={search_term_string}\"},\"query-input\":{\"@type\":\"PropertyValueSpecification\",\"valueRequired\":true,\"valueName\":\"search_term_string\"}}],\"inLanguage\":\"fr-FR\"}]}<\/script>\n<!-- \/ Yoast SEO plugin. -->","yoast_head_json":{"title":"Nos implantations - Abdul Latif Jameel","robots":{"index":"noindex","follow":"follow","max-snippet":"max-snippet:-1","max-image-preview":"max-image-preview:large","max-video-preview":"max-video-preview:-1"},"og_locale":"fr_FR","og_type":"article","og_title":"Nos implantations - Abdul Latif Jameel","og_description":"Cr\u00e9er un avenir plus radieux . . . dans le monde entier Depuis nos d\u00e9buts, nous avons explor\u00e9 de nouveaux march\u00e9s et d\u00e9velopp\u00e9 avec soin notre pr\u00e9sence \u00e0 l\u2019international, en nous implantant dans des pays et des continents offrant un grand potentiel.\u00a0 Aujourd\u2019hui, notre r\u00e9seau d\u2019entreprises ind\u00e9pendantes continue d\u2019op\u00e9rer avec une approche fond\u00e9e sur une [&hellip;]","og_url":"https:\/\/cms.alj3.clients.lemonhq.io\/fr\/locations\/","og_site_name":"Abdul Latif Jameel","article_modified_time":"2026-04-01T23:33:04+00:00","og_image":[{"width":1920,"height":1080,"url":"https:\/\/media.alj3.clients.lemonhq.io\/wp-content\/uploads\/2024\/10\/location-heor-banner.jpg","type":"image\/jpeg"}],"twitter_card":"summary_large_image","twitter_misc":{"Dur\u00e9e de lecture estim\u00e9e":"1 minute"},"schema":{"@context":"https:\/\/schema.org","@graph":[{"@type":"WebPage","@id":"https:\/\/cms.alj3.clients.lemonhq.io\/fr\/locations\/","url":"https:\/\/cms.alj3.clients.lemonhq.io\/fr\/locations\/","name":"Nos implantations - Abdul Latif Jameel","isPartOf":{"@id":"https:\/\/10.0.2.222\/en\/#website"},"primaryImageOfPage":{"@id":"https:\/\/cms.alj3.clients.lemonhq.io\/fr\/locations\/#primaryimage"},"image":{"@id":"https:\/\/cms.alj3.clients.lemonhq.io\/fr\/locations\/#primaryimage"},"thumbnailUrl":"https:\/\/media.alj3.clients.lemonhq.io\/wp-content\/uploads\/2024\/10\/location-heor-banner.jpg","datePublished":"2024-09-30T07:44:11+00:00","dateModified":"2026-04-01T23:33:04+00:00","breadcrumb":{"@id":"https:\/\/cms.alj3.clients.lemonhq.io\/fr\/locations\/#breadcrumb"},"inLanguage":"fr-FR","potentialAction":[{"@type":"ReadAction","target":["https:\/\/cms.alj3.clients.lemonhq.io\/fr\/locations\/"]}]},{"@type":"ImageObject","inLanguage":"fr-FR","@id":"https:\/\/cms.alj3.clients.lemonhq.io\/fr\/locations\/#primaryimage","url":"https:\/\/media.alj3.clients.lemonhq.io\/wp-content\/uploads\/2024\/10\/location-heor-banner.jpg","contentUrl":"https:\/\/media.alj3.clients.lemonhq.io\/wp-content\/uploads\/2024\/10\/location-heor-banner.jpg","width":1920,"height":1080},{"@type":"BreadcrumbList","@id":"https:\/\/cms.alj3.clients.lemonhq.io\/fr\/locations\/#breadcrumb","itemListElement":[{"@type":"ListItem","position":1,"name":"Home","item":"https:\/\/10.0.2.222\/en\/"},{"@type":"ListItem","position":2,"name":"Nos implantations"}]},{"@type":"WebSite","@id":"https:\/\/10.0.2.222\/en\/#website","url":"https:\/\/10.0.2.222\/en\/","name":"Abdul Latif Jameel","description":"","potentialAction":[{"@type":"SearchAction","target":{"@type":"EntryPoint","urlTemplate":"https:\/\/10.0.2.222\/en\/?s={search_term_string}"},"query-input":{"@type":"PropertyValueSpecification","valueRequired":true,"valueName":"search_term_string"}}],"inLanguage":"fr-FR"}]}},"_links":{"self":[{"href":"https:\/\/cms.alj3.clients.lemonhq.io\/fr\/wp-json\/wp\/v2\/pages\/53471","targetHints":{"allow":["GET"]}}],"collection":[{"href":"https:\/\/cms.alj3.clients.lemonhq.io\/fr\/wp-json\/wp\/v2\/pages"}],"about":[{"href":"https:\/\/cms.alj3.clients.lemonhq.io\/fr\/wp-json\/wp\/v2\/types\/page"}],"author":[{"embeddable":true,"href":"https:\/\/cms.alj3.clients.lemonhq.io\/fr\/wp-json\/wp\/v2\/users\/5"}],"replies":[{"embeddable":true,"href":"https:\/\/cms.alj3.clients.lemonhq.io\/fr\/wp-json\/wp\/v2\/comments?post=53471"}],"version-history":[{"count":0,"href":"https:\/\/cms.alj3.clients.lemonhq.io\/fr\/wp-json\/wp\/v2\/pages\/53471\/revisions"}],"wp:featuredmedia":[{"embeddable":true,"href":"https:\/\/cms.alj3.clients.lemonhq.io\/fr\/wp-json\/wp\/v2\/media\/21411"}],"wp:attachment":[{"href":"https:\/\/cms.alj3.clients.lemonhq.io\/fr\/wp-json\/wp\/v2\/media?parent=53471"}],"curies":[{"name":"wp","href":"https:\/\/api.w.org\/{rel}","templated":true}]}}