{"id":53251,"date":"2024-09-30T07:43:06","date_gmt":"2024-09-30T07:43:06","guid":{"rendered":"https:\/\/cms.alj3.clients.lemonhq.io\/culture\/"},"modified":"2026-04-14T04:44:05","modified_gmt":"2026-04-14T04:44:05","slug":"culture","status":"publish","type":"page","link":"https:\/\/cms.alj3.clients.lemonhq.io\/fr\/culture\/","title":{"rendered":"Notre culture"},"content":{"rendered":"\n<div class=\"wp-block-group\"><div class=\"wp-block-group__inner-container is-layout-constrained wp-block-group-is-layout-constrained\"><div class=\"wp-bootstrap-blocks-container container mb-2\">\n\t\n\n<div class=\"wp-block-columns is-layout-flex wp-container-core-columns-is-layout-28f84493 wp-block-columns-is-layout-flex\">\n<div class=\"wp-block-column is-layout-flow wp-block-column-is-layout-flow\">\n<h4 class=\"wp-block-heading has-teal-color has-text-color has-link-color wp-elements-26a6f8533ea24568d94e89a8fb4ed5e9\">Nos valeurs et les Principes Jameel<\/h4>\n\n\n\n<h5 class=\"wp-block-heading\">&nbsp;Tout au long de notre \u00e9volution, nos valeurs fondamentales sont rest\u00e9es inchang\u00e9es, fid\u00e8les \u00e0 celles incarn\u00e9es et personnalis\u00e9es par notre regrett\u00e9 Fondateur, Abdul Latif Jameel.&nbsp;<\/h5>\n\n\n\n<p>&nbsp;Aujourd\u2019hui, ancr\u00e9es dans ce que nous appelons <strong>les Principes Jameel<\/strong>, elles constituent les fondations m\u00eames de notre entreprise commerciale. Elles sous-tendent qui nous sommes en tant qu\u2019entreprise et nous guident dans nos relations et interactions avec nos clients et partenaires commerciaux, et entre nous et les communaut\u00e9s dans lesquelles nous op\u00e9rons.&nbsp;<\/p>\n<\/div>\n\n\n\n<div class=\"wp-block-column is-layout-flow wp-block-column-is-layout-flow\" style=\"flex-basis:16%\"><\/div>\n\n\n\n<div class=\"wp-block-column is-layout-flow wp-block-column-is-layout-flow\">\n<figure class=\"wp-block-video\"><video height=\"2160\" style=\"aspect-ratio: 3840 \/ 2160;\" width=\"3840\" autoplay loop muted poster=\"https:\/\/media.alj3.clients.lemonhq.io\/wp-content\/uploads\/2024\/11\/the-jameel-principles-1.png\" src=\"https:\/\/media.alj3.clients.lemonhq.io\/wp-content\/uploads\/2024\/11\/Jameel-Principles-Intro-Animated-Logo-Animation-Postive-v1.0.mp4\"><\/video><\/figure>\n<\/div>\n<\/div>\n\n<\/div>\n<\/div><\/div>\n\n\n\n<div class=\"wp-block-group has-off-white-background-color has-background\"><div class=\"wp-block-group__inner-container is-layout-constrained wp-block-group-is-layout-constrained\"><div class=\"wp-bootstrap-blocks-container container mb-2\">\n\t\n\n<div class=\"wp-block-columns is-layout-flex wp-container-core-columns-is-layout-28f84493 wp-block-columns-is-layout-flex\">\n<div class=\"wp-block-column is-layout-flow wp-block-column-is-layout-flow\">\n<h4 class=\"wp-block-heading has-prussian-blue-color has-text-color has-link-color wp-elements-e3cf3121153ee6167bdc195404dcd710\"><strong>Principes directeurs pour une plus grande r\u00e9ussite<\/strong><\/h4>\n\n\n\n<h5 class=\"wp-block-heading\">Les Principes Jameel sont bas\u00e9s sur nos quatre valeurs fondamentales et sont les \u00e9l\u00e9ments fondamentaux de notre <a href=\"https:\/\/alj.com\/en\/perspective\/culture-club-the-role-of-corporate-culture-in-business-performance\/\" target=\"_blank\" rel=\"noreferrer noopener\">culture d\u2019entreprise partag\u00e9e.\u00a0<\/a><\/h5>\n\n\n\n<p>Sous sa direction, et soutenus par notre Pr\u00e9sident, <a href=\"\/fr\/our-people\/mohammed-abdul-latif-jameel\/\">Mohammed Jameel<\/a>, KBE, on les retrouve dans les g\u00e9n\u00e9rations successives de la famille Jameel et dans les priorit\u00e9s de notre entreprise et de nos collaborateurs au quotidien.<\/p>\n<\/div>\n\n\n\n<div class=\"wp-block-column is-layout-flow wp-block-column-is-layout-flow\">\n<figure class=\"wp-block-image size-large\"><img loading=\"lazy\" decoding=\"async\" width=\"1024\" height=\"213\" src=\"https:\/\/media.alj3.clients.lemonhq.io\/wp-content\/uploads\/2024\/10\/wp-block-img-44-1-1024x213.jpg\" alt=\"\" class=\"wp-image-21202\" srcset=\"https:\/\/media.alj3.clients.lemonhq.io\/wp-content\/uploads\/2024\/10\/wp-block-img-44-1-1024x213.jpg 1024w, https:\/\/media.alj3.clients.lemonhq.io\/wp-content\/uploads\/2024\/10\/wp-block-img-44-1-300x63.jpg 300w, https:\/\/media.alj3.clients.lemonhq.io\/wp-content\/uploads\/2024\/10\/wp-block-img-44-1-768x160.jpg 768w, https:\/\/media.alj3.clients.lemonhq.io\/wp-content\/uploads\/2024\/10\/wp-block-img-44-1-1536x320.jpg 1536w, https:\/\/media.alj3.clients.lemonhq.io\/wp-content\/uploads\/2024\/10\/wp-block-img-44-1-250x52.jpg 250w, https:\/\/media.alj3.clients.lemonhq.io\/wp-content\/uploads\/2024\/10\/wp-block-img-44-1.jpg 1920w\" sizes=\"auto, (max-width: 1024px) 100vw, 1024px\" \/><\/figure>\n\n\n\n<div class=\"culture-quote\" style=\"background-image:url('https:\/\/media.alj3.clients.lemonhq.io\/wp-content\/uploads\/2025\/11\/Group-44.png');\">\n  <p>\u201cEveryone who worked with me considered themselves family.\u201d<\/p>\n  <p>\u201cThe company is your home, and you are partner with us in it.\u201d<\/p>\n  <p class=\"pername\">Abdul Latif Jameel (1912-1993)<\/p>\n<\/div>\n<\/div>\n<\/div>\n\n<\/div>\n<\/div><\/div>\n\n\n<div class=\"customMediaBlock large   image-top ltr\">\n    <div class=\"blockImagebx\">\n        <img decoding=\"async\" class=\"img\" src=\"https:\/\/media.alj3.clients.lemonhq.io\/wp-content\/uploads\/2025\/11\/respect.png\"  alt=\"respect\" title=\"respect\">\n    <\/div>\n\n        <div class=\"contentRow\" style=\"background-color: #fdf9e9;\">\n        <!-- <div class=\"sectioncolor\" style=\"background-color: #fdf9e9;\"><\/div> -->\n        <div class=\"container\">\n            <div class=\"row\">\n            <div class=\"col-md-6\">\n                <div class=\"textbx\">\n                <h4><span style=\"color: #152546;\">Respect<\/span><\/h4>\n<h5 class=\"p1\">Le respect est l\u2019une de nos valeurs les plus importantes, et est profond\u00e9ment ancr\u00e9 chez <a href=\"\/fr\/\"><span class=\"s1\">Abdul Latif Jameel<\/span><\/a>. Nous sommes fiers d\u2019\u00eatre une entreprise responsable et de mener nos op\u00e9rations commerciales de fa\u00e7on int\u00e8gre et honn\u00eate.<\/h5>\n<p class=\"p1\">Cette approche se traduit dans notre respect pour nos Collaborateurs, nos clients, nos partenaires commerciaux et les soci\u00e9t\u00e9s dans lesquelles nous op\u00e9rons. Nous interagissons les uns avec les autres avec la plus grande sinc\u00e9rit\u00e9, \u00e9quit\u00e9 et \u00e9galit\u00e9, ind\u00e9pendamment du sexe, de l\u2019origine ethnique ou de la religion. Nous sommes \u00e0 l\u2019\u00e9coute pour comprendre les besoins et les pr\u00e9occupations des uns et des autres et nous faisons notre possible pour y r\u00e9pondre.<\/p>\n<ul>\n<li>Abdul Latif Jameel respecte le d\u00e9sir de croissance et de d\u00e9veloppement de nos Collaborateurs, de devenir de meilleurs professionnels et de mener une vie meilleure. Par cons\u00e9quent, tous s\u2019efforcent de cr\u00e9er une relation r\u00e9ciproque bas\u00e9e sur la confiance mutuelle, le respect et une responsabilit\u00e9 partag\u00e9e.<\/li>\n<li>Bien s\u00fbr, nous sommes conscients que nos clients auront toujours l\u2019embarras du choix. Nous travaillons donc dur afin de gagner leur confiance et leur loyaut\u00e9. Nous nous effor\u00e7ons toujours de nous mettre \u00e0 la place de nos clients, et travaillons sans rel\u00e2che pour nous am\u00e9liorer, anticiper et d\u00e9passer leurs attentes.<\/li>\n<li style=\"list-style-type: none;\"><\/li>\n<li>Nous collaborons avec nos partenaires commerciaux avec honneur, int\u00e9grit\u00e9, \u00e9quit\u00e9 et transparence, en nous effor\u00e7ant de trouver un terrain d\u2019entente pour garantir la r\u00e9ussite des deux parties<\/li>\n<li style=\"list-style-type: none;\"><\/li>\n<li>Nous sommes conscients que les entreprises ont un r\u00f4le vital \u00e0 jouer dans le soutien aux communaut\u00e9s, de par les opportunit\u00e9s qu\u2019elles offrent et en contribuant \u00e0 la croissance \u00e9conomique locale.<\/li>\n<li style=\"list-style-type: none;\"><\/li>\n<\/ul>\n<div class=\"culture-quote\" style=\"background-image: url('https:\/\/media.alj3.clients.lemonhq.io\/wp-content\/uploads\/2025\/11\/respect-quote.png');\">\n<p>\u201cThe world is built on mutual benefit \u2014 even friendship\u201d<\/p>\n<p>\u201cIf a merchant makes a promise and does not keep it, he fails and causes others to fail\u201d<\/p>\n<p style=\"text-align: right; font-size: 16px;\">Abdul Latif Jameel (1912\u20131993)<\/p>\n<\/div>\n            <\/div>\n        <\/div>\n        <\/div>\n        <\/div>\n    <\/div>\n    \n    <\/div>\n\n<div class=\"customMediaBlock large   image-top rtl\">\n    <div class=\"blockImagebx\">\n        <img decoding=\"async\" class=\"img\" src=\"https:\/\/media.alj3.clients.lemonhq.io\/wp-content\/uploads\/2025\/11\/improve.png\"  alt=\"improve\" title=\"improve\">\n    <\/div>\n\n        <div class=\"contentRow\" style=\"background-color: #f6ece7;\">\n        <!-- <div class=\"sectioncolor\" style=\"background-color: #f6ece7;\"><\/div> -->\n        <div class=\"container\">\n            <div class=\"row\">\n            <div class=\"col-md-6\">\n                <div class=\"textbx\">\n                <h4><span style=\"color: #152546;\">Am\u00e9lioration<\/span><\/h4>\n<h5 class=\"p1\">L\u2019am\u00e9lioration continue est l\u2019une de nos priorit\u00e9s\u00a0: nous nous remettons syst\u00e9matiquement en question afin de faire toujours mieux . . . pas seulement aujourd\u2019hui, mais tous les jours.<\/h5>\n<p class=\"p1\">Nous sommes pr\u00e9cis dans tout ce que nous entreprenons et nous avons le sens du d\u00e9tail, ce petit plus qui fait la diff\u00e9rence.<\/p>\n<p class=\"p1\">Avec ce principe au c\u0153ur de notre activit\u00e9, nous accordons une attention particuli\u00e8re \u00e0 l\u2019am\u00e9lioration continue de nos produits et services \u2013 incarn\u00e9e par notre adoption de la philosophie japonaise du Kaizen \u2013 afin d\u2019offrir une exp\u00e9rience exceptionnelle \u00e0 toutes les personnes avec lesquelles nous collaborons.<\/p>\n<div class=\"culture-quote\" style=\"background-image: url('https:\/\/media.alj3.clients.lemonhq.io\/wp-content\/uploads\/2025\/11\/improve-quote.png');\">\n<p>\u201cIf you face a problem, love it &#8211; because if\u2028you love it, you can solve it\u201d<\/p>\n<p style=\"text-align: right; font-size: 16px;\">Abdul Latif Jameel (1912\u20131993)<\/p>\n<\/div>\n            <\/div>\n        <\/div>\n        <\/div>\n        <\/div>\n    <\/div>\n    \n    <\/div>\n\n<div class=\"customMediaBlock large   image-top ltr\">\n    <div class=\"blockImagebx\">\n        <img decoding=\"async\" class=\"img\" src=\"https:\/\/media.alj3.clients.lemonhq.io\/wp-content\/uploads\/2025\/11\/pioneer.png\"  alt=\"pioneer\" title=\"pioneer\">\n    <\/div>\n\n        <div class=\"contentRow\" style=\"background-color: #4C27701A;\">\n        <!-- <div class=\"sectioncolor\" style=\"background-color: #4C27701A;\"><\/div> -->\n        <div class=\"container\">\n            <div class=\"row\">\n            <div class=\"col-md-6\">\n                <div class=\"textbx\">\n                <h4 class=\"p1\"><span style=\"color: #152546;\"><b>Innovation<\/b><\/span><\/h4>\n<h5 class=\"p1\">Chez Abdul Latif Jameel, nous consid\u00e9rons le d\u00e9fi comme une opportunit\u00e9\u00a0: nous recherchons toujours de nouvelles id\u00e9es et innovons pour faire une diff\u00e9rence r\u00e9elle et durable.<\/h5>\n<p class=\"p1\">Nous avons fait n\u00f4tre la vision engag\u00e9e de notre regrett\u00e9 Fondateur, fond\u00e9e sur une croissance respectueuse et r\u00e9fl\u00e9chie et sur la recherche syst\u00e9matique de l\u2019am\u00e9lioration. C\u2019est cet esprit pionnier qui nous permet d\u2019aller de l\u2019avant aujourd\u2019hui, de lib\u00e9rer un nouveau potentiel et de saisir de nouvelles opportunit\u00e9s.<\/p>\n<div class=\"culture-quote\" style=\"background-image: url('https:\/\/media.alj3.clients.lemonhq.io\/wp-content\/uploads\/2025\/11\/pioneer-quote.png');\">\n<p>\u201cThe world is built on mutual benefit -even friendship\u201d<\/p>\n<p>\u201cIf a merchant makes a promise and does not keep it, he fails and causes others to fail\u201d<\/p>\n<p style=\"text-align: right; font-size: 16px;\">Abdul Latif Jameel (1912\u20131993)<\/p>\n<\/div>\n            <\/div>\n        <\/div>\n        <\/div>\n        <\/div>\n    <\/div>\n    \n    <\/div>\n\n\n<div class=\"wp-block-group has-light-blue-background-color has-background\"><div class=\"wp-block-group__inner-container is-layout-constrained wp-block-group-is-layout-constrained\"><div class=\"wp-bootstrap-blocks-container container mb-2\">\n\t\n\n<div class=\"wp-block-columns is-layout-flex wp-container-core-columns-is-layout-28f84493 wp-block-columns-is-layout-flex\">\n<div class=\"wp-block-column is-layout-flow wp-block-column-is-layout-flow\">\n<h4 class=\"wp-block-heading has-prussian-blue-color has-text-color has-link-color wp-elements-964283d4ec475ebf3d10ca183e7556dd\"><strong>Autonomisation&nbsp;<\/strong><\/h4>\n\n\n\n<h5 class=\"wp-block-heading\">Nous croyons au pouvoir de nos collaborateurs.&nbsp;<\/h5>\n\n\n\n<p>C\u2019est pour cela que nous les encourageons et leur donnons la libert\u00e9 de contribuer \u00e0 la r\u00e9alisation de notre vision, en les responsabilisant. Nous les incitons \u00e0 prendre des d\u00e9cisions audacieuses, afin de permettre \u00e0 leur cr\u00e9ativit\u00e9 de s\u2019\u00e9panouir pour notre d\u00e9veloppement mutuel.<\/p>\n\n\n\n<div class=\"culture-quote\" style=\"background-image:url('https:\/\/media.alj3.clients.lemonhq.io\/wp-content\/uploads\/2025\/11\/empower-quote.png');\">\n  <p>\u201cEven if a child came to me and offered advice, if it was insightful I will seriously consider it.\u201d<\/p>\n  <p class=\"pername\">Abdul Latif Jameel (1912-1993)<\/p>\n<\/div>\n<\/div>\n\n\n\n<div class=\"wp-block-column is-layout-flow wp-block-column-is-layout-flow\">\n<figure class=\"wp-block-image size-full\"><img loading=\"lazy\" decoding=\"async\" width=\"810\" height=\"542\" src=\"https:\/\/media.alj3.clients.lemonhq.io\/wp-content\/uploads\/2025\/11\/empower-pantagon.png\" alt=\"\" class=\"wp-image-30173\" srcset=\"https:\/\/media.alj3.clients.lemonhq.io\/wp-content\/uploads\/2025\/11\/empower-pantagon.png 810w, https:\/\/media.alj3.clients.lemonhq.io\/wp-content\/uploads\/2025\/11\/empower-pantagon-300x201.png 300w, https:\/\/media.alj3.clients.lemonhq.io\/wp-content\/uploads\/2025\/11\/empower-pantagon-768x514.png 768w, https:\/\/media.alj3.clients.lemonhq.io\/wp-content\/uploads\/2025\/11\/empower-pantagon-250x167.png 250w\" sizes=\"auto, (max-width: 810px) 100vw, 810px\" \/><\/figure>\n<\/div>\n<\/div>\n\n<\/div>\n<\/div><\/div>\n","protected":false},"excerpt":{"rendered":"","protected":false},"author":5,"featured_media":30861,"parent":0,"menu_order":10,"comment_status":"closed","ping_status":"closed","template":"","meta":{"_acf_changed":true,"footnotes":""},"class_list":["post-53251","page","type-page","status-publish","has-post-thumbnail","hentry"],"acf":[],"yoast_head":"<!-- This site is optimized with the Yoast SEO plugin v26.5 - https:\/\/yoast.com\/wordpress\/plugins\/seo\/ -->\n<title>Notre culture - Abdul Latif Jameel<\/title>\n<meta name=\"robots\" content=\"noindex, follow, max-snippet:-1, max-image-preview:large, max-video-preview:-1\" \/>\n<meta property=\"og:locale\" content=\"fr_FR\" \/>\n<meta property=\"og:type\" content=\"article\" \/>\n<meta property=\"og:title\" content=\"Notre culture - Abdul Latif Jameel\" \/>\n<meta property=\"og:url\" content=\"https:\/\/cms.alj3.clients.lemonhq.io\/fr\/culture\/\" \/>\n<meta property=\"og:site_name\" content=\"Abdul Latif Jameel\" \/>\n<meta property=\"article:modified_time\" content=\"2026-04-14T04:44:05+00:00\" \/>\n<meta property=\"og:image\" content=\"https:\/\/media.alj3.clients.lemonhq.io\/wp-content\/uploads\/2025\/11\/culture-main-banner.png\" \/>\n\t<meta property=\"og:image:width\" content=\"2454\" \/>\n\t<meta property=\"og:image:height\" content=\"1784\" \/>\n\t<meta property=\"og:image:type\" content=\"image\/png\" \/>\n<meta name=\"twitter:card\" content=\"summary_large_image\" \/>\n<meta name=\"twitter:label1\" content=\"Dur\u00e9e de lecture estim\u00e9e\" \/>\n\t<meta name=\"twitter:data1\" content=\"2 minutes\" \/>\n<script type=\"application\/ld+json\" class=\"yoast-schema-graph\">{\"@context\":\"https:\/\/schema.org\",\"@graph\":[{\"@type\":\"WebPage\",\"@id\":\"https:\/\/cms.alj3.clients.lemonhq.io\/fr\/culture\/\",\"url\":\"https:\/\/cms.alj3.clients.lemonhq.io\/fr\/culture\/\",\"name\":\"Notre culture - Abdul Latif Jameel\",\"isPartOf\":{\"@id\":\"https:\/\/10.0.2.222\/en\/#website\"},\"primaryImageOfPage\":{\"@id\":\"https:\/\/cms.alj3.clients.lemonhq.io\/fr\/culture\/#primaryimage\"},\"image\":{\"@id\":\"https:\/\/cms.alj3.clients.lemonhq.io\/fr\/culture\/#primaryimage\"},\"thumbnailUrl\":\"https:\/\/media.alj3.clients.lemonhq.io\/wp-content\/uploads\/2025\/11\/culture-main-banner.png\",\"datePublished\":\"2024-09-30T07:43:06+00:00\",\"dateModified\":\"2026-04-14T04:44:05+00:00\",\"breadcrumb\":{\"@id\":\"https:\/\/cms.alj3.clients.lemonhq.io\/fr\/culture\/#breadcrumb\"},\"inLanguage\":\"fr-FR\",\"potentialAction\":[{\"@type\":\"ReadAction\",\"target\":[\"https:\/\/cms.alj3.clients.lemonhq.io\/fr\/culture\/\"]}]},{\"@type\":\"ImageObject\",\"inLanguage\":\"fr-FR\",\"@id\":\"https:\/\/cms.alj3.clients.lemonhq.io\/fr\/culture\/#primaryimage\",\"url\":\"https:\/\/media.alj3.clients.lemonhq.io\/wp-content\/uploads\/2025\/11\/culture-main-banner.png\",\"contentUrl\":\"https:\/\/media.alj3.clients.lemonhq.io\/wp-content\/uploads\/2025\/11\/culture-main-banner.png\",\"width\":2454,\"height\":1784},{\"@type\":\"BreadcrumbList\",\"@id\":\"https:\/\/cms.alj3.clients.lemonhq.io\/fr\/culture\/#breadcrumb\",\"itemListElement\":[{\"@type\":\"ListItem\",\"position\":1,\"name\":\"Home\",\"item\":\"https:\/\/10.0.2.222\/en\/\"},{\"@type\":\"ListItem\",\"position\":2,\"name\":\"Notre culture\"}]},{\"@type\":\"WebSite\",\"@id\":\"https:\/\/10.0.2.222\/en\/#website\",\"url\":\"https:\/\/10.0.2.222\/en\/\",\"name\":\"Abdul Latif Jameel\",\"description\":\"\",\"potentialAction\":[{\"@type\":\"SearchAction\",\"target\":{\"@type\":\"EntryPoint\",\"urlTemplate\":\"https:\/\/10.0.2.222\/en\/?s={search_term_string}\"},\"query-input\":{\"@type\":\"PropertyValueSpecification\",\"valueRequired\":true,\"valueName\":\"search_term_string\"}}],\"inLanguage\":\"fr-FR\"}]}<\/script>\n<!-- \/ Yoast SEO plugin. -->","yoast_head_json":{"title":"Notre culture - Abdul Latif Jameel","robots":{"index":"noindex","follow":"follow","max-snippet":"max-snippet:-1","max-image-preview":"max-image-preview:large","max-video-preview":"max-video-preview:-1"},"og_locale":"fr_FR","og_type":"article","og_title":"Notre culture - Abdul Latif Jameel","og_url":"https:\/\/cms.alj3.clients.lemonhq.io\/fr\/culture\/","og_site_name":"Abdul Latif Jameel","article_modified_time":"2026-04-14T04:44:05+00:00","og_image":[{"width":2454,"height":1784,"url":"https:\/\/media.alj3.clients.lemonhq.io\/wp-content\/uploads\/2025\/11\/culture-main-banner.png","type":"image\/png"}],"twitter_card":"summary_large_image","twitter_misc":{"Dur\u00e9e de lecture estim\u00e9e":"2 minutes"},"schema":{"@context":"https:\/\/schema.org","@graph":[{"@type":"WebPage","@id":"https:\/\/cms.alj3.clients.lemonhq.io\/fr\/culture\/","url":"https:\/\/cms.alj3.clients.lemonhq.io\/fr\/culture\/","name":"Notre culture - Abdul Latif Jameel","isPartOf":{"@id":"https:\/\/10.0.2.222\/en\/#website"},"primaryImageOfPage":{"@id":"https:\/\/cms.alj3.clients.lemonhq.io\/fr\/culture\/#primaryimage"},"image":{"@id":"https:\/\/cms.alj3.clients.lemonhq.io\/fr\/culture\/#primaryimage"},"thumbnailUrl":"https:\/\/media.alj3.clients.lemonhq.io\/wp-content\/uploads\/2025\/11\/culture-main-banner.png","datePublished":"2024-09-30T07:43:06+00:00","dateModified":"2026-04-14T04:44:05+00:00","breadcrumb":{"@id":"https:\/\/cms.alj3.clients.lemonhq.io\/fr\/culture\/#breadcrumb"},"inLanguage":"fr-FR","potentialAction":[{"@type":"ReadAction","target":["https:\/\/cms.alj3.clients.lemonhq.io\/fr\/culture\/"]}]},{"@type":"ImageObject","inLanguage":"fr-FR","@id":"https:\/\/cms.alj3.clients.lemonhq.io\/fr\/culture\/#primaryimage","url":"https:\/\/media.alj3.clients.lemonhq.io\/wp-content\/uploads\/2025\/11\/culture-main-banner.png","contentUrl":"https:\/\/media.alj3.clients.lemonhq.io\/wp-content\/uploads\/2025\/11\/culture-main-banner.png","width":2454,"height":1784},{"@type":"BreadcrumbList","@id":"https:\/\/cms.alj3.clients.lemonhq.io\/fr\/culture\/#breadcrumb","itemListElement":[{"@type":"ListItem","position":1,"name":"Home","item":"https:\/\/10.0.2.222\/en\/"},{"@type":"ListItem","position":2,"name":"Notre culture"}]},{"@type":"WebSite","@id":"https:\/\/10.0.2.222\/en\/#website","url":"https:\/\/10.0.2.222\/en\/","name":"Abdul Latif Jameel","description":"","potentialAction":[{"@type":"SearchAction","target":{"@type":"EntryPoint","urlTemplate":"https:\/\/10.0.2.222\/en\/?s={search_term_string}"},"query-input":{"@type":"PropertyValueSpecification","valueRequired":true,"valueName":"search_term_string"}}],"inLanguage":"fr-FR"}]}},"_links":{"self":[{"href":"https:\/\/cms.alj3.clients.lemonhq.io\/fr\/wp-json\/wp\/v2\/pages\/53251","targetHints":{"allow":["GET"]}}],"collection":[{"href":"https:\/\/cms.alj3.clients.lemonhq.io\/fr\/wp-json\/wp\/v2\/pages"}],"about":[{"href":"https:\/\/cms.alj3.clients.lemonhq.io\/fr\/wp-json\/wp\/v2\/types\/page"}],"author":[{"embeddable":true,"href":"https:\/\/cms.alj3.clients.lemonhq.io\/fr\/wp-json\/wp\/v2\/users\/5"}],"replies":[{"embeddable":true,"href":"https:\/\/cms.alj3.clients.lemonhq.io\/fr\/wp-json\/wp\/v2\/comments?post=53251"}],"version-history":[{"count":0,"href":"https:\/\/cms.alj3.clients.lemonhq.io\/fr\/wp-json\/wp\/v2\/pages\/53251\/revisions"}],"wp:featuredmedia":[{"embeddable":true,"href":"https:\/\/cms.alj3.clients.lemonhq.io\/fr\/wp-json\/wp\/v2\/media\/30861"}],"wp:attachment":[{"href":"https:\/\/cms.alj3.clients.lemonhq.io\/fr\/wp-json\/wp\/v2\/media?parent=53251"}],"curies":[{"name":"wp","href":"https:\/\/api.w.org\/{rel}","templated":true}]}}