{"id":53249,"date":"2024-09-30T07:42:29","date_gmt":"2024-09-30T07:42:29","guid":{"rendered":"https:\/\/cms.alj3.clients.lemonhq.io\/our-people\/"},"modified":"2026-04-13T14:13:31","modified_gmt":"2026-04-13T14:13:31","slug":"our-people","status":"publish","type":"page","link":"https:\/\/cms.alj3.clients.lemonhq.io\/fr\/our-people\/","title":{"rendered":"Notre \u00e9quipe"},"content":{"rendered":"\n<div class=\"wp-block-group section-padding\"><div class=\"wp-block-group__inner-container is-layout-constrained wp-block-group-is-layout-constrained\">\n<h2 class=\"wp-block-heading has-text-color has-link-color has-large-font-size wp-elements-f21316a76858cb7189d08d2c04b2b990\" style=\"color:#1d3258;font-style:normal;font-weight:400\">Notre \u00e9quipe est notre plus grande force<\/h2>\n\n\n\n<p class=\"has-medium-font-size\"><br>Anim\u00e9e du m\u00eame esprit pionnier et de la m\u00eame volont\u00e9 de d\u00e9velopper nos activit\u00e9s que notre Fondateur, l\u2019\u00e9quipe dirigeante actuelle continue de d\u00e9couvrir et de r\u00e9v\u00e9ler de nouveaux potentiels, tout en cr\u00e9ant de la valeur au sein d\u2019entreprises dont le monde tire un v\u00e9ritable b\u00e9n\u00e9fice.<\/p>\n\n\n\n<p><br>En investissant dans l\u2019\u00ab&nbsp;infrastructure de la vie&nbsp;\u00bb, nous d\u00e9veloppons des secteurs d\u2019activit\u00e9 strat\u00e9giques cl\u00e9s qui stimulent nos \u00e9conomies mondiales et am\u00e9liorent la vie des gens partout dans le monde.<\/p>\n<\/div><\/div>\n\n\n\n<div class=\"wp-block-group chairman-message-box section-padding pt-0 has-white-background-color has-background\"><div class=\"wp-block-group__inner-container is-layout-constrained wp-block-group-is-layout-constrained\">\n<h2 class=\"wp-block-heading has-text-align-left has-text-color has-link-color has-large-font-size wp-elements-9b93035367934a2f51f875cb9a32524c\" style=\"color:#1d3258;font-style:normal;font-weight:600\"><br>Un message de notre pr\u00e9sident<\/h2>\n\n\n\n<div class=\"wp-block-columns is-layout-flex wp-container-core-columns-is-layout-28f84493 wp-block-columns-is-layout-flex\">\n<div class=\"wp-block-column is-layout-flow wp-block-column-is-layout-flow\" style=\"flex-basis:40%\">\n<figure class=\"wp-block-image size-full\"><img loading=\"lazy\" decoding=\"async\" width=\"523\" height=\"676\" src=\"https:\/\/media.alj3.clients.lemonhq.io\/wp-content\/uploads\/2024\/10\/wp-block-img-42.jpg\" alt=\"\" class=\"wp-image-21125\" style=\"object-fit:cover\" srcset=\"https:\/\/media.alj3.clients.lemonhq.io\/wp-content\/uploads\/2024\/10\/wp-block-img-42.jpg 523w, https:\/\/media.alj3.clients.lemonhq.io\/wp-content\/uploads\/2024\/10\/wp-block-img-42-232x300.jpg 232w, https:\/\/media.alj3.clients.lemonhq.io\/wp-content\/uploads\/2024\/10\/wp-block-img-42-193x250.jpg 193w\" sizes=\"auto, (max-width: 523px) 100vw, 523px\" \/><\/figure>\n\n\n\n<p class=\"has-medium-font-size\" style=\"font-style:normal;font-weight:500\">Mohammed Jameel, KBE<\/p>\n\n\n\n<p class=\"mt-0\">Pr\u00e9sident<\/p>\n\n\n\n<p class=\"mt-0 has-teal-color has-text-color has-link-color wp-elements-0760ab25e52c473628bbf0de797705b6\"><a href=\"\/fr\/our-people\/mohammed-abdul-latif-jameel\/\">Voir la biographie<\/a><\/p>\n<\/div>\n\n\n\n<div class=\"wp-block-column is-layout-flow wp-block-column-is-layout-flow\" style=\"flex-basis:60%\">\n<p><br>Notre propre parcours en tant qu\u2019entreprise a fa\u00e7onn\u00e9 les personnes que nous sommes aujourd\u2019hui et la fa\u00e7on dont nous menons nos affaires.<\/p>\n\n\n\n<p>Depuis notre cr\u00e9ation, nous avons \u00e9volu\u00e9 pour devenir un investisseur mondial, un partenaire de confiance et un r\u00e9seau international d\u2019entreprises diversifi\u00e9es.<\/p>\n\n\n\n<p>Ce faisant, nous avons pris le temps d\u2019investir dans notre \u00e9quipe, de prendre conscience de la valeur du d\u00e9veloppement, de l\u2019am\u00e9lioration continue et de la recherche de l\u2019excellence \u2013 autant de qualit\u00e9s que nous attendons de nos \u00e9quipes dirigeantes du monde entier.<\/p>\n\n\n\n<p>Nos valeurs intrins\u00e8ques guident notre fa\u00e7on de travailler avec nos partenaires d\u2019affaires, au sein des communaut\u00e9s o\u00f9 nous op\u00e9rons et en collaboration mutuelle avec celles-ci. Fid\u00e8les aux valeurs de notre Fondateur, mon p\u00e8re, nous avons cr\u00e9\u00e9 une culture o\u00f9 les id\u00e9es peuvent \u00e9clore, les talents s\u2019\u00e9panouir et le succ\u00e8s prosp\u00e9rer. Ces valeurs \u2013 Respect, Innovation et Am\u00e9lioration continue, Esprit pionnier et Responsabilisation \u2013 sont incarn\u00e9es dans les Principes Jameel.<\/p>\n\n\n\n<p>Alors que notre monde devient de plus en plus volatil, incertain, complexe et ambigu, nous en constatons d\u00e9j\u00e0 les effets&nbsp;: des d\u00e9cisions difficiles, des situations conflictuelles et des arbitrages d\u00e9licats sont d\u00e9sormais la norme \u00e0 tous les niveaux de la soci\u00e9t\u00e9. Pour naviguer dans ce paysage en constante mutation, nous pouvons nous appuyer sur les qualit\u00e9s qui rendent Abdul Latif Jameel unique et durable&nbsp;: notre culture, les liens de confiance mutuelle que nous avons \u00e9tablis et le sens de la responsabilit\u00e9 personnelle de chaque Collaborateur. Celles-ci sont notre fondation&nbsp;: notre \u00e9toile polaire strat\u00e9gique.&nbsp;<\/p>\n\n\n\n<p>Confiant dans cette approche des affaires, je consid\u00e8re que c\u2019est la bonne strat\u00e9gie \u00e0 adopter pour une r\u00e9ussite durable \u00e0 long terme. Le proverbe pr\u00e9f\u00e9r\u00e9 de mon p\u00e8re est peut-\u00eatre plus pertinent aujourd\u2019hui que jamais&nbsp;: \u00ab&nbsp;Lorsque souffle le vent, chevauche-le\u2026<\/p>\n<\/div>\n<\/div>\n<\/div><\/div>\n","protected":false},"excerpt":{"rendered":"<p>Notre \u00e9quipe est notre plus grande force Anim\u00e9e du m\u00eame esprit pionnier et de la m\u00eame volont\u00e9 de d\u00e9velopper nos activit\u00e9s que notre Fondateur, l\u2019\u00e9quipe dirigeante actuelle continue de d\u00e9couvrir et de r\u00e9v\u00e9ler de nouveaux potentiels, tout en cr\u00e9ant de la valeur au sein d\u2019entreprises dont le monde tire un v\u00e9ritable b\u00e9n\u00e9fice. En investissant dans [&hellip;]<\/p>\n","protected":false},"author":5,"featured_media":21431,"parent":0,"menu_order":12,"comment_status":"closed","ping_status":"closed","template":"","meta":{"_acf_changed":true,"footnotes":""},"class_list":["post-53249","page","type-page","status-publish","has-post-thumbnail","hentry"],"acf":{"the_jameel_family_title":"The Jameel Family","the_jameel_family_members":[{"select_member":18285},{"select_member":18270},{"select_member":17633}],"executive_leadership_corporate_title":"Leadership","executive_leadership_corporate_members":[{"select_member":18308},{"select_member":18324},{"select_member":17641},{"select_member":17927},{"select_member":18340},{"select_member":17961},{"select_member":17945},{"select_member":18100}],"executive_leadership_business_sectors_title":"Executive Leadership - Business Sectors","executive_leadership_business_sectors_team_members":[{"select_member":18139},{"select_member":18085}],"mobility_corporate_title":"Mobility - Corporate","mobility_corporate_members":[{"select_member":18231},{"select_member":18174},{"select_member":18238},{"select_member":18242},{"select_member":18263},{"select_member":18213}],"mobility_international_title":"Mobility - International ","mobility_international_members":[{"select_member":17754},{"select_member":17788},{"select_member":17771},{"select_member":18122},{"select_member":17857},{"select_member":17804},{"select_member":17875},{"select_member":18157}],"mobility_saudi_arabia_title":"Mobility - Saudi Arabia","mobility_saudi_arabia_members":[{"select_member":17988},{"select_member":17821}],"financial_services_international_title":"Financial Services - International ","financial_services_international_members":[{"select_member":18045},{"select_member":18180},{"select_member":18029}],"financial_services_saudi_arabia_title":"Financial Services - Saudi Arabia","financial_services_saudi_arabia_members":[{"select_member":17978},{"select_member":18063}],"energy_international_title":"Energy - International","energy_international_members":[{"select_member":17670}],"environmental_services_international_title":"Environmental Services - International ","environmental_services_international_members":[{"select_member":17685}],"health_international_title":"Health - International","health_international_members":[{"select_member":17911}]},"yoast_head":"<!-- This site is optimized with the Yoast SEO plugin v26.5 - https:\/\/yoast.com\/wordpress\/plugins\/seo\/ -->\n<title>Notre \u00e9quipe - Abdul Latif Jameel<\/title>\n<meta name=\"robots\" content=\"noindex, follow, max-snippet:-1, max-image-preview:large, max-video-preview:-1\" \/>\n<meta property=\"og:locale\" content=\"fr_FR\" \/>\n<meta property=\"og:type\" content=\"article\" \/>\n<meta property=\"og:title\" content=\"Notre \u00e9quipe - Abdul Latif Jameel\" \/>\n<meta property=\"og:description\" content=\"Notre \u00e9quipe est notre plus grande force Anim\u00e9e du m\u00eame esprit pionnier et de la m\u00eame volont\u00e9 de d\u00e9velopper nos activit\u00e9s que notre Fondateur, l\u2019\u00e9quipe dirigeante actuelle continue de d\u00e9couvrir et de r\u00e9v\u00e9ler de nouveaux potentiels, tout en cr\u00e9ant de la valeur au sein d\u2019entreprises dont le monde tire un v\u00e9ritable b\u00e9n\u00e9fice. En investissant dans [&hellip;]\" \/>\n<meta property=\"og:url\" content=\"https:\/\/cms.alj3.clients.lemonhq.io\/fr\/our-people\/\" \/>\n<meta property=\"og:site_name\" content=\"Abdul Latif Jameel\" \/>\n<meta property=\"article:modified_time\" content=\"2026-04-13T14:13:31+00:00\" \/>\n<meta property=\"og:image\" content=\"https:\/\/media.alj3.clients.lemonhq.io\/wp-content\/uploads\/2024\/10\/people-hero-banner.jpg\" \/>\n\t<meta property=\"og:image:width\" content=\"1920\" \/>\n\t<meta property=\"og:image:height\" content=\"1080\" \/>\n\t<meta property=\"og:image:type\" content=\"image\/jpeg\" \/>\n<meta name=\"twitter:card\" content=\"summary_large_image\" \/>\n<meta name=\"twitter:label1\" content=\"Dur\u00e9e de lecture estim\u00e9e\" \/>\n\t<meta name=\"twitter:data1\" content=\"3 minutes\" \/>\n<script type=\"application\/ld+json\" class=\"yoast-schema-graph\">{\"@context\":\"https:\/\/schema.org\",\"@graph\":[{\"@type\":\"WebPage\",\"@id\":\"https:\/\/cms.alj3.clients.lemonhq.io\/fr\/our-people\/\",\"url\":\"https:\/\/cms.alj3.clients.lemonhq.io\/fr\/our-people\/\",\"name\":\"Notre \u00e9quipe - Abdul Latif Jameel\",\"isPartOf\":{\"@id\":\"https:\/\/cms.alj3.clients.lemonhq.io\/en\/#website\"},\"primaryImageOfPage\":{\"@id\":\"https:\/\/cms.alj3.clients.lemonhq.io\/fr\/our-people\/#primaryimage\"},\"image\":{\"@id\":\"https:\/\/cms.alj3.clients.lemonhq.io\/fr\/our-people\/#primaryimage\"},\"thumbnailUrl\":\"https:\/\/media.alj3.clients.lemonhq.io\/wp-content\/uploads\/2024\/10\/people-hero-banner.jpg\",\"datePublished\":\"2024-09-30T07:42:29+00:00\",\"dateModified\":\"2026-04-13T14:13:31+00:00\",\"breadcrumb\":{\"@id\":\"https:\/\/cms.alj3.clients.lemonhq.io\/fr\/our-people\/#breadcrumb\"},\"inLanguage\":\"fr-FR\",\"potentialAction\":[{\"@type\":\"ReadAction\",\"target\":[\"https:\/\/cms.alj3.clients.lemonhq.io\/fr\/our-people\/\"]}]},{\"@type\":\"ImageObject\",\"inLanguage\":\"fr-FR\",\"@id\":\"https:\/\/cms.alj3.clients.lemonhq.io\/fr\/our-people\/#primaryimage\",\"url\":\"https:\/\/media.alj3.clients.lemonhq.io\/wp-content\/uploads\/2024\/10\/people-hero-banner.jpg\",\"contentUrl\":\"https:\/\/media.alj3.clients.lemonhq.io\/wp-content\/uploads\/2024\/10\/people-hero-banner.jpg\",\"width\":1920,\"height\":1080},{\"@type\":\"BreadcrumbList\",\"@id\":\"https:\/\/cms.alj3.clients.lemonhq.io\/fr\/our-people\/#breadcrumb\",\"itemListElement\":[{\"@type\":\"ListItem\",\"position\":1,\"name\":\"Home\",\"item\":\"https:\/\/cms.alj3.clients.lemonhq.io\/en\/\"},{\"@type\":\"ListItem\",\"position\":2,\"name\":\"Notre \u00e9quipe\"}]},{\"@type\":\"WebSite\",\"@id\":\"https:\/\/cms.alj3.clients.lemonhq.io\/en\/#website\",\"url\":\"https:\/\/cms.alj3.clients.lemonhq.io\/en\/\",\"name\":\"Abdul Latif Jameel\",\"description\":\"\",\"potentialAction\":[{\"@type\":\"SearchAction\",\"target\":{\"@type\":\"EntryPoint\",\"urlTemplate\":\"https:\/\/cms.alj3.clients.lemonhq.io\/en\/?s={search_term_string}\"},\"query-input\":{\"@type\":\"PropertyValueSpecification\",\"valueRequired\":true,\"valueName\":\"search_term_string\"}}],\"inLanguage\":\"fr-FR\"}]}<\/script>\n<!-- \/ Yoast SEO plugin. -->","yoast_head_json":{"title":"Notre \u00e9quipe - Abdul Latif Jameel","robots":{"index":"noindex","follow":"follow","max-snippet":"max-snippet:-1","max-image-preview":"max-image-preview:large","max-video-preview":"max-video-preview:-1"},"og_locale":"fr_FR","og_type":"article","og_title":"Notre \u00e9quipe - Abdul Latif Jameel","og_description":"Notre \u00e9quipe est notre plus grande force Anim\u00e9e du m\u00eame esprit pionnier et de la m\u00eame volont\u00e9 de d\u00e9velopper nos activit\u00e9s que notre Fondateur, l\u2019\u00e9quipe dirigeante actuelle continue de d\u00e9couvrir et de r\u00e9v\u00e9ler de nouveaux potentiels, tout en cr\u00e9ant de la valeur au sein d\u2019entreprises dont le monde tire un v\u00e9ritable b\u00e9n\u00e9fice. En investissant dans [&hellip;]","og_url":"https:\/\/cms.alj3.clients.lemonhq.io\/fr\/our-people\/","og_site_name":"Abdul Latif Jameel","article_modified_time":"2026-04-13T14:13:31+00:00","og_image":[{"width":1920,"height":1080,"url":"https:\/\/media.alj3.clients.lemonhq.io\/wp-content\/uploads\/2024\/10\/people-hero-banner.jpg","type":"image\/jpeg"}],"twitter_card":"summary_large_image","twitter_misc":{"Dur\u00e9e de lecture estim\u00e9e":"3 minutes"},"schema":{"@context":"https:\/\/schema.org","@graph":[{"@type":"WebPage","@id":"https:\/\/cms.alj3.clients.lemonhq.io\/fr\/our-people\/","url":"https:\/\/cms.alj3.clients.lemonhq.io\/fr\/our-people\/","name":"Notre \u00e9quipe - Abdul Latif Jameel","isPartOf":{"@id":"https:\/\/cms.alj3.clients.lemonhq.io\/en\/#website"},"primaryImageOfPage":{"@id":"https:\/\/cms.alj3.clients.lemonhq.io\/fr\/our-people\/#primaryimage"},"image":{"@id":"https:\/\/cms.alj3.clients.lemonhq.io\/fr\/our-people\/#primaryimage"},"thumbnailUrl":"https:\/\/media.alj3.clients.lemonhq.io\/wp-content\/uploads\/2024\/10\/people-hero-banner.jpg","datePublished":"2024-09-30T07:42:29+00:00","dateModified":"2026-04-13T14:13:31+00:00","breadcrumb":{"@id":"https:\/\/cms.alj3.clients.lemonhq.io\/fr\/our-people\/#breadcrumb"},"inLanguage":"fr-FR","potentialAction":[{"@type":"ReadAction","target":["https:\/\/cms.alj3.clients.lemonhq.io\/fr\/our-people\/"]}]},{"@type":"ImageObject","inLanguage":"fr-FR","@id":"https:\/\/cms.alj3.clients.lemonhq.io\/fr\/our-people\/#primaryimage","url":"https:\/\/media.alj3.clients.lemonhq.io\/wp-content\/uploads\/2024\/10\/people-hero-banner.jpg","contentUrl":"https:\/\/media.alj3.clients.lemonhq.io\/wp-content\/uploads\/2024\/10\/people-hero-banner.jpg","width":1920,"height":1080},{"@type":"BreadcrumbList","@id":"https:\/\/cms.alj3.clients.lemonhq.io\/fr\/our-people\/#breadcrumb","itemListElement":[{"@type":"ListItem","position":1,"name":"Home","item":"https:\/\/cms.alj3.clients.lemonhq.io\/en\/"},{"@type":"ListItem","position":2,"name":"Notre \u00e9quipe"}]},{"@type":"WebSite","@id":"https:\/\/cms.alj3.clients.lemonhq.io\/en\/#website","url":"https:\/\/cms.alj3.clients.lemonhq.io\/en\/","name":"Abdul Latif Jameel","description":"","potentialAction":[{"@type":"SearchAction","target":{"@type":"EntryPoint","urlTemplate":"https:\/\/cms.alj3.clients.lemonhq.io\/en\/?s={search_term_string}"},"query-input":{"@type":"PropertyValueSpecification","valueRequired":true,"valueName":"search_term_string"}}],"inLanguage":"fr-FR"}]}},"_links":{"self":[{"href":"https:\/\/cms.alj3.clients.lemonhq.io\/fr\/wp-json\/wp\/v2\/pages\/53249","targetHints":{"allow":["GET"]}}],"collection":[{"href":"https:\/\/cms.alj3.clients.lemonhq.io\/fr\/wp-json\/wp\/v2\/pages"}],"about":[{"href":"https:\/\/cms.alj3.clients.lemonhq.io\/fr\/wp-json\/wp\/v2\/types\/page"}],"author":[{"embeddable":true,"href":"https:\/\/cms.alj3.clients.lemonhq.io\/fr\/wp-json\/wp\/v2\/users\/5"}],"replies":[{"embeddable":true,"href":"https:\/\/cms.alj3.clients.lemonhq.io\/fr\/wp-json\/wp\/v2\/comments?post=53249"}],"version-history":[{"count":0,"href":"https:\/\/cms.alj3.clients.lemonhq.io\/fr\/wp-json\/wp\/v2\/pages\/53249\/revisions"}],"wp:featuredmedia":[{"embeddable":true,"href":"https:\/\/cms.alj3.clients.lemonhq.io\/fr\/wp-json\/wp\/v2\/media\/21431"}],"wp:attachment":[{"href":"https:\/\/cms.alj3.clients.lemonhq.io\/fr\/wp-json\/wp\/v2\/media?parent=53249"}],"curies":[{"name":"wp","href":"https:\/\/api.w.org\/{rel}","templated":true}]}}