{"id":53245,"date":"2025-11-27T10:40:36","date_gmt":"2025-11-27T10:40:36","guid":{"rendered":"https:\/\/cms.alj3.clients.lemonhq.io\/a-legacy-of-value-and-trust\/"},"modified":"2026-04-14T04:41:01","modified_gmt":"2026-04-14T04:41:01","slug":"a-legacy-of-value-and-trust","status":"publish","type":"page","link":"https:\/\/cms.alj3.clients.lemonhq.io\/fr\/a-legacy-of-value-and-trust\/","title":{"rendered":"A legacy of value &amp; trust"},"content":{"rendered":"\n<div class=\"wp-block-group\"><div class=\"wp-block-group__inner-container is-layout-constrained wp-block-group-is-layout-constrained\"><div class=\"wp-bootstrap-blocks-container container mb-2\">\n\t\n\n<h2 class=\"wp-block-heading\">Nous c\u00e9l\u00e9brons plus de 75&nbsp;ans d\u2019histoire<\/h2>\n\n\n\n<p class=\"has-medium-font-size\">En 2020, nous nous sommes rassembl\u00e9s autour de nos Collaborateurs, clients, partenaires commerciaux et autres parties prenantes afin de c\u00e9l\u00e9brer ensemble notre 75<sup>e<\/sup> anniversaire.&nbsp;<\/p>\n\n\n\n<p class=\"has-medium-font-size\">Nous avons re\u00e7u de nombreux messages de f\u00e9licitations de la part de nos pr\u00e9cieux amis du monde entier&nbsp;; leur valeur demeure intacte et nous avons le plaisir de les partager ici.<\/p>\n\n<\/div>\n<\/div><\/div>\n\n\n<div class=\"customMediaBlock medium   image-top ltr\">\n    <div class=\"blockImagebx\">\n        <img decoding=\"async\" class=\"img\" src=\"https:\/\/media.alj3.clients.lemonhq.io\/wp-content\/uploads\/2025\/12\/stories-75-years.png\"  alt=\"\" title=\"stories-75-years\">\n    <\/div>\n\n        <div class=\"contentRow\" style=\"background-color: #D4D4D4;\">\n        <!-- <div class=\"sectioncolor\" style=\"background-color: #D4D4D4;\"><\/div> -->\n        <div class=\"container\">\n            <div class=\"row\">\n            <div class=\"col-md-6\">\n                <div class=\"textbx\">\n                <h4 class=\"p1\">75\u00a0ans \/ 75\u00a0voix \/ 75\u00a0histoires<\/h4>\n<h5>Le succ\u00e8s, c\u2019est rarement quelque chose que l\u2019on atteint seul. <a href=\"\/fr\/story\/\">Abdul Latif Jameel<\/a> n\u2019en est pas une exception et est fier d\u2019avoir pu compter sur de nombreuses parties prenantes et contributeurs tout au long de son histoire, son pr\u00e9sent, et son avenir bien s\u00fbr.<\/h5>\n<p class=\"p1\">Dans le cadre des c\u00e9l\u00e9brations de notre 75<span class=\"s1\"><sup>e<\/sup><\/span> anniversaire, nombre de ces amis, contributeurs, supporters et architectes de notre parcours ont tenu \u00e0 nous faire parvenir leurs propres messages de f\u00e9licitations.<\/p>\n<p class=\"p1\">Nous c\u00e9l\u00e9brons ceux qui ont rendu tout cela possible en partageant leurs messages ici.<\/p>\n            <\/div>\n        <\/div>\n        <\/div>\n        <\/div>\n    <\/div>\n    \n    <\/div>\n\n<div class=\"lazyblock-our-story-block-18bjWD align  wp-block-lazyblock-our-story-block\"><div id=\"gatsbyshortcodestory\"><\/div>\n<div class=\"wpBlockDummyImage\">\n  <img style=\"width:100%;\"src=\"https:\/\/media.alj3.clients.lemonhq.io\/wp-content\/uploads\/2025\/11\/our-stories-filter.png\" \/>\n<\/div><\/div>\n\n\n<div class=\"wp-block-group story-highlight-container has-light-sand-background-color has-background\"><div class=\"wp-block-group__inner-container is-layout-constrained wp-block-group-is-layout-constrained\">\n<h1 class=\"wp-block-heading has-text-align-left container fw-normal has-large-font-size\">Vers 2030<\/h1>\n\n\n\n<div class=\"wp-block-columns container is-layout-flex wp-container-core-columns-is-layout-28f84493 wp-block-columns-is-layout-flex\">\n<div class=\"wp-block-column is-layout-flow wp-block-column-is-layout-flow\" style=\"flex-basis:66.66%\">\n<figure class=\"wp-block-video\"><video height=\"720\" style=\"aspect-ratio: 1280 \/ 720;\" width=\"1280\" controls poster=\"https:\/\/media.alj3.clients.lemonhq.io\/wp-content\/uploads\/2025\/12\/Video-Poster-Image-1.jpg\" src=\"https:\/\/media.alj3.clients.lemonhq.io\/wp-content\/uploads\/2025\/12\/Towards-2030_-The-Jameel-family-the-UN-Sustainable-Development-Goals-EN-VO_EN-Subs-16x9-COMP.mp4\"><\/video><\/figure>\n\n\n\n<h2 class=\"wp-block-heading has-large-font-size\" style=\"font-style:normal;font-weight:400\">La famille Jameel &amp; les objectifs de d\u00e9veloppement durable des Nations Unies<\/h2>\n\n\n\n<p class=\"has-medium-font-size\">Depuis ses origines, la famille Jameel a men\u00e9 ses activit\u00e9s de mani\u00e8re responsable et r\u00e9fl\u00e9chie. Au c\u0153ur de cette approche r\u00e9side notre engagement constant en faveur de l\u2019am\u00e9lioration continue et de la cr\u00e9ation d\u2019un monde meilleur pour tous, gr\u00e2ce \u00e0 des investissements dans les infrastructures de la vie.<\/p>\n\n\n\n<p>C\u00e9l\u00e9brer notre 75<sup>e<\/sup> anniversaire n\u2019\u00e9tait pas qu\u2019une question d\u2019histoire&nbsp;; il s\u2019agissait \u00e9galement de mettre en lumi\u00e8re notre avenir et la mani\u00e8re dont nous pouvons continuer \u00e0 contribuer \u00e0 un lendemain plus beau, tel que d\u00e9fini par l\u2019&nbsp;Agenda 2030&prime;&nbsp;des Nations Unies et ses Objectifs de d\u00e9veloppement durable (ODD).<\/p>\n\n\n\n<p>Bien que nous souhaiterions apporter notre contribution, m\u00eame modeste, \u00e0 l\u2019ensemble des dix-sept ODD, nous avons la possibilit\u00e9 de cr\u00e9er un impact plus imm\u00e9diat et direct pour certains \u2013 et c\u2019est l\u00e0 que nous concentrons nos efforts.<\/p>\n<\/div>\n\n\n\n<div class=\"wp-block-column is-layout-flow wp-block-column-is-layout-flow\" style=\"flex-basis:33.33%\">\n<figure class=\"wp-block-image size-full\"><img loading=\"lazy\" decoding=\"async\" width=\"533\" height=\"755\" src=\"https:\/\/media.alj3.clients.lemonhq.io\/wp-content\/uploads\/2024\/10\/wp-block-img-41.jpg\" alt=\"\" class=\"wp-image-21100\" srcset=\"https:\/\/media.alj3.clients.lemonhq.io\/wp-content\/uploads\/2024\/10\/wp-block-img-41.jpg 533w, https:\/\/media.alj3.clients.lemonhq.io\/wp-content\/uploads\/2024\/10\/wp-block-img-41-212x300.jpg 212w, https:\/\/media.alj3.clients.lemonhq.io\/wp-content\/uploads\/2024\/10\/wp-block-img-41-176x250.jpg 176w\" sizes=\"auto, (max-width: 533px) 100vw, 533px\" \/><\/figure>\n\n\n\n<p class=\"has-medium-font-size\" style=\"font-style:normal;font-weight:600\"><strong>Towards 2030:<\/strong><br><strong>The Jameel Family &amp; the UN Sustainable Development Goals<\/strong><\/p>\n\n\n\n<p class=\"teal-sapphire has-link-color wp-elements-22610b6e6dfe49e0b772c56e918244bc\">Download our report <a href=\"https:\/\/media.alj3.clients.lemonhq.io\/wp-content\/uploads\/2024\/11\/Abdul-Latif-Jameel-Community-Jameel-UN-SDGs-Activities-Published-v3.7PS-28-04-2021-3.pdf\" target=\"_blank\" rel=\"noreferrer noopener\">here<\/a><\/p>\n<\/div>\n<\/div>\n<\/div><\/div>\n","protected":false},"excerpt":{"rendered":"<p>Vers 2030 La famille Jameel &amp; les objectifs de d\u00e9veloppement durable des Nations Unies Depuis ses origines, la famille Jameel a men\u00e9 ses activit\u00e9s de mani\u00e8re responsable et r\u00e9fl\u00e9chie. Au c\u0153ur de cette approche r\u00e9side notre engagement constant en faveur de l\u2019am\u00e9lioration continue et de la cr\u00e9ation d\u2019un monde meilleur pour tous, gr\u00e2ce \u00e0 des [&hellip;]<\/p>\n","protected":false},"author":4,"featured_media":27681,"parent":0,"menu_order":0,"comment_status":"closed","ping_status":"closed","template":"","meta":{"_acf_changed":true,"footnotes":""},"class_list":["post-53245","page","type-page","status-publish","has-post-thumbnail","hentry"],"acf":{"perspective_data":[{"select_article":54563},{"select_article":14719},{"select_article":14771},{"select_article":14842},{"select_article":14891}]},"yoast_head":"<!-- This site is optimized with the Yoast SEO plugin v26.5 - https:\/\/yoast.com\/wordpress\/plugins\/seo\/ -->\n<title>A legacy of value &amp; trust - Abdul Latif Jameel<\/title>\n<meta name=\"description\" content=\"From the very beginning, the Jameel Family has conducted business in a thoughtful and considered way. Within this approach, sits our ongoing commitment to continuous improvement and to making the world a better place for all, through investing in the infrastructure of life.\" \/>\n<meta name=\"robots\" content=\"noindex, follow, max-snippet:-1, max-image-preview:large, max-video-preview:-1\" \/>\n<meta property=\"og:locale\" content=\"fr_FR\" \/>\n<meta property=\"og:type\" content=\"article\" \/>\n<meta property=\"og:title\" content=\"A legacy of value &amp; trust - Abdul Latif Jameel\" \/>\n<meta property=\"og:description\" content=\"From the very beginning, the Jameel Family has conducted business in a thoughtful and considered way. Within this approach, sits our ongoing commitment to continuous improvement and to making the world a better place for all, through investing in the infrastructure of life.\" \/>\n<meta property=\"og:url\" content=\"https:\/\/cms.alj3.clients.lemonhq.io\/fr\/a-legacy-of-value-and-trust\/\" \/>\n<meta property=\"og:site_name\" content=\"Abdul Latif Jameel\" \/>\n<meta property=\"article:modified_time\" content=\"2026-04-14T04:41:01+00:00\" \/>\n<meta property=\"og:image\" content=\"https:\/\/media.alj3.clients.lemonhq.io\/wp-content\/uploads\/2025\/02\/alj-stories-hero-banner.jpg\" \/>\n\t<meta property=\"og:image:width\" content=\"1920\" \/>\n\t<meta property=\"og:image:height\" content=\"1080\" \/>\n\t<meta property=\"og:image:type\" content=\"image\/jpeg\" \/>\n<meta name=\"twitter:card\" content=\"summary_large_image\" \/>\n<meta name=\"twitter:label1\" content=\"Dur\u00e9e de lecture estim\u00e9e\" \/>\n\t<meta name=\"twitter:data1\" content=\"2 minutes\" \/>\n<script type=\"application\/ld+json\" class=\"yoast-schema-graph\">{\"@context\":\"https:\/\/schema.org\",\"@graph\":[{\"@type\":\"WebPage\",\"@id\":\"https:\/\/cms.alj3.clients.lemonhq.io\/fr\/a-legacy-of-value-and-trust\/\",\"url\":\"https:\/\/cms.alj3.clients.lemonhq.io\/fr\/a-legacy-of-value-and-trust\/\",\"name\":\"A legacy of value &amp; trust - Abdul Latif Jameel\",\"isPartOf\":{\"@id\":\"https:\/\/cms.alj3.clients.lemonhq.io\/en\/#website\"},\"primaryImageOfPage\":{\"@id\":\"https:\/\/cms.alj3.clients.lemonhq.io\/fr\/a-legacy-of-value-and-trust\/#primaryimage\"},\"image\":{\"@id\":\"https:\/\/cms.alj3.clients.lemonhq.io\/fr\/a-legacy-of-value-and-trust\/#primaryimage\"},\"thumbnailUrl\":\"https:\/\/media.alj3.clients.lemonhq.io\/wp-content\/uploads\/2025\/02\/alj-stories-hero-banner.jpg\",\"datePublished\":\"2025-11-27T10:40:36+00:00\",\"dateModified\":\"2026-04-14T04:41:01+00:00\",\"description\":\"From the very beginning, the Jameel Family has conducted business in a thoughtful and considered way. Within this approach, sits our ongoing commitment to continuous improvement and to making the world a better place for all, through investing in the infrastructure of life.\",\"breadcrumb\":{\"@id\":\"https:\/\/cms.alj3.clients.lemonhq.io\/fr\/a-legacy-of-value-and-trust\/#breadcrumb\"},\"inLanguage\":\"fr-FR\",\"potentialAction\":[{\"@type\":\"ReadAction\",\"target\":[\"https:\/\/cms.alj3.clients.lemonhq.io\/fr\/a-legacy-of-value-and-trust\/\"]}]},{\"@type\":\"ImageObject\",\"inLanguage\":\"fr-FR\",\"@id\":\"https:\/\/cms.alj3.clients.lemonhq.io\/fr\/a-legacy-of-value-and-trust\/#primaryimage\",\"url\":\"https:\/\/media.alj3.clients.lemonhq.io\/wp-content\/uploads\/2025\/02\/alj-stories-hero-banner.jpg\",\"contentUrl\":\"https:\/\/media.alj3.clients.lemonhq.io\/wp-content\/uploads\/2025\/02\/alj-stories-hero-banner.jpg\",\"width\":1920,\"height\":1080},{\"@type\":\"BreadcrumbList\",\"@id\":\"https:\/\/cms.alj3.clients.lemonhq.io\/fr\/a-legacy-of-value-and-trust\/#breadcrumb\",\"itemListElement\":[{\"@type\":\"ListItem\",\"position\":1,\"name\":\"Home\",\"item\":\"https:\/\/cms.alj3.clients.lemonhq.io\/en\/\"},{\"@type\":\"ListItem\",\"position\":2,\"name\":\"A legacy of value &amp; trust\"}]},{\"@type\":\"WebSite\",\"@id\":\"https:\/\/cms.alj3.clients.lemonhq.io\/en\/#website\",\"url\":\"https:\/\/cms.alj3.clients.lemonhq.io\/en\/\",\"name\":\"Abdul Latif Jameel\",\"description\":\"\",\"potentialAction\":[{\"@type\":\"SearchAction\",\"target\":{\"@type\":\"EntryPoint\",\"urlTemplate\":\"https:\/\/cms.alj3.clients.lemonhq.io\/en\/?s={search_term_string}\"},\"query-input\":{\"@type\":\"PropertyValueSpecification\",\"valueRequired\":true,\"valueName\":\"search_term_string\"}}],\"inLanguage\":\"fr-FR\"}]}<\/script>\n<!-- \/ Yoast SEO plugin. -->","yoast_head_json":{"title":"A legacy of value &amp; trust - Abdul Latif Jameel","description":"From the very beginning, the Jameel Family has conducted business in a thoughtful and considered way. Within this approach, sits our ongoing commitment to continuous improvement and to making the world a better place for all, through investing in the infrastructure of life.","robots":{"index":"noindex","follow":"follow","max-snippet":"max-snippet:-1","max-image-preview":"max-image-preview:large","max-video-preview":"max-video-preview:-1"},"og_locale":"fr_FR","og_type":"article","og_title":"A legacy of value &amp; trust - Abdul Latif Jameel","og_description":"From the very beginning, the Jameel Family has conducted business in a thoughtful and considered way. Within this approach, sits our ongoing commitment to continuous improvement and to making the world a better place for all, through investing in the infrastructure of life.","og_url":"https:\/\/cms.alj3.clients.lemonhq.io\/fr\/a-legacy-of-value-and-trust\/","og_site_name":"Abdul Latif Jameel","article_modified_time":"2026-04-14T04:41:01+00:00","og_image":[{"width":1920,"height":1080,"url":"https:\/\/media.alj3.clients.lemonhq.io\/wp-content\/uploads\/2025\/02\/alj-stories-hero-banner.jpg","type":"image\/jpeg"}],"twitter_card":"summary_large_image","twitter_misc":{"Dur\u00e9e de lecture estim\u00e9e":"2 minutes"},"schema":{"@context":"https:\/\/schema.org","@graph":[{"@type":"WebPage","@id":"https:\/\/cms.alj3.clients.lemonhq.io\/fr\/a-legacy-of-value-and-trust\/","url":"https:\/\/cms.alj3.clients.lemonhq.io\/fr\/a-legacy-of-value-and-trust\/","name":"A legacy of value &amp; trust - Abdul Latif Jameel","isPartOf":{"@id":"https:\/\/cms.alj3.clients.lemonhq.io\/en\/#website"},"primaryImageOfPage":{"@id":"https:\/\/cms.alj3.clients.lemonhq.io\/fr\/a-legacy-of-value-and-trust\/#primaryimage"},"image":{"@id":"https:\/\/cms.alj3.clients.lemonhq.io\/fr\/a-legacy-of-value-and-trust\/#primaryimage"},"thumbnailUrl":"https:\/\/media.alj3.clients.lemonhq.io\/wp-content\/uploads\/2025\/02\/alj-stories-hero-banner.jpg","datePublished":"2025-11-27T10:40:36+00:00","dateModified":"2026-04-14T04:41:01+00:00","description":"From the very beginning, the Jameel Family has conducted business in a thoughtful and considered way. Within this approach, sits our ongoing commitment to continuous improvement and to making the world a better place for all, through investing in the infrastructure of life.","breadcrumb":{"@id":"https:\/\/cms.alj3.clients.lemonhq.io\/fr\/a-legacy-of-value-and-trust\/#breadcrumb"},"inLanguage":"fr-FR","potentialAction":[{"@type":"ReadAction","target":["https:\/\/cms.alj3.clients.lemonhq.io\/fr\/a-legacy-of-value-and-trust\/"]}]},{"@type":"ImageObject","inLanguage":"fr-FR","@id":"https:\/\/cms.alj3.clients.lemonhq.io\/fr\/a-legacy-of-value-and-trust\/#primaryimage","url":"https:\/\/media.alj3.clients.lemonhq.io\/wp-content\/uploads\/2025\/02\/alj-stories-hero-banner.jpg","contentUrl":"https:\/\/media.alj3.clients.lemonhq.io\/wp-content\/uploads\/2025\/02\/alj-stories-hero-banner.jpg","width":1920,"height":1080},{"@type":"BreadcrumbList","@id":"https:\/\/cms.alj3.clients.lemonhq.io\/fr\/a-legacy-of-value-and-trust\/#breadcrumb","itemListElement":[{"@type":"ListItem","position":1,"name":"Home","item":"https:\/\/cms.alj3.clients.lemonhq.io\/en\/"},{"@type":"ListItem","position":2,"name":"A legacy of value &amp; trust"}]},{"@type":"WebSite","@id":"https:\/\/cms.alj3.clients.lemonhq.io\/en\/#website","url":"https:\/\/cms.alj3.clients.lemonhq.io\/en\/","name":"Abdul Latif Jameel","description":"","potentialAction":[{"@type":"SearchAction","target":{"@type":"EntryPoint","urlTemplate":"https:\/\/cms.alj3.clients.lemonhq.io\/en\/?s={search_term_string}"},"query-input":{"@type":"PropertyValueSpecification","valueRequired":true,"valueName":"search_term_string"}}],"inLanguage":"fr-FR"}]}},"_links":{"self":[{"href":"https:\/\/cms.alj3.clients.lemonhq.io\/fr\/wp-json\/wp\/v2\/pages\/53245","targetHints":{"allow":["GET"]}}],"collection":[{"href":"https:\/\/cms.alj3.clients.lemonhq.io\/fr\/wp-json\/wp\/v2\/pages"}],"about":[{"href":"https:\/\/cms.alj3.clients.lemonhq.io\/fr\/wp-json\/wp\/v2\/types\/page"}],"author":[{"embeddable":true,"href":"https:\/\/cms.alj3.clients.lemonhq.io\/fr\/wp-json\/wp\/v2\/users\/4"}],"replies":[{"embeddable":true,"href":"https:\/\/cms.alj3.clients.lemonhq.io\/fr\/wp-json\/wp\/v2\/comments?post=53245"}],"version-history":[{"count":0,"href":"https:\/\/cms.alj3.clients.lemonhq.io\/fr\/wp-json\/wp\/v2\/pages\/53245\/revisions"}],"wp:featuredmedia":[{"embeddable":true,"href":"https:\/\/cms.alj3.clients.lemonhq.io\/fr\/wp-json\/wp\/v2\/media\/27681"}],"wp:attachment":[{"href":"https:\/\/cms.alj3.clients.lemonhq.io\/fr\/wp-json\/wp\/v2\/media?parent=53245"}],"curies":[{"name":"wp","href":"https:\/\/api.w.org\/{rel}","templated":true}]}}