{"id":53239,"date":"2024-09-30T07:40:25","date_gmt":"2024-09-30T07:40:25","guid":{"rendered":"https:\/\/cms.alj3.clients.lemonhq.io\/story\/"},"modified":"2026-04-13T14:12:01","modified_gmt":"2026-04-13T14:12:01","slug":"story","status":"publish","type":"page","link":"https:\/\/cms.alj3.clients.lemonhq.io\/fr\/story\/","title":{"rendered":"Notre histoire"},"content":{"rendered":"<div class=\"customMediaBlock medium   image-center ltr\">\n    <div class=\"blockImagebx\">\n        <img decoding=\"async\" class=\"img\" src=\"https:\/\/media.alj3.clients.lemonhq.io\/wp-content\/uploads\/2024\/10\/wp-block-img-39.png\"  alt=\"\" title=\"wp-block-img-39\">\n    <\/div>\n\n        <div class=\"contentRow\" style=\"background-color: #fff;\">\n        <!-- <div class=\"sectioncolor\" style=\"background-color: #fff;\"><\/div> -->\n        <div class=\"container\">\n            <div class=\"row\">\n            <div class=\"col-md-6\">\n                <div class=\"textbx\">\n                <h5 class=\"p1\">Pilot\u00e9 par la famille Jameel depuis trois g\u00e9n\u00e9rations sur huit d\u00e9cennies, <a href=\"\/fr\/\"><span class=\"s1\">Abdul Latif Jameel<\/span><\/a> est aujourd\u2019hui un r\u00e9seau d\u2019entreprises internationales diversifi\u00e9es et ind\u00e9pendantes, fond\u00e9 en\u00a01945 par le regrett\u00e9 Abdul Latif Jameel, entrepreneur visionnaire.<\/h5>\n<p class=\"p1\">Partenaire puissant dot\u00e9 de solides connaissances et relations internationales, et d\u2019un engagement in\u00e9branlable en faveur d\u2019un investissement continu dans les personnes, les entreprises, la technologie et la communaut\u00e9, Abdul Latif Jameel favorise la croissance et laisse la part belle \u00e0 l\u2019innovation, guidant le progr\u00e8s dans les secteurs cl\u00e9s qui fa\u00e7onnent l\u2019avenir de l\u2019\u00e9conomie mondiale.<\/p>\n<p class=\"p1\">Nous nous attachons \u00e0 cr\u00e9er de la valeur tangible \u2013 et des nouvelles opportunit\u00e9s qu\u2019elle apporte \u2013 dans la vie de nos clients, partenaires, Collaborateurs et, naturellement, de nos communaut\u00e9s, en assurant une prosp\u00e9rit\u00e9 \u00e0 long terme gr\u00e2ce \u00e0 des r\u00e9alisations r\u00e9fl\u00e9chies.<\/p>\n<p class=\"p1\">Forts d\u2019une pr\u00e9sence sur 30\u00a0march\u00e9s, six continents, et avec plus de 11\u00a0000\u00a0Collaborateurs de plus de 85\u00a0nationalit\u00e9s diff\u00e9rentes, nous favorisons un environnement propice \u00e0 l\u2019\u00e9panouissement des talents.<\/p>\n<p class=\"p1\">Notre potentiel est illimit\u00e9.<\/p>\n<p class=\"p1\">Et l\u2019avenir est riche de possibilit\u00e9s, \u00e0 mesure que nous poursuivons notre travail\u2026<\/p>\n<p style=\"text-align: right;\"><strong>\u2026\u00a0vers un avenir plus radieux.<\/strong><\/p>\n            <\/div>\n        <\/div>\n        <\/div>\n        <\/div>\n    <\/div>\n    \n    <\/div>\n\n<div class=\"customMediaBlock medium   image-top rtl\">\n    <div class=\"blockImagebx\">\n        <img decoding=\"async\" class=\"img\" src=\"https:\/\/media.alj3.clients.lemonhq.io\/wp-content\/uploads\/2026\/02\/Our-Story-How-it-all-began.png\"  alt=\"\" title=\"Our Story - How it all began\">\n    <\/div>\n\n        <div class=\"contentRow\" style=\"background-color: #d4d4d4;\">\n        <!-- <div class=\"sectioncolor\" style=\"background-color: #d4d4d4;\"><\/div> -->\n        <div class=\"container\">\n            <div class=\"row\">\n            <div class=\"col-md-6\">\n                <div class=\"textbx\">\n                <h4 class=\"p1\"><span style=\"color: #51859a;\">Notre parcours<\/span><\/h4>\n<h4>Comment tout a commenc\u00e9 . . .<\/h4>\n<h5>En\u00a01945, notre fondateur, feu Abdul Latif Jameel, ouvrait une station-service qui vendait \u00e9galement des pi\u00e8ces automobiles \u00e0 Djeddah, en Arabie saoudite, la premi\u00e8re \u00e9tape de son itin\u00e9raire consacr\u00e9 \u00e0 satisfaire les besoins des consommateurs et \u00e0 leur proposer toujours plus de choix en mati\u00e8re de transports individuels.<\/h5>\n<p class=\"p1\">Moins de dix ans plus tard, Abdul Latif Jameel \u00e9tait nomm\u00e9 <a href=\"https:\/\/toyota.com.sa\" target=\"_blank\" rel=\"noopener\"><span class=\"s1\">distributeur officiel de Toyota<\/span><\/a> pour le pays, et passait une premi\u00e8re commande de quatre v\u00e9hicules Toyota BJ tout-terrain. Plus de sept d\u00e9cennies plus tard, notre relation avec <a href=\"https:\/\/www.toyota.com\/\" target=\"_blank\" rel=\"noopener\"><span class=\"s1\">Toyota Motor Corporation<\/span><\/a> continue de cro\u00eetre et de se renforcer, nous permettant d\u2019\u00e9tablir un v\u00e9ritable r\u00e9seau d\u2019entreprises automobiles mondiales, repr\u00e9sentant certaines des marques de mobilit\u00e9 les plus connues au monde et fournissant un service de bout en bout \u00e0 des clients particuliers et commerciaux dans plus de 15\u00a0pays sur trois continents.<\/p>\n            <\/div>\n        <\/div>\n        <\/div>\n        <\/div>\n    <\/div>\n    \n    <\/div>\n\n<div class=\"lazyblock-our-journey-block-1GkI5E align  wp-block-lazyblock-our-journey-block\"><div id=\"gatsbyshortcode\"><\/div>\n<div class=\"wpBlockDummyImage\">\n  <img style=\"width:100%;\"src=\"https:\/\/media.alj3.clients.lemonhq.io\/wp-content\/uploads\/2024\/12\/our-journey-dummy-image.png\" \/>\n<\/div><\/div>","protected":false},"excerpt":{"rendered":"","protected":false},"author":5,"featured_media":46325,"parent":0,"menu_order":13,"comment_status":"closed","ping_status":"closed","template":"","meta":{"_acf_changed":true,"footnotes":""},"class_list":["post-53239","page","type-page","status-publish","has-post-thumbnail","hentry"],"acf":{"perspective_data":[{"select_article":31125},{"select_article":14719},{"select_article":14771},{"select_article":14842},{"select_article":14891}]},"yoast_head":"<!-- This site is optimized with the Yoast SEO plugin v26.5 - https:\/\/yoast.com\/wordpress\/plugins\/seo\/ -->\n<title>Notre histoire - Abdul Latif Jameel<\/title>\n<meta name=\"robots\" content=\"noindex, follow, max-snippet:-1, max-image-preview:large, max-video-preview:-1\" \/>\n<meta property=\"og:locale\" content=\"fr_FR\" \/>\n<meta property=\"og:type\" content=\"article\" \/>\n<meta property=\"og:title\" content=\"Notre histoire - Abdul Latif Jameel\" \/>\n<meta property=\"og:url\" content=\"https:\/\/cms.alj3.clients.lemonhq.io\/fr\/story\/\" \/>\n<meta property=\"og:site_name\" content=\"Abdul Latif Jameel\" \/>\n<meta property=\"article:modified_time\" content=\"2026-04-13T14:12:01+00:00\" \/>\n<meta property=\"og:image\" content=\"https:\/\/media.alj3.clients.lemonhq.io\/wp-content\/uploads\/2024\/10\/shutterstock_1520274866-scaled-1.jpg\" \/>\n\t<meta property=\"og:image:width\" content=\"2560\" \/>\n\t<meta property=\"og:image:height\" content=\"1707\" \/>\n\t<meta property=\"og:image:type\" content=\"image\/jpeg\" \/>\n<meta name=\"twitter:card\" content=\"summary_large_image\" \/>\n<meta name=\"twitter:label1\" content=\"Dur\u00e9e de lecture estim\u00e9e\" \/>\n\t<meta name=\"twitter:data1\" content=\"1 minute\" \/>\n<script type=\"application\/ld+json\" class=\"yoast-schema-graph\">{\"@context\":\"https:\/\/schema.org\",\"@graph\":[{\"@type\":\"WebPage\",\"@id\":\"https:\/\/cms.alj3.clients.lemonhq.io\/fr\/story\/\",\"url\":\"https:\/\/cms.alj3.clients.lemonhq.io\/fr\/story\/\",\"name\":\"Notre histoire - Abdul Latif Jameel\",\"isPartOf\":{\"@id\":\"https:\/\/10.0.2.222\/en\/#website\"},\"primaryImageOfPage\":{\"@id\":\"https:\/\/cms.alj3.clients.lemonhq.io\/fr\/story\/#primaryimage\"},\"image\":{\"@id\":\"https:\/\/cms.alj3.clients.lemonhq.io\/fr\/story\/#primaryimage\"},\"thumbnailUrl\":\"https:\/\/media.alj3.clients.lemonhq.io\/wp-content\/uploads\/2024\/10\/shutterstock_1520274866-scaled-1.jpg\",\"datePublished\":\"2024-09-30T07:40:25+00:00\",\"dateModified\":\"2026-04-13T14:12:01+00:00\",\"breadcrumb\":{\"@id\":\"https:\/\/cms.alj3.clients.lemonhq.io\/fr\/story\/#breadcrumb\"},\"inLanguage\":\"fr-FR\",\"potentialAction\":[{\"@type\":\"ReadAction\",\"target\":[\"https:\/\/cms.alj3.clients.lemonhq.io\/fr\/story\/\"]}]},{\"@type\":\"ImageObject\",\"inLanguage\":\"fr-FR\",\"@id\":\"https:\/\/cms.alj3.clients.lemonhq.io\/fr\/story\/#primaryimage\",\"url\":\"https:\/\/media.alj3.clients.lemonhq.io\/wp-content\/uploads\/2024\/10\/shutterstock_1520274866-scaled-1.jpg\",\"contentUrl\":\"https:\/\/media.alj3.clients.lemonhq.io\/wp-content\/uploads\/2024\/10\/shutterstock_1520274866-scaled-1.jpg\",\"width\":2560,\"height\":1707},{\"@type\":\"BreadcrumbList\",\"@id\":\"https:\/\/cms.alj3.clients.lemonhq.io\/fr\/story\/#breadcrumb\",\"itemListElement\":[{\"@type\":\"ListItem\",\"position\":1,\"name\":\"Home\",\"item\":\"https:\/\/10.0.2.222\/en\/\"},{\"@type\":\"ListItem\",\"position\":2,\"name\":\"Notre histoire\"}]},{\"@type\":\"WebSite\",\"@id\":\"https:\/\/10.0.2.222\/en\/#website\",\"url\":\"https:\/\/10.0.2.222\/en\/\",\"name\":\"Abdul Latif Jameel\",\"description\":\"\",\"potentialAction\":[{\"@type\":\"SearchAction\",\"target\":{\"@type\":\"EntryPoint\",\"urlTemplate\":\"https:\/\/10.0.2.222\/en\/?s={search_term_string}\"},\"query-input\":{\"@type\":\"PropertyValueSpecification\",\"valueRequired\":true,\"valueName\":\"search_term_string\"}}],\"inLanguage\":\"fr-FR\"}]}<\/script>\n<!-- \/ Yoast SEO plugin. -->","yoast_head_json":{"title":"Notre histoire - Abdul Latif Jameel","robots":{"index":"noindex","follow":"follow","max-snippet":"max-snippet:-1","max-image-preview":"max-image-preview:large","max-video-preview":"max-video-preview:-1"},"og_locale":"fr_FR","og_type":"article","og_title":"Notre histoire - Abdul Latif Jameel","og_url":"https:\/\/cms.alj3.clients.lemonhq.io\/fr\/story\/","og_site_name":"Abdul Latif Jameel","article_modified_time":"2026-04-13T14:12:01+00:00","og_image":[{"width":2560,"height":1707,"url":"https:\/\/media.alj3.clients.lemonhq.io\/wp-content\/uploads\/2024\/10\/shutterstock_1520274866-scaled-1.jpg","type":"image\/jpeg"}],"twitter_card":"summary_large_image","twitter_misc":{"Dur\u00e9e de lecture estim\u00e9e":"1 minute"},"schema":{"@context":"https:\/\/schema.org","@graph":[{"@type":"WebPage","@id":"https:\/\/cms.alj3.clients.lemonhq.io\/fr\/story\/","url":"https:\/\/cms.alj3.clients.lemonhq.io\/fr\/story\/","name":"Notre histoire - Abdul Latif Jameel","isPartOf":{"@id":"https:\/\/10.0.2.222\/en\/#website"},"primaryImageOfPage":{"@id":"https:\/\/cms.alj3.clients.lemonhq.io\/fr\/story\/#primaryimage"},"image":{"@id":"https:\/\/cms.alj3.clients.lemonhq.io\/fr\/story\/#primaryimage"},"thumbnailUrl":"https:\/\/media.alj3.clients.lemonhq.io\/wp-content\/uploads\/2024\/10\/shutterstock_1520274866-scaled-1.jpg","datePublished":"2024-09-30T07:40:25+00:00","dateModified":"2026-04-13T14:12:01+00:00","breadcrumb":{"@id":"https:\/\/cms.alj3.clients.lemonhq.io\/fr\/story\/#breadcrumb"},"inLanguage":"fr-FR","potentialAction":[{"@type":"ReadAction","target":["https:\/\/cms.alj3.clients.lemonhq.io\/fr\/story\/"]}]},{"@type":"ImageObject","inLanguage":"fr-FR","@id":"https:\/\/cms.alj3.clients.lemonhq.io\/fr\/story\/#primaryimage","url":"https:\/\/media.alj3.clients.lemonhq.io\/wp-content\/uploads\/2024\/10\/shutterstock_1520274866-scaled-1.jpg","contentUrl":"https:\/\/media.alj3.clients.lemonhq.io\/wp-content\/uploads\/2024\/10\/shutterstock_1520274866-scaled-1.jpg","width":2560,"height":1707},{"@type":"BreadcrumbList","@id":"https:\/\/cms.alj3.clients.lemonhq.io\/fr\/story\/#breadcrumb","itemListElement":[{"@type":"ListItem","position":1,"name":"Home","item":"https:\/\/10.0.2.222\/en\/"},{"@type":"ListItem","position":2,"name":"Notre histoire"}]},{"@type":"WebSite","@id":"https:\/\/10.0.2.222\/en\/#website","url":"https:\/\/10.0.2.222\/en\/","name":"Abdul Latif Jameel","description":"","potentialAction":[{"@type":"SearchAction","target":{"@type":"EntryPoint","urlTemplate":"https:\/\/10.0.2.222\/en\/?s={search_term_string}"},"query-input":{"@type":"PropertyValueSpecification","valueRequired":true,"valueName":"search_term_string"}}],"inLanguage":"fr-FR"}]}},"_links":{"self":[{"href":"https:\/\/cms.alj3.clients.lemonhq.io\/fr\/wp-json\/wp\/v2\/pages\/53239","targetHints":{"allow":["GET"]}}],"collection":[{"href":"https:\/\/cms.alj3.clients.lemonhq.io\/fr\/wp-json\/wp\/v2\/pages"}],"about":[{"href":"https:\/\/cms.alj3.clients.lemonhq.io\/fr\/wp-json\/wp\/v2\/types\/page"}],"author":[{"embeddable":true,"href":"https:\/\/cms.alj3.clients.lemonhq.io\/fr\/wp-json\/wp\/v2\/users\/5"}],"replies":[{"embeddable":true,"href":"https:\/\/cms.alj3.clients.lemonhq.io\/fr\/wp-json\/wp\/v2\/comments?post=53239"}],"version-history":[{"count":0,"href":"https:\/\/cms.alj3.clients.lemonhq.io\/fr\/wp-json\/wp\/v2\/pages\/53239\/revisions"}],"wp:featuredmedia":[{"embeddable":true,"href":"https:\/\/cms.alj3.clients.lemonhq.io\/fr\/wp-json\/wp\/v2\/media\/46325"}],"wp:attachment":[{"href":"https:\/\/cms.alj3.clients.lemonhq.io\/fr\/wp-json\/wp\/v2\/media?parent=53239"}],"curies":[{"name":"wp","href":"https:\/\/api.w.org\/{rel}","templated":true}]}}