{"id":53259,"date":"2024-09-30T09:14:30","date_gmt":"2024-09-30T09:14:30","guid":{"rendered":"https:\/\/cms.alj3.clients.lemonhq.io\/copyright-notice-and-disclaimer\/"},"modified":"2026-04-01T15:18:52","modified_gmt":"2026-04-01T15:18:52","slug":"copyright-notice-and-disclaimer","status":"publish","type":"page","link":"https:\/\/cms.alj3.clients.lemonhq.io\/es\/copyright-notice-and-disclaimer\/","title":{"rendered":"Copyright y avisos legales"},"content":{"rendered":"\n<h3 class=\"wp-block-heading\">Copyright<\/h3>\n\n\n\n<p>\u00a9 Abdul Latif Jameel IPR Company Ltd. Todos los derechos reservados. El nombre de Abdul Latif Jameel, as\u00ed como su logotipo y gr\u00e1fico pentagonal, son marcas comerciales o marcas registradas de Abdul Latif Jameel IPR Company Limited.<\/p>\n\n\n\n<h3 class=\"wp-block-heading\">Descargo de responsabilidad<\/h3>\n\n\n\n<p>El t\u00e9rmino \u00abAbdul&nbsp;Latif&nbsp;Jameel\u00bb hace referencia, de manera general, a varias entidades jur\u00eddicas distintas, independientes y aut\u00f3nomas. Abdul Latif Jameel no es, en s\u00ed misma, una entidad corporativa, asociaci\u00f3n o conglomerado dirigido por una empresa matriz, sino que se refiere sencillamente a un entramado de entidades jur\u00eddicas distintas y completamente independientes que, en conjunto, se engloban bajo la marca \u00abAbdul Latif Jameel\u00bb. Abdul Latif Jameel no es un \u00abgrupo corporativo\u00bb, tal y como se define en el art\u00edculo&nbsp;1161(5) de la Ley de sociedades del Reino Unido de 2006, ni un \u00abconglomerado\u00bb seg\u00fan se define en el art\u00edculo&nbsp;7 de la Ley Clayton de EE.&nbsp;UU. de 1964.<\/p>\n\n\n\n<h3 class=\"wp-block-heading\">Declaraciones prospectivas<\/h3>\n\n\n\n<p>Este sitio web puede contener declaraciones prospectivas. Las declaraciones prospectivas son declaraciones sobre asuntos distintos de hechos hist\u00f3ricos, como resultados futuros, eventos, actividades, desarrollos o circunstancias, o las creencias, planes o expectativas de las entidades de Abdul Latif Jameel o sus respectivas gestiones. Las declaraciones prospectivas a menudo pueden identificarse mediante el uso de palabras como \u00abesperar\u00bb, \u00abproyecto\u00bb, \u00abanticipar\u00bb, \u00abplanificar\u00bb, \u00abcalcular\u00bb, \u00abcreer\u00bb, \u00abpredecir\u00bb, \u00abtener la intenci\u00f3n\u00bb, \u00abpotencial\u00bb, \u00abposible\u00bb, \u00abprobable\u00bb, \u00abprevisiones\u00bb, \u00abdirecci\u00f3n\u00bb, \u00abperspectiva\u00bb, \u00abobjetivo\u00bb, \u00abmeta\u00bb, \u00abpuede\u00bb, \u00abvoluntad\u00bb, \u00abdeber\u00eda\u00bb o \u00abpodr\u00eda\u00bb u otros t\u00e9rminos o frases similares. Sin embargo, la ausencia de dichas palabras no significa que una declaraci\u00f3n concreta no sea prospectiva.<\/p>\n\n\n\n<p>Las declaraciones prospectivas se basan en expectativas y suposiciones en el momento de dichas declaraciones y est\u00e1n sujetas a numerosos riesgos e incertidumbres, muchas de las cuales est\u00e1n fuera del control de las entidades de Abdul Latif Jameel o sus respectivas gestiones. Si alguna de esas expectativas o suposiciones resultara incorrecta, o si se materializaran esos riesgos o incertidumbres, los resultados, eventos, actividades, desarrollos o circunstancias futuros reales podr\u00edan diferir considerablemente de los expresados o impl\u00edcitos en las declaraciones prospectivas. Adem\u00e1s, cualquier declaraci\u00f3n prospectiva habla \u00fanicamente en la fecha en la que se realiza, y ambas entidades de Abdul Latif Jameel y sus respectivas gestiones asumen, y por el presente, renuncian, cualquier obligaci\u00f3n de corregir o actualizar cualquier declaraci\u00f3n prospectiva, ya sea como resultado de nueva informaci\u00f3n, eventos futuros o de cualquier otra forma.<\/p>\n\n\n\n<p>Todas las declaraciones prospectivas realizadas por cualquier entidad de Abdul Latif Jameel, sus respectivas gestiones o cualquier persona en nombre de ellas, ya sea por escrito, electr\u00f3nica o verbalmente, est\u00e1n condicionadas en su totalidad a las declaraciones de advertencia anteriores.<\/p>\n\n\n\n<h3 class=\"wp-block-heading\">Ni oferta ni solicitud<\/h3>\n\n\n\n<p>Este sitio web, y cualquier otra comunicaci\u00f3n derivado de \u00e9l, no son una declaraci\u00f3n ni solicitud de poder, consentimiento o autorizaci\u00f3n con respecto a cualquier valor o con respecto a la transacci\u00f3n potencial y no constituir\u00e1n una oferta para vender ni la solicitud de una oferta para comprar cualquier valor, ni habr\u00e1 ninguna venta de valores en ninguna jurisdicci\u00f3n en la que dicha oferta, solicitud o venta sea ilegal antes del registro o calificaci\u00f3n seg\u00fan las leyes de valores de dicha jurisdicci\u00f3n. No se realizar\u00e1 ninguna oferta de valores excepto por medio de un prospecto que cumpla con los requisitos de la Secci\u00f3n 10 de la Ley de Valores, o una exenci\u00f3n de los mismos.<\/p>\n\n\n\n<p>Fecha de la pol\u00edtica: 1 de octubre de 2024<\/p>\n","protected":false},"excerpt":{"rendered":"<p>Copyright \u00a9 Abdul Latif Jameel IPR Company Ltd. Todos los derechos reservados. El nombre de Abdul Latif Jameel, as\u00ed como su logotipo y gr\u00e1fico pentagonal, son marcas comerciales o marcas registradas de Abdul Latif Jameel IPR Company Limited. Descargo de responsabilidad El t\u00e9rmino \u00abAbdul&nbsp;Latif&nbsp;Jameel\u00bb hace referencia, de manera general, a varias entidades jur\u00eddicas distintas, independientes [&hellip;]<\/p>\n","protected":false},"author":5,"featured_media":21105,"parent":0,"menu_order":5,"comment_status":"closed","ping_status":"closed","template":"","meta":{"_acf_changed":true,"footnotes":""},"class_list":["post-53259","page","type-page","status-publish","has-post-thumbnail","hentry"],"acf":[],"yoast_head":"<!-- This site is optimized with the Yoast SEO plugin v26.5 - https:\/\/yoast.com\/wordpress\/plugins\/seo\/ -->\n<title>Copyright y avisos legales - Abdul Latif Jameel<\/title>\n<meta name=\"robots\" content=\"noindex, follow, max-snippet:-1, max-image-preview:large, max-video-preview:-1\" \/>\n<meta property=\"og:locale\" content=\"es_ES\" \/>\n<meta property=\"og:type\" content=\"article\" \/>\n<meta property=\"og:title\" content=\"Copyright y avisos legales - Abdul Latif Jameel\" \/>\n<meta property=\"og:description\" content=\"Copyright \u00a9 Abdul Latif Jameel IPR Company Ltd. Todos los derechos reservados. El nombre de Abdul Latif Jameel, as\u00ed como su logotipo y gr\u00e1fico pentagonal, son marcas comerciales o marcas registradas de Abdul Latif Jameel IPR Company Limited. Descargo de responsabilidad El t\u00e9rmino \u00abAbdul&nbsp;Latif&nbsp;Jameel\u00bb hace referencia, de manera general, a varias entidades jur\u00eddicas distintas, independientes [&hellip;]\" \/>\n<meta property=\"og:url\" content=\"https:\/\/cms.alj3.clients.lemonhq.io\/es\/copyright-notice-and-disclaimer\/\" \/>\n<meta property=\"og:site_name\" content=\"Abdul Latif Jameel\" \/>\n<meta property=\"article:modified_time\" content=\"2026-04-01T15:18:52+00:00\" \/>\n<meta property=\"og:image\" content=\"https:\/\/media.alj3.clients.lemonhq.io\/wp-content\/uploads\/2024\/10\/wp-block-img-41.jpg\" \/>\n\t<meta property=\"og:image:width\" content=\"533\" \/>\n\t<meta property=\"og:image:height\" content=\"755\" \/>\n\t<meta property=\"og:image:type\" content=\"image\/jpeg\" \/>\n<meta name=\"twitter:card\" content=\"summary_large_image\" \/>\n<meta name=\"twitter:label1\" content=\"Tiempo de lectura\" \/>\n\t<meta name=\"twitter:data1\" content=\"1 minuto\" \/>\n<script type=\"application\/ld+json\" class=\"yoast-schema-graph\">{\"@context\":\"https:\/\/schema.org\",\"@graph\":[{\"@type\":\"WebPage\",\"@id\":\"https:\/\/cms.alj3.clients.lemonhq.io\/es\/copyright-notice-and-disclaimer\/\",\"url\":\"https:\/\/cms.alj3.clients.lemonhq.io\/es\/copyright-notice-and-disclaimer\/\",\"name\":\"Copyright y avisos legales - Abdul Latif Jameel\",\"isPartOf\":{\"@id\":\"https:\/\/cms.alj3.clients.lemonhq.io\/en\/#website\"},\"primaryImageOfPage\":{\"@id\":\"https:\/\/cms.alj3.clients.lemonhq.io\/es\/copyright-notice-and-disclaimer\/#primaryimage\"},\"image\":{\"@id\":\"https:\/\/cms.alj3.clients.lemonhq.io\/es\/copyright-notice-and-disclaimer\/#primaryimage\"},\"thumbnailUrl\":\"https:\/\/media.alj3.clients.lemonhq.io\/wp-content\/uploads\/2024\/10\/wp-block-img-41.jpg\",\"datePublished\":\"2024-09-30T09:14:30+00:00\",\"dateModified\":\"2026-04-01T15:18:52+00:00\",\"breadcrumb\":{\"@id\":\"https:\/\/cms.alj3.clients.lemonhq.io\/es\/copyright-notice-and-disclaimer\/#breadcrumb\"},\"inLanguage\":\"es\",\"potentialAction\":[{\"@type\":\"ReadAction\",\"target\":[\"https:\/\/cms.alj3.clients.lemonhq.io\/es\/copyright-notice-and-disclaimer\/\"]}]},{\"@type\":\"ImageObject\",\"inLanguage\":\"es\",\"@id\":\"https:\/\/cms.alj3.clients.lemonhq.io\/es\/copyright-notice-and-disclaimer\/#primaryimage\",\"url\":\"https:\/\/media.alj3.clients.lemonhq.io\/wp-content\/uploads\/2024\/10\/wp-block-img-41.jpg\",\"contentUrl\":\"https:\/\/media.alj3.clients.lemonhq.io\/wp-content\/uploads\/2024\/10\/wp-block-img-41.jpg\",\"width\":533,\"height\":755},{\"@type\":\"BreadcrumbList\",\"@id\":\"https:\/\/cms.alj3.clients.lemonhq.io\/es\/copyright-notice-and-disclaimer\/#breadcrumb\",\"itemListElement\":[{\"@type\":\"ListItem\",\"position\":1,\"name\":\"Home\",\"item\":\"https:\/\/cms.alj3.clients.lemonhq.io\/en\/\"},{\"@type\":\"ListItem\",\"position\":2,\"name\":\"Copyright y avisos legales\"}]},{\"@type\":\"WebSite\",\"@id\":\"https:\/\/cms.alj3.clients.lemonhq.io\/en\/#website\",\"url\":\"https:\/\/cms.alj3.clients.lemonhq.io\/en\/\",\"name\":\"Abdul Latif Jameel\",\"description\":\"\",\"potentialAction\":[{\"@type\":\"SearchAction\",\"target\":{\"@type\":\"EntryPoint\",\"urlTemplate\":\"https:\/\/cms.alj3.clients.lemonhq.io\/en\/?s={search_term_string}\"},\"query-input\":{\"@type\":\"PropertyValueSpecification\",\"valueRequired\":true,\"valueName\":\"search_term_string\"}}],\"inLanguage\":\"es\"}]}<\/script>\n<!-- \/ Yoast SEO plugin. -->","yoast_head_json":{"title":"Copyright y avisos legales - Abdul Latif Jameel","robots":{"index":"noindex","follow":"follow","max-snippet":"max-snippet:-1","max-image-preview":"max-image-preview:large","max-video-preview":"max-video-preview:-1"},"og_locale":"es_ES","og_type":"article","og_title":"Copyright y avisos legales - Abdul Latif Jameel","og_description":"Copyright \u00a9 Abdul Latif Jameel IPR Company Ltd. Todos los derechos reservados. El nombre de Abdul Latif Jameel, as\u00ed como su logotipo y gr\u00e1fico pentagonal, son marcas comerciales o marcas registradas de Abdul Latif Jameel IPR Company Limited. Descargo de responsabilidad El t\u00e9rmino \u00abAbdul&nbsp;Latif&nbsp;Jameel\u00bb hace referencia, de manera general, a varias entidades jur\u00eddicas distintas, independientes [&hellip;]","og_url":"https:\/\/cms.alj3.clients.lemonhq.io\/es\/copyright-notice-and-disclaimer\/","og_site_name":"Abdul Latif Jameel","article_modified_time":"2026-04-01T15:18:52+00:00","og_image":[{"width":533,"height":755,"url":"https:\/\/media.alj3.clients.lemonhq.io\/wp-content\/uploads\/2024\/10\/wp-block-img-41.jpg","type":"image\/jpeg"}],"twitter_card":"summary_large_image","twitter_misc":{"Tiempo de lectura":"1 minuto"},"schema":{"@context":"https:\/\/schema.org","@graph":[{"@type":"WebPage","@id":"https:\/\/cms.alj3.clients.lemonhq.io\/es\/copyright-notice-and-disclaimer\/","url":"https:\/\/cms.alj3.clients.lemonhq.io\/es\/copyright-notice-and-disclaimer\/","name":"Copyright y avisos legales - Abdul Latif Jameel","isPartOf":{"@id":"https:\/\/cms.alj3.clients.lemonhq.io\/en\/#website"},"primaryImageOfPage":{"@id":"https:\/\/cms.alj3.clients.lemonhq.io\/es\/copyright-notice-and-disclaimer\/#primaryimage"},"image":{"@id":"https:\/\/cms.alj3.clients.lemonhq.io\/es\/copyright-notice-and-disclaimer\/#primaryimage"},"thumbnailUrl":"https:\/\/media.alj3.clients.lemonhq.io\/wp-content\/uploads\/2024\/10\/wp-block-img-41.jpg","datePublished":"2024-09-30T09:14:30+00:00","dateModified":"2026-04-01T15:18:52+00:00","breadcrumb":{"@id":"https:\/\/cms.alj3.clients.lemonhq.io\/es\/copyright-notice-and-disclaimer\/#breadcrumb"},"inLanguage":"es","potentialAction":[{"@type":"ReadAction","target":["https:\/\/cms.alj3.clients.lemonhq.io\/es\/copyright-notice-and-disclaimer\/"]}]},{"@type":"ImageObject","inLanguage":"es","@id":"https:\/\/cms.alj3.clients.lemonhq.io\/es\/copyright-notice-and-disclaimer\/#primaryimage","url":"https:\/\/media.alj3.clients.lemonhq.io\/wp-content\/uploads\/2024\/10\/wp-block-img-41.jpg","contentUrl":"https:\/\/media.alj3.clients.lemonhq.io\/wp-content\/uploads\/2024\/10\/wp-block-img-41.jpg","width":533,"height":755},{"@type":"BreadcrumbList","@id":"https:\/\/cms.alj3.clients.lemonhq.io\/es\/copyright-notice-and-disclaimer\/#breadcrumb","itemListElement":[{"@type":"ListItem","position":1,"name":"Home","item":"https:\/\/cms.alj3.clients.lemonhq.io\/en\/"},{"@type":"ListItem","position":2,"name":"Copyright y avisos legales"}]},{"@type":"WebSite","@id":"https:\/\/cms.alj3.clients.lemonhq.io\/en\/#website","url":"https:\/\/cms.alj3.clients.lemonhq.io\/en\/","name":"Abdul Latif Jameel","description":"","potentialAction":[{"@type":"SearchAction","target":{"@type":"EntryPoint","urlTemplate":"https:\/\/cms.alj3.clients.lemonhq.io\/en\/?s={search_term_string}"},"query-input":{"@type":"PropertyValueSpecification","valueRequired":true,"valueName":"search_term_string"}}],"inLanguage":"es"}]}},"_links":{"self":[{"href":"https:\/\/cms.alj3.clients.lemonhq.io\/es\/wp-json\/wp\/v2\/pages\/53259","targetHints":{"allow":["GET"]}}],"collection":[{"href":"https:\/\/cms.alj3.clients.lemonhq.io\/es\/wp-json\/wp\/v2\/pages"}],"about":[{"href":"https:\/\/cms.alj3.clients.lemonhq.io\/es\/wp-json\/wp\/v2\/types\/page"}],"author":[{"embeddable":true,"href":"https:\/\/cms.alj3.clients.lemonhq.io\/es\/wp-json\/wp\/v2\/users\/5"}],"replies":[{"embeddable":true,"href":"https:\/\/cms.alj3.clients.lemonhq.io\/es\/wp-json\/wp\/v2\/comments?post=53259"}],"version-history":[{"count":0,"href":"https:\/\/cms.alj3.clients.lemonhq.io\/es\/wp-json\/wp\/v2\/pages\/53259\/revisions"}],"wp:featuredmedia":[{"embeddable":true,"href":"https:\/\/cms.alj3.clients.lemonhq.io\/es\/wp-json\/wp\/v2\/media\/21105"}],"wp:attachment":[{"href":"https:\/\/cms.alj3.clients.lemonhq.io\/es\/wp-json\/wp\/v2\/media?parent=53259"}],"curies":[{"name":"wp","href":"https:\/\/api.w.org\/{rel}","templated":true}]}}