{"id":53257,"date":"2024-09-30T09:16:26","date_gmt":"2024-09-30T09:16:26","guid":{"rendered":"https:\/\/cms.alj3.clients.lemonhq.io\/cookie-policy\/"},"modified":"2026-04-14T14:11:24","modified_gmt":"2026-04-14T14:11:24","slug":"cookie-policy","status":"publish","type":"page","link":"https:\/\/cms.alj3.clients.lemonhq.io\/es\/cookie-policy\/","title":{"rendered":"Pol\u00edtica de cookies"},"content":{"rendered":"\n<p>Esta Pol\u00edtica de uso de cookies presenta informaci\u00f3n sobre el uso de cookies que realiza el sitio de Abdul Latif Jameel en el dominio &lt;alj.com&gt; (el \u00abSitio web de ALJ\u00bb).<\/p>\n\n\n\n<h3 class=\"wp-block-heading\">\u00bfQu\u00e9 es una cookie?<\/h3>\n\n\n\n<p>Una cookie es un peque\u00f1o archivo de texto y n\u00fameros que se sit\u00faa y se almacena en su navegador o en el disco duro de su ordenador de los sitios que usted visite, si acepta. Las cookies contienen informaci\u00f3n que se transfiere al disco duro de su ordenador. Las cookies no se utilizan para identificarle personalmente.<\/p>\n\n\n\n<p>El sitio web de ALJ utiliza cookies para distinguirlo a usted de otros usuarios del sitio web de ALJ. La informaci\u00f3n recopilada por las cookies incluye informaci\u00f3n general sobre los ajustes de su ordenador, su conexi\u00f3n a Internet como por ejemplo su sistema operativo y plataforma, direcci\u00f3n IP, los patrones de su navegador y tiempos de navegaci\u00f3n en el sitio web de ALJ y su localizaci\u00f3n. Esto ayuda a que el sitio web de ALJ funcione de una manera m\u00e1s eficaz, proporcion\u00e1ndole una buena experiencia cuando navega por el sitio web de ALJ (como recordando los ajustes) y permitiendo una mejora del sitio web de ALJ.<\/p>\n\n\n\n<h3 class=\"wp-block-heading\">Consentimiento del uso de cookies<\/h3>\n\n\n\n<p>Al hacer clic en el bot\u00f3n \u00abAcepto\u00bb en la ventana emergente la primera vez que usa el sitio web de ALJ, acepta el uso de cookies en el sitio web de ALJ.<\/p>\n\n\n\n<h3 class=\"wp-block-heading\">\u00bfQu\u00e9 tipo de cookies est\u00e1 usando?<\/h3>\n\n\n\n<p>El sitio web de ALJ utiliza las siguientes cookies:<\/p>\n\n\n\n<ul class=\"wp-block-list\">\n<li><strong>Cookies estrictamente necesarias<\/strong>. Estas cookies son necesarias para operar el sitio web de ALJ.<\/li>\n\n\n\n<li><strong>Cookies anal\u00edticas\/de mantenimiento<\/strong>. Estas cookies permiten el reconocimiento y cuentan el n\u00famero de visitantes en el sitio web de ALJ y ve c\u00f3mo los visitantes se mueven por el sitio web de ALJ. Ayuda a mejorar la manera de funcionar de ALJ, por ejemplo, garantizando que los usuarios encuentren aquello que buscan de manera f\u00e1cil.<\/li>\n\n\n\n<li><strong>Cookies funcionales<\/strong>. Estas cookies reconocen cuando usted vuelve al sitio web de ALJ. Permite personalizar el contenido para usted y recordar sus preferencias (por ejemplo, su elecci\u00f3n de idioma o regi\u00f3n).<\/li>\n<\/ul>\n\n\n\n<p>Puede encontrar m\u00e1s informaci\u00f3n sobre el uso de las cookies individuales en el sitio web de ALJ y los fines para los que se usan en la tabla a continuaci\u00f3n:<\/p>\n\n\n\n<figure class=\"wp-block-table\"><table class=\"has-fixed-layout\"><tbody><tr><td><strong>Cookie<\/strong><strong><\/strong><\/td><td><strong>Nombre<\/strong><strong><\/strong><\/td><td><strong>Prop\u00f3sito<\/strong><strong><\/strong><\/td><td><strong>M\u00e1s informaci\u00f3n<\/strong><strong><\/strong><\/td><\/tr><tr><td>Estrictamente necesaria<\/td><td>N\/A<\/td><td>Guarda un mensaje para hacer saber a Abdul Latif Jameel que ha visto el mensaje sobre el uso de las cookies en el sitio web de ALJ.<\/td><td>Expira en 1 mes.<\/td><\/tr><tr><td>Anal\u00edticas<\/td><td>Google Analytics<\/td><td>Ayuda a analizar c\u00f3mo los usuarios llegan al sitio web de ALJ y lo usan. Esta cookie permite una estimaci\u00f3n del tama\u00f1o de la audiencia y el patr\u00f3n de uso y proporciona informaci\u00f3n para permitir la optimizaci\u00f3n de los motores de b\u00fasqueda.<\/td><td>Para m\u00e1s informaci\u00f3n, consulte <a href=\"https:\/\/support.google.com\/analytics\/answer\/6004245\" target=\"_blank\" rel=\"noreferrer noopener\">https:\/\/support.google.com\/analytics\/answer\/6004245.<\/a><br>Esta cookie caducar\u00e1 tras 365&nbsp;d\u00edas.<\/td><\/tr><\/tbody><\/table><\/figure>\n\n\n\n<h3 class=\"wp-block-heading\">\u00bfPuedo no permitir las cookies?<\/h3>\n\n\n\n<p>Al acceder al sitio web de ALJ.com se guardar\u00e1n cookies no permanentes en su ordenador para mejorar la experiencia al usar el sitio. Si no desea tener dichas cookies no permanentes en su ordenador, no debe aceptar cuando vea el cartel de cookies en la p\u00e1gina principal.<\/p>\n\n\n\n<h3 class=\"wp-block-heading\">\u00bfC\u00f3mo puedo cambiar mis ajustes de cookies?<\/h3>\n\n\n\n<p>La mayor\u00eda de navegadores permiten algo de control de la mayor\u00eda de cookies a trav\u00e9s de los ajustes del navegador. Si cambia de opini\u00f3n sobre el permitir el uso de cookies en su ordenador, puede bloquear las cookies activando la configuraci\u00f3n en su navegador que le permite rechazar la configuraci\u00f3n de todas o de algunas cookies. Si los ajustes de su navegador bloquean todas las cookies (incluidas las cookies esenciales) tal vez no pueda acceder y\/o usar todas o algunas partes del sitio web de ALJ.<\/p>\n\n\n\n<p>Para evitar ser rastreado por Google Analytics, consulte <a href=\"http:\/\/tools.google.com\/dlpage\/gaoptout\" target=\"_blank\" rel=\"noreferrer noopener\">http:\/\/tools.google.com\/dlpage\/gaoptout<\/a>.<\/p>\n\n\n\n<h3 class=\"wp-block-heading\">M\u00e1s informaci\u00f3n sobre cookies<\/h3>\n\n\n\n<p>Para saber m\u00e1s sobre cookies, como por ejemplo ver qu\u00e9 cookies se han configurado o c\u00f3mo gestionarlas y eliminarlas, consulte www.aboutcookies.org o www.allaboutcookies.org.<\/p>\n\n\n\n<p>Fecha de la pol\u00edtica: 1 de octubre de 2024<\/p>\n","protected":false},"excerpt":{"rendered":"<p>Esta Pol\u00edtica de uso de cookies presenta informaci\u00f3n sobre el uso de cookies que realiza el sitio de Abdul Latif Jameel en el dominio &lt;alj.com&gt; (el \u00abSitio web de ALJ\u00bb). \u00bfQu\u00e9 es una cookie? Una cookie es un peque\u00f1o archivo de texto y n\u00fameros que se sit\u00faa y se almacena en su navegador o en [&hellip;]<\/p>\n","protected":false},"author":5,"featured_media":273,"parent":0,"menu_order":4,"comment_status":"closed","ping_status":"closed","template":"","meta":{"_acf_changed":true,"footnotes":""},"class_list":["post-53257","page","type-page","status-publish","has-post-thumbnail","hentry"],"acf":[],"yoast_head":"<!-- This site is optimized with the Yoast SEO plugin v26.5 - https:\/\/yoast.com\/wordpress\/plugins\/seo\/ -->\n<title>Pol\u00edtica de cookies - Abdul Latif Jameel<\/title>\n<meta name=\"robots\" content=\"noindex, follow, max-snippet:-1, max-image-preview:large, max-video-preview:-1\" \/>\n<meta property=\"og:locale\" content=\"es_ES\" \/>\n<meta property=\"og:type\" content=\"article\" \/>\n<meta property=\"og:title\" content=\"Pol\u00edtica de cookies - Abdul Latif Jameel\" \/>\n<meta property=\"og:description\" content=\"Esta Pol\u00edtica de uso de cookies presenta informaci\u00f3n sobre el uso de cookies que realiza el sitio de Abdul Latif Jameel en el dominio &lt;alj.com&gt; (el \u00abSitio web de ALJ\u00bb). \u00bfQu\u00e9 es una cookie? Una cookie es un peque\u00f1o archivo de texto y n\u00fameros que se sit\u00faa y se almacena en su navegador o en [&hellip;]\" \/>\n<meta property=\"og:url\" content=\"https:\/\/cms.alj3.clients.lemonhq.io\/es\/cookie-policy\/\" \/>\n<meta property=\"og:site_name\" content=\"Abdul Latif Jameel\" \/>\n<meta property=\"article:modified_time\" content=\"2026-04-14T14:11:24+00:00\" \/>\n<meta property=\"og:image\" content=\"https:\/\/media.alj3.clients.lemonhq.io\/wp-content\/uploads\/2024\/10\/png.png\" \/>\n\t<meta property=\"og:image:width\" content=\"1920\" \/>\n\t<meta property=\"og:image:height\" content=\"1080\" \/>\n\t<meta property=\"og:image:type\" content=\"image\/png\" \/>\n<meta name=\"twitter:card\" content=\"summary_large_image\" \/>\n<meta name=\"twitter:label1\" content=\"Tiempo de lectura\" \/>\n\t<meta name=\"twitter:data1\" content=\"1 minuto\" \/>\n<script type=\"application\/ld+json\" class=\"yoast-schema-graph\">{\"@context\":\"https:\/\/schema.org\",\"@graph\":[{\"@type\":\"WebPage\",\"@id\":\"https:\/\/cms.alj3.clients.lemonhq.io\/es\/cookie-policy\/\",\"url\":\"https:\/\/cms.alj3.clients.lemonhq.io\/es\/cookie-policy\/\",\"name\":\"Pol\u00edtica de cookies - Abdul Latif Jameel\",\"isPartOf\":{\"@id\":\"https:\/\/10.0.2.222\/en\/#website\"},\"primaryImageOfPage\":{\"@id\":\"https:\/\/cms.alj3.clients.lemonhq.io\/es\/cookie-policy\/#primaryimage\"},\"image\":{\"@id\":\"https:\/\/cms.alj3.clients.lemonhq.io\/es\/cookie-policy\/#primaryimage\"},\"thumbnailUrl\":\"https:\/\/media.alj3.clients.lemonhq.io\/wp-content\/uploads\/2024\/10\/png.png\",\"datePublished\":\"2024-09-30T09:16:26+00:00\",\"dateModified\":\"2026-04-14T14:11:24+00:00\",\"breadcrumb\":{\"@id\":\"https:\/\/cms.alj3.clients.lemonhq.io\/es\/cookie-policy\/#breadcrumb\"},\"inLanguage\":\"es\",\"potentialAction\":[{\"@type\":\"ReadAction\",\"target\":[\"https:\/\/cms.alj3.clients.lemonhq.io\/es\/cookie-policy\/\"]}]},{\"@type\":\"ImageObject\",\"inLanguage\":\"es\",\"@id\":\"https:\/\/cms.alj3.clients.lemonhq.io\/es\/cookie-policy\/#primaryimage\",\"url\":\"https:\/\/media.alj3.clients.lemonhq.io\/wp-content\/uploads\/2024\/10\/png.png\",\"contentUrl\":\"https:\/\/media.alj3.clients.lemonhq.io\/wp-content\/uploads\/2024\/10\/png.png\",\"width\":1920,\"height\":1080},{\"@type\":\"BreadcrumbList\",\"@id\":\"https:\/\/cms.alj3.clients.lemonhq.io\/es\/cookie-policy\/#breadcrumb\",\"itemListElement\":[{\"@type\":\"ListItem\",\"position\":1,\"name\":\"Home\",\"item\":\"https:\/\/10.0.2.222\/en\/\"},{\"@type\":\"ListItem\",\"position\":2,\"name\":\"Pol\u00edtica de cookies\"}]},{\"@type\":\"WebSite\",\"@id\":\"https:\/\/10.0.2.222\/en\/#website\",\"url\":\"https:\/\/10.0.2.222\/en\/\",\"name\":\"Abdul Latif Jameel\",\"description\":\"\",\"potentialAction\":[{\"@type\":\"SearchAction\",\"target\":{\"@type\":\"EntryPoint\",\"urlTemplate\":\"https:\/\/10.0.2.222\/en\/?s={search_term_string}\"},\"query-input\":{\"@type\":\"PropertyValueSpecification\",\"valueRequired\":true,\"valueName\":\"search_term_string\"}}],\"inLanguage\":\"es\"}]}<\/script>\n<!-- \/ Yoast SEO plugin. -->","yoast_head_json":{"title":"Pol\u00edtica de cookies - Abdul Latif Jameel","robots":{"index":"noindex","follow":"follow","max-snippet":"max-snippet:-1","max-image-preview":"max-image-preview:large","max-video-preview":"max-video-preview:-1"},"og_locale":"es_ES","og_type":"article","og_title":"Pol\u00edtica de cookies - Abdul Latif Jameel","og_description":"Esta Pol\u00edtica de uso de cookies presenta informaci\u00f3n sobre el uso de cookies que realiza el sitio de Abdul Latif Jameel en el dominio &lt;alj.com&gt; (el \u00abSitio web de ALJ\u00bb). \u00bfQu\u00e9 es una cookie? Una cookie es un peque\u00f1o archivo de texto y n\u00fameros que se sit\u00faa y se almacena en su navegador o en [&hellip;]","og_url":"https:\/\/cms.alj3.clients.lemonhq.io\/es\/cookie-policy\/","og_site_name":"Abdul Latif Jameel","article_modified_time":"2026-04-14T14:11:24+00:00","og_image":[{"width":1920,"height":1080,"url":"https:\/\/media.alj3.clients.lemonhq.io\/wp-content\/uploads\/2024\/10\/png.png","type":"image\/png"}],"twitter_card":"summary_large_image","twitter_misc":{"Tiempo de lectura":"1 minuto"},"schema":{"@context":"https:\/\/schema.org","@graph":[{"@type":"WebPage","@id":"https:\/\/cms.alj3.clients.lemonhq.io\/es\/cookie-policy\/","url":"https:\/\/cms.alj3.clients.lemonhq.io\/es\/cookie-policy\/","name":"Pol\u00edtica de cookies - Abdul Latif Jameel","isPartOf":{"@id":"https:\/\/10.0.2.222\/en\/#website"},"primaryImageOfPage":{"@id":"https:\/\/cms.alj3.clients.lemonhq.io\/es\/cookie-policy\/#primaryimage"},"image":{"@id":"https:\/\/cms.alj3.clients.lemonhq.io\/es\/cookie-policy\/#primaryimage"},"thumbnailUrl":"https:\/\/media.alj3.clients.lemonhq.io\/wp-content\/uploads\/2024\/10\/png.png","datePublished":"2024-09-30T09:16:26+00:00","dateModified":"2026-04-14T14:11:24+00:00","breadcrumb":{"@id":"https:\/\/cms.alj3.clients.lemonhq.io\/es\/cookie-policy\/#breadcrumb"},"inLanguage":"es","potentialAction":[{"@type":"ReadAction","target":["https:\/\/cms.alj3.clients.lemonhq.io\/es\/cookie-policy\/"]}]},{"@type":"ImageObject","inLanguage":"es","@id":"https:\/\/cms.alj3.clients.lemonhq.io\/es\/cookie-policy\/#primaryimage","url":"https:\/\/media.alj3.clients.lemonhq.io\/wp-content\/uploads\/2024\/10\/png.png","contentUrl":"https:\/\/media.alj3.clients.lemonhq.io\/wp-content\/uploads\/2024\/10\/png.png","width":1920,"height":1080},{"@type":"BreadcrumbList","@id":"https:\/\/cms.alj3.clients.lemonhq.io\/es\/cookie-policy\/#breadcrumb","itemListElement":[{"@type":"ListItem","position":1,"name":"Home","item":"https:\/\/10.0.2.222\/en\/"},{"@type":"ListItem","position":2,"name":"Pol\u00edtica de cookies"}]},{"@type":"WebSite","@id":"https:\/\/10.0.2.222\/en\/#website","url":"https:\/\/10.0.2.222\/en\/","name":"Abdul Latif Jameel","description":"","potentialAction":[{"@type":"SearchAction","target":{"@type":"EntryPoint","urlTemplate":"https:\/\/10.0.2.222\/en\/?s={search_term_string}"},"query-input":{"@type":"PropertyValueSpecification","valueRequired":true,"valueName":"search_term_string"}}],"inLanguage":"es"}]}},"_links":{"self":[{"href":"https:\/\/cms.alj3.clients.lemonhq.io\/es\/wp-json\/wp\/v2\/pages\/53257","targetHints":{"allow":["GET"]}}],"collection":[{"href":"https:\/\/cms.alj3.clients.lemonhq.io\/es\/wp-json\/wp\/v2\/pages"}],"about":[{"href":"https:\/\/cms.alj3.clients.lemonhq.io\/es\/wp-json\/wp\/v2\/types\/page"}],"author":[{"embeddable":true,"href":"https:\/\/cms.alj3.clients.lemonhq.io\/es\/wp-json\/wp\/v2\/users\/5"}],"replies":[{"embeddable":true,"href":"https:\/\/cms.alj3.clients.lemonhq.io\/es\/wp-json\/wp\/v2\/comments?post=53257"}],"version-history":[{"count":0,"href":"https:\/\/cms.alj3.clients.lemonhq.io\/es\/wp-json\/wp\/v2\/pages\/53257\/revisions"}],"wp:featuredmedia":[{"embeddable":true,"href":"https:\/\/cms.alj3.clients.lemonhq.io\/es\/wp-json\/wp\/v2\/media\/273"}],"wp:attachment":[{"href":"https:\/\/cms.alj3.clients.lemonhq.io\/es\/wp-json\/wp\/v2\/media?parent=53257"}],"curies":[{"name":"wp","href":"https:\/\/api.w.org\/{rel}","templated":true}]}}