{"id":53255,"date":"2024-09-30T09:15:56","date_gmt":"2024-09-30T09:15:56","guid":{"rendered":"https:\/\/cms.alj3.clients.lemonhq.io\/accessibility-policy\/"},"modified":"2026-04-01T14:14:14","modified_gmt":"2026-04-01T14:14:14","slug":"accessibility-policy","status":"publish","type":"page","link":"https:\/\/cms.alj3.clients.lemonhq.io\/es\/accessibility-policy\/","title":{"rendered":"Pol\u00edtica de accesibilidad"},"content":{"rendered":"\n<p>Esta pol\u00edtica de accesibilidad presenta informaci\u00f3n que detalla la disponibilidad del sitio de Abdul Latif Jameel en el dominio &lt;alj.com&gt; (el \u00absitio web de ALJ\u00bb) para los usuarios con diferentes necesidades. La pol\u00edtica de accesibilidad cubre los objetivos de Abdul Latif Jameel y su enfoque a la accesibilidad, las funciones principales que un usuario de ALJ debe ser capaz de realizar y qu\u00e9 est\u00e1 haciendo Abdul Latif Jameel para mejorar la accesibilidad al sitio web de ALJ.<\/p>\n\n\n\n<h3 class=\"wp-block-heading\">Introducci\u00f3n<\/h3>\n\n\n\n<p>Abdul Latif Jameel reconoce que muchas formas de discapacidad diferentes afectan al acceso al sitio web de ALJ. Se ha adoptado un enfoque proactivo para mejorar el sitio web de ALJ y los servicios ofrecidos a trav\u00e9s del sitio web de ALJ.<\/p>\n\n\n\n<p>Abdul Latif Jameel tiene como objetivo que el sitio web de ALJ satisfaga las necesidades de los usuarios con discapacidad y ofrezca servicios e informaci\u00f3n accesible. Abdul Latif Jameel realiza esfuerzos para avanzar en el cumplimiento de las Pautas de accesibilidad de contenidos web (Web Content Accessibility Guidelines) 1.0 del World Wide Web Consortium (WC3). Abdul Latif Jameel busca proporcionar una buena experiencia para los usuarios del sitio web de ALJ con necesidades especiales.<\/p>\n\n\n\n<h3 class=\"wp-block-heading\">Enfoque<\/h3>\n\n\n\n<p>El enfoque a la accesibilidad de Abdul Latif Jameel es intentar hacer que el sitio y los servicios de ALJ sean f\u00e1ciles de usar y de entender para todos los usuarios, incluyendo la personalizaci\u00f3n de dispositivos inform\u00e1ticos. Se reconoce que no solo la gente con discapacidad est\u00e1 afectada con problemas de accesibilidad. Las p\u00e1ginas del sitio web de ALJ pretenden ser claras con contenido sencillo de entender.<\/p>\n\n\n\n<h3 class=\"wp-block-heading\">Usar el sitio web de ALJ<\/h3>\n\n\n\n<p>El sitio web de ALJ ha sido desarrollado totalmente con todos los t\u00edtulos, v\u00ednculos y otros textos llenos de contenido totalmente compatible con html 5. Esto permite que el texto sea legible por todos los lectores de texto y las fuentes ajustables a los navegadores compatibles con html 5. El sitio web de ALJ responde a los cambios de factor de forma y tama\u00f1o de la fuente asumiendo un uso razonable.<\/p>\n\n\n\n<p>El sitio web de ALJ incluye lo siguiente:<\/p>\n\n\n\n<ul class=\"wp-block-list\">\n<li>un mapa del sitio.<\/li>\n\n\n\n<li>datos de contacto de Abdul Latif Jameel.<\/li>\n\n\n\n<li>datos de contacto para dar opini\u00f3n sobre la mejora de accesibilidad del sitio web de ALJ.<\/li>\n\n\n\n<li>Implicaci\u00f3n de clientes<\/li>\n<\/ul>\n\n\n\n<p>Abdul Latif Jameel agradece la opini\u00f3n que los usuarios con necesidades especiales tienen del sitio web de ALJ Abdul Latif Jameel buscar\u00e1 en el futuro involucrar, de la manera que sea adecuada, a estos usuarios en el desarrollo y pruebas de nuevos servicios y contenido.<\/p>\n\n\n\n<h3 class=\"wp-block-heading\">Soluciones alternativas<\/h3>\n\n\n\n<p>Abdul Latif Jameel puede ofrecer un formato o una soluci\u00f3n alternativa para los problemas con los que se encuentren los usuarios del sitio web de ALJ. P\u00f3ngase en contacto con Abdul Latif Jameel empleando los siguientes detalles de contacto.<\/p>\n\n\n\n<h3 class=\"wp-block-heading\">Cumplimiento de est\u00e1ndares<\/h3>\n\n\n\n<p>La aspiraci\u00f3n de Abdul Latif Jameel es ser compatible con el Worldwide Web Consortiums (W3C) y las Web Content Accessibility Guidelines 1.0, nivel AA, y garantizar que se mantienen estos est\u00e1ndares una vez se han alcanzado. Este est\u00e1ndar de accesibilidad se ha alcanzado garantizando que el contenido del sitio web de ALJ se presenta de forma clara y escrito de una manera que Abdul Latif Jameel considera f\u00e1cil de entender y seguir.<\/p>\n\n\n\n<h3 class=\"wp-block-heading\">Contacto<\/h3>\n\n\n\n<p>Si tiene cualquier pregunta o quiere dar su opini\u00f3n sobre la accesibilidad al sitio web de ALJ o si tiene alguna dificultad al usar el sitio web de ALJ, p\u00f3ngase en contacto con Abdul Latif Jameel a trav\u00e9s de info@alj.ae, facilitando datos sobre su consulta.<\/p>\n\n\n\n<p>Fecha de la pol\u00edtica: 1 de octubre de 2024<\/p>\n","protected":false},"excerpt":{"rendered":"<p>Esta pol\u00edtica de accesibilidad presenta informaci\u00f3n que detalla la disponibilidad del sitio de Abdul Latif Jameel en el dominio &lt;alj.com&gt; (el \u00absitio web de ALJ\u00bb) para los usuarios con diferentes necesidades. La pol\u00edtica de accesibilidad cubre los objetivos de Abdul Latif Jameel y su enfoque a la accesibilidad, las funciones principales que un usuario de [&hellip;]<\/p>\n","protected":false},"author":5,"featured_media":7010,"parent":0,"menu_order":1,"comment_status":"closed","ping_status":"closed","template":"","meta":{"_acf_changed":true,"footnotes":""},"class_list":["post-53255","page","type-page","status-publish","has-post-thumbnail","hentry"],"acf":[],"yoast_head":"<!-- This site is optimized with the Yoast SEO plugin v26.5 - https:\/\/yoast.com\/wordpress\/plugins\/seo\/ -->\n<title>Pol\u00edtica de accesibilidad - Abdul Latif Jameel<\/title>\n<meta name=\"robots\" content=\"noindex, follow, max-snippet:-1, max-image-preview:large, max-video-preview:-1\" \/>\n<meta property=\"og:locale\" content=\"es_ES\" \/>\n<meta property=\"og:type\" content=\"article\" \/>\n<meta property=\"og:title\" content=\"Pol\u00edtica de accesibilidad - Abdul Latif Jameel\" \/>\n<meta property=\"og:description\" content=\"Esta pol\u00edtica de accesibilidad presenta informaci\u00f3n que detalla la disponibilidad del sitio de Abdul Latif Jameel en el dominio &lt;alj.com&gt; (el \u00absitio web de ALJ\u00bb) para los usuarios con diferentes necesidades. La pol\u00edtica de accesibilidad cubre los objetivos de Abdul Latif Jameel y su enfoque a la accesibilidad, las funciones principales que un usuario de [&hellip;]\" \/>\n<meta property=\"og:url\" content=\"https:\/\/cms.alj3.clients.lemonhq.io\/es\/accessibility-policy\/\" \/>\n<meta property=\"og:site_name\" content=\"Abdul Latif Jameel\" \/>\n<meta property=\"article:modified_time\" content=\"2026-04-01T14:14:14+00:00\" \/>\n<meta property=\"og:image\" content=\"https:\/\/media.alj3.clients.lemonhq.io\/wp-content\/uploads\/2024\/10\/Terang-BESS-scaled-1.jpg\" \/>\n\t<meta property=\"og:image:width\" content=\"2560\" \/>\n\t<meta property=\"og:image:height\" content=\"1072\" \/>\n\t<meta property=\"og:image:type\" content=\"image\/jpeg\" \/>\n<meta name=\"twitter:card\" content=\"summary_large_image\" \/>\n<meta name=\"twitter:label1\" content=\"Tiempo de lectura\" \/>\n\t<meta name=\"twitter:data1\" content=\"2 minutos\" \/>\n<script type=\"application\/ld+json\" class=\"yoast-schema-graph\">{\"@context\":\"https:\/\/schema.org\",\"@graph\":[{\"@type\":\"WebPage\",\"@id\":\"https:\/\/cms.alj3.clients.lemonhq.io\/es\/accessibility-policy\/\",\"url\":\"https:\/\/cms.alj3.clients.lemonhq.io\/es\/accessibility-policy\/\",\"name\":\"Pol\u00edtica de accesibilidad - Abdul Latif Jameel\",\"isPartOf\":{\"@id\":\"https:\/\/cms.alj3.clients.lemonhq.io\/en\/#website\"},\"primaryImageOfPage\":{\"@id\":\"https:\/\/cms.alj3.clients.lemonhq.io\/es\/accessibility-policy\/#primaryimage\"},\"image\":{\"@id\":\"https:\/\/cms.alj3.clients.lemonhq.io\/es\/accessibility-policy\/#primaryimage\"},\"thumbnailUrl\":\"https:\/\/media.alj3.clients.lemonhq.io\/wp-content\/uploads\/2024\/10\/Terang-BESS-scaled-1.jpg\",\"datePublished\":\"2024-09-30T09:15:56+00:00\",\"dateModified\":\"2026-04-01T14:14:14+00:00\",\"breadcrumb\":{\"@id\":\"https:\/\/cms.alj3.clients.lemonhq.io\/es\/accessibility-policy\/#breadcrumb\"},\"inLanguage\":\"es\",\"potentialAction\":[{\"@type\":\"ReadAction\",\"target\":[\"https:\/\/cms.alj3.clients.lemonhq.io\/es\/accessibility-policy\/\"]}]},{\"@type\":\"ImageObject\",\"inLanguage\":\"es\",\"@id\":\"https:\/\/cms.alj3.clients.lemonhq.io\/es\/accessibility-policy\/#primaryimage\",\"url\":\"https:\/\/media.alj3.clients.lemonhq.io\/wp-content\/uploads\/2024\/10\/Terang-BESS-scaled-1.jpg\",\"contentUrl\":\"https:\/\/media.alj3.clients.lemonhq.io\/wp-content\/uploads\/2024\/10\/Terang-BESS-scaled-1.jpg\",\"width\":2560,\"height\":1072},{\"@type\":\"BreadcrumbList\",\"@id\":\"https:\/\/cms.alj3.clients.lemonhq.io\/es\/accessibility-policy\/#breadcrumb\",\"itemListElement\":[{\"@type\":\"ListItem\",\"position\":1,\"name\":\"Home\",\"item\":\"https:\/\/cms.alj3.clients.lemonhq.io\/en\/\"},{\"@type\":\"ListItem\",\"position\":2,\"name\":\"Pol\u00edtica de accesibilidad\"}]},{\"@type\":\"WebSite\",\"@id\":\"https:\/\/cms.alj3.clients.lemonhq.io\/en\/#website\",\"url\":\"https:\/\/cms.alj3.clients.lemonhq.io\/en\/\",\"name\":\"Abdul Latif Jameel\",\"description\":\"\",\"potentialAction\":[{\"@type\":\"SearchAction\",\"target\":{\"@type\":\"EntryPoint\",\"urlTemplate\":\"https:\/\/cms.alj3.clients.lemonhq.io\/en\/?s={search_term_string}\"},\"query-input\":{\"@type\":\"PropertyValueSpecification\",\"valueRequired\":true,\"valueName\":\"search_term_string\"}}],\"inLanguage\":\"es\"}]}<\/script>\n<!-- \/ Yoast SEO plugin. -->","yoast_head_json":{"title":"Pol\u00edtica de accesibilidad - Abdul Latif Jameel","robots":{"index":"noindex","follow":"follow","max-snippet":"max-snippet:-1","max-image-preview":"max-image-preview:large","max-video-preview":"max-video-preview:-1"},"og_locale":"es_ES","og_type":"article","og_title":"Pol\u00edtica de accesibilidad - Abdul Latif Jameel","og_description":"Esta pol\u00edtica de accesibilidad presenta informaci\u00f3n que detalla la disponibilidad del sitio de Abdul Latif Jameel en el dominio &lt;alj.com&gt; (el \u00absitio web de ALJ\u00bb) para los usuarios con diferentes necesidades. La pol\u00edtica de accesibilidad cubre los objetivos de Abdul Latif Jameel y su enfoque a la accesibilidad, las funciones principales que un usuario de [&hellip;]","og_url":"https:\/\/cms.alj3.clients.lemonhq.io\/es\/accessibility-policy\/","og_site_name":"Abdul Latif Jameel","article_modified_time":"2026-04-01T14:14:14+00:00","og_image":[{"width":2560,"height":1072,"url":"https:\/\/media.alj3.clients.lemonhq.io\/wp-content\/uploads\/2024\/10\/Terang-BESS-scaled-1.jpg","type":"image\/jpeg"}],"twitter_card":"summary_large_image","twitter_misc":{"Tiempo de lectura":"2 minutos"},"schema":{"@context":"https:\/\/schema.org","@graph":[{"@type":"WebPage","@id":"https:\/\/cms.alj3.clients.lemonhq.io\/es\/accessibility-policy\/","url":"https:\/\/cms.alj3.clients.lemonhq.io\/es\/accessibility-policy\/","name":"Pol\u00edtica de accesibilidad - Abdul Latif Jameel","isPartOf":{"@id":"https:\/\/cms.alj3.clients.lemonhq.io\/en\/#website"},"primaryImageOfPage":{"@id":"https:\/\/cms.alj3.clients.lemonhq.io\/es\/accessibility-policy\/#primaryimage"},"image":{"@id":"https:\/\/cms.alj3.clients.lemonhq.io\/es\/accessibility-policy\/#primaryimage"},"thumbnailUrl":"https:\/\/media.alj3.clients.lemonhq.io\/wp-content\/uploads\/2024\/10\/Terang-BESS-scaled-1.jpg","datePublished":"2024-09-30T09:15:56+00:00","dateModified":"2026-04-01T14:14:14+00:00","breadcrumb":{"@id":"https:\/\/cms.alj3.clients.lemonhq.io\/es\/accessibility-policy\/#breadcrumb"},"inLanguage":"es","potentialAction":[{"@type":"ReadAction","target":["https:\/\/cms.alj3.clients.lemonhq.io\/es\/accessibility-policy\/"]}]},{"@type":"ImageObject","inLanguage":"es","@id":"https:\/\/cms.alj3.clients.lemonhq.io\/es\/accessibility-policy\/#primaryimage","url":"https:\/\/media.alj3.clients.lemonhq.io\/wp-content\/uploads\/2024\/10\/Terang-BESS-scaled-1.jpg","contentUrl":"https:\/\/media.alj3.clients.lemonhq.io\/wp-content\/uploads\/2024\/10\/Terang-BESS-scaled-1.jpg","width":2560,"height":1072},{"@type":"BreadcrumbList","@id":"https:\/\/cms.alj3.clients.lemonhq.io\/es\/accessibility-policy\/#breadcrumb","itemListElement":[{"@type":"ListItem","position":1,"name":"Home","item":"https:\/\/cms.alj3.clients.lemonhq.io\/en\/"},{"@type":"ListItem","position":2,"name":"Pol\u00edtica de accesibilidad"}]},{"@type":"WebSite","@id":"https:\/\/cms.alj3.clients.lemonhq.io\/en\/#website","url":"https:\/\/cms.alj3.clients.lemonhq.io\/en\/","name":"Abdul Latif Jameel","description":"","potentialAction":[{"@type":"SearchAction","target":{"@type":"EntryPoint","urlTemplate":"https:\/\/cms.alj3.clients.lemonhq.io\/en\/?s={search_term_string}"},"query-input":{"@type":"PropertyValueSpecification","valueRequired":true,"valueName":"search_term_string"}}],"inLanguage":"es"}]}},"_links":{"self":[{"href":"https:\/\/cms.alj3.clients.lemonhq.io\/es\/wp-json\/wp\/v2\/pages\/53255","targetHints":{"allow":["GET"]}}],"collection":[{"href":"https:\/\/cms.alj3.clients.lemonhq.io\/es\/wp-json\/wp\/v2\/pages"}],"about":[{"href":"https:\/\/cms.alj3.clients.lemonhq.io\/es\/wp-json\/wp\/v2\/types\/page"}],"author":[{"embeddable":true,"href":"https:\/\/cms.alj3.clients.lemonhq.io\/es\/wp-json\/wp\/v2\/users\/5"}],"replies":[{"embeddable":true,"href":"https:\/\/cms.alj3.clients.lemonhq.io\/es\/wp-json\/wp\/v2\/comments?post=53255"}],"version-history":[{"count":0,"href":"https:\/\/cms.alj3.clients.lemonhq.io\/es\/wp-json\/wp\/v2\/pages\/53255\/revisions"}],"wp:featuredmedia":[{"embeddable":true,"href":"https:\/\/cms.alj3.clients.lemonhq.io\/es\/wp-json\/wp\/v2\/media\/7010"}],"wp:attachment":[{"href":"https:\/\/cms.alj3.clients.lemonhq.io\/es\/wp-json\/wp\/v2\/media?parent=53255"}],"curies":[{"name":"wp","href":"https:\/\/api.w.org\/{rel}","templated":true}]}}