{"id":53237,"date":"2024-09-30T08:34:48","date_gmt":"2024-09-30T08:34:48","guid":{"rendered":"https:\/\/cms.alj3.clients.lemonhq.io\/careers\/"},"modified":"2026-04-14T14:03:32","modified_gmt":"2026-04-14T14:03:32","slug":"careers","status":"publish","type":"page","link":"https:\/\/cms.alj3.clients.lemonhq.io\/es\/careers\/","title":{"rendered":"Carreras"},"content":{"rendered":"\n<div class=\"wp-block-group\"><div class=\"wp-block-group__inner-container is-layout-constrained wp-block-group-is-layout-constrained\"><div class=\"wp-bootstrap-blocks-container container mb-2\">\n\t\n\n<h2 class=\"wp-block-heading\"><strong>Un lugar donde aprovechar su potencial<\/strong><\/h2>\n\n\n\n<p>Con una presencia realmente internacional y una trayectoria de m\u00e1s de ocho d\u00e9cadas de \u00e9xito comercial a nuestras espaldas, actualmente somos, adem\u00e1s de una empresa l\u00edder en Oriente Medio, el Norte de \u00c1frica y Turqu\u00eda (la regi\u00f3n MENAT), una empresa que ofrece oportunidades muy interesantes en todo el mundo, desde Chile hasta Jap\u00f3n y desde el Reino Unido hasta Australia.<\/p>\n\n\n\n<p>Nuestros valores (y Los Principios Jameel) gu\u00edan la forma en la que trabajamos con nuestros socios de negocio, en nuestras comunidades y entre nosotros.<\/p>\n\n\n\n<p>A trav\u00e9s del <strong>respeto<\/strong>, la <strong>mejora<\/strong> e innovaci\u00f3n continuas, un esp\u00edritu <strong>pionero<\/strong> y la <strong>fortaleza<\/strong>, nos sentimos orgullosos de haber creado una cultura donde las ideas florecen, la gente prospera y el \u00e9xito aumenta.<\/p>\n\n<\/div>\n<\/div><\/div>\n\n\n\n<div class=\"wp-block-group has-light-sage-background-color has-background\"><div class=\"wp-block-group__inner-container is-layout-constrained wp-block-group-is-layout-constrained\"><div class=\"wp-bootstrap-blocks-container container mb-2\">\n\t\n\n<div class=\"wp-block-columns is-layout-flex wp-container-core-columns-is-layout-28f84493 wp-block-columns-is-layout-flex\">\n<div class=\"wp-block-column is-layout-flow wp-block-column-is-layout-flow\">\n<figure class=\"wp-block-video\"><video height=\"720\" style=\"aspect-ratio: 1280 \/ 720;\" width=\"1280\" autoplay loop muted poster=\"https:\/\/media.alj3.clients.lemonhq.io\/wp-content\/uploads\/2025\/11\/hr-video-80-years.png\" src=\"https:\/\/media.alj3.clients.lemonhq.io\/wp-content\/uploads\/2025\/11\/A-Place-to-Realize-Your-Potential-2025-EN-VO-Subs.mp4\" playsinline><\/video><\/figure>\n<\/div>\n\n\n\n<div class=\"wp-block-column is-layout-flow wp-block-column-is-layout-flow\">\n<h5 class=\"wp-block-heading\">Desde hace 80&nbsp;a\u00f1os, Abdul Latif Jameel se inspira en una visi\u00f3n motivada por el valor a largo plazo e invierte en actividades significativas para que el mundo prospere realmente.<\/h5>\n\n\n\n<h5 class=\"wp-block-heading\">Esto solo es posible gracias a nuestra gente.<\/h5>\n\n\n\n<p>Nuestro personal, una familia de alrededor de 11&nbsp;000&nbsp;empleados en toda nuestra red, de m\u00e1s de 85&nbsp;nacionalidades y en m\u00e1s de 30&nbsp;pa\u00edses, est\u00e1 en el centro de todo lo que hacemos. Respaldar nuestro compromiso por el desarrollo es nuestra dedicaci\u00f3n para que Abdul Latif Jameel sea un lugar incre\u00edble para trabajar.<\/p>\n\n\n\n<p>Nos esforzamos para garantizar que nuestros empleados tengan un sentimiento de orgullo y que se sientan parte de nuestro camino hacia el \u00e9xito global.<\/p>\n\n\n\n<p>Aspiramos a crear una cultura abierta, colaborativa y enriquecedora.<\/p>\n\n\n\n<p>Invertimos en la infraestructura de la vida para contribuir a la construcci\u00f3n de las comunidades del ma\u00f1ana.<\/p>\n\n\n\n<p>Le ofrecemos un lugar donde aprovechar su potencial\u2026 acomp\u00e1\u00f1enos en un viaje hacia un ma\u00f1ana m\u00e1s hermoso.<\/p>\n<\/div>\n<\/div>\n\n<\/div>\n<\/div><\/div>\n\n\n<div class=\"customMediaBlock large   image-center rtl\">\n    <div class=\"blockImagebx\">\n        <img decoding=\"async\" class=\"img\" src=\"https:\/\/media.alj3.clients.lemonhq.io\/wp-content\/uploads\/2025\/11\/pioneer.png\"  alt=\"pioneer\" title=\"pioneer\">\n    <\/div>\n\n        <div class=\"contentRow\" style=\"background-color: #f6ece7;\">\n        <!-- <div class=\"sectioncolor\" style=\"background-color: #f6ece7;\"><\/div> -->\n        <div class=\"container\">\n            <div class=\"row\">\n            <div class=\"col-md-6\">\n                <div class=\"textbx\">\n                <h4>Profesionales experimentados<\/h4>\n<h5>En Abdul Latif Jameel, las carreras profesionales son m\u00e1s que simples cargos: son trayectorias de impacto, innovaci\u00f3n y crecimiento continuo.<\/h5>\n<p>Estamos presentes en m\u00faltiples sectores, incluidos movilidad, energ\u00eda, servicios financieros, servicios medioambientales y salud, por lo que ofrecemos diversas trayectorias profesionales para los profesionales que buscan hacer una contribuci\u00f3n significativa al desarrollo sostenible y la transformaci\u00f3n econ\u00f3mica de nuestra sociedad.<\/p>\n<blockquote style=\"font-size: 18px;\"><p>En Abdul Latif Jameel tenemos una cultura basada en el respeto, impulsada por un esp\u00edritu pionero y unida por una ambici\u00f3n compartida para dar forma a un futuro mejor.<\/p>\n<p>Sus ideas se escuchan, su crecimiento se prioriza<\/p>\n<p>y su trabajo marca una diferencia real en el mundo<\/p>\n<p>Faisal A. Abdalla<br \/>\nDirector de RR.\u00a0HH. y Kaizen<\/p><\/blockquote>\n            <\/div>\n        <\/div>\n        <\/div>\n        <\/div>\n    <\/div>\n    \n    <\/div>\n\n<div class=\"customMediaBlock large whitetext  image-top ltr\">\n    <div class=\"blockImagebx\">\n        <img decoding=\"async\" class=\"img\" src=\"https:\/\/media.alj3.clients.lemonhq.io\/wp-content\/uploads\/2025\/11\/respect.png\"  alt=\"respect\" title=\"respect\">\n    <\/div>\n\n        <div class=\"contentRow\" style=\"background-color: #51859a;\">\n        <!-- <div class=\"sectioncolor\" style=\"background-color: #51859a;\"><\/div> -->\n        <div class=\"container\">\n            <div class=\"row\">\n            <div class=\"col-md-6\">\n                <div class=\"textbx\">\n                <h4>Empleo en Arabia Saud\u00ed<\/h4>\n<h5>Abdul Latif Jameel ofrece una amplia gama de oportunidades profesionales en toda Arabia Saud\u00ed, que abarcan sectores que van desde la movilidad y los servicios financieros hasta los servicios medioambientales y el desarrollo inmobiliario.<\/h5>\n<p>Arabia Saud\u00ed constituye un pilar fundamental de nuestros negocios y nos comprometemos a apoyar la transformaci\u00f3n de la naci\u00f3n seg\u00fan el plan <span style=\"color: #28424d;\"><a style=\"color: #28424d;\" href=\"https:\/\/vision2030.gov.sa\" target=\"_blank\" rel=\"noopener\">Vision 2030<\/a><\/span>, cultivando el talento local y formando a futuros l\u00edderes.<\/p>\n<p>Encontrar\u00e1 puestos desafiantes e inspiradores en Yeda, Riad y otras ciudades clave. Desde la ingenier\u00eda y la innovaci\u00f3n digital hasta las finanzas, las operaciones y la sostenibilidad, nuestro trabajo est\u00e1 dando forma a industrias fundamentales e impulsando el valor a largo plazo para las comunidades a las que servimos.<\/p>\n<p>Nuestro lugar de trabajo inclusivo re\u00fane a personas de una variedad de or\u00edgenes, unidas por una misi\u00f3n compartida: construir un ma\u00f1ana m\u00e1s hermoso, para s\u00ed mismas, sus familias y la regi\u00f3n.<\/p>\n<p><strong>Env\u00ede su solicitud <span style=\"color: #28424d;\"><a style=\"color: #28424d;\" href=\"https:\/\/careers.alj.com\/\" target=\"_blank\" rel=\"noopener\">aqu\u00ed<\/a><\/span><\/strong><\/p>\n            <\/div>\n        <\/div>\n        <\/div>\n        <\/div>\n    <\/div>\n    \n        <div class=\"contentRow\" style=\"background-color: #28424d;\">\n        <!-- <div class=\"sectioncolor\" style=\"background-color: #28424d;\"><\/div> -->\n        <div class=\"container\">\n            <div class=\"row\">\n            <div class=\"col-md-6\">\n                <div class=\"textbx\">\n                <h4>Empleo internacional<\/h4>\n<h5>Abdul Latif Jameel es una red internacional de empresas que ofrece oportunidades profesionales din\u00e1micas para profesionales que aspiran a tener un impacto mundial.<\/h5>\n<p>Desde Oriente Medio hasta Europa y Asia-Pac\u00edfico, nuestra presencia internacional abarca una diversa cartera de sectores, que incluyen movilidad, energ\u00eda renovable, servicios medioambientales, finanzas y seguros.<\/p>\n<p>Unirse a nuestros equipos internacionales significa trabajar en entornos culturalmente ricos que fomentan la innovaci\u00f3n, la colaboraci\u00f3n y el aprendizaje continuo.<\/p>\n<p>Tanto si es un experto experimentado como un l\u00edder emergente, Abdul Latif Jameel le ofrece la escala y el apoyo necesarios para acelerar su desarrollo, al mismo tiempo que le brinda la oportunidad de contribuir a crear un cambio significativo y positivo.<\/p>\n<p>Descubra c\u00f3mo puede desarrollar su potencial y dar forma a su carrera internacional mientras avanzamos juntos hacia un ma\u00f1ana m\u00e1s hermoso.<\/p>\n<p><strong>Env\u00ede su solicitud <span style=\"color: #51859a;\"><a style=\"color: #51859a;\" href=\"https:\/\/www.linkedin.com\/company\/alj\/jobs\/\" target=\"_blank\" rel=\"noopener\">aqu\u00ed<\/a><\/span><\/strong><\/p>\n            <\/div>\n        <\/div>\n        <\/div>\n        <\/div>\n    <\/div>\n    <\/div>\n\n<div class=\"customMediaBlock medium   image-top rtl\">\n    <div class=\"blockImagebx\">\n        <img decoding=\"async\" class=\"img\" src=\"https:\/\/media.alj3.clients.lemonhq.io\/wp-content\/uploads\/2025\/12\/career-5.png\"  alt=\"\" title=\"career-5\">\n    <\/div>\n\n        <div class=\"contentRow\" style=\"background-color: #b2b2b2;\">\n        <!-- <div class=\"sectioncolor\" style=\"background-color: #b2b2b2;\"><\/div> -->\n        <div class=\"container\">\n            <div class=\"row\">\n            <div class=\"col-md-6\">\n                <div class=\"textbx\">\n                <h4>Carreras profesionales tempranas<\/h4>\n<h5>En Abdul Latif Jameel nos comprometemos a desarrollar la pr\u00f3xima generaci\u00f3n de l\u00edderes. Nuestras oportunidades de Carreras profesionales tempranas est\u00e1n dise\u00f1adas para brindar a los j\u00f3venes profesionales una base s\u00f3lida a trav\u00e9s de la experiencia en el mundo real, el aprendizaje estructurado y la mentor\u00eda significativa.<\/h5>\n<p>\u00bfEst\u00e1 comenzando a explorar sus intereses o ya est\u00e1 listo para entrar en una trayectoria profesional m\u00e1s definida? Ofrecemos dos puntos de entrada clave.<\/p>\n<p>Tanto el Programa de capacitaci\u00f3n gerencial de Jameel como los Programas de pr\u00e1cticas se basan en nuestra creencia de que como mejor se aprende con la pr\u00e1ctica y proporcionan a los j\u00f3venes talentos las herramientas, la orientaci\u00f3n y las oportunidades que necesitan para prosperar.<\/p>\n            <\/div>\n        <\/div>\n        <\/div>\n        <\/div>\n    <\/div>\n    \n    <\/div>\n\n\n<div class=\"wp-block-group\"><div class=\"wp-block-group__inner-container is-layout-constrained wp-block-group-is-layout-constrained\"><div class=\"wp-bootstrap-blocks-container container mb-2\">\n\t\n\n<div class=\"wp-block-columns is-layout-flex wp-container-core-columns-is-layout-28f84493 wp-block-columns-is-layout-flex\">\n<div class=\"wp-block-column is-layout-flow wp-block-column-is-layout-flow\">\n<h4 class=\"wp-block-heading has-teal-color has-text-color has-link-color wp-elements-02909928434a8dbbe52c4a0d659d4151\">Programa de capacitaci\u00f3n gerencial de Abdul Latif Jameel<\/h4>\n\n\n\n<p>El programa de capacitaci\u00f3n gerencial de Abdul Latif Jameel (Management Trainee Program, MTP) es una iniciativa internacional de desarrollo acelerado de talentos, cuyo objetivo es identificar y formar estrat\u00e9gicamente a los mejores talentos internacionales procedentes de algunas de las escuelas y universidades m\u00e1s importantes del mundo, o a los empleados reci\u00e9n incorporados de todas nuestras empresas.<\/p>\n\n\n\n<p>Para obtener m\u00e1s informaci\u00f3n sobre el MTP, consulte nuestro <a href=\"https:\/\/indd.adobe.com\/view\/5952920f-ad72-4165-929e-1daa4878914e\" target=\"_blank\" rel=\"noreferrer noopener\">folleto interactivo en l\u00ednea<\/a>.<\/p>\n<\/div>\n\n\n\n<div class=\"wp-block-column is-layout-flow wp-block-column-is-layout-flow\">\n<figure class=\"wp-block-video\"><video height=\"720\" style=\"aspect-ratio: 1280 \/ 720;\" width=\"1280\" autoplay loop muted poster=\"https:\/\/media.alj3.clients.lemonhq.io\/wp-content\/uploads\/2025\/11\/Welcome-to-the-Abdul-Latif-Jameel-Management-Training-Program-EN-VO-Subs-thumbnail.png\" src=\"https:\/\/media.alj3.clients.lemonhq.io\/wp-content\/uploads\/2025\/11\/Welcome-to-the-Abdul-Latif-Jameel-Management-Training-Program-EN-VO-Subs.mp4\" playsinline><\/video><\/figure>\n<\/div>\n<\/div>\n\n<\/div>\n<\/div><\/div>\n\n\n<div class=\"customMediaBlock medium   image-center ltr\">\n    <div class=\"blockImagebx\">\n        <img decoding=\"async\" class=\"img\" src=\"https:\/\/media.alj3.clients.lemonhq.io\/wp-content\/uploads\/2025\/11\/improve.png\"  alt=\"improve\" title=\"improve\">\n    <\/div>\n\n        <div class=\"contentRow\" style=\"background-color: #D4D4D4;\">\n        <!-- <div class=\"sectioncolor\" style=\"background-color: #D4D4D4;\"><\/div> -->\n        <div class=\"container\">\n            <div class=\"row\">\n            <div class=\"col-md-6\">\n                <div class=\"textbx\">\n                <h5>Los candidatos seleccionados llevar\u00e1n a cabo un programa que recorre una serie de experiencias enriquecedoras, con el apoyo de una formaci\u00f3n espec\u00edfica, tutor\u00edas, tareas pr\u00e1cticas y evaluaciones, lo que en \u00faltima instancia les situar\u00e1 en el grupo internacional de talentos de la empresa y en la cartera de desarrollo profesional.<\/h5>\n<p>El programa tiene como objetivo posicionar de manera inmejorable a los empleados para que sean considerados para posibles puestos directivos en nuestra familia de empresas repartidas por todo el mundo.<\/p>\n<p>Este programa de 24\u00a0meses est\u00e1 estructurado en cinco secciones principales que ayudar\u00e1n a los empleados a conocer la familia de empresas Abdul Latif Jameel, a sus compa\u00f1eros y a integrarse sin problemas en nuestra cultura.<\/p>\n<p><strong>Env\u00ede su solicitud <a href=\"https:\/\/www.linkedin.com\/company\/alj\/jobs\/\" target=\"_blank\" rel=\"noopener\">aqu\u00ed<\/a><\/strong><\/p>\n            <\/div>\n        <\/div>\n        <\/div>\n        <\/div>\n    <\/div>\n    \n    <\/div>\n\n\n<div class=\"wp-block-group careerprofile has-light-blue-background-color has-background\"><div class=\"wp-block-group__inner-container is-layout-constrained wp-block-group-is-layout-constrained\"><div class=\"wp-bootstrap-blocks-container container mb-0\">\n\t\n\n<div class=\"wp-block-media-text is-stacked-on-mobile\" style=\"grid-template-columns:30% auto\"><figure class=\"wp-block-media-text__media\"><img loading=\"lazy\" decoding=\"async\" width=\"400\" height=\"600\" src=\"https:\/\/media.alj3.clients.lemonhq.io\/wp-content\/uploads\/2019\/07\/fady-jameel-new.jpg\" alt=\"img\" class=\"wp-image-26154 size-full\" srcset=\"https:\/\/media.alj3.clients.lemonhq.io\/wp-content\/uploads\/2019\/07\/fady-jameel-new.jpg 400w, https:\/\/media.alj3.clients.lemonhq.io\/wp-content\/uploads\/2019\/07\/fady-jameel-new-200x300.jpg 200w, https:\/\/media.alj3.clients.lemonhq.io\/wp-content\/uploads\/2019\/07\/fady-jameel-new-167x250.jpg 167w\" sizes=\"auto, (max-width: 400px) 100vw, 400px\" \/><\/figure><div class=\"wp-block-media-text__content\">\n<blockquote class=\"wp-block-quote is-layout-flow wp-block-quote-is-layout-flow\">\n<p>Los avances tecnol\u00f3gicos y de innovaci\u00f3n presentan oportunidades emocionantes, que pueden resultar incluso abrumadoras.<\/p>\n\n\n\n<p class=\"has-small-font-size\">Sin embargo, las exigencias que se imponen a las personas a trav\u00e9s de nuestros mundos digitales, la inteligencia artificial y la presencia en las redes sociales constituyen un territorio inexplorado.<\/p>\n\n\n\n<p class=\"has-small-font-size\">Las empresas que no se adapten a nuestro mundo en constante cambio no podr\u00e1n crecer ni prosperar.<\/p>\n\n\n\n<p class=\"has-small-font-size\">Hoy en d\u00eda, los j\u00f3venes se enfrentan a un futuro diferente al de cualquier generaci\u00f3n anterior, pero el potencial de la juventud est\u00e1 ah\u00ed para aprovecharse.<\/p>\n\n\n\n<p class=\"has-small-font-size\">Aproveche su potencial con Abdul Latif Jameel.<\/p>\n\n\n\n<p><strong>Fady Jameel<\/strong><br>Vicepresidente, Internacional<\/p>\n<\/blockquote>\n<\/div><\/div>\n\n<\/div>\n<\/div><\/div>\n\n\n<div class=\"customMediaBlock medium   image-center rtl\">\n    <div class=\"blockImagebx\">\n        <img decoding=\"async\" class=\"img\" src=\"https:\/\/media.alj3.clients.lemonhq.io\/wp-content\/uploads\/2025\/12\/career-6.png\"  alt=\"\" title=\"career-6\">\n    <\/div>\n\n        <div class=\"contentRow\" style=\"background-color: #fff;\">\n        <!-- <div class=\"sectioncolor\" style=\"background-color: #fff;\"><\/div> -->\n        <div class=\"container\">\n            <div class=\"row\">\n            <div class=\"col-md-6\">\n                <div class=\"textbx\">\n                <h4><span style=\"color: #51859a;\">Programas de pr\u00e1cticas<\/span><\/h4>\n<h5>Creemos en invertir en la pr\u00f3xima generaci\u00f3n de talento. Nuestros programas de pr\u00e1cticas est\u00e1n dise\u00f1ados para brindarles a los j\u00f3venes profesionales una experiencia pr\u00e1ctica y significativa en una amplia gama de sectores. Tanto si es un estudiante universitario que est\u00e1 explorando su trayectoria profesional como si es un reci\u00e9n graduado que desea aplicar sus conocimientos en un entorno real, nuestras pr\u00e1cticas ofrecen mucho m\u00e1s que simple exposici\u00f3n: brindan la oportunidad de contribuir a proyectos de gran impacto, aprender de los l\u00edderes del sector y desarrollar valiosas habilidades profesionales para su futuro.<\/h5>\n<p>Las pr\u00e1cticas var\u00edan en duraci\u00f3n y alcance, dependiendo del \u00e1rea de negocio y la ubicaci\u00f3n.<\/p>\n<p>Podr\u00eda trabajar en iniciativas estrat\u00e9gicas, apoyar las operaciones diarias o colaborar en proyectos impulsados por la innovaci\u00f3n. Independientemente de la tarea, se le dar\u00e1 la bienvenida a una cultura que valora la curiosidad, la iniciativa, el compromiso, el trabajo duro y el crecimiento personal. Buscamos personas apasionadas, motivadas y con ganas de aprender preparadas para dar el primer paso en sus carreras y, al mismo tiempo, ayudar a dar forma al futuro de nuestro negocio.<\/p>\n<p>Explore nuestras vacantes de pr\u00e1cticas y descubra c\u00f3mo puede comenzar su trayectoria con Abdul Latif Jameel.<\/p>\n<p><strong>Env\u00ede su solicitud <\/strong><a href=\"https:\/\/www.linkedin.com\/company\/alj\/jobs\/\" target=\"_blank\" rel=\"noopener\"><strong>aqu\u00ed<\/strong><\/a><\/p>\n            <\/div>\n        <\/div>\n        <\/div>\n        <\/div>\n    <\/div>\n    \n    <\/div>","protected":false},"excerpt":{"rendered":"","protected":false},"author":5,"featured_media":18451,"parent":0,"menu_order":2,"comment_status":"closed","ping_status":"closed","template":"","meta":{"_acf_changed":true,"footnotes":""},"class_list":["post-53237","page","type-page","status-publish","has-post-thumbnail","hentry"],"acf":[],"yoast_head":"<!-- This site is optimized with the Yoast SEO plugin v26.5 - https:\/\/yoast.com\/wordpress\/plugins\/seo\/ -->\n<title>Carreras - Abdul Latif Jameel<\/title>\n<meta name=\"robots\" content=\"noindex, follow, max-snippet:-1, max-image-preview:large, max-video-preview:-1\" \/>\n<meta property=\"og:locale\" content=\"es_ES\" \/>\n<meta property=\"og:type\" content=\"article\" \/>\n<meta property=\"og:title\" content=\"Carreras - Abdul Latif Jameel\" \/>\n<meta property=\"og:url\" content=\"https:\/\/cms.alj3.clients.lemonhq.io\/es\/careers\/\" \/>\n<meta property=\"og:site_name\" content=\"Abdul Latif Jameel\" \/>\n<meta property=\"article:modified_time\" content=\"2026-04-14T14:03:32+00:00\" \/>\n<meta property=\"og:image\" content=\"https:\/\/media.alj3.clients.lemonhq.io\/wp-content\/uploads\/2024\/10\/partner-with-us-saudi-arabia-hero-images.jpg\" \/>\n\t<meta property=\"og:image:width\" content=\"1294\" \/>\n\t<meta property=\"og:image:height\" content=\"600\" \/>\n\t<meta property=\"og:image:type\" content=\"image\/jpeg\" \/>\n<meta name=\"twitter:card\" content=\"summary_large_image\" \/>\n<meta name=\"twitter:label1\" content=\"Tiempo de lectura\" \/>\n\t<meta name=\"twitter:data1\" content=\"2 minutos\" \/>\n<script type=\"application\/ld+json\" class=\"yoast-schema-graph\">{\"@context\":\"https:\/\/schema.org\",\"@graph\":[{\"@type\":\"WebPage\",\"@id\":\"https:\/\/cms.alj3.clients.lemonhq.io\/es\/careers\/\",\"url\":\"https:\/\/cms.alj3.clients.lemonhq.io\/es\/careers\/\",\"name\":\"Carreras - Abdul Latif Jameel\",\"isPartOf\":{\"@id\":\"https:\/\/cms.alj3.clients.lemonhq.io\/en\/#website\"},\"primaryImageOfPage\":{\"@id\":\"https:\/\/cms.alj3.clients.lemonhq.io\/es\/careers\/#primaryimage\"},\"image\":{\"@id\":\"https:\/\/cms.alj3.clients.lemonhq.io\/es\/careers\/#primaryimage\"},\"thumbnailUrl\":\"https:\/\/media.alj3.clients.lemonhq.io\/wp-content\/uploads\/2024\/10\/partner-with-us-saudi-arabia-hero-images.jpg\",\"datePublished\":\"2024-09-30T08:34:48+00:00\",\"dateModified\":\"2026-04-14T14:03:32+00:00\",\"breadcrumb\":{\"@id\":\"https:\/\/cms.alj3.clients.lemonhq.io\/es\/careers\/#breadcrumb\"},\"inLanguage\":\"es\",\"potentialAction\":[{\"@type\":\"ReadAction\",\"target\":[\"https:\/\/cms.alj3.clients.lemonhq.io\/es\/careers\/\"]}]},{\"@type\":\"ImageObject\",\"inLanguage\":\"es\",\"@id\":\"https:\/\/cms.alj3.clients.lemonhq.io\/es\/careers\/#primaryimage\",\"url\":\"https:\/\/media.alj3.clients.lemonhq.io\/wp-content\/uploads\/2024\/10\/partner-with-us-saudi-arabia-hero-images.jpg\",\"contentUrl\":\"https:\/\/media.alj3.clients.lemonhq.io\/wp-content\/uploads\/2024\/10\/partner-with-us-saudi-arabia-hero-images.jpg\",\"width\":1294,\"height\":600},{\"@type\":\"BreadcrumbList\",\"@id\":\"https:\/\/cms.alj3.clients.lemonhq.io\/es\/careers\/#breadcrumb\",\"itemListElement\":[{\"@type\":\"ListItem\",\"position\":1,\"name\":\"Home\",\"item\":\"https:\/\/cms.alj3.clients.lemonhq.io\/en\/\"},{\"@type\":\"ListItem\",\"position\":2,\"name\":\"Carreras\"}]},{\"@type\":\"WebSite\",\"@id\":\"https:\/\/cms.alj3.clients.lemonhq.io\/en\/#website\",\"url\":\"https:\/\/cms.alj3.clients.lemonhq.io\/en\/\",\"name\":\"Abdul Latif Jameel\",\"description\":\"\",\"potentialAction\":[{\"@type\":\"SearchAction\",\"target\":{\"@type\":\"EntryPoint\",\"urlTemplate\":\"https:\/\/cms.alj3.clients.lemonhq.io\/en\/?s={search_term_string}\"},\"query-input\":{\"@type\":\"PropertyValueSpecification\",\"valueRequired\":true,\"valueName\":\"search_term_string\"}}],\"inLanguage\":\"es\"}]}<\/script>\n<!-- \/ Yoast SEO plugin. -->","yoast_head_json":{"title":"Carreras - Abdul Latif Jameel","robots":{"index":"noindex","follow":"follow","max-snippet":"max-snippet:-1","max-image-preview":"max-image-preview:large","max-video-preview":"max-video-preview:-1"},"og_locale":"es_ES","og_type":"article","og_title":"Carreras - Abdul Latif Jameel","og_url":"https:\/\/cms.alj3.clients.lemonhq.io\/es\/careers\/","og_site_name":"Abdul Latif Jameel","article_modified_time":"2026-04-14T14:03:32+00:00","og_image":[{"width":1294,"height":600,"url":"https:\/\/media.alj3.clients.lemonhq.io\/wp-content\/uploads\/2024\/10\/partner-with-us-saudi-arabia-hero-images.jpg","type":"image\/jpeg"}],"twitter_card":"summary_large_image","twitter_misc":{"Tiempo de lectura":"2 minutos"},"schema":{"@context":"https:\/\/schema.org","@graph":[{"@type":"WebPage","@id":"https:\/\/cms.alj3.clients.lemonhq.io\/es\/careers\/","url":"https:\/\/cms.alj3.clients.lemonhq.io\/es\/careers\/","name":"Carreras - Abdul Latif Jameel","isPartOf":{"@id":"https:\/\/cms.alj3.clients.lemonhq.io\/en\/#website"},"primaryImageOfPage":{"@id":"https:\/\/cms.alj3.clients.lemonhq.io\/es\/careers\/#primaryimage"},"image":{"@id":"https:\/\/cms.alj3.clients.lemonhq.io\/es\/careers\/#primaryimage"},"thumbnailUrl":"https:\/\/media.alj3.clients.lemonhq.io\/wp-content\/uploads\/2024\/10\/partner-with-us-saudi-arabia-hero-images.jpg","datePublished":"2024-09-30T08:34:48+00:00","dateModified":"2026-04-14T14:03:32+00:00","breadcrumb":{"@id":"https:\/\/cms.alj3.clients.lemonhq.io\/es\/careers\/#breadcrumb"},"inLanguage":"es","potentialAction":[{"@type":"ReadAction","target":["https:\/\/cms.alj3.clients.lemonhq.io\/es\/careers\/"]}]},{"@type":"ImageObject","inLanguage":"es","@id":"https:\/\/cms.alj3.clients.lemonhq.io\/es\/careers\/#primaryimage","url":"https:\/\/media.alj3.clients.lemonhq.io\/wp-content\/uploads\/2024\/10\/partner-with-us-saudi-arabia-hero-images.jpg","contentUrl":"https:\/\/media.alj3.clients.lemonhq.io\/wp-content\/uploads\/2024\/10\/partner-with-us-saudi-arabia-hero-images.jpg","width":1294,"height":600},{"@type":"BreadcrumbList","@id":"https:\/\/cms.alj3.clients.lemonhq.io\/es\/careers\/#breadcrumb","itemListElement":[{"@type":"ListItem","position":1,"name":"Home","item":"https:\/\/cms.alj3.clients.lemonhq.io\/en\/"},{"@type":"ListItem","position":2,"name":"Carreras"}]},{"@type":"WebSite","@id":"https:\/\/cms.alj3.clients.lemonhq.io\/en\/#website","url":"https:\/\/cms.alj3.clients.lemonhq.io\/en\/","name":"Abdul Latif Jameel","description":"","potentialAction":[{"@type":"SearchAction","target":{"@type":"EntryPoint","urlTemplate":"https:\/\/cms.alj3.clients.lemonhq.io\/en\/?s={search_term_string}"},"query-input":{"@type":"PropertyValueSpecification","valueRequired":true,"valueName":"search_term_string"}}],"inLanguage":"es"}]}},"_links":{"self":[{"href":"https:\/\/cms.alj3.clients.lemonhq.io\/es\/wp-json\/wp\/v2\/pages\/53237","targetHints":{"allow":["GET"]}}],"collection":[{"href":"https:\/\/cms.alj3.clients.lemonhq.io\/es\/wp-json\/wp\/v2\/pages"}],"about":[{"href":"https:\/\/cms.alj3.clients.lemonhq.io\/es\/wp-json\/wp\/v2\/types\/page"}],"author":[{"embeddable":true,"href":"https:\/\/cms.alj3.clients.lemonhq.io\/es\/wp-json\/wp\/v2\/users\/5"}],"replies":[{"embeddable":true,"href":"https:\/\/cms.alj3.clients.lemonhq.io\/es\/wp-json\/wp\/v2\/comments?post=53237"}],"version-history":[{"count":0,"href":"https:\/\/cms.alj3.clients.lemonhq.io\/es\/wp-json\/wp\/v2\/pages\/53237\/revisions"}],"wp:featuredmedia":[{"embeddable":true,"href":"https:\/\/cms.alj3.clients.lemonhq.io\/es\/wp-json\/wp\/v2\/media\/18451"}],"wp:attachment":[{"href":"https:\/\/cms.alj3.clients.lemonhq.io\/es\/wp-json\/wp\/v2\/media?parent=53237"}],"curies":[{"name":"wp","href":"https:\/\/api.w.org\/{rel}","templated":true}]}}