{"id":53231,"date":"2024-09-30T08:22:27","date_gmt":"2024-09-30T08:22:27","guid":{"rendered":"https:\/\/cms.alj3.clients.lemonhq.io\/media-center\/spotlight-by-fady-jameel\/"},"modified":"2026-04-01T11:05:03","modified_gmt":"2026-04-01T11:05:03","slug":"spotlight-by-fady-jameel","status":"publish","type":"page","link":"https:\/\/cms.alj3.clients.lemonhq.io\/es\/media-center\/spotlight-by-fady-jameel\/","title":{"rendered":"Spotlight by Fady Jameel"},"content":{"rendered":"\n<p>En la serie Spotlight, <a href=\"\/es\/our-people\/fady-jameel\/\">Fady Jameel<\/a>, vicepresidente internacional de Abdul Latif Jameel, act\u00faa como l\u00edder de opini\u00f3n y analiza en profundidad algunos de los problemas m\u00e1s urgentes del mundo.<\/p>\n\n\n\n<p>Fady considera los desaf\u00edos a los que nos enfrentamos y examina las pol\u00edticas, tecnolog\u00edas y enfoques que se utilizan. Habla con las personas implicadas en la formulaci\u00f3n de soluciones y en marcar la diferencia en los \u00e1mbitos del comercio, la industria, la ciencia y el mundo acad\u00e9mico.<\/p>\n","protected":false},"excerpt":{"rendered":"<p>En la serie Spotlight, Fady Jameel, vicepresidente internacional de Abdul Latif Jameel, act\u00faa como l\u00edder de opini\u00f3n y analiza en profundidad algunos de los problemas m\u00e1s urgentes del mundo. Fady considera los desaf\u00edos a los que nos enfrentamos y examina las pol\u00edticas, tecnolog\u00edas y enfoques que se utilizan. Habla con las personas implicadas en la [&hellip;]<\/p>\n","protected":false},"author":5,"featured_media":21113,"parent":53224,"menu_order":6,"comment_status":"closed","ping_status":"closed","template":"","meta":{"_acf_changed":true,"footnotes":""},"class_list":["post-53231","page","type-page","status-publish","has-post-thumbnail","hentry"],"acf":[],"yoast_head":"<!-- This site is optimized with the Yoast SEO plugin v26.5 - https:\/\/yoast.com\/wordpress\/plugins\/seo\/ -->\n<title>Spotlight by Fady Jameel - Abdul Latif Jameel<\/title>\n<meta name=\"robots\" content=\"noindex, follow, max-snippet:-1, max-image-preview:large, max-video-preview:-1\" \/>\n<meta property=\"og:locale\" content=\"es_ES\" \/>\n<meta property=\"og:type\" content=\"article\" \/>\n<meta property=\"og:title\" content=\"Spotlight by Fady Jameel - Abdul Latif Jameel\" \/>\n<meta property=\"og:description\" content=\"En la serie Spotlight, Fady Jameel, vicepresidente internacional de Abdul Latif Jameel, act\u00faa como l\u00edder de opini\u00f3n y analiza en profundidad algunos de los problemas m\u00e1s urgentes del mundo. Fady considera los desaf\u00edos a los que nos enfrentamos y examina las pol\u00edticas, tecnolog\u00edas y enfoques que se utilizan. Habla con las personas implicadas en la [&hellip;]\" \/>\n<meta property=\"og:url\" content=\"https:\/\/cms.alj3.clients.lemonhq.io\/es\/media-center\/spotlight-by-fady-jameel\/\" \/>\n<meta property=\"og:site_name\" content=\"Abdul Latif Jameel\" \/>\n<meta property=\"article:modified_time\" content=\"2026-04-01T11:05:03+00:00\" \/>\n<meta property=\"og:image\" content=\"https:\/\/media.alj3.clients.lemonhq.io\/wp-content\/uploads\/2024\/10\/wp-block-img-40.jpg\" \/>\n\t<meta property=\"og:image:width\" content=\"1920\" \/>\n\t<meta property=\"og:image:height\" content=\"1080\" \/>\n\t<meta property=\"og:image:type\" content=\"image\/jpeg\" \/>\n<meta name=\"twitter:card\" content=\"summary_large_image\" \/>\n<meta name=\"twitter:label1\" content=\"Tiempo de lectura\" \/>\n\t<meta name=\"twitter:data1\" content=\"1 minuto\" \/>\n<script type=\"application\/ld+json\" class=\"yoast-schema-graph\">{\"@context\":\"https:\/\/schema.org\",\"@graph\":[{\"@type\":\"WebPage\",\"@id\":\"https:\/\/cms.alj3.clients.lemonhq.io\/es\/media-center\/spotlight-by-fady-jameel\/\",\"url\":\"https:\/\/cms.alj3.clients.lemonhq.io\/es\/media-center\/spotlight-by-fady-jameel\/\",\"name\":\"Spotlight by Fady Jameel - Abdul Latif Jameel\",\"isPartOf\":{\"@id\":\"https:\/\/10.0.2.222\/en\/#website\"},\"primaryImageOfPage\":{\"@id\":\"https:\/\/cms.alj3.clients.lemonhq.io\/es\/media-center\/spotlight-by-fady-jameel\/#primaryimage\"},\"image\":{\"@id\":\"https:\/\/cms.alj3.clients.lemonhq.io\/es\/media-center\/spotlight-by-fady-jameel\/#primaryimage\"},\"thumbnailUrl\":\"https:\/\/media.alj3.clients.lemonhq.io\/wp-content\/uploads\/2024\/10\/wp-block-img-40.jpg\",\"datePublished\":\"2024-09-30T08:22:27+00:00\",\"dateModified\":\"2026-04-01T11:05:03+00:00\",\"breadcrumb\":{\"@id\":\"https:\/\/cms.alj3.clients.lemonhq.io\/es\/media-center\/spotlight-by-fady-jameel\/#breadcrumb\"},\"inLanguage\":\"es\",\"potentialAction\":[{\"@type\":\"ReadAction\",\"target\":[\"https:\/\/cms.alj3.clients.lemonhq.io\/es\/media-center\/spotlight-by-fady-jameel\/\"]}]},{\"@type\":\"ImageObject\",\"inLanguage\":\"es\",\"@id\":\"https:\/\/cms.alj3.clients.lemonhq.io\/es\/media-center\/spotlight-by-fady-jameel\/#primaryimage\",\"url\":\"https:\/\/media.alj3.clients.lemonhq.io\/wp-content\/uploads\/2024\/10\/wp-block-img-40.jpg\",\"contentUrl\":\"https:\/\/media.alj3.clients.lemonhq.io\/wp-content\/uploads\/2024\/10\/wp-block-img-40.jpg\",\"width\":1920,\"height\":1080},{\"@type\":\"BreadcrumbList\",\"@id\":\"https:\/\/cms.alj3.clients.lemonhq.io\/es\/media-center\/spotlight-by-fady-jameel\/#breadcrumb\",\"itemListElement\":[{\"@type\":\"ListItem\",\"position\":1,\"name\":\"Home\",\"item\":\"https:\/\/10.0.2.222\/en\/\"},{\"@type\":\"ListItem\",\"position\":2,\"name\":\"Media Center\",\"item\":\"https:\/\/cms.alj3.clients.lemonhq.io\/es\/media-center\/\"},{\"@type\":\"ListItem\",\"position\":3,\"name\":\"Spotlight by Fady Jameel\"}]},{\"@type\":\"WebSite\",\"@id\":\"https:\/\/10.0.2.222\/en\/#website\",\"url\":\"https:\/\/10.0.2.222\/en\/\",\"name\":\"Abdul Latif Jameel\",\"description\":\"\",\"potentialAction\":[{\"@type\":\"SearchAction\",\"target\":{\"@type\":\"EntryPoint\",\"urlTemplate\":\"https:\/\/10.0.2.222\/en\/?s={search_term_string}\"},\"query-input\":{\"@type\":\"PropertyValueSpecification\",\"valueRequired\":true,\"valueName\":\"search_term_string\"}}],\"inLanguage\":\"es\"}]}<\/script>\n<!-- \/ Yoast SEO plugin. -->","yoast_head_json":{"title":"Spotlight by Fady Jameel - Abdul Latif Jameel","robots":{"index":"noindex","follow":"follow","max-snippet":"max-snippet:-1","max-image-preview":"max-image-preview:large","max-video-preview":"max-video-preview:-1"},"og_locale":"es_ES","og_type":"article","og_title":"Spotlight by Fady Jameel - Abdul Latif Jameel","og_description":"En la serie Spotlight, Fady Jameel, vicepresidente internacional de Abdul Latif Jameel, act\u00faa como l\u00edder de opini\u00f3n y analiza en profundidad algunos de los problemas m\u00e1s urgentes del mundo. Fady considera los desaf\u00edos a los que nos enfrentamos y examina las pol\u00edticas, tecnolog\u00edas y enfoques que se utilizan. Habla con las personas implicadas en la [&hellip;]","og_url":"https:\/\/cms.alj3.clients.lemonhq.io\/es\/media-center\/spotlight-by-fady-jameel\/","og_site_name":"Abdul Latif Jameel","article_modified_time":"2026-04-01T11:05:03+00:00","og_image":[{"width":1920,"height":1080,"url":"https:\/\/media.alj3.clients.lemonhq.io\/wp-content\/uploads\/2024\/10\/wp-block-img-40.jpg","type":"image\/jpeg"}],"twitter_card":"summary_large_image","twitter_misc":{"Tiempo de lectura":"1 minuto"},"schema":{"@context":"https:\/\/schema.org","@graph":[{"@type":"WebPage","@id":"https:\/\/cms.alj3.clients.lemonhq.io\/es\/media-center\/spotlight-by-fady-jameel\/","url":"https:\/\/cms.alj3.clients.lemonhq.io\/es\/media-center\/spotlight-by-fady-jameel\/","name":"Spotlight by Fady Jameel - Abdul Latif Jameel","isPartOf":{"@id":"https:\/\/10.0.2.222\/en\/#website"},"primaryImageOfPage":{"@id":"https:\/\/cms.alj3.clients.lemonhq.io\/es\/media-center\/spotlight-by-fady-jameel\/#primaryimage"},"image":{"@id":"https:\/\/cms.alj3.clients.lemonhq.io\/es\/media-center\/spotlight-by-fady-jameel\/#primaryimage"},"thumbnailUrl":"https:\/\/media.alj3.clients.lemonhq.io\/wp-content\/uploads\/2024\/10\/wp-block-img-40.jpg","datePublished":"2024-09-30T08:22:27+00:00","dateModified":"2026-04-01T11:05:03+00:00","breadcrumb":{"@id":"https:\/\/cms.alj3.clients.lemonhq.io\/es\/media-center\/spotlight-by-fady-jameel\/#breadcrumb"},"inLanguage":"es","potentialAction":[{"@type":"ReadAction","target":["https:\/\/cms.alj3.clients.lemonhq.io\/es\/media-center\/spotlight-by-fady-jameel\/"]}]},{"@type":"ImageObject","inLanguage":"es","@id":"https:\/\/cms.alj3.clients.lemonhq.io\/es\/media-center\/spotlight-by-fady-jameel\/#primaryimage","url":"https:\/\/media.alj3.clients.lemonhq.io\/wp-content\/uploads\/2024\/10\/wp-block-img-40.jpg","contentUrl":"https:\/\/media.alj3.clients.lemonhq.io\/wp-content\/uploads\/2024\/10\/wp-block-img-40.jpg","width":1920,"height":1080},{"@type":"BreadcrumbList","@id":"https:\/\/cms.alj3.clients.lemonhq.io\/es\/media-center\/spotlight-by-fady-jameel\/#breadcrumb","itemListElement":[{"@type":"ListItem","position":1,"name":"Home","item":"https:\/\/10.0.2.222\/en\/"},{"@type":"ListItem","position":2,"name":"Media Center","item":"https:\/\/cms.alj3.clients.lemonhq.io\/es\/media-center\/"},{"@type":"ListItem","position":3,"name":"Spotlight by Fady Jameel"}]},{"@type":"WebSite","@id":"https:\/\/10.0.2.222\/en\/#website","url":"https:\/\/10.0.2.222\/en\/","name":"Abdul Latif Jameel","description":"","potentialAction":[{"@type":"SearchAction","target":{"@type":"EntryPoint","urlTemplate":"https:\/\/10.0.2.222\/en\/?s={search_term_string}"},"query-input":{"@type":"PropertyValueSpecification","valueRequired":true,"valueName":"search_term_string"}}],"inLanguage":"es"}]}},"_links":{"self":[{"href":"https:\/\/cms.alj3.clients.lemonhq.io\/es\/wp-json\/wp\/v2\/pages\/53231","targetHints":{"allow":["GET"]}}],"collection":[{"href":"https:\/\/cms.alj3.clients.lemonhq.io\/es\/wp-json\/wp\/v2\/pages"}],"about":[{"href":"https:\/\/cms.alj3.clients.lemonhq.io\/es\/wp-json\/wp\/v2\/types\/page"}],"author":[{"embeddable":true,"href":"https:\/\/cms.alj3.clients.lemonhq.io\/es\/wp-json\/wp\/v2\/users\/5"}],"replies":[{"embeddable":true,"href":"https:\/\/cms.alj3.clients.lemonhq.io\/es\/wp-json\/wp\/v2\/comments?post=53231"}],"version-history":[{"count":0,"href":"https:\/\/cms.alj3.clients.lemonhq.io\/es\/wp-json\/wp\/v2\/pages\/53231\/revisions"}],"up":[{"embeddable":true,"href":"https:\/\/cms.alj3.clients.lemonhq.io\/es\/wp-json\/wp\/v2\/pages\/53224"}],"wp:featuredmedia":[{"embeddable":true,"href":"https:\/\/cms.alj3.clients.lemonhq.io\/es\/wp-json\/wp\/v2\/media\/21113"}],"wp:attachment":[{"href":"https:\/\/cms.alj3.clients.lemonhq.io\/es\/wp-json\/wp\/v2\/media?parent=53231"}],"curies":[{"name":"wp","href":"https:\/\/api.w.org\/{rel}","templated":true}]}}