{"id":53229,"date":"2024-11-07T07:36:37","date_gmt":"2024-11-07T07:36:37","guid":{"rendered":"https:\/\/cms.alj3.clients.lemonhq.io\/media-center\/perspectives\/"},"modified":"2026-04-14T14:00:33","modified_gmt":"2026-04-14T14:00:33","slug":"perspectives","status":"publish","type":"page","link":"https:\/\/cms.alj3.clients.lemonhq.io\/es\/media-center\/perspectives\/","title":{"rendered":"Perspectives"},"content":{"rendered":"\n<p>La serie de liderazgo intelectual Perspectives de Abdul Latif Jameel le ofrece una visi\u00f3n interesante de los desaf\u00edos y oportunidades en sectores empresariales clave, lo que le impulsa al futuro de nuestra econom\u00eda global.<\/p>\n\n\n\n<p>Estos incluyen, entre otros, movilidad, energ\u00eda y servicios medioambientales, servicios financieros y salud. Obtenga m\u00e1s informaci\u00f3n sobre los desarrollos y c\u00f3mo la red de negocios de Adul Latif Jameel est\u00e1 contribuyendo a un futuro m\u00e1s hermoso para todos. Tambi\u00e9n puede seguir nuestro podcast creado con IA generativa, <a href=\"https:\/\/www.youtube.com\/playlist?list=PLHXEfCEwu45vB-drobcxiiidEUlGu4TO1\" target=\"_blank\" rel=\"noreferrer noopener\">The Jameel Cast<\/a>,.<\/p>\n","protected":false},"excerpt":{"rendered":"<p>La serie de liderazgo intelectual Perspectives de Abdul Latif Jameel le ofrece una visi\u00f3n interesante de los desaf\u00edos y oportunidades en sectores empresariales clave, lo que le impulsa al futuro de nuestra econom\u00eda global. Estos incluyen, entre otros, movilidad, energ\u00eda y servicios medioambientales, servicios financieros y salud. Obtenga m\u00e1s informaci\u00f3n sobre los desarrollos y c\u00f3mo [&hellip;]<\/p>\n","protected":false},"author":4,"featured_media":21113,"parent":53224,"menu_order":0,"comment_status":"closed","ping_status":"closed","template":"","meta":{"_acf_changed":true,"footnotes":""},"class_list":["post-53229","page","type-page","status-publish","has-post-thumbnail","hentry"],"acf":[],"yoast_head":"<!-- This site is optimized with the Yoast SEO plugin v26.5 - https:\/\/yoast.com\/wordpress\/plugins\/seo\/ -->\n<title>Perspectives - Abdul Latif Jameel<\/title>\n<meta name=\"robots\" content=\"noindex, follow, max-snippet:-1, max-image-preview:large, max-video-preview:-1\" \/>\n<meta property=\"og:locale\" content=\"es_ES\" \/>\n<meta property=\"og:type\" content=\"article\" \/>\n<meta property=\"og:title\" content=\"Perspectives - Abdul Latif Jameel\" \/>\n<meta property=\"og:description\" content=\"La serie de liderazgo intelectual Perspectives de Abdul Latif Jameel le ofrece una visi\u00f3n interesante de los desaf\u00edos y oportunidades en sectores empresariales clave, lo que le impulsa al futuro de nuestra econom\u00eda global. Estos incluyen, entre otros, movilidad, energ\u00eda y servicios medioambientales, servicios financieros y salud. Obtenga m\u00e1s informaci\u00f3n sobre los desarrollos y c\u00f3mo [&hellip;]\" \/>\n<meta property=\"og:url\" content=\"https:\/\/cms.alj3.clients.lemonhq.io\/es\/media-center\/perspectives\/\" \/>\n<meta property=\"og:site_name\" content=\"Abdul Latif Jameel\" \/>\n<meta property=\"article:modified_time\" content=\"2026-04-14T14:00:33+00:00\" \/>\n<meta property=\"og:image\" content=\"https:\/\/media.alj3.clients.lemonhq.io\/wp-content\/uploads\/2024\/10\/wp-block-img-40.jpg\" \/>\n\t<meta property=\"og:image:width\" content=\"1920\" \/>\n\t<meta property=\"og:image:height\" content=\"1080\" \/>\n\t<meta property=\"og:image:type\" content=\"image\/jpeg\" \/>\n<meta name=\"twitter:card\" content=\"summary_large_image\" \/>\n<meta name=\"twitter:label1\" content=\"Tiempo de lectura\" \/>\n\t<meta name=\"twitter:data1\" content=\"1 minuto\" \/>\n<script type=\"application\/ld+json\" class=\"yoast-schema-graph\">{\"@context\":\"https:\/\/schema.org\",\"@graph\":[{\"@type\":\"WebPage\",\"@id\":\"https:\/\/cms.alj3.clients.lemonhq.io\/es\/media-center\/perspectives\/\",\"url\":\"https:\/\/cms.alj3.clients.lemonhq.io\/es\/media-center\/perspectives\/\",\"name\":\"Perspectives - Abdul Latif Jameel\",\"isPartOf\":{\"@id\":\"https:\/\/cms.alj3.clients.lemonhq.io\/en\/#website\"},\"primaryImageOfPage\":{\"@id\":\"https:\/\/cms.alj3.clients.lemonhq.io\/es\/media-center\/perspectives\/#primaryimage\"},\"image\":{\"@id\":\"https:\/\/cms.alj3.clients.lemonhq.io\/es\/media-center\/perspectives\/#primaryimage\"},\"thumbnailUrl\":\"https:\/\/media.alj3.clients.lemonhq.io\/wp-content\/uploads\/2024\/10\/wp-block-img-40.jpg\",\"datePublished\":\"2024-11-07T07:36:37+00:00\",\"dateModified\":\"2026-04-14T14:00:33+00:00\",\"breadcrumb\":{\"@id\":\"https:\/\/cms.alj3.clients.lemonhq.io\/es\/media-center\/perspectives\/#breadcrumb\"},\"inLanguage\":\"es\",\"potentialAction\":[{\"@type\":\"ReadAction\",\"target\":[\"https:\/\/cms.alj3.clients.lemonhq.io\/es\/media-center\/perspectives\/\"]}]},{\"@type\":\"ImageObject\",\"inLanguage\":\"es\",\"@id\":\"https:\/\/cms.alj3.clients.lemonhq.io\/es\/media-center\/perspectives\/#primaryimage\",\"url\":\"https:\/\/media.alj3.clients.lemonhq.io\/wp-content\/uploads\/2024\/10\/wp-block-img-40.jpg\",\"contentUrl\":\"https:\/\/media.alj3.clients.lemonhq.io\/wp-content\/uploads\/2024\/10\/wp-block-img-40.jpg\",\"width\":1920,\"height\":1080},{\"@type\":\"BreadcrumbList\",\"@id\":\"https:\/\/cms.alj3.clients.lemonhq.io\/es\/media-center\/perspectives\/#breadcrumb\",\"itemListElement\":[{\"@type\":\"ListItem\",\"position\":1,\"name\":\"Home\",\"item\":\"https:\/\/cms.alj3.clients.lemonhq.io\/en\/\"},{\"@type\":\"ListItem\",\"position\":2,\"name\":\"Media Center\",\"item\":\"https:\/\/cms.alj3.clients.lemonhq.io\/es\/media-center\/\"},{\"@type\":\"ListItem\",\"position\":3,\"name\":\"Perspectives\"}]},{\"@type\":\"WebSite\",\"@id\":\"https:\/\/cms.alj3.clients.lemonhq.io\/en\/#website\",\"url\":\"https:\/\/cms.alj3.clients.lemonhq.io\/en\/\",\"name\":\"Abdul Latif Jameel\",\"description\":\"\",\"potentialAction\":[{\"@type\":\"SearchAction\",\"target\":{\"@type\":\"EntryPoint\",\"urlTemplate\":\"https:\/\/cms.alj3.clients.lemonhq.io\/en\/?s={search_term_string}\"},\"query-input\":{\"@type\":\"PropertyValueSpecification\",\"valueRequired\":true,\"valueName\":\"search_term_string\"}}],\"inLanguage\":\"es\"}]}<\/script>\n<!-- \/ Yoast SEO plugin. -->","yoast_head_json":{"title":"Perspectives - Abdul Latif Jameel","robots":{"index":"noindex","follow":"follow","max-snippet":"max-snippet:-1","max-image-preview":"max-image-preview:large","max-video-preview":"max-video-preview:-1"},"og_locale":"es_ES","og_type":"article","og_title":"Perspectives - Abdul Latif Jameel","og_description":"La serie de liderazgo intelectual Perspectives de Abdul Latif Jameel le ofrece una visi\u00f3n interesante de los desaf\u00edos y oportunidades en sectores empresariales clave, lo que le impulsa al futuro de nuestra econom\u00eda global. Estos incluyen, entre otros, movilidad, energ\u00eda y servicios medioambientales, servicios financieros y salud. Obtenga m\u00e1s informaci\u00f3n sobre los desarrollos y c\u00f3mo [&hellip;]","og_url":"https:\/\/cms.alj3.clients.lemonhq.io\/es\/media-center\/perspectives\/","og_site_name":"Abdul Latif Jameel","article_modified_time":"2026-04-14T14:00:33+00:00","og_image":[{"width":1920,"height":1080,"url":"https:\/\/media.alj3.clients.lemonhq.io\/wp-content\/uploads\/2024\/10\/wp-block-img-40.jpg","type":"image\/jpeg"}],"twitter_card":"summary_large_image","twitter_misc":{"Tiempo de lectura":"1 minuto"},"schema":{"@context":"https:\/\/schema.org","@graph":[{"@type":"WebPage","@id":"https:\/\/cms.alj3.clients.lemonhq.io\/es\/media-center\/perspectives\/","url":"https:\/\/cms.alj3.clients.lemonhq.io\/es\/media-center\/perspectives\/","name":"Perspectives - Abdul Latif Jameel","isPartOf":{"@id":"https:\/\/cms.alj3.clients.lemonhq.io\/en\/#website"},"primaryImageOfPage":{"@id":"https:\/\/cms.alj3.clients.lemonhq.io\/es\/media-center\/perspectives\/#primaryimage"},"image":{"@id":"https:\/\/cms.alj3.clients.lemonhq.io\/es\/media-center\/perspectives\/#primaryimage"},"thumbnailUrl":"https:\/\/media.alj3.clients.lemonhq.io\/wp-content\/uploads\/2024\/10\/wp-block-img-40.jpg","datePublished":"2024-11-07T07:36:37+00:00","dateModified":"2026-04-14T14:00:33+00:00","breadcrumb":{"@id":"https:\/\/cms.alj3.clients.lemonhq.io\/es\/media-center\/perspectives\/#breadcrumb"},"inLanguage":"es","potentialAction":[{"@type":"ReadAction","target":["https:\/\/cms.alj3.clients.lemonhq.io\/es\/media-center\/perspectives\/"]}]},{"@type":"ImageObject","inLanguage":"es","@id":"https:\/\/cms.alj3.clients.lemonhq.io\/es\/media-center\/perspectives\/#primaryimage","url":"https:\/\/media.alj3.clients.lemonhq.io\/wp-content\/uploads\/2024\/10\/wp-block-img-40.jpg","contentUrl":"https:\/\/media.alj3.clients.lemonhq.io\/wp-content\/uploads\/2024\/10\/wp-block-img-40.jpg","width":1920,"height":1080},{"@type":"BreadcrumbList","@id":"https:\/\/cms.alj3.clients.lemonhq.io\/es\/media-center\/perspectives\/#breadcrumb","itemListElement":[{"@type":"ListItem","position":1,"name":"Home","item":"https:\/\/cms.alj3.clients.lemonhq.io\/en\/"},{"@type":"ListItem","position":2,"name":"Media Center","item":"https:\/\/cms.alj3.clients.lemonhq.io\/es\/media-center\/"},{"@type":"ListItem","position":3,"name":"Perspectives"}]},{"@type":"WebSite","@id":"https:\/\/cms.alj3.clients.lemonhq.io\/en\/#website","url":"https:\/\/cms.alj3.clients.lemonhq.io\/en\/","name":"Abdul Latif Jameel","description":"","potentialAction":[{"@type":"SearchAction","target":{"@type":"EntryPoint","urlTemplate":"https:\/\/cms.alj3.clients.lemonhq.io\/en\/?s={search_term_string}"},"query-input":{"@type":"PropertyValueSpecification","valueRequired":true,"valueName":"search_term_string"}}],"inLanguage":"es"}]}},"_links":{"self":[{"href":"https:\/\/cms.alj3.clients.lemonhq.io\/es\/wp-json\/wp\/v2\/pages\/53229","targetHints":{"allow":["GET"]}}],"collection":[{"href":"https:\/\/cms.alj3.clients.lemonhq.io\/es\/wp-json\/wp\/v2\/pages"}],"about":[{"href":"https:\/\/cms.alj3.clients.lemonhq.io\/es\/wp-json\/wp\/v2\/types\/page"}],"author":[{"embeddable":true,"href":"https:\/\/cms.alj3.clients.lemonhq.io\/es\/wp-json\/wp\/v2\/users\/4"}],"replies":[{"embeddable":true,"href":"https:\/\/cms.alj3.clients.lemonhq.io\/es\/wp-json\/wp\/v2\/comments?post=53229"}],"version-history":[{"count":0,"href":"https:\/\/cms.alj3.clients.lemonhq.io\/es\/wp-json\/wp\/v2\/pages\/53229\/revisions"}],"up":[{"embeddable":true,"href":"https:\/\/cms.alj3.clients.lemonhq.io\/es\/wp-json\/wp\/v2\/pages\/53224"}],"wp:featuredmedia":[{"embeddable":true,"href":"https:\/\/cms.alj3.clients.lemonhq.io\/es\/wp-json\/wp\/v2\/media\/21113"}],"wp:attachment":[{"href":"https:\/\/cms.alj3.clients.lemonhq.io\/es\/wp-json\/wp\/v2\/media?parent=53229"}],"curies":[{"name":"wp","href":"https:\/\/api.w.org\/{rel}","templated":true}]}}