{"id":52909,"date":"2024-09-30T07:44:11","date_gmt":"2024-09-30T07:44:11","guid":{"rendered":"https:\/\/cms.alj3.clients.lemonhq.io\/locations\/"},"modified":"2026-03-31T11:24:36","modified_gmt":"2026-03-31T11:24:36","slug":"locations","status":"publish","type":"page","link":"https:\/\/cms.alj3.clients.lemonhq.io\/es\/locations\/","title":{"rendered":"Nuestras ubicaciones"},"content":{"rendered":"\n<h2 class=\"wp-block-heading\">Crear un futuro m\u00e1s pr\u00f3spero\u2026 en todo el mundo<\/h2>\n\n\n\n<div class=\"wp-block-columns is-layout-flex wp-container-core-columns-is-layout-28f84493 wp-block-columns-is-layout-flex\">\n<div class=\"wp-block-column is-layout-flow wp-block-column-is-layout-flow\">\n<p class=\"has-medium-font-size\">Desde nuestros comienzos, hemos explorado nuevos mercados y hemos aumentado cuidadosamente nuestro alcance internacional en pa\u00edses y continentes que ofrecen un gran potencial.<\/p>\n<\/div>\n\n\n\n<div class=\"wp-block-column is-layout-flow wp-block-column-is-layout-flow\">\n<p>En la actualidad, nuestra red de negocios independientes sigue operando de una manera basada en un profundo entendimiento y respeto por las culturas y comunidades locales. Esta presencia abarca m\u00e1s de 30 pa\u00edses que comparten una visi\u00f3n com\u00fan: un enfoque determinado en trabajar hacia un ma\u00f1ana m\u00e1s hermoso.<\/p>\n<\/div>\n<\/div>\n\n\n\n<p><\/p>\n","protected":false},"excerpt":{"rendered":"<p>Crear un futuro m\u00e1s pr\u00f3spero\u2026 en todo el mundo Desde nuestros comienzos, hemos explorado nuevos mercados y hemos aumentado cuidadosamente nuestro alcance internacional en pa\u00edses y continentes que ofrecen un gran potencial. En la actualidad, nuestra red de negocios independientes sigue operando de una manera basada en un profundo entendimiento y respeto por las culturas [&hellip;]<\/p>\n","protected":false},"author":5,"featured_media":21413,"parent":0,"menu_order":11,"comment_status":"closed","ping_status":"closed","template":"","meta":{"_acf_changed":true,"footnotes":""},"class_list":["post-52909","page","type-page","status-publish","has-post-thumbnail","hentry"],"acf":[],"yoast_head":"<!-- This site is optimized with the Yoast SEO plugin v26.5 - https:\/\/yoast.com\/wordpress\/plugins\/seo\/ -->\n<title>Nuestras ubicaciones - Abdul Latif Jameel<\/title>\n<meta name=\"robots\" content=\"noindex, follow, max-snippet:-1, max-image-preview:large, max-video-preview:-1\" \/>\n<meta property=\"og:locale\" content=\"es_ES\" \/>\n<meta property=\"og:type\" content=\"article\" \/>\n<meta property=\"og:title\" content=\"Nuestras ubicaciones - Abdul Latif Jameel\" \/>\n<meta property=\"og:description\" content=\"Crear un futuro m\u00e1s pr\u00f3spero\u2026 en todo el mundo Desde nuestros comienzos, hemos explorado nuevos mercados y hemos aumentado cuidadosamente nuestro alcance internacional en pa\u00edses y continentes que ofrecen un gran potencial. En la actualidad, nuestra red de negocios independientes sigue operando de una manera basada en un profundo entendimiento y respeto por las culturas [&hellip;]\" \/>\n<meta property=\"og:url\" content=\"https:\/\/10.0.2.222\/en\/locations\/\" \/>\n<meta property=\"og:site_name\" content=\"Abdul Latif Jameel\" \/>\n<meta property=\"article:modified_time\" content=\"2026-03-31T11:24:36+00:00\" \/>\n<meta property=\"og:image\" content=\"https:\/\/media.alj3.clients.lemonhq.io\/wp-content\/uploads\/2024\/10\/location-heor-banner.jpg\" \/>\n\t<meta property=\"og:image:width\" content=\"1920\" \/>\n\t<meta property=\"og:image:height\" content=\"1080\" \/>\n\t<meta property=\"og:image:type\" content=\"image\/jpeg\" \/>\n<meta name=\"twitter:card\" content=\"summary_large_image\" \/>\n<meta name=\"twitter:label1\" content=\"Tiempo de lectura\" \/>\n\t<meta name=\"twitter:data1\" content=\"1 minuto\" \/>\n<script type=\"application\/ld+json\" class=\"yoast-schema-graph\">{\"@context\":\"https:\/\/schema.org\",\"@graph\":[{\"@type\":\"WebPage\",\"@id\":\"https:\/\/10.0.2.222\/en\/locations\/\",\"url\":\"https:\/\/10.0.2.222\/en\/locations\/\",\"name\":\"Nuestras ubicaciones - Abdul Latif Jameel\",\"isPartOf\":{\"@id\":\"https:\/\/10.0.2.222\/en\/#website\"},\"primaryImageOfPage\":{\"@id\":\"https:\/\/10.0.2.222\/en\/locations\/#primaryimage\"},\"image\":{\"@id\":\"https:\/\/10.0.2.222\/en\/locations\/#primaryimage\"},\"thumbnailUrl\":\"https:\/\/media.alj3.clients.lemonhq.io\/wp-content\/uploads\/2024\/10\/location-heor-banner.jpg\",\"datePublished\":\"2024-09-30T07:44:11+00:00\",\"dateModified\":\"2026-03-31T11:24:36+00:00\",\"breadcrumb\":{\"@id\":\"https:\/\/10.0.2.222\/en\/locations\/#breadcrumb\"},\"inLanguage\":\"es\",\"potentialAction\":[{\"@type\":\"ReadAction\",\"target\":[\"https:\/\/10.0.2.222\/en\/locations\/\"]}]},{\"@type\":\"ImageObject\",\"inLanguage\":\"es\",\"@id\":\"https:\/\/10.0.2.222\/en\/locations\/#primaryimage\",\"url\":\"https:\/\/media.alj3.clients.lemonhq.io\/wp-content\/uploads\/2024\/10\/location-heor-banner.jpg\",\"contentUrl\":\"https:\/\/media.alj3.clients.lemonhq.io\/wp-content\/uploads\/2024\/10\/location-heor-banner.jpg\",\"width\":1920,\"height\":1080},{\"@type\":\"BreadcrumbList\",\"@id\":\"https:\/\/10.0.2.222\/en\/locations\/#breadcrumb\",\"itemListElement\":[{\"@type\":\"ListItem\",\"position\":1,\"name\":\"Home\",\"item\":\"https:\/\/10.0.2.222\/en\/\"},{\"@type\":\"ListItem\",\"position\":2,\"name\":\"Nuestras ubicaciones\"}]},{\"@type\":\"WebSite\",\"@id\":\"https:\/\/10.0.2.222\/en\/#website\",\"url\":\"https:\/\/10.0.2.222\/en\/\",\"name\":\"Abdul Latif Jameel\",\"description\":\"\",\"potentialAction\":[{\"@type\":\"SearchAction\",\"target\":{\"@type\":\"EntryPoint\",\"urlTemplate\":\"https:\/\/10.0.2.222\/en\/?s={search_term_string}\"},\"query-input\":{\"@type\":\"PropertyValueSpecification\",\"valueRequired\":true,\"valueName\":\"search_term_string\"}}],\"inLanguage\":\"es\"}]}<\/script>\n<!-- \/ Yoast SEO plugin. -->","yoast_head_json":{"title":"Nuestras ubicaciones - Abdul Latif Jameel","robots":{"index":"noindex","follow":"follow","max-snippet":"max-snippet:-1","max-image-preview":"max-image-preview:large","max-video-preview":"max-video-preview:-1"},"og_locale":"es_ES","og_type":"article","og_title":"Nuestras ubicaciones - Abdul Latif Jameel","og_description":"Crear un futuro m\u00e1s pr\u00f3spero\u2026 en todo el mundo Desde nuestros comienzos, hemos explorado nuevos mercados y hemos aumentado cuidadosamente nuestro alcance internacional en pa\u00edses y continentes que ofrecen un gran potencial. En la actualidad, nuestra red de negocios independientes sigue operando de una manera basada en un profundo entendimiento y respeto por las culturas [&hellip;]","og_url":"https:\/\/10.0.2.222\/en\/locations\/","og_site_name":"Abdul Latif Jameel","article_modified_time":"2026-03-31T11:24:36+00:00","og_image":[{"width":1920,"height":1080,"url":"https:\/\/media.alj3.clients.lemonhq.io\/wp-content\/uploads\/2024\/10\/location-heor-banner.jpg","type":"image\/jpeg"}],"twitter_card":"summary_large_image","twitter_misc":{"Tiempo de lectura":"1 minuto"},"schema":{"@context":"https:\/\/schema.org","@graph":[{"@type":"WebPage","@id":"https:\/\/10.0.2.222\/en\/locations\/","url":"https:\/\/10.0.2.222\/en\/locations\/","name":"Nuestras ubicaciones - Abdul Latif Jameel","isPartOf":{"@id":"https:\/\/10.0.2.222\/en\/#website"},"primaryImageOfPage":{"@id":"https:\/\/10.0.2.222\/en\/locations\/#primaryimage"},"image":{"@id":"https:\/\/10.0.2.222\/en\/locations\/#primaryimage"},"thumbnailUrl":"https:\/\/media.alj3.clients.lemonhq.io\/wp-content\/uploads\/2024\/10\/location-heor-banner.jpg","datePublished":"2024-09-30T07:44:11+00:00","dateModified":"2026-03-31T11:24:36+00:00","breadcrumb":{"@id":"https:\/\/10.0.2.222\/en\/locations\/#breadcrumb"},"inLanguage":"es","potentialAction":[{"@type":"ReadAction","target":["https:\/\/10.0.2.222\/en\/locations\/"]}]},{"@type":"ImageObject","inLanguage":"es","@id":"https:\/\/10.0.2.222\/en\/locations\/#primaryimage","url":"https:\/\/media.alj3.clients.lemonhq.io\/wp-content\/uploads\/2024\/10\/location-heor-banner.jpg","contentUrl":"https:\/\/media.alj3.clients.lemonhq.io\/wp-content\/uploads\/2024\/10\/location-heor-banner.jpg","width":1920,"height":1080},{"@type":"BreadcrumbList","@id":"https:\/\/10.0.2.222\/en\/locations\/#breadcrumb","itemListElement":[{"@type":"ListItem","position":1,"name":"Home","item":"https:\/\/10.0.2.222\/en\/"},{"@type":"ListItem","position":2,"name":"Nuestras ubicaciones"}]},{"@type":"WebSite","@id":"https:\/\/10.0.2.222\/en\/#website","url":"https:\/\/10.0.2.222\/en\/","name":"Abdul Latif Jameel","description":"","potentialAction":[{"@type":"SearchAction","target":{"@type":"EntryPoint","urlTemplate":"https:\/\/10.0.2.222\/en\/?s={search_term_string}"},"query-input":{"@type":"PropertyValueSpecification","valueRequired":true,"valueName":"search_term_string"}}],"inLanguage":"es"}]}},"_links":{"self":[{"href":"https:\/\/cms.alj3.clients.lemonhq.io\/es\/wp-json\/wp\/v2\/pages\/52909","targetHints":{"allow":["GET"]}}],"collection":[{"href":"https:\/\/cms.alj3.clients.lemonhq.io\/es\/wp-json\/wp\/v2\/pages"}],"about":[{"href":"https:\/\/cms.alj3.clients.lemonhq.io\/es\/wp-json\/wp\/v2\/types\/page"}],"author":[{"embeddable":true,"href":"https:\/\/cms.alj3.clients.lemonhq.io\/es\/wp-json\/wp\/v2\/users\/5"}],"replies":[{"embeddable":true,"href":"https:\/\/cms.alj3.clients.lemonhq.io\/es\/wp-json\/wp\/v2\/comments?post=52909"}],"version-history":[{"count":0,"href":"https:\/\/cms.alj3.clients.lemonhq.io\/es\/wp-json\/wp\/v2\/pages\/52909\/revisions"}],"wp:featuredmedia":[{"embeddable":true,"href":"https:\/\/cms.alj3.clients.lemonhq.io\/es\/wp-json\/wp\/v2\/media\/21413"}],"wp:attachment":[{"href":"https:\/\/cms.alj3.clients.lemonhq.io\/es\/wp-json\/wp\/v2\/media?parent=52909"}],"curies":[{"name":"wp","href":"https:\/\/api.w.org\/{rel}","templated":true}]}}