{"id":52907,"date":"2024-09-30T07:43:06","date_gmt":"2024-09-30T07:43:06","guid":{"rendered":"https:\/\/cms.alj3.clients.lemonhq.io\/culture\/"},"modified":"2026-04-14T13:09:06","modified_gmt":"2026-04-14T13:09:06","slug":"culture","status":"publish","type":"page","link":"https:\/\/cms.alj3.clients.lemonhq.io\/es\/culture\/","title":{"rendered":"Nuestra cultura"},"content":{"rendered":"\n<div class=\"wp-block-group\"><div class=\"wp-block-group__inner-container is-layout-constrained wp-block-group-is-layout-constrained\"><div class=\"wp-bootstrap-blocks-container container mb-2\">\n\t\n\n<div class=\"wp-block-columns is-layout-flex wp-container-core-columns-is-layout-28f84493 wp-block-columns-is-layout-flex\">\n<div class=\"wp-block-column is-layout-flow wp-block-column-is-layout-flow\">\n<h4 class=\"wp-block-heading has-teal-color has-text-color has-link-color wp-elements-ff9f9ab50d570c04ea2e174f18a58e7a\">Nuestros valores y los Principios Jameel<\/h4>\n\n\n\n<h5 class=\"wp-block-heading\">A lo largo de nuestra evoluci\u00f3n como empresa, nuestros valores fundamentales se han mantenido intactos: siguen siendo los mismos que representaba y personificaba nuestro difunto fundador, Abdul Latif Jameel.<\/h5>\n\n\n\n<p>Hoy est\u00e1n consagrados en lo que llamamos l<strong>os Principios Jameel<\/strong> y sientan las bases de nuestra actividad. Respaldan qui\u00e9nes somos como empresa y sirven como br\u00fajula para nuestras relaciones e interacciones con nuestros clientes y socios comerciales, as\u00ed como entre nosotros y con las comunidades en las que operamos.<\/p>\n<\/div>\n\n\n\n<div class=\"wp-block-column is-layout-flow wp-block-column-is-layout-flow\" style=\"flex-basis:16%\"><\/div>\n\n\n\n<div class=\"wp-block-column is-layout-flow wp-block-column-is-layout-flow\">\n<figure class=\"wp-block-video\"><video height=\"2160\" style=\"aspect-ratio: 3840 \/ 2160;\" width=\"3840\" autoplay loop muted poster=\"https:\/\/media.alj3.clients.lemonhq.io\/wp-content\/uploads\/2024\/11\/the-jameel-principles-1.png\" src=\"https:\/\/media.alj3.clients.lemonhq.io\/wp-content\/uploads\/2024\/11\/Jameel-Principles-Intro-Animated-Logo-Animation-Postive-v1.0.mp4\"><\/video><\/figure>\n<\/div>\n<\/div>\n\n<\/div>\n<\/div><\/div>\n\n\n\n<div class=\"wp-block-group has-off-white-background-color has-background\"><div class=\"wp-block-group__inner-container is-layout-constrained wp-block-group-is-layout-constrained\"><div class=\"wp-bootstrap-blocks-container container mb-2\">\n\t\n\n<div class=\"wp-block-columns is-layout-flex wp-container-core-columns-is-layout-28f84493 wp-block-columns-is-layout-flex\">\n<div class=\"wp-block-column is-layout-flow wp-block-column-is-layout-flow\">\n<h4 class=\"wp-block-heading has-prussian-blue-color has-text-color has-link-color wp-elements-7730c2fb78127cb792720a0e8f5691a6\">Principios rectores para un mayor \u00e9xito<\/h4>\n\n\n\n<h5 class=\"wp-block-heading\">Los Principios Jameel se basan en nuestros cuatro valores fundamentales y son los pilares de nuestra <a href=\"https:\/\/alj.com\/en\/perspective\/culture-club-the-role-of-corporate-culture-in-business-performance\/\">cultura corporativa compartida<\/a>.<\/h5>\n\n\n\n<p>Tomando forma bajo el liderazgo de nuestro presidente, <a href=\"\/es\/our-people\/mohammed-abdul-latif-jameel\/\">Mohammed Jameel<\/a>, KBE, que lleva d\u00e9cadas defendi\u00e9ndolos, y se manifiestan a lo largo de generaciones de la familia Jameel, as\u00ed como a diario en las prioridades de nuestro negocio y de nuestra gente.<\/p>\n<\/div>\n\n\n\n<div class=\"wp-block-column is-layout-flow wp-block-column-is-layout-flow\">\n<figure class=\"wp-block-image size-large\"><img loading=\"lazy\" decoding=\"async\" width=\"1024\" height=\"213\" src=\"https:\/\/media.alj3.clients.lemonhq.io\/wp-content\/uploads\/2024\/10\/wp-block-img-44-1-1024x213.jpg\" alt=\"\" class=\"wp-image-21202\" srcset=\"https:\/\/media.alj3.clients.lemonhq.io\/wp-content\/uploads\/2024\/10\/wp-block-img-44-1-1024x213.jpg 1024w, https:\/\/media.alj3.clients.lemonhq.io\/wp-content\/uploads\/2024\/10\/wp-block-img-44-1-300x63.jpg 300w, https:\/\/media.alj3.clients.lemonhq.io\/wp-content\/uploads\/2024\/10\/wp-block-img-44-1-768x160.jpg 768w, https:\/\/media.alj3.clients.lemonhq.io\/wp-content\/uploads\/2024\/10\/wp-block-img-44-1-1536x320.jpg 1536w, https:\/\/media.alj3.clients.lemonhq.io\/wp-content\/uploads\/2024\/10\/wp-block-img-44-1-250x52.jpg 250w, https:\/\/media.alj3.clients.lemonhq.io\/wp-content\/uploads\/2024\/10\/wp-block-img-44-1.jpg 1920w\" sizes=\"auto, (max-width: 1024px) 100vw, 1024px\" \/><\/figure>\n\n\n\n<div class=\"culture-quote\" style=\"background-image:url('https:\/\/media.alj3.clients.lemonhq.io\/wp-content\/uploads\/2025\/11\/Group-44.png');\">\n  <p>\u201cEveryone who worked with me considered themselves family.\u201d<\/p>\n  <p>\u201cThe company is your home, and you are partner with us in it.\u201d<\/p>\n  <p class=\"pername\">Abdul Latif Jameel (1912-1993)<\/p>\n<\/div>\n<\/div>\n<\/div>\n\n<\/div>\n<\/div><\/div>\n\n\n<div class=\"customMediaBlock large   image-top ltr\">\n    <div class=\"blockImagebx\">\n        <img decoding=\"async\" class=\"img\" src=\"https:\/\/media.alj3.clients.lemonhq.io\/wp-content\/uploads\/2025\/11\/respect.png\"  alt=\"respect\" title=\"respect\">\n    <\/div>\n\n        <div class=\"contentRow\" style=\"background-color: #fdf9e9;\">\n        <!-- <div class=\"sectioncolor\" style=\"background-color: #fdf9e9;\"><\/div> -->\n        <div class=\"container\">\n            <div class=\"row\">\n            <div class=\"col-md-6\">\n                <div class=\"textbx\">\n                <h4>Respeto<\/h4>\n<h5>El respeto es uno de nuestros valores m\u00e1s sustanciales y tiene ra\u00edces profundas dentro de <a href=\"\/es\/\">Abdul Latif Jameel<\/a>. Estamos orgullosos de ser un negocio responsable y de llevar a cabo nuestras operaciones comerciales con integridad y honestidad.<\/h5>\n<p>Este enfoque se manifiesta en nuestro respeto por nuestros empleados, nuestros clientes, nuestros socios comerciales y las sociedades en las que operamos. Interactuamos entre nosotros con la m\u00e1xima sinceridad, equidad e igualdad, independientemente del g\u00e9nero, las etnias, los or\u00edgenes o las religiones. Escuchamos para comprender las necesidades y preocupaciones de los dem\u00e1s y haremos todo lo posible por resolverlas.<\/p>\n<ul>\n<li>\uf0a7Abdul Latif Jameel respeta el deseo de nuestros empleados de crecer y desarrollarse, de convertirse en mejores profesionales y de perseguir una vida mejor. Como resultado, nos esforzamos por crear una relaci\u00f3n rec\u00edproca basada en la confianza mutua, el respeto y una responsabilidad compartida.<\/li>\n<li>\uf0a7Por supuesto, apreciamos que nuestros clientes siempre tengan numerosas opciones. Por eso, trabajamos duro para ganarnos su confianza y lealtad. Siempre nos esforzamos por ponernos en el lugar de nuestros clientes y trabajamos continuamente para mejorar, anticipar y superar sus expectativas.<\/li>\n<li>Tratamos con nuestros socios comerciales con honor, integridad, equidad y transparencia, trabajando para encontrar un fundamento mutuo para garantizar el \u00e9xito para ambas partes.<\/li>\n<li>Entendemos que los negocios juegan un papel vital en la ayuda a las comunidades, proporcionando oportunidades y permitiendo el crecimiento de la econom\u00eda local.<\/li>\n<\/ul>\n<div class=\"culture-quote\" style=\"background-image: url('https:\/\/media.alj3.clients.lemonhq.io\/wp-content\/uploads\/2025\/11\/respect-quote.png');\">\n<p>\u201cThe world is built on mutual benefit \u2014 even friendship\u201d<\/p>\n<p>\u201cIf a merchant makes a promise and does not keep it, he fails and causes others to fail\u201d<\/p>\n<p style=\"text-align: right; font-size: 16px;\">Abdul Latif Jameel (1912\u20131993)<\/p>\n<\/div>\n            <\/div>\n        <\/div>\n        <\/div>\n        <\/div>\n    <\/div>\n    \n    <\/div>\n\n<div class=\"customMediaBlock large   image-top rtl\">\n    <div class=\"blockImagebx\">\n        <img decoding=\"async\" class=\"img\" src=\"https:\/\/media.alj3.clients.lemonhq.io\/wp-content\/uploads\/2025\/11\/improve.png\"  alt=\"improve\" title=\"improve\">\n    <\/div>\n\n        <div class=\"contentRow\" style=\"background-color: #f6ece7;\">\n        <!-- <div class=\"sectioncolor\" style=\"background-color: #f6ece7;\"><\/div> -->\n        <div class=\"container\">\n            <div class=\"row\">\n            <div class=\"col-md-6\">\n                <div class=\"textbx\">\n                <h4>Mejora<\/h4>\n<h5>Nos dedicamos a mejorar continuamente y a retarnos constantemente para superarnos\u2026 no solo hoy, sino todos los d\u00edas.<\/h5>\n<p>Somos precisos en nuestras acciones y nos apasionan los detalles que verdaderamente marcan la diferencia.<\/p>\n<p>Con esto en el coraz\u00f3n de nuestro negocio, nos centramos principalmente en continuar mejorando nuestros productos y servicios, incorporados en nuestra adopci\u00f3n de la filosof\u00eda japonesa Kaizen, para ofrecer una experiencia excepcional a todas las personas con las que hacemos negocios.<\/p>\n<div class=\"culture-quote\" style=\"background-image: url('https:\/\/media.alj3.clients.lemonhq.io\/wp-content\/uploads\/2025\/11\/improve-quote.png');\">\n<p>\u201cIf you face a problem, love it &#8211; because if\u2028you love it, you can solve it\u201d<\/p>\n<p style=\"text-align: right; font-size: 16px;\">Abdul Latif Jameel (1912\u20131993)<\/p>\n<\/div>\n            <\/div>\n        <\/div>\n        <\/div>\n        <\/div>\n    <\/div>\n    \n    <\/div>\n\n<div class=\"customMediaBlock large   image-top ltr\">\n    <div class=\"blockImagebx\">\n        <img decoding=\"async\" class=\"img\" src=\"https:\/\/media.alj3.clients.lemonhq.io\/wp-content\/uploads\/2025\/11\/pioneer.png\"  alt=\"pioneer\" title=\"pioneer\">\n    <\/div>\n\n        <div class=\"contentRow\" style=\"background-color: #4C27701A;\">\n        <!-- <div class=\"sectioncolor\" style=\"background-color: #4C27701A;\"><\/div> -->\n        <div class=\"container\">\n            <div class=\"row\">\n            <div class=\"col-md-6\">\n                <div class=\"textbx\">\n                <h4>Innovaci\u00f3n<\/h4>\n<h5>En Abdul Latif Jameel, vemos el desaf\u00edo como una oportunidad: siempre buscamos nuevas ideas e innovamos para marcar una diferencia real y sostenible.<\/h5>\n<p>Hemos conservado el car\u00e1cter visionario y la determinaci\u00f3n de nuestro fundador, quien estuvo dedicado al crecimiento sostenible y a la b\u00fasqueda de un cambio positivo. Es ese esp\u00edritu pionero el que nos impulsa a seguir adelante hoy, descubriendo nuevos potenciales y aprovechando nuevas oportunidades.<\/p>\n<div class=\"culture-quote\" style=\"background-image: url('https:\/\/media.alj3.clients.lemonhq.io\/wp-content\/uploads\/2025\/11\/pioneer-quote.png');\">\n<p>\u201cYou have to make an effort&#8230; work hard and look for<\/p>\n<p>challenges instead of waiting for them to come to you.\u201d<\/p>\n<p style=\"text-align: right; font-size: 16px;\">Abdul Latif Jameel (1912\u20131993)<\/p>\n<\/div>\n            <\/div>\n        <\/div>\n        <\/div>\n        <\/div>\n    <\/div>\n    \n    <\/div>\n\n\n<div class=\"wp-block-group has-light-blue-background-color has-background\"><div class=\"wp-block-group__inner-container is-layout-constrained wp-block-group-is-layout-constrained\"><div class=\"wp-bootstrap-blocks-container container mb-2\">\n\t\n\n<div class=\"wp-block-columns is-layout-flex wp-container-core-columns-is-layout-28f84493 wp-block-columns-is-layout-flex\">\n<div class=\"wp-block-column is-layout-flow wp-block-column-is-layout-flow\">\n<h4 class=\"wp-block-heading has-prussian-blue-color has-text-color has-link-color wp-elements-f6d56d3fea233cb2e947702819a4089d\">Empoderamiento<\/h4>\n\n\n\n<h5 class=\"wp-block-heading\">Creemos en el poder de nuestra gente.<\/h5>\n\n\n\n<p>Por lo tanto, empoderamos y proporcionamos a nuestros empleados la libertad y el est\u00edmulo necesarios para contribuir al logro de nuestra visi\u00f3n. Promovemos las decisiones audaces y permitimos que su creatividad florezca para nuestro desarrollo mutuo.<\/p>\n\n\n\n<div class=\"culture-quote\" style=\"background-image:url('https:\/\/media.alj3.clients.lemonhq.io\/wp-content\/uploads\/2025\/11\/empower-quote.png');\">\n  <p>\u201cEven if a child came to me and offered advice, if it was insightful I will seriously consider it.\u201d<\/p>\n  <p class=\"pername\">Abdul Latif Jameel (1912-1993)<\/p>\n<\/div>\n<\/div>\n\n\n\n<div class=\"wp-block-column is-layout-flow wp-block-column-is-layout-flow\">\n<figure class=\"wp-block-image size-full\"><img loading=\"lazy\" decoding=\"async\" width=\"810\" height=\"542\" src=\"https:\/\/media.alj3.clients.lemonhq.io\/wp-content\/uploads\/2025\/11\/empower-pantagon.png\" alt=\"\" class=\"wp-image-30173\" srcset=\"https:\/\/media.alj3.clients.lemonhq.io\/wp-content\/uploads\/2025\/11\/empower-pantagon.png 810w, https:\/\/media.alj3.clients.lemonhq.io\/wp-content\/uploads\/2025\/11\/empower-pantagon-300x201.png 300w, https:\/\/media.alj3.clients.lemonhq.io\/wp-content\/uploads\/2025\/11\/empower-pantagon-768x514.png 768w, https:\/\/media.alj3.clients.lemonhq.io\/wp-content\/uploads\/2025\/11\/empower-pantagon-250x167.png 250w\" sizes=\"auto, (max-width: 810px) 100vw, 810px\" \/><\/figure>\n<\/div>\n<\/div>\n\n<\/div>\n<\/div><\/div>\n","protected":false},"excerpt":{"rendered":"","protected":false},"author":5,"featured_media":30863,"parent":0,"menu_order":10,"comment_status":"closed","ping_status":"closed","template":"","meta":{"_acf_changed":true,"footnotes":""},"class_list":["post-52907","page","type-page","status-publish","has-post-thumbnail","hentry"],"acf":[],"yoast_head":"<!-- This site is optimized with the Yoast SEO plugin v26.5 - https:\/\/yoast.com\/wordpress\/plugins\/seo\/ -->\n<title>Nuestra cultura - Abdul Latif Jameel<\/title>\n<meta name=\"robots\" content=\"noindex, follow, max-snippet:-1, max-image-preview:large, max-video-preview:-1\" \/>\n<meta property=\"og:locale\" content=\"es_ES\" \/>\n<meta property=\"og:type\" content=\"article\" \/>\n<meta property=\"og:title\" content=\"Nuestra cultura - Abdul Latif Jameel\" \/>\n<meta property=\"og:url\" content=\"https:\/\/cms.alj3.clients.lemonhq.io\/es\/culture\/\" \/>\n<meta property=\"og:site_name\" content=\"Abdul Latif Jameel\" \/>\n<meta property=\"article:modified_time\" content=\"2026-04-14T13:09:06+00:00\" \/>\n<meta property=\"og:image\" content=\"https:\/\/media.alj3.clients.lemonhq.io\/wp-content\/uploads\/2025\/11\/culture-main-banner.png\" \/>\n\t<meta property=\"og:image:width\" content=\"2454\" \/>\n\t<meta property=\"og:image:height\" content=\"1784\" \/>\n\t<meta property=\"og:image:type\" content=\"image\/png\" \/>\n<meta name=\"twitter:card\" content=\"summary_large_image\" \/>\n<meta name=\"twitter:label1\" content=\"Tiempo de lectura\" \/>\n\t<meta name=\"twitter:data1\" content=\"2 minutos\" \/>\n<script type=\"application\/ld+json\" class=\"yoast-schema-graph\">{\"@context\":\"https:\/\/schema.org\",\"@graph\":[{\"@type\":\"WebPage\",\"@id\":\"https:\/\/cms.alj3.clients.lemonhq.io\/es\/culture\/\",\"url\":\"https:\/\/cms.alj3.clients.lemonhq.io\/es\/culture\/\",\"name\":\"Nuestra cultura - Abdul Latif Jameel\",\"isPartOf\":{\"@id\":\"https:\/\/10.0.2.222\/en\/#website\"},\"primaryImageOfPage\":{\"@id\":\"https:\/\/cms.alj3.clients.lemonhq.io\/es\/culture\/#primaryimage\"},\"image\":{\"@id\":\"https:\/\/cms.alj3.clients.lemonhq.io\/es\/culture\/#primaryimage\"},\"thumbnailUrl\":\"https:\/\/media.alj3.clients.lemonhq.io\/wp-content\/uploads\/2025\/11\/culture-main-banner.png\",\"datePublished\":\"2024-09-30T07:43:06+00:00\",\"dateModified\":\"2026-04-14T13:09:06+00:00\",\"breadcrumb\":{\"@id\":\"https:\/\/cms.alj3.clients.lemonhq.io\/es\/culture\/#breadcrumb\"},\"inLanguage\":\"es\",\"potentialAction\":[{\"@type\":\"ReadAction\",\"target\":[\"https:\/\/cms.alj3.clients.lemonhq.io\/es\/culture\/\"]}]},{\"@type\":\"ImageObject\",\"inLanguage\":\"es\",\"@id\":\"https:\/\/cms.alj3.clients.lemonhq.io\/es\/culture\/#primaryimage\",\"url\":\"https:\/\/media.alj3.clients.lemonhq.io\/wp-content\/uploads\/2025\/11\/culture-main-banner.png\",\"contentUrl\":\"https:\/\/media.alj3.clients.lemonhq.io\/wp-content\/uploads\/2025\/11\/culture-main-banner.png\",\"width\":2454,\"height\":1784},{\"@type\":\"BreadcrumbList\",\"@id\":\"https:\/\/cms.alj3.clients.lemonhq.io\/es\/culture\/#breadcrumb\",\"itemListElement\":[{\"@type\":\"ListItem\",\"position\":1,\"name\":\"Home\",\"item\":\"https:\/\/10.0.2.222\/en\/\"},{\"@type\":\"ListItem\",\"position\":2,\"name\":\"Nuestra cultura\"}]},{\"@type\":\"WebSite\",\"@id\":\"https:\/\/10.0.2.222\/en\/#website\",\"url\":\"https:\/\/10.0.2.222\/en\/\",\"name\":\"Abdul Latif Jameel\",\"description\":\"\",\"potentialAction\":[{\"@type\":\"SearchAction\",\"target\":{\"@type\":\"EntryPoint\",\"urlTemplate\":\"https:\/\/10.0.2.222\/en\/?s={search_term_string}\"},\"query-input\":{\"@type\":\"PropertyValueSpecification\",\"valueRequired\":true,\"valueName\":\"search_term_string\"}}],\"inLanguage\":\"es\"}]}<\/script>\n<!-- \/ Yoast SEO plugin. -->","yoast_head_json":{"title":"Nuestra cultura - Abdul Latif Jameel","robots":{"index":"noindex","follow":"follow","max-snippet":"max-snippet:-1","max-image-preview":"max-image-preview:large","max-video-preview":"max-video-preview:-1"},"og_locale":"es_ES","og_type":"article","og_title":"Nuestra cultura - Abdul Latif Jameel","og_url":"https:\/\/cms.alj3.clients.lemonhq.io\/es\/culture\/","og_site_name":"Abdul Latif Jameel","article_modified_time":"2026-04-14T13:09:06+00:00","og_image":[{"width":2454,"height":1784,"url":"https:\/\/media.alj3.clients.lemonhq.io\/wp-content\/uploads\/2025\/11\/culture-main-banner.png","type":"image\/png"}],"twitter_card":"summary_large_image","twitter_misc":{"Tiempo de lectura":"2 minutos"},"schema":{"@context":"https:\/\/schema.org","@graph":[{"@type":"WebPage","@id":"https:\/\/cms.alj3.clients.lemonhq.io\/es\/culture\/","url":"https:\/\/cms.alj3.clients.lemonhq.io\/es\/culture\/","name":"Nuestra cultura - Abdul Latif Jameel","isPartOf":{"@id":"https:\/\/10.0.2.222\/en\/#website"},"primaryImageOfPage":{"@id":"https:\/\/cms.alj3.clients.lemonhq.io\/es\/culture\/#primaryimage"},"image":{"@id":"https:\/\/cms.alj3.clients.lemonhq.io\/es\/culture\/#primaryimage"},"thumbnailUrl":"https:\/\/media.alj3.clients.lemonhq.io\/wp-content\/uploads\/2025\/11\/culture-main-banner.png","datePublished":"2024-09-30T07:43:06+00:00","dateModified":"2026-04-14T13:09:06+00:00","breadcrumb":{"@id":"https:\/\/cms.alj3.clients.lemonhq.io\/es\/culture\/#breadcrumb"},"inLanguage":"es","potentialAction":[{"@type":"ReadAction","target":["https:\/\/cms.alj3.clients.lemonhq.io\/es\/culture\/"]}]},{"@type":"ImageObject","inLanguage":"es","@id":"https:\/\/cms.alj3.clients.lemonhq.io\/es\/culture\/#primaryimage","url":"https:\/\/media.alj3.clients.lemonhq.io\/wp-content\/uploads\/2025\/11\/culture-main-banner.png","contentUrl":"https:\/\/media.alj3.clients.lemonhq.io\/wp-content\/uploads\/2025\/11\/culture-main-banner.png","width":2454,"height":1784},{"@type":"BreadcrumbList","@id":"https:\/\/cms.alj3.clients.lemonhq.io\/es\/culture\/#breadcrumb","itemListElement":[{"@type":"ListItem","position":1,"name":"Home","item":"https:\/\/10.0.2.222\/en\/"},{"@type":"ListItem","position":2,"name":"Nuestra cultura"}]},{"@type":"WebSite","@id":"https:\/\/10.0.2.222\/en\/#website","url":"https:\/\/10.0.2.222\/en\/","name":"Abdul Latif Jameel","description":"","potentialAction":[{"@type":"SearchAction","target":{"@type":"EntryPoint","urlTemplate":"https:\/\/10.0.2.222\/en\/?s={search_term_string}"},"query-input":{"@type":"PropertyValueSpecification","valueRequired":true,"valueName":"search_term_string"}}],"inLanguage":"es"}]}},"_links":{"self":[{"href":"https:\/\/cms.alj3.clients.lemonhq.io\/es\/wp-json\/wp\/v2\/pages\/52907","targetHints":{"allow":["GET"]}}],"collection":[{"href":"https:\/\/cms.alj3.clients.lemonhq.io\/es\/wp-json\/wp\/v2\/pages"}],"about":[{"href":"https:\/\/cms.alj3.clients.lemonhq.io\/es\/wp-json\/wp\/v2\/types\/page"}],"author":[{"embeddable":true,"href":"https:\/\/cms.alj3.clients.lemonhq.io\/es\/wp-json\/wp\/v2\/users\/5"}],"replies":[{"embeddable":true,"href":"https:\/\/cms.alj3.clients.lemonhq.io\/es\/wp-json\/wp\/v2\/comments?post=52907"}],"version-history":[{"count":0,"href":"https:\/\/cms.alj3.clients.lemonhq.io\/es\/wp-json\/wp\/v2\/pages\/52907\/revisions"}],"wp:featuredmedia":[{"embeddable":true,"href":"https:\/\/cms.alj3.clients.lemonhq.io\/es\/wp-json\/wp\/v2\/media\/30863"}],"wp:attachment":[{"href":"https:\/\/cms.alj3.clients.lemonhq.io\/es\/wp-json\/wp\/v2\/media?parent=52907"}],"curies":[{"name":"wp","href":"https:\/\/api.w.org\/{rel}","templated":true}]}}