{"id":52893,"date":"2024-09-30T07:42:29","date_gmt":"2024-09-30T07:42:29","guid":{"rendered":"https:\/\/cms.alj3.clients.lemonhq.io\/our-people\/"},"modified":"2026-04-14T11:42:11","modified_gmt":"2026-04-14T11:42:11","slug":"our-people","status":"publish","type":"page","link":"https:\/\/cms.alj3.clients.lemonhq.io\/es\/our-people\/","title":{"rendered":"Nuestro personal"},"content":{"rendered":"\n<div class=\"wp-block-group section-padding\"><div class=\"wp-block-group__inner-container is-layout-constrained wp-block-group-is-layout-constrained\">\n<h2 class=\"wp-block-heading has-text-color has-link-color has-large-font-size wp-elements-c219ede52778cd5d18cf06b59ba772ee\" style=\"color:#1d3258;font-style:normal;font-weight:400\">Nuestro personal es nuestro principal punto fuerte<\/h2>\n\n\n\n<p class=\"has-medium-font-size\">Con el mismo esp\u00edritu pionero y la atenta dedicaci\u00f3n al crecimiento de nuestros negocios que nuestro fundador, el equipo de liderazgo actual contin\u00faa descubriendo nuevo potencial y creando valor en empresas con las que el mundo realmente prospera.<\/p>\n\n\n\n<p>Invertimos en la \u00abinfraestructura de la vida\u00bb y estamos desarrollando los sectores comerciales estrat\u00e9gicos clave que impulsan nuestras econom\u00edas globales para mejorar las vidas de las personas en todas partes.<\/p>\n<\/div><\/div>\n\n\n\n<div class=\"wp-block-group chairman-message-box section-padding pt-0 has-white-background-color has-background\"><div class=\"wp-block-group__inner-container is-layout-constrained wp-block-group-is-layout-constrained\">\n<h2 class=\"wp-block-heading has-text-align-left has-text-color has-link-color has-large-font-size wp-elements-838cab350d0abf381a5c431b6fc6a1df\" style=\"color:#1d3258;font-style:normal;font-weight:600\">Un mensaje de nuestro presidente<\/h2>\n\n\n\n<div class=\"wp-block-columns is-layout-flex wp-container-core-columns-is-layout-28f84493 wp-block-columns-is-layout-flex\">\n<div class=\"wp-block-column is-layout-flow wp-block-column-is-layout-flow\" style=\"flex-basis:40%\">\n<figure class=\"wp-block-image size-full\"><img loading=\"lazy\" decoding=\"async\" width=\"523\" height=\"676\" src=\"https:\/\/media.alj3.clients.lemonhq.io\/wp-content\/uploads\/2024\/10\/wp-block-img-42.jpg\" alt=\"\" class=\"wp-image-21125\" style=\"object-fit:cover\" srcset=\"https:\/\/media.alj3.clients.lemonhq.io\/wp-content\/uploads\/2024\/10\/wp-block-img-42.jpg 523w, https:\/\/media.alj3.clients.lemonhq.io\/wp-content\/uploads\/2024\/10\/wp-block-img-42-232x300.jpg 232w, https:\/\/media.alj3.clients.lemonhq.io\/wp-content\/uploads\/2024\/10\/wp-block-img-42-193x250.jpg 193w\" sizes=\"auto, (max-width: 523px) 100vw, 523px\" \/><\/figure>\n\n\n\n<p class=\"has-medium-font-size\" style=\"font-style:normal;font-weight:500\">Mohammed Jameel, KBE<\/p>\n\n\n\n<p class=\"mt-0\">Presidente<\/p>\n\n\n\n<p class=\"mt-0 has-teal-color has-text-color has-link-color wp-elements-4ccbc0bc6a1966378d70cbb62ed6fe53\"><a href=\"\/es\/our-people\/mohammed-abdul-latif-jameel\/\">Ver biograf\u00eda<\/a><\/p>\n<\/div>\n\n\n\n<div class=\"wp-block-column is-layout-flow wp-block-column-is-layout-flow\" style=\"flex-basis:60%\">\n<p>Nuestro propio itinerario de negocio nos ha dado la forma de lo que somos hoy y la manera en la que llevamos los negocios.<\/p>\n\n\n\n<p>Desde nuestros or\u00edgenes, hemos crecido hasta convertirnos en un inversor global, un socio de confianza y una red internacional diversificada de empresas.<\/p>\n\n\n\n<p>En el proceso, hemos dedicado tiempo a invertir en nuestra gente, aprender el valor del desarrollo, de la mejora continua y de la b\u00fasqueda de la excelencia: cualidades que esperamos de nuestros equipos de liderazgo de todo el mundo.<\/p>\n\n\n\n<p>Nuestros valores inherentes gu\u00edan la forma en la que trabajamos con nuestros socios de negocio, en nuestras comunidades y entre nosotros. Reflejando los valores de nuestro fundador, mi padre, hemos creado una cultura en la que las ideas pueden florecer, las personas pueden progresar y el \u00e9xito puede prosperar. Esos valores (respeto, innovaci\u00f3n y mejora continua, esp\u00edritu pionero y empoderamiento) se plasman en los Principios Jameel.<\/p>\n\n\n\n<p>A medida que nuestro mundo se vuelve m\u00e1s vol\u00e1til, incierto, complejo y ambiguo, hemos sido testigos de los efectos de este entorno, con decisiones dif\u00edciles, situaciones conflictivas y compensaciones dif\u00edciles que se convierten en la norma en todos los niveles de la sociedad. Para navegar por este panorama en evoluci\u00f3n, fortalecemos las cualidades que hacen que Abdul Latif Jameel sea \u00fanico y perdurable: nuestra cultura, los v\u00ednculos de confianza mutua que hemos construido y el sentido de responsabilidad personal de cada empleado. Estos forman nuestra base y nos gu\u00edan como un faro estrat\u00e9gico.<\/p>\n\n\n\n<p>Con confianza en este enfoque empresarial, considero que nuestra estrategia es la adecuada para el \u00e9xito sostenible a largo plazo. El proverbio favorito de mi padre quiz\u00e1s sea m\u00e1s relevante hoy que nunca: \u00ab\u00a1Si el viento sopla, aprov\u00e9chalo!\u00bb<\/p>\n<\/div>\n<\/div>\n<\/div><\/div>\n","protected":false},"excerpt":{"rendered":"<p>Nuestro personal es nuestro principal punto fuerte Con el mismo esp\u00edritu pionero y la atenta dedicaci\u00f3n al crecimiento de nuestros negocios que nuestro fundador, el equipo de liderazgo actual contin\u00faa descubriendo nuevo potencial y creando valor en empresas con las que el mundo realmente prospera. Invertimos en la \u00abinfraestructura de la vida\u00bb y estamos desarrollando [&hellip;]<\/p>\n","protected":false},"author":5,"featured_media":21433,"parent":0,"menu_order":12,"comment_status":"closed","ping_status":"closed","template":"","meta":{"_acf_changed":true,"footnotes":""},"class_list":["post-52893","page","type-page","status-publish","has-post-thumbnail","hentry"],"acf":{"the_jameel_family_title":"The Jameel Family","the_jameel_family_members":[{"select_member":18289},{"select_member":18274},{"select_member":17637}],"executive_leadership_corporate_title":"Leadership","executive_leadership_corporate_members":[{"select_member":18308},{"select_member":18324},{"select_member":17641},{"select_member":17927},{"select_member":18340},{"select_member":17961},{"select_member":17945},{"select_member":18100}],"executive_leadership_business_sectors_title":"Executive Leadership - Business Sectors","executive_leadership_business_sectors_team_members":[{"select_member":18139},{"select_member":18085}],"mobility_corporate_title":"Mobility - Corporate","mobility_corporate_members":[{"select_member":18231},{"select_member":18174},{"select_member":18238},{"select_member":18242},{"select_member":18263},{"select_member":18213}],"mobility_international_title":"Mobility - International ","mobility_international_members":[{"select_member":17754},{"select_member":17788},{"select_member":17771},{"select_member":18122},{"select_member":17857},{"select_member":17804},{"select_member":17875},{"select_member":18157}],"mobility_saudi_arabia_title":"Mobility - Saudi Arabia","mobility_saudi_arabia_members":[{"select_member":17988},{"select_member":17821}],"financial_services_international_title":"Financial Services - International ","financial_services_international_members":[{"select_member":18045},{"select_member":18180},{"select_member":18029}],"financial_services_saudi_arabia_title":"Financial Services - Saudi Arabia","financial_services_saudi_arabia_members":[{"select_member":17978},{"select_member":18063}],"energy_international_title":"Energy - International","energy_international_members":[{"select_member":17670}],"environmental_services_international_title":"Environmental Services - International ","environmental_services_international_members":[{"select_member":17685}],"health_international_title":"Health - International","health_international_members":[{"select_member":17911}]},"yoast_head":"<!-- This site is optimized with the Yoast SEO plugin v26.5 - https:\/\/yoast.com\/wordpress\/plugins\/seo\/ -->\n<title>Nuestro personal - Abdul Latif Jameel<\/title>\n<meta name=\"robots\" content=\"noindex, follow, max-snippet:-1, max-image-preview:large, max-video-preview:-1\" \/>\n<meta property=\"og:locale\" content=\"es_ES\" \/>\n<meta property=\"og:type\" content=\"article\" \/>\n<meta property=\"og:title\" content=\"Nuestro personal - Abdul Latif Jameel\" \/>\n<meta property=\"og:description\" content=\"Nuestro personal es nuestro principal punto fuerte Con el mismo esp\u00edritu pionero y la atenta dedicaci\u00f3n al crecimiento de nuestros negocios que nuestro fundador, el equipo de liderazgo actual contin\u00faa descubriendo nuevo potencial y creando valor en empresas con las que el mundo realmente prospera. Invertimos en la \u00abinfraestructura de la vida\u00bb y estamos desarrollando [&hellip;]\" \/>\n<meta property=\"og:url\" content=\"https:\/\/cms.alj3.clients.lemonhq.io\/es\/our-people\/\" \/>\n<meta property=\"og:site_name\" content=\"Abdul Latif Jameel\" \/>\n<meta property=\"article:modified_time\" content=\"2026-04-14T11:42:11+00:00\" \/>\n<meta property=\"og:image\" content=\"https:\/\/media.alj3.clients.lemonhq.io\/wp-content\/uploads\/2024\/10\/people-hero-banner.jpg\" \/>\n\t<meta property=\"og:image:width\" content=\"1920\" \/>\n\t<meta property=\"og:image:height\" content=\"1080\" \/>\n\t<meta property=\"og:image:type\" content=\"image\/jpeg\" \/>\n<meta name=\"twitter:card\" content=\"summary_large_image\" \/>\n<meta name=\"twitter:label1\" content=\"Tiempo de lectura\" \/>\n\t<meta name=\"twitter:data1\" content=\"1 minuto\" \/>\n<script type=\"application\/ld+json\" class=\"yoast-schema-graph\">{\"@context\":\"https:\/\/schema.org\",\"@graph\":[{\"@type\":\"WebPage\",\"@id\":\"https:\/\/cms.alj3.clients.lemonhq.io\/es\/our-people\/\",\"url\":\"https:\/\/cms.alj3.clients.lemonhq.io\/es\/our-people\/\",\"name\":\"Nuestro personal - Abdul Latif Jameel\",\"isPartOf\":{\"@id\":\"https:\/\/cms.alj3.clients.lemonhq.io\/en\/#website\"},\"primaryImageOfPage\":{\"@id\":\"https:\/\/cms.alj3.clients.lemonhq.io\/es\/our-people\/#primaryimage\"},\"image\":{\"@id\":\"https:\/\/cms.alj3.clients.lemonhq.io\/es\/our-people\/#primaryimage\"},\"thumbnailUrl\":\"https:\/\/media.alj3.clients.lemonhq.io\/wp-content\/uploads\/2024\/10\/people-hero-banner.jpg\",\"datePublished\":\"2024-09-30T07:42:29+00:00\",\"dateModified\":\"2026-04-14T11:42:11+00:00\",\"breadcrumb\":{\"@id\":\"https:\/\/cms.alj3.clients.lemonhq.io\/es\/our-people\/#breadcrumb\"},\"inLanguage\":\"es\",\"potentialAction\":[{\"@type\":\"ReadAction\",\"target\":[\"https:\/\/cms.alj3.clients.lemonhq.io\/es\/our-people\/\"]}]},{\"@type\":\"ImageObject\",\"inLanguage\":\"es\",\"@id\":\"https:\/\/cms.alj3.clients.lemonhq.io\/es\/our-people\/#primaryimage\",\"url\":\"https:\/\/media.alj3.clients.lemonhq.io\/wp-content\/uploads\/2024\/10\/people-hero-banner.jpg\",\"contentUrl\":\"https:\/\/media.alj3.clients.lemonhq.io\/wp-content\/uploads\/2024\/10\/people-hero-banner.jpg\",\"width\":1920,\"height\":1080},{\"@type\":\"BreadcrumbList\",\"@id\":\"https:\/\/cms.alj3.clients.lemonhq.io\/es\/our-people\/#breadcrumb\",\"itemListElement\":[{\"@type\":\"ListItem\",\"position\":1,\"name\":\"Home\",\"item\":\"https:\/\/cms.alj3.clients.lemonhq.io\/en\/\"},{\"@type\":\"ListItem\",\"position\":2,\"name\":\"Nuestro personal\"}]},{\"@type\":\"WebSite\",\"@id\":\"https:\/\/cms.alj3.clients.lemonhq.io\/en\/#website\",\"url\":\"https:\/\/cms.alj3.clients.lemonhq.io\/en\/\",\"name\":\"Abdul Latif Jameel\",\"description\":\"\",\"potentialAction\":[{\"@type\":\"SearchAction\",\"target\":{\"@type\":\"EntryPoint\",\"urlTemplate\":\"https:\/\/cms.alj3.clients.lemonhq.io\/en\/?s={search_term_string}\"},\"query-input\":{\"@type\":\"PropertyValueSpecification\",\"valueRequired\":true,\"valueName\":\"search_term_string\"}}],\"inLanguage\":\"es\"}]}<\/script>\n<!-- \/ Yoast SEO plugin. -->","yoast_head_json":{"title":"Nuestro personal - Abdul Latif Jameel","robots":{"index":"noindex","follow":"follow","max-snippet":"max-snippet:-1","max-image-preview":"max-image-preview:large","max-video-preview":"max-video-preview:-1"},"og_locale":"es_ES","og_type":"article","og_title":"Nuestro personal - Abdul Latif Jameel","og_description":"Nuestro personal es nuestro principal punto fuerte Con el mismo esp\u00edritu pionero y la atenta dedicaci\u00f3n al crecimiento de nuestros negocios que nuestro fundador, el equipo de liderazgo actual contin\u00faa descubriendo nuevo potencial y creando valor en empresas con las que el mundo realmente prospera. Invertimos en la \u00abinfraestructura de la vida\u00bb y estamos desarrollando [&hellip;]","og_url":"https:\/\/cms.alj3.clients.lemonhq.io\/es\/our-people\/","og_site_name":"Abdul Latif Jameel","article_modified_time":"2026-04-14T11:42:11+00:00","og_image":[{"width":1920,"height":1080,"url":"https:\/\/media.alj3.clients.lemonhq.io\/wp-content\/uploads\/2024\/10\/people-hero-banner.jpg","type":"image\/jpeg"}],"twitter_card":"summary_large_image","twitter_misc":{"Tiempo de lectura":"1 minuto"},"schema":{"@context":"https:\/\/schema.org","@graph":[{"@type":"WebPage","@id":"https:\/\/cms.alj3.clients.lemonhq.io\/es\/our-people\/","url":"https:\/\/cms.alj3.clients.lemonhq.io\/es\/our-people\/","name":"Nuestro personal - Abdul Latif Jameel","isPartOf":{"@id":"https:\/\/cms.alj3.clients.lemonhq.io\/en\/#website"},"primaryImageOfPage":{"@id":"https:\/\/cms.alj3.clients.lemonhq.io\/es\/our-people\/#primaryimage"},"image":{"@id":"https:\/\/cms.alj3.clients.lemonhq.io\/es\/our-people\/#primaryimage"},"thumbnailUrl":"https:\/\/media.alj3.clients.lemonhq.io\/wp-content\/uploads\/2024\/10\/people-hero-banner.jpg","datePublished":"2024-09-30T07:42:29+00:00","dateModified":"2026-04-14T11:42:11+00:00","breadcrumb":{"@id":"https:\/\/cms.alj3.clients.lemonhq.io\/es\/our-people\/#breadcrumb"},"inLanguage":"es","potentialAction":[{"@type":"ReadAction","target":["https:\/\/cms.alj3.clients.lemonhq.io\/es\/our-people\/"]}]},{"@type":"ImageObject","inLanguage":"es","@id":"https:\/\/cms.alj3.clients.lemonhq.io\/es\/our-people\/#primaryimage","url":"https:\/\/media.alj3.clients.lemonhq.io\/wp-content\/uploads\/2024\/10\/people-hero-banner.jpg","contentUrl":"https:\/\/media.alj3.clients.lemonhq.io\/wp-content\/uploads\/2024\/10\/people-hero-banner.jpg","width":1920,"height":1080},{"@type":"BreadcrumbList","@id":"https:\/\/cms.alj3.clients.lemonhq.io\/es\/our-people\/#breadcrumb","itemListElement":[{"@type":"ListItem","position":1,"name":"Home","item":"https:\/\/cms.alj3.clients.lemonhq.io\/en\/"},{"@type":"ListItem","position":2,"name":"Nuestro personal"}]},{"@type":"WebSite","@id":"https:\/\/cms.alj3.clients.lemonhq.io\/en\/#website","url":"https:\/\/cms.alj3.clients.lemonhq.io\/en\/","name":"Abdul Latif Jameel","description":"","potentialAction":[{"@type":"SearchAction","target":{"@type":"EntryPoint","urlTemplate":"https:\/\/cms.alj3.clients.lemonhq.io\/en\/?s={search_term_string}"},"query-input":{"@type":"PropertyValueSpecification","valueRequired":true,"valueName":"search_term_string"}}],"inLanguage":"es"}]}},"_links":{"self":[{"href":"https:\/\/cms.alj3.clients.lemonhq.io\/es\/wp-json\/wp\/v2\/pages\/52893","targetHints":{"allow":["GET"]}}],"collection":[{"href":"https:\/\/cms.alj3.clients.lemonhq.io\/es\/wp-json\/wp\/v2\/pages"}],"about":[{"href":"https:\/\/cms.alj3.clients.lemonhq.io\/es\/wp-json\/wp\/v2\/types\/page"}],"author":[{"embeddable":true,"href":"https:\/\/cms.alj3.clients.lemonhq.io\/es\/wp-json\/wp\/v2\/users\/5"}],"replies":[{"embeddable":true,"href":"https:\/\/cms.alj3.clients.lemonhq.io\/es\/wp-json\/wp\/v2\/comments?post=52893"}],"version-history":[{"count":0,"href":"https:\/\/cms.alj3.clients.lemonhq.io\/es\/wp-json\/wp\/v2\/pages\/52893\/revisions"}],"wp:featuredmedia":[{"embeddable":true,"href":"https:\/\/cms.alj3.clients.lemonhq.io\/es\/wp-json\/wp\/v2\/media\/21433"}],"wp:attachment":[{"href":"https:\/\/cms.alj3.clients.lemonhq.io\/es\/wp-json\/wp\/v2\/media?parent=52893"}],"curies":[{"name":"wp","href":"https:\/\/api.w.org\/{rel}","templated":true}]}}