{"id":52891,"date":"2025-11-27T10:40:36","date_gmt":"2025-11-27T10:40:36","guid":{"rendered":"https:\/\/cms.alj3.clients.lemonhq.io\/a-legacy-of-value-and-trust\/"},"modified":"2026-04-14T12:59:54","modified_gmt":"2026-04-14T12:59:54","slug":"a-legacy-of-value-and-trust","status":"publish","type":"page","link":"https:\/\/cms.alj3.clients.lemonhq.io\/es\/a-legacy-of-value-and-trust\/","title":{"rendered":"Celebramos m\u00e1s de tres cuartos de siglo"},"content":{"rendered":"\n<div class=\"wp-block-group\"><div class=\"wp-block-group__inner-container is-layout-constrained wp-block-group-is-layout-constrained\"><div class=\"wp-bootstrap-blocks-container container mb-2\">\n\t\n\n<h2 class=\"wp-block-heading\">Celebramos m\u00e1s de tres cuartos de siglo<\/h2>\n\n\n\n<p class=\"has-medium-font-size\">En 2020, nos unimos a nuestros empleados, clientes, socios comerciales y otras partes interesadas en nuestro viaje para celebrar nuestro 75.\u00ba aniversario.<\/p>\n\n\n\n<p class=\"has-medium-font-size\">Recibimos muchos mensajes de felicitaci\u00f3n de apreciados amigos de todo el mundo, que siguen teniendo valor y compartimos aqu\u00ed.<\/p>\n\n<\/div>\n<\/div><\/div>\n\n\n<div class=\"customMediaBlock medium   image-top ltr\">\n    <div class=\"blockImagebx\">\n        <img decoding=\"async\" class=\"img\" src=\"https:\/\/media.alj3.clients.lemonhq.io\/wp-content\/uploads\/2025\/12\/stories-75-years.png\"  alt=\"\" title=\"stories-75-years\">\n    <\/div>\n\n        <div class=\"contentRow\" style=\"background-color: #D4D4D4;\">\n        <!-- <div class=\"sectioncolor\" style=\"background-color: #D4D4D4;\"><\/div> -->\n        <div class=\"container\">\n            <div class=\"row\">\n            <div class=\"col-md-6\">\n                <div class=\"textbx\">\n                <h4>75 a\u00f1os\/75 voces\/75 historias<\/h4>\n<h5>El \u00e9xito rara vez, o nunca, se logra solo. Muchas partes interesadas han respaldado al pasado, al presente, y por supuesto, al futuro de Abdul Latif Jameel.<\/h5>\n<p>Como parte de nuestras celebraciones del 75.\u00ba aniversario, muchos de estos amigos, colaboradores, partidarios y arquitectos de nuestro viaje contribuyeron con sus propios mensajes de felicitaci\u00f3n. Celebramos a aquellos que lo hicieron todo posible compartiendo esos mensajes aqu\u00ed.<\/p>\n            <\/div>\n        <\/div>\n        <\/div>\n        <\/div>\n    <\/div>\n    \n    <\/div>\n\n<div class=\"lazyblock-our-story-block-18bjWD align  wp-block-lazyblock-our-story-block\"><div id=\"gatsbyshortcodestory\"><\/div>\n<div class=\"wpBlockDummyImage\">\n  <img style=\"width:100%;\"src=\"https:\/\/media.alj3.clients.lemonhq.io\/wp-content\/uploads\/2025\/11\/our-stories-filter.png\" \/>\n<\/div><\/div>\n\n\n<div class=\"wp-block-group story-highlight-container has-light-sand-background-color has-background\"><div class=\"wp-block-group__inner-container is-layout-constrained wp-block-group-is-layout-constrained\">\n<h1 class=\"wp-block-heading has-text-align-left container fw-normal has-large-font-size\">De camino al 2030<\/h1>\n\n\n\n<div class=\"wp-block-columns container is-layout-flex wp-container-core-columns-is-layout-28f84493 wp-block-columns-is-layout-flex\">\n<div class=\"wp-block-column is-layout-flow wp-block-column-is-layout-flow\" style=\"flex-basis:66.66%\">\n<figure class=\"wp-block-video\"><video height=\"720\" style=\"aspect-ratio: 1280 \/ 720;\" width=\"1280\" controls poster=\"https:\/\/media.alj3.clients.lemonhq.io\/wp-content\/uploads\/2025\/12\/Video-Poster-Image-1.jpg\" src=\"https:\/\/media.alj3.clients.lemonhq.io\/wp-content\/uploads\/2025\/12\/Towards-2030_-The-Jameel-family-the-UN-Sustainable-Development-Goals-EN-VO_EN-Subs-16x9-COMP.mp4\"><\/video><\/figure>\n\n\n\n<h2 class=\"wp-block-heading has-large-font-size\" style=\"font-style:normal;font-weight:400\">The Jameel family &amp;<br>The UN Agenda 2030<\/h2>\n\n\n\n<p class=\"has-medium-font-size\">Desde el principio, la familia Jameel ha llevado a cabo sus negocios de una manera razonable y considerada. Dentro de este enfoque, se encuentra nuestro compromiso continuo con la mejora continua y con hacer del mundo un lugar mejor para todos mediante la inversi\u00f3n en la infraestructura de la vida.<\/p>\n\n\n\n<p>La importancia de nuestro 75.\u00ba aniversario no se trataba solo de historia, sino tambi\u00e9n de nuestro futuro y de c\u00f3mo podemos seguir contribuyendo para crear un ma\u00f1ana m\u00e1s hermoso, seg\u00fan lo establecido en la <a href=\"https:\/\/sdgs.un.org\/2030agenda\" target=\"_blank\" rel=\"noreferrer noopener\">Agenda 2030<\/a> de las <a href=\"https:\/\/www.un.org\/en\/?\" target=\"_blank\" rel=\"noreferrer noopener\">Naciones Unidas<\/a> y sus Objetivos de Desarrollo Sostenible (<a href=\"https:\/\/sustainabledevelopment.un.org\/post2015\/transformingourworld\" target=\"_blank\" rel=\"noreferrer noopener\">ODS<\/a>) asociados. Aunque esperamos hacer alguna contribuci\u00f3n, por peque\u00f1a que sea, a los diecisiete ODS, en algunos podemos tener un impacto m\u00e1s inmediato y directo, por lo que es aqu\u00ed donde ponemos nuestro \u00e9nfasis.<\/p>\n<\/div>\n\n\n\n<div class=\"wp-block-column is-layout-flow wp-block-column-is-layout-flow\" style=\"flex-basis:33.33%\">\n<figure class=\"wp-block-image size-full\"><img loading=\"lazy\" decoding=\"async\" width=\"533\" height=\"755\" src=\"https:\/\/media.alj3.clients.lemonhq.io\/wp-content\/uploads\/2024\/10\/wp-block-img-41.jpg\" alt=\"\" class=\"wp-image-21100\" srcset=\"https:\/\/media.alj3.clients.lemonhq.io\/wp-content\/uploads\/2024\/10\/wp-block-img-41.jpg 533w, https:\/\/media.alj3.clients.lemonhq.io\/wp-content\/uploads\/2024\/10\/wp-block-img-41-212x300.jpg 212w, https:\/\/media.alj3.clients.lemonhq.io\/wp-content\/uploads\/2024\/10\/wp-block-img-41-176x250.jpg 176w\" sizes=\"auto, (max-width: 533px) 100vw, 533px\" \/><\/figure>\n\n\n\n<p class=\"has-medium-font-size\" style=\"font-style:normal;font-weight:600\">De camino al 2030:<br><strong>La familia Jameel y los Objetivos de Desarrollo Sostenible de la ONU<\/strong><\/p>\n\n\n\n<p class=\"teal-sapphire has-link-color wp-elements-22610b6e6dfe49e0b772c56e918244bc\">Download our report <a href=\"https:\/\/media.alj3.clients.lemonhq.io\/wp-content\/uploads\/2024\/11\/Abdul-Latif-Jameel-Community-Jameel-UN-SDGs-Activities-Published-v3.7PS-28-04-2021-3.pdf\" target=\"_blank\" rel=\"noreferrer noopener\">here<\/a><\/p>\n<\/div>\n<\/div>\n<\/div><\/div>\n","protected":false},"excerpt":{"rendered":"<p>De camino al 2030 The Jameel family &amp;The UN Agenda 2030 Desde el principio, la familia Jameel ha llevado a cabo sus negocios de una manera razonable y considerada. Dentro de este enfoque, se encuentra nuestro compromiso continuo con la mejora continua y con hacer del mundo un lugar mejor para todos mediante la inversi\u00f3n [&hellip;]<\/p>\n","protected":false},"author":4,"featured_media":27683,"parent":0,"menu_order":0,"comment_status":"closed","ping_status":"closed","template":"","meta":{"_acf_changed":true,"footnotes":""},"class_list":["post-52891","page","type-page","status-publish","has-post-thumbnail","hentry"],"acf":{"perspective_data":[{"select_article":54553},{"select_article":14723},{"select_article":14775},{"select_article":14846},{"select_article":14893}]},"yoast_head":"<!-- This site is optimized with the Yoast SEO plugin v26.5 - https:\/\/yoast.com\/wordpress\/plugins\/seo\/ -->\n<title>Celebramos m\u00e1s de tres cuartos de siglo - Abdul Latif Jameel<\/title>\n<meta name=\"description\" content=\"From the very beginning, the Jameel Family has conducted business in a thoughtful and considered way. Within this approach, sits our ongoing commitment to continuous improvement and to making the world a better place for all, through investing in the infrastructure of life.\" \/>\n<meta name=\"robots\" content=\"noindex, follow, max-snippet:-1, max-image-preview:large, max-video-preview:-1\" \/>\n<meta property=\"og:locale\" content=\"es_ES\" \/>\n<meta property=\"og:type\" content=\"article\" \/>\n<meta property=\"og:title\" content=\"Celebramos m\u00e1s de tres cuartos de siglo - Abdul Latif Jameel\" \/>\n<meta property=\"og:description\" content=\"From the very beginning, the Jameel Family has conducted business in a thoughtful and considered way. Within this approach, sits our ongoing commitment to continuous improvement and to making the world a better place for all, through investing in the infrastructure of life.\" \/>\n<meta property=\"og:url\" content=\"https:\/\/cms.alj3.clients.lemonhq.io\/es\/a-legacy-of-value-and-trust\/\" \/>\n<meta property=\"og:site_name\" content=\"Abdul Latif Jameel\" \/>\n<meta property=\"article:modified_time\" content=\"2026-04-14T12:59:54+00:00\" \/>\n<meta property=\"og:image\" content=\"https:\/\/media.alj3.clients.lemonhq.io\/wp-content\/uploads\/2025\/02\/alj-stories-hero-banner.jpg\" \/>\n\t<meta property=\"og:image:width\" content=\"1920\" \/>\n\t<meta property=\"og:image:height\" content=\"1080\" \/>\n\t<meta property=\"og:image:type\" content=\"image\/jpeg\" \/>\n<meta name=\"twitter:card\" content=\"summary_large_image\" \/>\n<meta name=\"twitter:label1\" content=\"Tiempo de lectura\" \/>\n\t<meta name=\"twitter:data1\" content=\"1 minuto\" \/>\n<script type=\"application\/ld+json\" class=\"yoast-schema-graph\">{\"@context\":\"https:\/\/schema.org\",\"@graph\":[{\"@type\":\"WebPage\",\"@id\":\"https:\/\/cms.alj3.clients.lemonhq.io\/es\/a-legacy-of-value-and-trust\/\",\"url\":\"https:\/\/cms.alj3.clients.lemonhq.io\/es\/a-legacy-of-value-and-trust\/\",\"name\":\"Celebramos m\u00e1s de tres cuartos de siglo - Abdul Latif Jameel\",\"isPartOf\":{\"@id\":\"https:\/\/cms.alj3.clients.lemonhq.io\/en\/#website\"},\"primaryImageOfPage\":{\"@id\":\"https:\/\/cms.alj3.clients.lemonhq.io\/es\/a-legacy-of-value-and-trust\/#primaryimage\"},\"image\":{\"@id\":\"https:\/\/cms.alj3.clients.lemonhq.io\/es\/a-legacy-of-value-and-trust\/#primaryimage\"},\"thumbnailUrl\":\"https:\/\/media.alj3.clients.lemonhq.io\/wp-content\/uploads\/2025\/02\/alj-stories-hero-banner.jpg\",\"datePublished\":\"2025-11-27T10:40:36+00:00\",\"dateModified\":\"2026-04-14T12:59:54+00:00\",\"description\":\"From the very beginning, the Jameel Family has conducted business in a thoughtful and considered way. Within this approach, sits our ongoing commitment to continuous improvement and to making the world a better place for all, through investing in the infrastructure of life.\",\"breadcrumb\":{\"@id\":\"https:\/\/cms.alj3.clients.lemonhq.io\/es\/a-legacy-of-value-and-trust\/#breadcrumb\"},\"inLanguage\":\"es\",\"potentialAction\":[{\"@type\":\"ReadAction\",\"target\":[\"https:\/\/cms.alj3.clients.lemonhq.io\/es\/a-legacy-of-value-and-trust\/\"]}]},{\"@type\":\"ImageObject\",\"inLanguage\":\"es\",\"@id\":\"https:\/\/cms.alj3.clients.lemonhq.io\/es\/a-legacy-of-value-and-trust\/#primaryimage\",\"url\":\"https:\/\/media.alj3.clients.lemonhq.io\/wp-content\/uploads\/2025\/02\/alj-stories-hero-banner.jpg\",\"contentUrl\":\"https:\/\/media.alj3.clients.lemonhq.io\/wp-content\/uploads\/2025\/02\/alj-stories-hero-banner.jpg\",\"width\":1920,\"height\":1080},{\"@type\":\"BreadcrumbList\",\"@id\":\"https:\/\/cms.alj3.clients.lemonhq.io\/es\/a-legacy-of-value-and-trust\/#breadcrumb\",\"itemListElement\":[{\"@type\":\"ListItem\",\"position\":1,\"name\":\"Home\",\"item\":\"https:\/\/cms.alj3.clients.lemonhq.io\/en\/\"},{\"@type\":\"ListItem\",\"position\":2,\"name\":\"Celebramos m\u00e1s de tres cuartos de siglo\"}]},{\"@type\":\"WebSite\",\"@id\":\"https:\/\/cms.alj3.clients.lemonhq.io\/en\/#website\",\"url\":\"https:\/\/cms.alj3.clients.lemonhq.io\/en\/\",\"name\":\"Abdul Latif Jameel\",\"description\":\"\",\"potentialAction\":[{\"@type\":\"SearchAction\",\"target\":{\"@type\":\"EntryPoint\",\"urlTemplate\":\"https:\/\/cms.alj3.clients.lemonhq.io\/en\/?s={search_term_string}\"},\"query-input\":{\"@type\":\"PropertyValueSpecification\",\"valueRequired\":true,\"valueName\":\"search_term_string\"}}],\"inLanguage\":\"es\"}]}<\/script>\n<!-- \/ Yoast SEO plugin. -->","yoast_head_json":{"title":"Celebramos m\u00e1s de tres cuartos de siglo - Abdul Latif Jameel","description":"From the very beginning, the Jameel Family has conducted business in a thoughtful and considered way. Within this approach, sits our ongoing commitment to continuous improvement and to making the world a better place for all, through investing in the infrastructure of life.","robots":{"index":"noindex","follow":"follow","max-snippet":"max-snippet:-1","max-image-preview":"max-image-preview:large","max-video-preview":"max-video-preview:-1"},"og_locale":"es_ES","og_type":"article","og_title":"Celebramos m\u00e1s de tres cuartos de siglo - Abdul Latif Jameel","og_description":"From the very beginning, the Jameel Family has conducted business in a thoughtful and considered way. Within this approach, sits our ongoing commitment to continuous improvement and to making the world a better place for all, through investing in the infrastructure of life.","og_url":"https:\/\/cms.alj3.clients.lemonhq.io\/es\/a-legacy-of-value-and-trust\/","og_site_name":"Abdul Latif Jameel","article_modified_time":"2026-04-14T12:59:54+00:00","og_image":[{"width":1920,"height":1080,"url":"https:\/\/media.alj3.clients.lemonhq.io\/wp-content\/uploads\/2025\/02\/alj-stories-hero-banner.jpg","type":"image\/jpeg"}],"twitter_card":"summary_large_image","twitter_misc":{"Tiempo de lectura":"1 minuto"},"schema":{"@context":"https:\/\/schema.org","@graph":[{"@type":"WebPage","@id":"https:\/\/cms.alj3.clients.lemonhq.io\/es\/a-legacy-of-value-and-trust\/","url":"https:\/\/cms.alj3.clients.lemonhq.io\/es\/a-legacy-of-value-and-trust\/","name":"Celebramos m\u00e1s de tres cuartos de siglo - Abdul Latif Jameel","isPartOf":{"@id":"https:\/\/cms.alj3.clients.lemonhq.io\/en\/#website"},"primaryImageOfPage":{"@id":"https:\/\/cms.alj3.clients.lemonhq.io\/es\/a-legacy-of-value-and-trust\/#primaryimage"},"image":{"@id":"https:\/\/cms.alj3.clients.lemonhq.io\/es\/a-legacy-of-value-and-trust\/#primaryimage"},"thumbnailUrl":"https:\/\/media.alj3.clients.lemonhq.io\/wp-content\/uploads\/2025\/02\/alj-stories-hero-banner.jpg","datePublished":"2025-11-27T10:40:36+00:00","dateModified":"2026-04-14T12:59:54+00:00","description":"From the very beginning, the Jameel Family has conducted business in a thoughtful and considered way. Within this approach, sits our ongoing commitment to continuous improvement and to making the world a better place for all, through investing in the infrastructure of life.","breadcrumb":{"@id":"https:\/\/cms.alj3.clients.lemonhq.io\/es\/a-legacy-of-value-and-trust\/#breadcrumb"},"inLanguage":"es","potentialAction":[{"@type":"ReadAction","target":["https:\/\/cms.alj3.clients.lemonhq.io\/es\/a-legacy-of-value-and-trust\/"]}]},{"@type":"ImageObject","inLanguage":"es","@id":"https:\/\/cms.alj3.clients.lemonhq.io\/es\/a-legacy-of-value-and-trust\/#primaryimage","url":"https:\/\/media.alj3.clients.lemonhq.io\/wp-content\/uploads\/2025\/02\/alj-stories-hero-banner.jpg","contentUrl":"https:\/\/media.alj3.clients.lemonhq.io\/wp-content\/uploads\/2025\/02\/alj-stories-hero-banner.jpg","width":1920,"height":1080},{"@type":"BreadcrumbList","@id":"https:\/\/cms.alj3.clients.lemonhq.io\/es\/a-legacy-of-value-and-trust\/#breadcrumb","itemListElement":[{"@type":"ListItem","position":1,"name":"Home","item":"https:\/\/cms.alj3.clients.lemonhq.io\/en\/"},{"@type":"ListItem","position":2,"name":"Celebramos m\u00e1s de tres cuartos de siglo"}]},{"@type":"WebSite","@id":"https:\/\/cms.alj3.clients.lemonhq.io\/en\/#website","url":"https:\/\/cms.alj3.clients.lemonhq.io\/en\/","name":"Abdul Latif Jameel","description":"","potentialAction":[{"@type":"SearchAction","target":{"@type":"EntryPoint","urlTemplate":"https:\/\/cms.alj3.clients.lemonhq.io\/en\/?s={search_term_string}"},"query-input":{"@type":"PropertyValueSpecification","valueRequired":true,"valueName":"search_term_string"}}],"inLanguage":"es"}]}},"_links":{"self":[{"href":"https:\/\/cms.alj3.clients.lemonhq.io\/es\/wp-json\/wp\/v2\/pages\/52891","targetHints":{"allow":["GET"]}}],"collection":[{"href":"https:\/\/cms.alj3.clients.lemonhq.io\/es\/wp-json\/wp\/v2\/pages"}],"about":[{"href":"https:\/\/cms.alj3.clients.lemonhq.io\/es\/wp-json\/wp\/v2\/types\/page"}],"author":[{"embeddable":true,"href":"https:\/\/cms.alj3.clients.lemonhq.io\/es\/wp-json\/wp\/v2\/users\/4"}],"replies":[{"embeddable":true,"href":"https:\/\/cms.alj3.clients.lemonhq.io\/es\/wp-json\/wp\/v2\/comments?post=52891"}],"version-history":[{"count":0,"href":"https:\/\/cms.alj3.clients.lemonhq.io\/es\/wp-json\/wp\/v2\/pages\/52891\/revisions"}],"wp:featuredmedia":[{"embeddable":true,"href":"https:\/\/cms.alj3.clients.lemonhq.io\/es\/wp-json\/wp\/v2\/media\/27683"}],"wp:attachment":[{"href":"https:\/\/cms.alj3.clients.lemonhq.io\/es\/wp-json\/wp\/v2\/media?parent=52891"}],"curies":[{"name":"wp","href":"https:\/\/api.w.org\/{rel}","templated":true}]}}