{"id":52884,"date":"2024-09-30T07:40:25","date_gmt":"2024-09-30T07:40:25","guid":{"rendered":"https:\/\/cms.alj3.clients.lemonhq.io\/story\/"},"modified":"2026-04-09T11:57:04","modified_gmt":"2026-04-09T11:57:04","slug":"story","status":"publish","type":"page","link":"https:\/\/cms.alj3.clients.lemonhq.io\/es\/story\/","title":{"rendered":"Nuestra historia"},"content":{"rendered":"<div class=\"customMediaBlock medium   image-center ltr\">\n    <div class=\"blockImagebx\">\n        <img decoding=\"async\" class=\"img\" src=\"https:\/\/media.alj3.clients.lemonhq.io\/wp-content\/uploads\/2024\/10\/wp-block-img-39.png\"  alt=\"\" title=\"wp-block-img-39\">\n    <\/div>\n\n        <div class=\"contentRow\" style=\"background-color: #fff;\">\n        <!-- <div class=\"sectioncolor\" style=\"background-color: #fff;\"><\/div> -->\n        <div class=\"container\">\n            <div class=\"row\">\n            <div class=\"col-md-6\">\n                <div class=\"textbx\">\n                <h5>Abdul Latif Jameel, fundada en 1945 por el visionario emprendedor <a href=\"https:\/\/alj.com\/es\/\">Abdul Latif Jameel<\/a> y dirigida por la familia Jameel durante tres generaciones a lo largo de ocho d\u00e9cadas, hoy es una red de empresas distintas, independientes, internacionales y diversificadas.<\/h5>\n<p>Abdul Latif Jameel es un socio s\u00f3lido con un profundo conocimiento, relaciones internacionales y un compromiso inquebrantable con la inversi\u00f3n continua en personas, negocios, tecnolog\u00eda y comunidad. Respaldamos el crecimiento y permitimos que la innovaci\u00f3n brille, liderando el progreso en los sectores empresariales clave que impulsan el futuro de la econom\u00eda global.<\/p>\n<p>Creemos en la creaci\u00f3n de valor tangible, y las nuevas oportunidades que esto trae consigo, en las vidas de nuestros clientes, socios, empleados y, por supuesto, en nuestras comunidades, creando prosperidad a largo plazo a trav\u00e9s de un progreso razonable.<\/p>\n<p>Con presencia en m\u00e1s de 30\u00a0mercados, en seis continentes y m\u00e1s de 11\u00a0000\u00a0empleados de m\u00e1s de 85\u00a0nacionalidades, fomentamos un entorno inclusivo para que el talento prospere.<\/p>\n<p>Nuestro potencial es ilimitado.<\/p>\n<p>Y el futuro est\u00e1 lleno de posibilidades, mientras seguimos trabajando&#8230;<\/p>\n<p style=\"text-align: right;\"><strong>\u2026hacia un ma\u00f1ana mejor.<\/strong><\/p>\n            <\/div>\n        <\/div>\n        <\/div>\n        <\/div>\n    <\/div>\n    \n    <\/div>\n\n<div class=\"customMediaBlock medium   image-top rtl\">\n    <div class=\"blockImagebx\">\n        <img decoding=\"async\" class=\"img\" src=\"https:\/\/media.alj3.clients.lemonhq.io\/wp-content\/uploads\/2026\/02\/Our-Story-How-it-all-began.png\"  alt=\"\" title=\"Our Story - How it all began\">\n    <\/div>\n\n        <div class=\"contentRow\" style=\"background-color: #d4d4d4;\">\n        <!-- <div class=\"sectioncolor\" style=\"background-color: #d4d4d4;\"><\/div> -->\n        <div class=\"container\">\n            <div class=\"row\">\n            <div class=\"col-md-6\">\n                <div class=\"textbx\">\n                <h4><span style=\"color: #51859a;\">Nuestro viaje<\/span><\/h4>\n<h4>C\u00f3mo comenz\u00f3&#8230;<\/h4>\n<h5>En 1945, nuestro fundador, el difunto Abdul Latif Jameel, inici\u00f3 su b\u00fasqueda para satisfacer la necesidad de aumentar las opciones del consumidor en el transporte personal y abri\u00f3 su primer punto de venta de veh\u00edculos en Yeda (Arabia Saud\u00ed), una gasolinera que tambi\u00e9n vend\u00eda repuestos para autom\u00f3viles.<\/h5>\n<p>Tras una d\u00e9cada, Abdul Latif Jameel fue designada <a href=\"https:\/\/toyota.com.sa\">distribuidor oficial de Toyota<\/a> para el pa\u00eds, con un pedido inicial de cuatro veh\u00edculos todo terreno Toyota BJ. M\u00e1s de siete d\u00e9cadas despu\u00e9s, nuestra relaci\u00f3n con <a href=\"https:\/\/www.toyota.com\/\">Toyota Motor Corporation<\/a> contin\u00faa creciendo y fortaleci\u00e9ndose, lo que nos ha permitido transformarnos en una red de negocios de automoci\u00f3n globales, representar algunas de las marcas de movilidad m\u00e1s conocidas del mundo y brindar un servicio integral a clientes minoristas y comerciales en m\u00e1s de 15\u00a0pa\u00edses en tres continentes.<\/p>\n            <\/div>\n        <\/div>\n        <\/div>\n        <\/div>\n    <\/div>\n    \n    <\/div>\n\n<div class=\"lazyblock-our-journey-block-1GkI5E align  wp-block-lazyblock-our-journey-block\"><div id=\"gatsbyshortcode\"><\/div>\n<div class=\"wpBlockDummyImage\">\n  <img style=\"width:100%;\"src=\"https:\/\/media.alj3.clients.lemonhq.io\/wp-content\/uploads\/2024\/12\/our-journey-dummy-image.png\" \/>\n<\/div><\/div>","protected":false},"excerpt":{"rendered":"","protected":false},"author":5,"featured_media":46324,"parent":0,"menu_order":13,"comment_status":"closed","ping_status":"closed","template":"","meta":{"_acf_changed":true,"footnotes":""},"class_list":["post-52884","page","type-page","status-publish","has-post-thumbnail","hentry"],"acf":{"perspective_data":[{"select_article":52558},{"select_article":14723},{"select_article":14775},{"select_article":14846},{"select_article":14893}]},"yoast_head":"<!-- This site is optimized with the Yoast SEO plugin v26.5 - https:\/\/yoast.com\/wordpress\/plugins\/seo\/ -->\n<title>Nuestra historia - Abdul Latif Jameel<\/title>\n<meta name=\"robots\" content=\"noindex, follow, max-snippet:-1, max-image-preview:large, max-video-preview:-1\" \/>\n<meta property=\"og:locale\" content=\"es_ES\" \/>\n<meta property=\"og:type\" content=\"article\" \/>\n<meta property=\"og:title\" content=\"Nuestra historia - Abdul Latif Jameel\" \/>\n<meta property=\"og:url\" content=\"https:\/\/10.0.2.222\/en\/story\/\" \/>\n<meta property=\"og:site_name\" content=\"Abdul Latif Jameel\" \/>\n<meta property=\"article:modified_time\" content=\"2026-04-09T11:57:04+00:00\" \/>\n<meta property=\"og:image\" content=\"https:\/\/media.alj3.clients.lemonhq.io\/wp-content\/uploads\/2024\/10\/shutterstock_1520274866-scaled-1.jpg\" \/>\n\t<meta property=\"og:image:width\" content=\"2560\" \/>\n\t<meta property=\"og:image:height\" content=\"1707\" \/>\n\t<meta property=\"og:image:type\" content=\"image\/jpeg\" \/>\n<meta name=\"twitter:card\" content=\"summary_large_image\" \/>\n<meta name=\"twitter:label1\" content=\"Tiempo de lectura\" \/>\n\t<meta name=\"twitter:data1\" content=\"1 minuto\" \/>\n<script type=\"application\/ld+json\" class=\"yoast-schema-graph\">{\"@context\":\"https:\/\/schema.org\",\"@graph\":[{\"@type\":\"WebPage\",\"@id\":\"https:\/\/10.0.2.222\/en\/story\/\",\"url\":\"https:\/\/10.0.2.222\/en\/story\/\",\"name\":\"Nuestra historia - Abdul Latif Jameel\",\"isPartOf\":{\"@id\":\"https:\/\/10.0.2.222\/en\/#website\"},\"primaryImageOfPage\":{\"@id\":\"https:\/\/10.0.2.222\/en\/story\/#primaryimage\"},\"image\":{\"@id\":\"https:\/\/10.0.2.222\/en\/story\/#primaryimage\"},\"thumbnailUrl\":\"https:\/\/media.alj3.clients.lemonhq.io\/wp-content\/uploads\/2024\/10\/shutterstock_1520274866-scaled-1.jpg\",\"datePublished\":\"2024-09-30T07:40:25+00:00\",\"dateModified\":\"2026-04-09T11:57:04+00:00\",\"breadcrumb\":{\"@id\":\"https:\/\/10.0.2.222\/en\/story\/#breadcrumb\"},\"inLanguage\":\"es\",\"potentialAction\":[{\"@type\":\"ReadAction\",\"target\":[\"https:\/\/10.0.2.222\/en\/story\/\"]}]},{\"@type\":\"ImageObject\",\"inLanguage\":\"es\",\"@id\":\"https:\/\/10.0.2.222\/en\/story\/#primaryimage\",\"url\":\"https:\/\/media.alj3.clients.lemonhq.io\/wp-content\/uploads\/2024\/10\/shutterstock_1520274866-scaled-1.jpg\",\"contentUrl\":\"https:\/\/media.alj3.clients.lemonhq.io\/wp-content\/uploads\/2024\/10\/shutterstock_1520274866-scaled-1.jpg\",\"width\":2560,\"height\":1707},{\"@type\":\"BreadcrumbList\",\"@id\":\"https:\/\/10.0.2.222\/en\/story\/#breadcrumb\",\"itemListElement\":[{\"@type\":\"ListItem\",\"position\":1,\"name\":\"Home\",\"item\":\"https:\/\/10.0.2.222\/en\/\"},{\"@type\":\"ListItem\",\"position\":2,\"name\":\"Nuestra historia\"}]},{\"@type\":\"WebSite\",\"@id\":\"https:\/\/10.0.2.222\/en\/#website\",\"url\":\"https:\/\/10.0.2.222\/en\/\",\"name\":\"Abdul Latif Jameel\",\"description\":\"\",\"potentialAction\":[{\"@type\":\"SearchAction\",\"target\":{\"@type\":\"EntryPoint\",\"urlTemplate\":\"https:\/\/10.0.2.222\/en\/?s={search_term_string}\"},\"query-input\":{\"@type\":\"PropertyValueSpecification\",\"valueRequired\":true,\"valueName\":\"search_term_string\"}}],\"inLanguage\":\"es\"}]}<\/script>\n<!-- \/ Yoast SEO plugin. -->","yoast_head_json":{"title":"Nuestra historia - Abdul Latif Jameel","robots":{"index":"noindex","follow":"follow","max-snippet":"max-snippet:-1","max-image-preview":"max-image-preview:large","max-video-preview":"max-video-preview:-1"},"og_locale":"es_ES","og_type":"article","og_title":"Nuestra historia - Abdul Latif Jameel","og_url":"https:\/\/10.0.2.222\/en\/story\/","og_site_name":"Abdul Latif Jameel","article_modified_time":"2026-04-09T11:57:04+00:00","og_image":[{"width":2560,"height":1707,"url":"https:\/\/media.alj3.clients.lemonhq.io\/wp-content\/uploads\/2024\/10\/shutterstock_1520274866-scaled-1.jpg","type":"image\/jpeg"}],"twitter_card":"summary_large_image","twitter_misc":{"Tiempo de lectura":"1 minuto"},"schema":{"@context":"https:\/\/schema.org","@graph":[{"@type":"WebPage","@id":"https:\/\/10.0.2.222\/en\/story\/","url":"https:\/\/10.0.2.222\/en\/story\/","name":"Nuestra historia - Abdul Latif Jameel","isPartOf":{"@id":"https:\/\/10.0.2.222\/en\/#website"},"primaryImageOfPage":{"@id":"https:\/\/10.0.2.222\/en\/story\/#primaryimage"},"image":{"@id":"https:\/\/10.0.2.222\/en\/story\/#primaryimage"},"thumbnailUrl":"https:\/\/media.alj3.clients.lemonhq.io\/wp-content\/uploads\/2024\/10\/shutterstock_1520274866-scaled-1.jpg","datePublished":"2024-09-30T07:40:25+00:00","dateModified":"2026-04-09T11:57:04+00:00","breadcrumb":{"@id":"https:\/\/10.0.2.222\/en\/story\/#breadcrumb"},"inLanguage":"es","potentialAction":[{"@type":"ReadAction","target":["https:\/\/10.0.2.222\/en\/story\/"]}]},{"@type":"ImageObject","inLanguage":"es","@id":"https:\/\/10.0.2.222\/en\/story\/#primaryimage","url":"https:\/\/media.alj3.clients.lemonhq.io\/wp-content\/uploads\/2024\/10\/shutterstock_1520274866-scaled-1.jpg","contentUrl":"https:\/\/media.alj3.clients.lemonhq.io\/wp-content\/uploads\/2024\/10\/shutterstock_1520274866-scaled-1.jpg","width":2560,"height":1707},{"@type":"BreadcrumbList","@id":"https:\/\/10.0.2.222\/en\/story\/#breadcrumb","itemListElement":[{"@type":"ListItem","position":1,"name":"Home","item":"https:\/\/10.0.2.222\/en\/"},{"@type":"ListItem","position":2,"name":"Nuestra historia"}]},{"@type":"WebSite","@id":"https:\/\/10.0.2.222\/en\/#website","url":"https:\/\/10.0.2.222\/en\/","name":"Abdul Latif Jameel","description":"","potentialAction":[{"@type":"SearchAction","target":{"@type":"EntryPoint","urlTemplate":"https:\/\/10.0.2.222\/en\/?s={search_term_string}"},"query-input":{"@type":"PropertyValueSpecification","valueRequired":true,"valueName":"search_term_string"}}],"inLanguage":"es"}]}},"_links":{"self":[{"href":"https:\/\/cms.alj3.clients.lemonhq.io\/es\/wp-json\/wp\/v2\/pages\/52884","targetHints":{"allow":["GET"]}}],"collection":[{"href":"https:\/\/cms.alj3.clients.lemonhq.io\/es\/wp-json\/wp\/v2\/pages"}],"about":[{"href":"https:\/\/cms.alj3.clients.lemonhq.io\/es\/wp-json\/wp\/v2\/types\/page"}],"author":[{"embeddable":true,"href":"https:\/\/cms.alj3.clients.lemonhq.io\/es\/wp-json\/wp\/v2\/users\/5"}],"replies":[{"embeddable":true,"href":"https:\/\/cms.alj3.clients.lemonhq.io\/es\/wp-json\/wp\/v2\/comments?post=52884"}],"version-history":[{"count":0,"href":"https:\/\/cms.alj3.clients.lemonhq.io\/es\/wp-json\/wp\/v2\/pages\/52884\/revisions"}],"wp:featuredmedia":[{"embeddable":true,"href":"https:\/\/cms.alj3.clients.lemonhq.io\/es\/wp-json\/wp\/v2\/media\/46324"}],"wp:attachment":[{"href":"https:\/\/cms.alj3.clients.lemonhq.io\/es\/wp-json\/wp\/v2\/media?parent=52884"}],"curies":[{"name":"wp","href":"https:\/\/api.w.org\/{rel}","templated":true}]}}